{"id":8046,"date":"2022-04-14T11:43:10","date_gmt":"2022-04-14T08:43:10","guid":{"rendered":"https:\/\/sarimet.com\/en\/?page_id=8046"},"modified":"2022-09-12T10:37:24","modified_gmt":"2022-09-12T07:37:24","slug":"contact","status":"publish","type":"page","link":"https:\/\/sarimet.com\/en\/contact\/","title":{"rendered":"Contact"},"content":{"rendered":"<section class=\"l-section wpb_row height_small\"><div class=\"l-section-h i-cf\"><div class=\"g-cols vc_row via_grid cols_1 laptops-cols_inherit tablets-cols_inherit mobiles-cols_1 valign_top type_default stacking_default\"><div class=\"wpb_column vc_column_container\"><div class=\"vc_column-inner\"><div class=\"g-cols wpb_row via_grid cols_2 laptops-cols_inherit tablets-cols_inherit mobiles-cols_1 valign_top type_default stacking_default\"><div class=\"wpb_column vc_column_container\"><div class=\"vc_column-inner\"><h4 class=\"w-text\"><span class=\"w-text-h\"><span class=\"w-text-value\">Contact us<\/span><\/span><\/h4><div class=\"w-separator size_custom with_line width_default thick_1 style_solid color_border align_center\" style=\"height:30px\"><div class=\"w-separator-h\"><\/div><\/div><div class=\"wpb_text_column\"><div class=\"wpb_wrapper\"><p>For your proposal requests, you can send an e-mail to <a href=\"mailto:rfq@sarimet.com\">rfq@sarimet.com<\/a><\/p>\n<\/div><\/div><div class=\"w-separator size_custom\" style=\"height:30px\"><\/div><div class=\"w-hwrapper  hide_on_tablets hide_on_mobiles align_none valign_top\" style=\"--hwrapper-gap:4.9rem\"><div class=\"w-iconbox us_custom_1e0e9307 iconpos_left style_outlined color_primary align_left no_text\"><a href=\"tel:+902128754126\" class=\"w-iconbox-link\" aria-label=\"+90 212 875 41 26\"><div class=\"w-iconbox-icon\" style=\"font-size:1.2rem;\"><i class=\"fas fa-phone\"><\/i><\/div><\/a><div class=\"w-iconbox-meta\"><a href=\"tel:+902128754126\" class=\"w-iconbox-link\" aria-label=\"+90 212 875 41 26\"><div class=\"w-iconbox-title\">+90 212 875 41 26<\/div><\/a><\/div><\/div><div class=\"w-iconbox us_custom_f73f4019 iconpos_left style_outlined color_primary align_left no_text\"><div class=\"w-iconbox-icon\" style=\"font-size:1.2rem;\"><i class=\"fas fa-fax\"><\/i><\/div><div class=\"w-iconbox-meta\"><div class=\"w-iconbox-title\">+90 212 876 04 90<\/div><\/div><\/div><\/div><div class=\"w-separator size_small\"><\/div><div class=\"w-hwrapper  hide_on_tablets hide_on_mobiles align_none valign_top\" style=\"--hwrapper-gap:5rem\"><div class=\"w-iconbox us_custom_f73f4019 iconpos_left style_outlined color_primary align_left no_text\"><a href=\"mailto:info@sarimet.com\" class=\"w-iconbox-link\" aria-label=\"info@sarimet.com\"><div class=\"w-iconbox-icon\" style=\"font-size:1.2rem;\"><i class=\"fas fa-envelope\"><\/i><\/div><\/a><div class=\"w-iconbox-meta\"><a href=\"mailto:info@sarimet.com\" class=\"w-iconbox-link\" aria-label=\"info@sarimet.com\"><div class=\"w-iconbox-title\">info@sarimet.com<\/div><\/a><\/div><\/div><div class=\"w-iconbox us_custom_f73f4019 iconpos_left style_outlined color_primary align_left no_text\"><div class=\"w-iconbox-icon\" style=\"font-size:1.2rem;\"><i class=\"fas fa-map-marker-alt\"><\/i><\/div><div class=\"w-iconbox-meta\"><div class=\"w-iconbox-title\">BOSB Mermerciler San. Sit. 2. Cad. No:19, 34524 Beylikd\u00fcz\u00fc &#8211; \u0130stanbul\/T\u00dcRK\u0130YE<\/div><\/div><\/div><\/div><div class=\"w-vwrapper  hide_on_default hide_on_laptops align_none valign_top\"><div class=\"w-iconbox us_custom_f73f4019 iconpos_left style_outlined color_primary align_left no_text\"><a href=\"mailto:info@sarimet.com\" class=\"w-iconbox-link\" aria-label=\"info@sarimet.com\"><div class=\"w-iconbox-icon\" style=\"font-size:1.2rem;\"><i class=\"fas fa-envelope\"><\/i><\/div><\/a><div class=\"w-iconbox-meta\"><a href=\"mailto:info@sarimet.com\" class=\"w-iconbox-link\" aria-label=\"info@sarimet.com\"><div class=\"w-iconbox-title\">info@sarimet.com<\/div><\/a><\/div><\/div><div class=\"w-iconbox us_custom_1e0e9307 iconpos_left style_outlined color_primary align_left no_text\"><a href=\"tel:+902128754126\" class=\"w-iconbox-link\" aria-label=\"+90 212 875 41 26\"><div class=\"w-iconbox-icon\" style=\"font-size:1.2rem;\"><i class=\"fas fa-phone\"><\/i><\/div><\/a><div class=\"w-iconbox-meta\"><a href=\"tel:+902128754126\" class=\"w-iconbox-link\" aria-label=\"+90 212 875 41 26\"><div class=\"w-iconbox-title\">+90 212 875 41 26<\/div><\/a><\/div><\/div><div class=\"w-iconbox us_custom_f73f4019 iconpos_left style_outlined color_primary align_left no_text\"><div class=\"w-iconbox-icon\" style=\"font-size:1.2rem;\"><i class=\"fas fa-fax\"><\/i><\/div><div class=\"w-iconbox-meta\"><div class=\"w-iconbox-title\">+90 212 876 04 90<\/div><\/div><\/div><div class=\"w-iconbox us_custom_f73f4019 iconpos_left style_outlined color_primary align_left no_text\"><div class=\"w-iconbox-icon\" style=\"font-size:1.2rem;\"><i class=\"fas fa-map-marker-alt\"><\/i><\/div><div class=\"w-iconbox-meta\"><div class=\"w-iconbox-title\">BOSB Mermerciler San. Sit. 2. Cad. No:19, 34524 Beylikd\u00fcz\u00fc &#8211; \u0130stanbul\/T\u00dcRK\u0130YE<\/div><\/div><\/div><\/div><div class=\"w-separator size_custom\" style=\"height:35px\"><\/div><div class=\"wpb_text_column\"><div class=\"wpb_wrapper\"><p><iframe loading=\"lazy\" style=\"border: 0;\" src=\"https:\/\/www.google.com\/maps\/embed?pb=!1m18!1m12!1m3!1d12044.929728443612!2d28.651730637301082!3d40.998285568826745!2m3!1f0!2f0!3f0!3m2!1i1024!2i768!4f13.1!3m3!1m2!1s0x14b55f928dd872fd%3A0xb41effc0b7dae95f!2zU2FyxLFtZXQ!5e0!3m2!1str!2str!4v1650459133174!5m2!1str!2str\" width=\"700\" height=\"300\" allowfullscreen=\"allowfullscreen\"><\/iframe><\/p>\n<\/div><\/div><\/div><\/div><div class=\"wpb_column vc_column_container\"><div class=\"vc_column-inner\"><h4 class=\"w-text\"><span class=\"w-text-h\"><span class=\"w-text-value\">Your Feedback Is Significant<\/span><\/span><\/h4><div class=\"w-separator size_custom with_line width_default thick_1 style_solid color_border align_center\" style=\"height:30px\"><div class=\"w-separator-h\"><\/div><\/div><p class=\"w-text\"><span class=\"w-text-h\"><span class=\"w-text-value\">Please contact us for your questions, opinions and suggestions.<\/span><\/span><\/p><form class=\"w-form  layout_ver for_cform us_form_1\" autocomplete=\"off\" action=\"https:\/\/sarimet.com\/en\/en\/wp-json\/wp\/v2\/pages\/8046\" method=\"post\"><div class=\"w-form-h\"><div class=\"w-form-row for_text required\">\r\n\t\t<div class=\"w-form-row-field\">\r\n\t\t\t\t\t\t<input aria-label=\"Name\" type=\"text\" name=\"us_form_1_text_1\" value placeholder=\"Name *\" data-required=\"true\" aria-required=\"true\"\/>\r\n\t\t\t<\/div>\r\n\t\t<div class=\"w-form-row-state\">Fill out this field<\/div>\r\n<\/div>\r\n<div class=\"w-form-row for_text\">\r\n\t\t<div class=\"w-form-row-field\">\r\n\t\t\t\t\t\t<input aria-label=\"Telephone\" inputmode=\"tel\" type=\"text\" name=\"us_form_1_text_2\" value placeholder=\"Telephone\"\/>\r\n\t\t\t<\/div>\r\n\t\t<div class=\"w-form-row-state\">Fill out this field<\/div>\r\n<\/div>\r\n<div class=\"w-form-row for_email required\">\r\n\t\t<div class=\"w-form-row-field\">\r\n\t\t\t\t\t\t<input aria-label=\"Email\" type=\"email\" name=\"us_form_1_email_1\" value placeholder=\"Email *\" data-required=\"true\" aria-required=\"true\"\/>\r\n\t\t\t<\/div>\r\n\t\t<div class=\"w-form-row-state\">Please enter a valid email address.<\/div>\r\n<\/div>\r\n<div class=\"w-form-row for_textarea required\">\r\n\t\t<div class=\"w-form-row-field\">\r\n\t\t\t\t\t\t<textarea aria-label=\"Mesaj\u0131n\u0131z\" name=\"us_form_1_textarea_1\" placeholder=\"Mesaj\u0131n\u0131z *\" data-required=\"true\" aria-required=\"true\"><\/textarea>\r\n\t\t\t<\/div>\r\n\t\t<div class=\"w-form-row-state\">Fill out this field<\/div>\r\n<\/div>\r\n<div class=\"w-form-row for_checkboxes required\">\r\n\t\t<div class=\"w-form-row-field\">\r\n\t\t\t\t\t<label>\r\n\t\t\t\t<input type=\"checkbox\" class=\"screen-reader-text\" name=\"us_form_1_checkboxes_1[]\" data-required=\"true\" value=\"Please read the Clarification Text before filling in the information.\"\/>\r\n\t\t\t\t<span class=\"w-form-checkbox\"><\/span>\r\n\t\t\t\t<span>Please read the Clarification Text before filling in the information.<\/span>\r\n\t\t\t<\/label>\r\n\t\t\t\t<\/div>\r\n\t\t<div class=\"w-form-row-state\">Select an option<\/div>\r\n<\/div>\r\n<input type=\"hidden\" name=\"action\" value=\"us_ajax_cform\" \/>\r\n<input type=\"hidden\" name=\"post_id\" value=\"0\" \/>\r\n<input type=\"hidden\" name=\"form_index\" value=\"1\" \/>\r\n<div class=\"w-form-row for_submit align_none\">\r\n\t<div class=\"w-form-row-field\">\r\n\t\t<button class=\"w-btn  us-btn-style_3\" aria-label=\"Send\" type=\"submit\">\r\n\t\t\t<span class=\"g-preloader type_1\"><\/span>\r\n\t\t\t\t\t\t<span class=\"w-btn-label\">Send<\/span>\r\n\t\t\t\t\t<\/button>\r\n\t<\/div>\r\n<\/div>\r\n<\/div><div class=\"w-form-message\"><\/div><div class=\"w-form-json hidden\" onclick='return {&quot;ajaxurl&quot;:&quot;https:\\\/\\\/sarimet.com\\\/en\\\/wp-admin\\\/admin-ajax.php&quot;,&quot;messages&quot;:{&quot;err_empty&quot;:&quot;Fill out this field&quot;,&quot;err_size&quot;:&quot;File size cannot exceed %s MB&quot;,&quot;err_extension&quot;:&quot;%s file type is not allowed&quot;}}'><\/div><\/form><\/div><\/div><\/div><\/div><\/div><\/div><\/div><\/section>\n","protected":false},"excerpt":{"rendered":"Contact usFor your proposal requests, you can send an e-mail to rfq@sarimet.com +90 212 875 41 26+90 212 876 04 90info@sarimet.comBOSB Mermerciler San. Sit. 2. Cad. No:19, 34524 Beylikd\u00fcz\u00fc &#8211; \u0130stanbul\/T\u00dcRK\u0130YEinfo@sarimet.com+90 212 875 41 26+90 212 876 04 90BOSB Mermerciler San. Sit. 2. Cad. No:19, 34524 Beylikd\u00fcz\u00fc &#8211; \u0130stanbul\/T\u00dcRK\u0130YE Your Feedback Is SignificantPlease contact us...","protected":false},"author":1,"featured_media":0,"parent":0,"menu_order":0,"comment_status":"closed","ping_status":"closed","template":"","meta":{"footnotes":""},"class_list":["post-8046","page","type-page","status-publish","hentry"],"acf":[],"yoast_head":"<!-- This site is optimized with the Yoast SEO plugin v19.5.1 - https:\/\/yoast.com\/wordpress\/plugins\/seo\/ -->\n<title>Contact | Sar\u0131met<\/title>\n<meta name=\"robots\" content=\"index, follow, max-snippet:-1, max-image-preview:large, max-video-preview:-1\" \/>\n<link rel=\"canonical\" href=\"https:\/\/sarimet.com\/en\/contact\/\" \/>\n<meta property=\"og:locale\" content=\"en_US\" \/>\n<meta property=\"og:type\" content=\"article\" \/>\n<meta property=\"og:title\" content=\"Contact | Sar\u0131met\" \/>\n<meta property=\"og:url\" content=\"https:\/\/sarimet.com\/en\/contact\/\" \/>\n<meta property=\"og:site_name\" content=\"Sar\u0131met\" \/>\n<meta property=\"article:modified_time\" content=\"2022-09-12T07:37:24+00:00\" \/>\n<meta name=\"twitter:card\" content=\"summary_large_image\" \/>\n<meta name=\"twitter:label1\" content=\"Est. reading time\" \/>\n\t<meta name=\"twitter:data1\" content=\"1 minute\" \/>\n<script type=\"application\/ld+json\" class=\"yoast-schema-graph\">{\"@context\":\"https:\/\/schema.org\",\"@graph\":[{\"@type\":\"WebPage\",\"@id\":\"https:\/\/sarimet.com\/en\/contact\/\",\"url\":\"https:\/\/sarimet.com\/en\/contact\/\",\"name\":\"Contact | Sar\u0131met\",\"isPartOf\":{\"@id\":\"https:\/\/sarimet.com\/en\/#website\"},\"datePublished\":\"2022-04-14T08:43:10+00:00\",\"dateModified\":\"2022-09-12T07:37:24+00:00\",\"breadcrumb\":{\"@id\":\"https:\/\/sarimet.com\/en\/contact\/#breadcrumb\"},\"inLanguage\":\"en-US\",\"potentialAction\":[{\"@type\":\"ReadAction\",\"target\":[\"https:\/\/sarimet.com\/en\/contact\/\"]}]},{\"@type\":\"BreadcrumbList\",\"@id\":\"https:\/\/sarimet.com\/en\/contact\/#breadcrumb\",\"itemListElement\":[{\"@type\":\"ListItem\",\"position\":1,\"name\":\"Contact\"}]},{\"@type\":\"WebSite\",\"@id\":\"https:\/\/sarimet.com\/en\/#website\",\"url\":\"https:\/\/sarimet.com\/en\/\",\"name\":\"Sar\u0131met\",\"description\":\"\",\"potentialAction\":[{\"@type\":\"SearchAction\",\"target\":{\"@type\":\"EntryPoint\",\"urlTemplate\":\"https:\/\/sarimet.com\/en\/?s={search_term_string}\"},\"query-input\":\"required name=search_term_string\"}],\"inLanguage\":\"en-US\"}]}<\/script>\n<!-- \/ Yoast SEO plugin. -->","yoast_head_json":{"title":"Contact | Sar\u0131met","robots":{"index":"index","follow":"follow","max-snippet":"max-snippet:-1","max-image-preview":"max-image-preview:large","max-video-preview":"max-video-preview:-1"},"canonical":"https:\/\/sarimet.com\/en\/contact\/","og_locale":"en_US","og_type":"article","og_title":"Contact | Sar\u0131met","og_url":"https:\/\/sarimet.com\/en\/contact\/","og_site_name":"Sar\u0131met","article_modified_time":"2022-09-12T07:37:24+00:00","twitter_card":"summary_large_image","twitter_misc":{"Est. reading time":"1 minute"},"schema":{"@context":"https:\/\/schema.org","@graph":[{"@type":"WebPage","@id":"https:\/\/sarimet.com\/en\/contact\/","url":"https:\/\/sarimet.com\/en\/contact\/","name":"Contact | Sar\u0131met","isPartOf":{"@id":"https:\/\/sarimet.com\/en\/#website"},"datePublished":"2022-04-14T08:43:10+00:00","dateModified":"2022-09-12T07:37:24+00:00","breadcrumb":{"@id":"https:\/\/sarimet.com\/en\/contact\/#breadcrumb"},"inLanguage":"en-US","potentialAction":[{"@type":"ReadAction","target":["https:\/\/sarimet.com\/en\/contact\/"]}]},{"@type":"BreadcrumbList","@id":"https:\/\/sarimet.com\/en\/contact\/#breadcrumb","itemListElement":[{"@type":"ListItem","position":1,"name":"Contact"}]},{"@type":"WebSite","@id":"https:\/\/sarimet.com\/en\/#website","url":"https:\/\/sarimet.com\/en\/","name":"Sar\u0131met","description":"","potentialAction":[{"@type":"SearchAction","target":{"@type":"EntryPoint","urlTemplate":"https:\/\/sarimet.com\/en\/?s={search_term_string}"},"query-input":"required name=search_term_string"}],"inLanguage":"en-US"}]}},"_links":{"self":[{"href":"https:\/\/sarimet.com\/en\/wp-json\/wp\/v2\/pages\/8046","targetHints":{"allow":["GET"]}}],"collection":[{"href":"https:\/\/sarimet.com\/en\/wp-json\/wp\/v2\/pages"}],"about":[{"href":"https:\/\/sarimet.com\/en\/wp-json\/wp\/v2\/types\/page"}],"author":[{"embeddable":true,"href":"https:\/\/sarimet.com\/en\/wp-json\/wp\/v2\/users\/1"}],"replies":[{"embeddable":true,"href":"https:\/\/sarimet.com\/en\/wp-json\/wp\/v2\/comments?post=8046"}],"version-history":[{"count":65,"href":"https:\/\/sarimet.com\/en\/wp-json\/wp\/v2\/pages\/8046\/revisions"}],"predecessor-version":[{"id":10123,"href":"https:\/\/sarimet.com\/en\/wp-json\/wp\/v2\/pages\/8046\/revisions\/10123"}],"wp:attachment":[{"href":"https:\/\/sarimet.com\/en\/wp-json\/wp\/v2\/media?parent=8046"}],"curies":[{"name":"wp","href":"https:\/\/api.w.org\/{rel}","templated":true}]}}