{"id":8011,"date":"2022-04-13T15:23:59","date_gmt":"2022-04-13T12:23:59","guid":{"rendered":"https:\/\/sarimet.com\/en\/?page_id=8011"},"modified":"2022-08-02T11:34:42","modified_gmt":"2022-08-02T08:34:42","slug":"about-us","status":"publish","type":"page","link":"https:\/\/sarimet.com\/en\/about-us\/","title":{"rendered":"About Us"},"content":{"rendered":"<section class=\"l-section wpb_row height_small\"><div class=\"l-section-h i-cf\"><div class=\"g-cols vc_row via_grid cols_1 laptops-cols_inherit tablets-cols_inherit mobiles-cols_1 valign_top type_default stacking_default\"><div class=\"wpb_column vc_column_container\"><div class=\"vc_column-inner\"><div class=\"g-cols wpb_row via_grid cols_2 laptops-cols_inherit tablets-cols_inherit mobiles-cols_1 valign_middle type_default stacking_default\"><div class=\"wpb_column vc_column_container\"><div class=\"vc_column-inner\"><div class=\"w-image style_shadow-1 align_center\"><div class=\"w-image-h\"><img loading=\"lazy\" decoding=\"async\" width=\"1920\" height=\"1272\" src=\"https:\/\/sarimet.com\/en\/wp-content\/uploads\/2022\/07\/Bina-Gorseli-1.jpg\" class=\"attachment-full size-full\" alt=\"\" srcset=\"https:\/\/sarimet.com\/en\/wp-content\/uploads\/2022\/07\/Bina-Gorseli-1.jpg 1920w, https:\/\/sarimet.com\/en\/wp-content\/uploads\/2022\/07\/Bina-Gorseli-1-300x199.jpg 300w, https:\/\/sarimet.com\/en\/wp-content\/uploads\/2022\/07\/Bina-Gorseli-1-1024x678.jpg 1024w, https:\/\/sarimet.com\/en\/wp-content\/uploads\/2022\/07\/Bina-Gorseli-1-1536x1018.jpg 1536w\" sizes=\"auto, (max-width: 1920px) 100vw, 1920px\" \/><\/div><\/div><\/div><\/div><div class=\"wpb_column vc_column_container\"><div class=\"vc_column-inner\"><div class=\"wpb_text_column\"><div class=\"wpb_wrapper\"><p>Established in 1997, SARIMET \u00c7EL\u0130K has achieved a stable and innovative growth for a quarter of a century and made its name as a reliable supplier with its high-quality understanding, flexible solutions and policies in the rapidly developing global industry.<\/p>\n<p>Today, SARIMET \u00c7EL\u0130K has taken its place among the most influential and appreciated companies in the sector with the right investments made at the right time, strengthening its corporate structure day by day by using the advantages brought by its flexible, innovative and success-oriented management approach.<\/p>\n<p>As Sar\u0131met \u00c7elik, located in Istanbul Beylikd\u00fcz\u00fc Organized Industrial Zone, our company continues to offer solutions to its customers by evaluating the production demands from many points of Turkey and the World, with its production area established on a 3000 m2 closed area.<\/p>\n<\/div><\/div><\/div><\/div><\/div><div class=\"w-separator size_medium\"><\/div><\/div><\/div><\/div><\/div><\/section>\n","protected":false},"excerpt":{"rendered":"Established in 1997, SARIMET \u00c7EL\u0130K has achieved a stable and innovative growth for a quarter of a century and made its name as a reliable supplier with its high-quality understanding, flexible solutions and policies in the rapidly developing global industry. Today, SARIMET \u00c7EL\u0130K has taken its place among the most influential and appreciated companies in...","protected":false},"author":1,"featured_media":0,"parent":0,"menu_order":0,"comment_status":"closed","ping_status":"closed","template":"","meta":{"footnotes":""},"class_list":["post-8011","page","type-page","status-publish","hentry"],"acf":[],"yoast_head":"<!-- This site is optimized with the Yoast SEO plugin v19.5.1 - https:\/\/yoast.com\/wordpress\/plugins\/seo\/ -->\n<title>About Us | Sar\u0131met<\/title>\n<meta name=\"robots\" content=\"index, follow, max-snippet:-1, max-image-preview:large, max-video-preview:-1\" \/>\n<link rel=\"canonical\" href=\"https:\/\/sarimet.com\/en\/about-us\/\" \/>\n<meta property=\"og:locale\" content=\"en_US\" \/>\n<meta property=\"og:type\" content=\"article\" \/>\n<meta property=\"og:title\" content=\"About Us | Sar\u0131met\" \/>\n<meta property=\"og:url\" content=\"https:\/\/sarimet.com\/en\/about-us\/\" \/>\n<meta property=\"og:site_name\" content=\"Sar\u0131met\" \/>\n<meta property=\"article:modified_time\" content=\"2022-08-02T08:34:42+00:00\" \/>\n<meta name=\"twitter:card\" content=\"summary_large_image\" \/>\n<meta name=\"twitter:label1\" content=\"Est. reading time\" \/>\n\t<meta name=\"twitter:data1\" content=\"1 minute\" \/>\n<script type=\"application\/ld+json\" class=\"yoast-schema-graph\">{\"@context\":\"https:\/\/schema.org\",\"@graph\":[{\"@type\":\"WebPage\",\"@id\":\"https:\/\/sarimet.com\/en\/about-us\/\",\"url\":\"https:\/\/sarimet.com\/en\/about-us\/\",\"name\":\"About Us | Sar\u0131met\",\"isPartOf\":{\"@id\":\"https:\/\/sarimet.com\/en\/#website\"},\"datePublished\":\"2022-04-13T12:23:59+00:00\",\"dateModified\":\"2022-08-02T08:34:42+00:00\",\"breadcrumb\":{\"@id\":\"https:\/\/sarimet.com\/en\/about-us\/#breadcrumb\"},\"inLanguage\":\"en-US\",\"potentialAction\":[{\"@type\":\"ReadAction\",\"target\":[\"https:\/\/sarimet.com\/en\/about-us\/\"]}]},{\"@type\":\"BreadcrumbList\",\"@id\":\"https:\/\/sarimet.com\/en\/about-us\/#breadcrumb\",\"itemListElement\":[{\"@type\":\"ListItem\",\"position\":1,\"name\":\"About Us\"}]},{\"@type\":\"WebSite\",\"@id\":\"https:\/\/sarimet.com\/en\/#website\",\"url\":\"https:\/\/sarimet.com\/en\/\",\"name\":\"Sar\u0131met\",\"description\":\"\",\"potentialAction\":[{\"@type\":\"SearchAction\",\"target\":{\"@type\":\"EntryPoint\",\"urlTemplate\":\"https:\/\/sarimet.com\/en\/?s={search_term_string}\"},\"query-input\":\"required name=search_term_string\"}],\"inLanguage\":\"en-US\"}]}<\/script>\n<!-- \/ Yoast SEO plugin. -->","yoast_head_json":{"title":"About Us | Sar\u0131met","robots":{"index":"index","follow":"follow","max-snippet":"max-snippet:-1","max-image-preview":"max-image-preview:large","max-video-preview":"max-video-preview:-1"},"canonical":"https:\/\/sarimet.com\/en\/about-us\/","og_locale":"en_US","og_type":"article","og_title":"About Us | Sar\u0131met","og_url":"https:\/\/sarimet.com\/en\/about-us\/","og_site_name":"Sar\u0131met","article_modified_time":"2022-08-02T08:34:42+00:00","twitter_card":"summary_large_image","twitter_misc":{"Est. reading time":"1 minute"},"schema":{"@context":"https:\/\/schema.org","@graph":[{"@type":"WebPage","@id":"https:\/\/sarimet.com\/en\/about-us\/","url":"https:\/\/sarimet.com\/en\/about-us\/","name":"About Us | Sar\u0131met","isPartOf":{"@id":"https:\/\/sarimet.com\/en\/#website"},"datePublished":"2022-04-13T12:23:59+00:00","dateModified":"2022-08-02T08:34:42+00:00","breadcrumb":{"@id":"https:\/\/sarimet.com\/en\/about-us\/#breadcrumb"},"inLanguage":"en-US","potentialAction":[{"@type":"ReadAction","target":["https:\/\/sarimet.com\/en\/about-us\/"]}]},{"@type":"BreadcrumbList","@id":"https:\/\/sarimet.com\/en\/about-us\/#breadcrumb","itemListElement":[{"@type":"ListItem","position":1,"name":"About Us"}]},{"@type":"WebSite","@id":"https:\/\/sarimet.com\/en\/#website","url":"https:\/\/sarimet.com\/en\/","name":"Sar\u0131met","description":"","potentialAction":[{"@type":"SearchAction","target":{"@type":"EntryPoint","urlTemplate":"https:\/\/sarimet.com\/en\/?s={search_term_string}"},"query-input":"required name=search_term_string"}],"inLanguage":"en-US"}]}},"_links":{"self":[{"href":"https:\/\/sarimet.com\/en\/wp-json\/wp\/v2\/pages\/8011","targetHints":{"allow":["GET"]}}],"collection":[{"href":"https:\/\/sarimet.com\/en\/wp-json\/wp\/v2\/pages"}],"about":[{"href":"https:\/\/sarimet.com\/en\/wp-json\/wp\/v2\/types\/page"}],"author":[{"embeddable":true,"href":"https:\/\/sarimet.com\/en\/wp-json\/wp\/v2\/users\/1"}],"replies":[{"embeddable":true,"href":"https:\/\/sarimet.com\/en\/wp-json\/wp\/v2\/comments?post=8011"}],"version-history":[{"count":38,"href":"https:\/\/sarimet.com\/en\/wp-json\/wp\/v2\/pages\/8011\/revisions"}],"predecessor-version":[{"id":9917,"href":"https:\/\/sarimet.com\/en\/wp-json\/wp\/v2\/pages\/8011\/revisions\/9917"}],"wp:attachment":[{"href":"https:\/\/sarimet.com\/en\/wp-json\/wp\/v2\/media?parent=8011"}],"curies":[{"name":"wp","href":"https:\/\/api.w.org\/{rel}","templated":true}]}}