{"id":9930,"date":"2022-08-09T12:12:57","date_gmt":"2022-08-09T09:12:57","guid":{"rendered":"https:\/\/sarimet.com\/de\/?page_id=9930"},"modified":"2022-08-31T15:07:09","modified_gmt":"2022-08-31T12:07:09","slug":"konstruktion-und-bau","status":"publish","type":"page","link":"https:\/\/sarimet.com\/de\/konstruktion-und-bau\/","title":{"rendered":"Konstruktion und Bau"},"content":{"rendered":"<section class=\"l-section wpb_row height_small\"><div class=\"l-section-h i-cf\"><div class=\"g-cols vc_row via_grid cols_1 laptops-cols_inherit tablets-cols_inherit mobiles-cols_1 valign_top type_default stacking_default\"><div class=\"wpb_column vc_column_container us_custom_7e20fa79 us_animate_this\"><div class=\"vc_column-inner\"><div class=\"g-cols wpb_row via_grid cols_2 laptops-cols_inherit tablets-cols_inherit mobiles-cols_1 valign_middle type_default stacking_default\"><div class=\"wpb_column vc_column_container\"><div class=\"vc_column-inner\"><div class=\"w-image us_custom_dad4fece has_ratio align_none\"><div class=\"w-image-h\"><div style=\"padding-bottom:56.25%\"><\/div><img loading=\"lazy\" decoding=\"async\" width=\"876\" height=\"456\" src=\"https:\/\/sarimet.com\/de\/wp-content\/uploads\/2022\/08\/insaat.jpg\" class=\"attachment-full size-full\" alt=\"\" srcset=\"https:\/\/sarimet.com\/de\/wp-content\/uploads\/2022\/08\/insaat.jpg 876w, https:\/\/sarimet.com\/de\/wp-content\/uploads\/2022\/08\/insaat-300x156.jpg 300w\" sizes=\"auto, (max-width: 876px) 100vw, 876px\" \/><\/div><\/div><\/div><\/div><div class=\"wpb_column vc_column_container\"><div class=\"vc_column-inner\"><div class=\"wpb_text_column\"><div class=\"wpb_wrapper\"><p>Blech ist in vielen Branchen ein unverzichtbares Material und wird in der Bau- und Bauindustrie weit verbreitet. Die in dieser Branche verwendeten Materialien, in denen viele Teile wie T\u00fcrrahmen, T\u00fcrfl\u00fcgel und Tischlerarbeiten, Dachsysteme, Geb\u00e4udestruktursysteme, Fenster, dekorative Decken und Au\u00dfenverkleidungen hergestellt werden, sind Baustahl, verzinkter Stahl und Edelstahl. Mittlere und gro\u00dfe Platten sind h\u00e4ufiger, da die Materialst\u00e4rke von 1 mm bis 8 mm reicht, aber auch andere Gr\u00f6\u00dfen, die im Herstellungsprozess angegeben sind, k\u00f6nnen verwendet werden.<\/p>\n<p>Wie in anderen Branchen sind auch in der Bau- und Bauindustrie die Qualit\u00e4t und die Produktionszeiten der hergestellten Produkte wichtig.<br \/>\nDie im Produktionsprozess eingesetzten Maschinen m\u00fcssen mit den hohen Anforderungen der Industrie Schritt halten. Sar\u0131met produziert mit seiner Erfahrung und seiner in der Branche bew\u00e4hrten Maschinenkapazit\u00e4t optimale L\u00f6sungen f\u00fcr seine Kunden.<\/p>\n<\/div><\/div><\/div><\/div><\/div><\/div><\/div><\/div><\/div><\/section>\n","protected":false},"excerpt":{"rendered":"Blech ist in vielen Branchen ein unverzichtbares Material und wird in der Bau- und Bauindustrie weit verbreitet. Die in dieser Branche verwendeten Materialien, in denen viele Teile wie T\u00fcrrahmen, T\u00fcrfl\u00fcgel und Tischlerarbeiten, Dachsysteme, Geb\u00e4udestruktursysteme, Fenster, dekorative Decken und Au\u00dfenverkleidungen hergestellt werden, sind Baustahl, verzinkter Stahl und Edelstahl. Mittlere und gro\u00dfe Platten sind h\u00e4ufiger, da die...","protected":false},"author":1,"featured_media":0,"parent":0,"menu_order":0,"comment_status":"closed","ping_status":"closed","template":"","meta":{"footnotes":""},"class_list":["post-9930","page","type-page","status-publish","hentry"],"acf":[],"yoast_head":"<!-- This site is optimized with the Yoast SEO plugin v19.7.2 - https:\/\/yoast.com\/wordpress\/plugins\/seo\/ -->\n<title>Konstruktion und Bau | Sar\u0131met<\/title>\n<meta name=\"robots\" content=\"index, follow, max-snippet:-1, max-image-preview:large, max-video-preview:-1\" \/>\n<link rel=\"canonical\" href=\"https:\/\/sarimet.com\/de\/konstruktion-und-bau\/\" \/>\n<meta property=\"og:locale\" content=\"de_DE\" \/>\n<meta property=\"og:type\" content=\"article\" \/>\n<meta property=\"og:title\" content=\"Konstruktion und Bau | Sar\u0131met\" \/>\n<meta property=\"og:url\" content=\"https:\/\/sarimet.com\/de\/konstruktion-und-bau\/\" \/>\n<meta property=\"og:site_name\" content=\"Sar\u0131met\" \/>\n<meta property=\"article:modified_time\" content=\"2022-08-31T12:07:09+00:00\" \/>\n<meta name=\"twitter:card\" content=\"summary_large_image\" \/>\n<meta name=\"twitter:label1\" content=\"Gesch\u00e4tzte Lesezeit\" \/>\n\t<meta name=\"twitter:data1\" content=\"1\u00a0Minute\" \/>\n<script type=\"application\/ld+json\" class=\"yoast-schema-graph\">{\"@context\":\"https:\/\/schema.org\",\"@graph\":[{\"@type\":\"WebPage\",\"@id\":\"https:\/\/sarimet.com\/de\/konstruktion-und-bau\/\",\"url\":\"https:\/\/sarimet.com\/de\/konstruktion-und-bau\/\",\"name\":\"Konstruktion und Bau | Sar\u0131met\",\"isPartOf\":{\"@id\":\"https:\/\/sarimet.com\/de\/#website\"},\"datePublished\":\"2022-08-09T09:12:57+00:00\",\"dateModified\":\"2022-08-31T12:07:09+00:00\",\"breadcrumb\":{\"@id\":\"https:\/\/sarimet.com\/de\/konstruktion-und-bau\/#breadcrumb\"},\"inLanguage\":\"de\",\"potentialAction\":[{\"@type\":\"ReadAction\",\"target\":[\"https:\/\/sarimet.com\/de\/konstruktion-und-bau\/\"]}]},{\"@type\":\"BreadcrumbList\",\"@id\":\"https:\/\/sarimet.com\/de\/konstruktion-und-bau\/#breadcrumb\",\"itemListElement\":[{\"@type\":\"ListItem\",\"position\":1,\"name\":\"Konstruktion und Bau\"}]},{\"@type\":\"WebSite\",\"@id\":\"https:\/\/sarimet.com\/de\/#website\",\"url\":\"https:\/\/sarimet.com\/de\/\",\"name\":\"Sar\u0131met\",\"description\":\"\",\"potentialAction\":[{\"@type\":\"SearchAction\",\"target\":{\"@type\":\"EntryPoint\",\"urlTemplate\":\"https:\/\/sarimet.com\/de\/?s={search_term_string}\"},\"query-input\":\"required name=search_term_string\"}],\"inLanguage\":\"de\"}]}<\/script>\n<!-- \/ Yoast SEO plugin. -->","yoast_head_json":{"title":"Konstruktion und Bau | Sar\u0131met","robots":{"index":"index","follow":"follow","max-snippet":"max-snippet:-1","max-image-preview":"max-image-preview:large","max-video-preview":"max-video-preview:-1"},"canonical":"https:\/\/sarimet.com\/de\/konstruktion-und-bau\/","og_locale":"de_DE","og_type":"article","og_title":"Konstruktion und Bau | Sar\u0131met","og_url":"https:\/\/sarimet.com\/de\/konstruktion-und-bau\/","og_site_name":"Sar\u0131met","article_modified_time":"2022-08-31T12:07:09+00:00","twitter_card":"summary_large_image","twitter_misc":{"Gesch\u00e4tzte Lesezeit":"1\u00a0Minute"},"schema":{"@context":"https:\/\/schema.org","@graph":[{"@type":"WebPage","@id":"https:\/\/sarimet.com\/de\/konstruktion-und-bau\/","url":"https:\/\/sarimet.com\/de\/konstruktion-und-bau\/","name":"Konstruktion und Bau | Sar\u0131met","isPartOf":{"@id":"https:\/\/sarimet.com\/de\/#website"},"datePublished":"2022-08-09T09:12:57+00:00","dateModified":"2022-08-31T12:07:09+00:00","breadcrumb":{"@id":"https:\/\/sarimet.com\/de\/konstruktion-und-bau\/#breadcrumb"},"inLanguage":"de","potentialAction":[{"@type":"ReadAction","target":["https:\/\/sarimet.com\/de\/konstruktion-und-bau\/"]}]},{"@type":"BreadcrumbList","@id":"https:\/\/sarimet.com\/de\/konstruktion-und-bau\/#breadcrumb","itemListElement":[{"@type":"ListItem","position":1,"name":"Konstruktion und Bau"}]},{"@type":"WebSite","@id":"https:\/\/sarimet.com\/de\/#website","url":"https:\/\/sarimet.com\/de\/","name":"Sar\u0131met","description":"","potentialAction":[{"@type":"SearchAction","target":{"@type":"EntryPoint","urlTemplate":"https:\/\/sarimet.com\/de\/?s={search_term_string}"},"query-input":"required name=search_term_string"}],"inLanguage":"de"}]}},"_links":{"self":[{"href":"https:\/\/sarimet.com\/de\/wp-json\/wp\/v2\/pages\/9930","targetHints":{"allow":["GET"]}}],"collection":[{"href":"https:\/\/sarimet.com\/de\/wp-json\/wp\/v2\/pages"}],"about":[{"href":"https:\/\/sarimet.com\/de\/wp-json\/wp\/v2\/types\/page"}],"author":[{"embeddable":true,"href":"https:\/\/sarimet.com\/de\/wp-json\/wp\/v2\/users\/1"}],"replies":[{"embeddable":true,"href":"https:\/\/sarimet.com\/de\/wp-json\/wp\/v2\/comments?post=9930"}],"version-history":[{"count":7,"href":"https:\/\/sarimet.com\/de\/wp-json\/wp\/v2\/pages\/9930\/revisions"}],"predecessor-version":[{"id":10135,"href":"https:\/\/sarimet.com\/de\/wp-json\/wp\/v2\/pages\/9930\/revisions\/10135"}],"wp:attachment":[{"href":"https:\/\/sarimet.com\/de\/wp-json\/wp\/v2\/media?parent=9930"}],"curies":[{"name":"wp","href":"https:\/\/api.w.org\/{rel}","templated":true}]}}