{"id":9926,"date":"2022-08-09T12:11:39","date_gmt":"2022-08-09T09:11:39","guid":{"rendered":"https:\/\/sarimet.com\/de\/?page_id=9926"},"modified":"2022-08-31T14:59:52","modified_gmt":"2022-08-31T11:59:52","slug":"luftfahrt-und-eisenbahn","status":"publish","type":"page","link":"https:\/\/sarimet.com\/de\/luftfahrt-und-eisenbahn\/","title":{"rendered":"Luftfahrt und Eisenbahn"},"content":{"rendered":"<section class=\"l-section wpb_row height_small\"><div class=\"l-section-h i-cf\"><div class=\"g-cols vc_row via_grid cols_1 laptops-cols_inherit tablets-cols_inherit mobiles-cols_1 valign_top type_default stacking_default\"><div class=\"wpb_column vc_column_container us_custom_7e20fa79 us_animate_this\"><div class=\"vc_column-inner\"><div class=\"g-cols wpb_row via_grid cols_2 laptops-cols_inherit tablets-cols_inherit mobiles-cols_1 valign_middle type_default stacking_default\"><div class=\"wpb_column vc_column_container\"><div class=\"vc_column-inner\"><div class=\"w-image us_custom_dad4fece align_none\"><div class=\"w-image-h\"><img loading=\"lazy\" decoding=\"async\" width=\"888\" height=\"641\" src=\"https:\/\/sarimet.com\/de\/wp-content\/uploads\/2022\/08\/ucak-ve-demiryolu.png\" class=\"attachment-full size-full\" alt=\"\" srcset=\"https:\/\/sarimet.com\/de\/wp-content\/uploads\/2022\/08\/ucak-ve-demiryolu.png 888w, https:\/\/sarimet.com\/de\/wp-content\/uploads\/2022\/08\/ucak-ve-demiryolu-300x217.png 300w\" sizes=\"auto, (max-width: 888px) 100vw, 888px\" \/><\/div><\/div><\/div><\/div><div class=\"wpb_column vc_column_container\"><div class=\"vc_column-inner\"><div class=\"wpb_text_column\"><div class=\"wpb_wrapper\"><p>In der Flugzeug- und Eisenbahnindustrie umfasst die Fertigung Flugzeugr\u00fcmpfe, Fl\u00fcgel, Teile f\u00fcr Turbinentriebwerke, Z\u00fcge und Schienenfahrzeuge. Die Umformung von Blechen ist aber nat\u00fcrlich nicht auf diese Bereiche beschr\u00e4nkt. Bei der Herstellung dieser Maschine und ihrer Teile durchl\u00e4uft Blech Prozesse wie Schneiden, Bohren und Biegen. Die in all diesen Prozessen verwendeten Metallteile reichen von d\u00fcnner bis mittlerer Dicke, und die erforderlichen Teile sind normalerweise gro\u00df. Insbesondere die Maschinen, die die in diesen Bereichen eingesetzten Teile fertigen k\u00f6nnen, m\u00fcssen den wechselnden Winkelanforderungen gerecht werden sowie gro\u00dfe Abmessungen und Fertigungspr\u00e4zision erfordern. Als Sar\u0131met produzieren wir mit unserer Maschinenkapazit\u00e4t und unserem gut ausgestatteten Team Qualit\u00e4tsteile, die f\u00fcr die Eigenschaften und Empfindlichkeit der gew\u00fcnschten Produkte geeignet sind.<\/p>\n<p>Die in diesen Branchen am h\u00e4ufigsten verwendeten Materialien sind Weichstahl, verzinkter Stahl und Edelstahl.<\/p>\n<\/div><\/div><\/div><\/div><\/div><\/div><\/div><\/div><\/div><\/section>\n","protected":false},"excerpt":{"rendered":"In der Flugzeug- und Eisenbahnindustrie umfasst die Fertigung Flugzeugr\u00fcmpfe, Fl\u00fcgel, Teile f\u00fcr Turbinentriebwerke, Z\u00fcge und Schienenfahrzeuge. Die Umformung von Blechen ist aber nat\u00fcrlich nicht auf diese Bereiche beschr\u00e4nkt. Bei der Herstellung dieser Maschine und ihrer Teile durchl\u00e4uft Blech Prozesse wie Schneiden, Bohren und Biegen. Die in all diesen Prozessen verwendeten Metallteile reichen von d\u00fcnner bis...","protected":false},"author":1,"featured_media":0,"parent":0,"menu_order":0,"comment_status":"closed","ping_status":"closed","template":"","meta":{"footnotes":""},"class_list":["post-9926","page","type-page","status-publish","hentry"],"acf":[],"yoast_head":"<!-- This site is optimized with the Yoast SEO plugin v19.7.2 - https:\/\/yoast.com\/wordpress\/plugins\/seo\/ -->\n<title>Luftfahrt und Eisenbahn | Sar\u0131met<\/title>\n<meta name=\"robots\" content=\"index, follow, max-snippet:-1, max-image-preview:large, max-video-preview:-1\" \/>\n<link rel=\"canonical\" href=\"https:\/\/sarimet.com\/de\/luftfahrt-und-eisenbahn\/\" \/>\n<meta property=\"og:locale\" content=\"de_DE\" \/>\n<meta property=\"og:type\" content=\"article\" \/>\n<meta property=\"og:title\" content=\"Luftfahrt und Eisenbahn | Sar\u0131met\" \/>\n<meta property=\"og:url\" content=\"https:\/\/sarimet.com\/de\/luftfahrt-und-eisenbahn\/\" \/>\n<meta property=\"og:site_name\" content=\"Sar\u0131met\" \/>\n<meta property=\"article:modified_time\" content=\"2022-08-31T11:59:52+00:00\" \/>\n<meta name=\"twitter:card\" content=\"summary_large_image\" \/>\n<meta name=\"twitter:label1\" content=\"Gesch\u00e4tzte Lesezeit\" \/>\n\t<meta name=\"twitter:data1\" content=\"1\u00a0Minute\" \/>\n<script type=\"application\/ld+json\" class=\"yoast-schema-graph\">{\"@context\":\"https:\/\/schema.org\",\"@graph\":[{\"@type\":\"WebPage\",\"@id\":\"https:\/\/sarimet.com\/de\/luftfahrt-und-eisenbahn\/\",\"url\":\"https:\/\/sarimet.com\/de\/luftfahrt-und-eisenbahn\/\",\"name\":\"Luftfahrt und Eisenbahn | Sar\u0131met\",\"isPartOf\":{\"@id\":\"https:\/\/sarimet.com\/de\/#website\"},\"datePublished\":\"2022-08-09T09:11:39+00:00\",\"dateModified\":\"2022-08-31T11:59:52+00:00\",\"breadcrumb\":{\"@id\":\"https:\/\/sarimet.com\/de\/luftfahrt-und-eisenbahn\/#breadcrumb\"},\"inLanguage\":\"de\",\"potentialAction\":[{\"@type\":\"ReadAction\",\"target\":[\"https:\/\/sarimet.com\/de\/luftfahrt-und-eisenbahn\/\"]}]},{\"@type\":\"BreadcrumbList\",\"@id\":\"https:\/\/sarimet.com\/de\/luftfahrt-und-eisenbahn\/#breadcrumb\",\"itemListElement\":[{\"@type\":\"ListItem\",\"position\":1,\"name\":\"Luftfahrt und Eisenbahn\"}]},{\"@type\":\"WebSite\",\"@id\":\"https:\/\/sarimet.com\/de\/#website\",\"url\":\"https:\/\/sarimet.com\/de\/\",\"name\":\"Sar\u0131met\",\"description\":\"\",\"potentialAction\":[{\"@type\":\"SearchAction\",\"target\":{\"@type\":\"EntryPoint\",\"urlTemplate\":\"https:\/\/sarimet.com\/de\/?s={search_term_string}\"},\"query-input\":\"required name=search_term_string\"}],\"inLanguage\":\"de\"}]}<\/script>\n<!-- \/ Yoast SEO plugin. -->","yoast_head_json":{"title":"Luftfahrt und Eisenbahn | Sar\u0131met","robots":{"index":"index","follow":"follow","max-snippet":"max-snippet:-1","max-image-preview":"max-image-preview:large","max-video-preview":"max-video-preview:-1"},"canonical":"https:\/\/sarimet.com\/de\/luftfahrt-und-eisenbahn\/","og_locale":"de_DE","og_type":"article","og_title":"Luftfahrt und Eisenbahn | Sar\u0131met","og_url":"https:\/\/sarimet.com\/de\/luftfahrt-und-eisenbahn\/","og_site_name":"Sar\u0131met","article_modified_time":"2022-08-31T11:59:52+00:00","twitter_card":"summary_large_image","twitter_misc":{"Gesch\u00e4tzte Lesezeit":"1\u00a0Minute"},"schema":{"@context":"https:\/\/schema.org","@graph":[{"@type":"WebPage","@id":"https:\/\/sarimet.com\/de\/luftfahrt-und-eisenbahn\/","url":"https:\/\/sarimet.com\/de\/luftfahrt-und-eisenbahn\/","name":"Luftfahrt und Eisenbahn | Sar\u0131met","isPartOf":{"@id":"https:\/\/sarimet.com\/de\/#website"},"datePublished":"2022-08-09T09:11:39+00:00","dateModified":"2022-08-31T11:59:52+00:00","breadcrumb":{"@id":"https:\/\/sarimet.com\/de\/luftfahrt-und-eisenbahn\/#breadcrumb"},"inLanguage":"de","potentialAction":[{"@type":"ReadAction","target":["https:\/\/sarimet.com\/de\/luftfahrt-und-eisenbahn\/"]}]},{"@type":"BreadcrumbList","@id":"https:\/\/sarimet.com\/de\/luftfahrt-und-eisenbahn\/#breadcrumb","itemListElement":[{"@type":"ListItem","position":1,"name":"Luftfahrt und Eisenbahn"}]},{"@type":"WebSite","@id":"https:\/\/sarimet.com\/de\/#website","url":"https:\/\/sarimet.com\/de\/","name":"Sar\u0131met","description":"","potentialAction":[{"@type":"SearchAction","target":{"@type":"EntryPoint","urlTemplate":"https:\/\/sarimet.com\/de\/?s={search_term_string}"},"query-input":"required name=search_term_string"}],"inLanguage":"de"}]}},"_links":{"self":[{"href":"https:\/\/sarimet.com\/de\/wp-json\/wp\/v2\/pages\/9926","targetHints":{"allow":["GET"]}}],"collection":[{"href":"https:\/\/sarimet.com\/de\/wp-json\/wp\/v2\/pages"}],"about":[{"href":"https:\/\/sarimet.com\/de\/wp-json\/wp\/v2\/types\/page"}],"author":[{"embeddable":true,"href":"https:\/\/sarimet.com\/de\/wp-json\/wp\/v2\/users\/1"}],"replies":[{"embeddable":true,"href":"https:\/\/sarimet.com\/de\/wp-json\/wp\/v2\/comments?post=9926"}],"version-history":[{"count":10,"href":"https:\/\/sarimet.com\/de\/wp-json\/wp\/v2\/pages\/9926\/revisions"}],"predecessor-version":[{"id":10134,"href":"https:\/\/sarimet.com\/de\/wp-json\/wp\/v2\/pages\/9926\/revisions\/10134"}],"wp:attachment":[{"href":"https:\/\/sarimet.com\/de\/wp-json\/wp\/v2\/media?parent=9926"}],"curies":[{"name":"wp","href":"https:\/\/api.w.org\/{rel}","templated":true}]}}