{"id":9886,"date":"2022-08-04T10:21:48","date_gmt":"2022-08-04T07:21:48","guid":{"rendered":"https:\/\/sarimet.com\/de\/?page_id=9886"},"modified":"2022-08-31T12:27:03","modified_gmt":"2022-08-31T09:27:03","slug":"sageschnitt","status":"publish","type":"page","link":"https:\/\/sarimet.com\/de\/sageschnitt\/","title":{"rendered":"S\u00e4geschnitt"},"content":{"rendered":"<section class=\"l-section wpb_row height_small\"><div class=\"l-section-h i-cf\"><div class=\"g-cols vc_row via_grid cols_1 laptops-cols_inherit tablets-cols_inherit mobiles-cols_1 valign_top type_default stacking_default\"><div class=\"wpb_column vc_column_container us_custom_7e20fa79 us_animate_this\"><div class=\"vc_column-inner\"><div class=\"g-cols wpb_row via_grid cols_1-2 laptops-cols_inherit tablets-cols_inherit mobiles-cols_1 valign_middle type_default stacking_default\"><div class=\"wpb_column vc_column_container\"><div class=\"vc_column-inner\"><div class=\"w-image us_custom_65dbb057 us_animate_this align_center\"><div class=\"w-image-h\"><img loading=\"lazy\" decoding=\"async\" width=\"879\" height=\"783\" src=\"https:\/\/sarimet.com\/de\/wp-content\/uploads\/2022\/08\/1.jpg\" class=\"attachment-full size-full\" alt=\"\" srcset=\"https:\/\/sarimet.com\/de\/wp-content\/uploads\/2022\/08\/1.jpg 879w, https:\/\/sarimet.com\/de\/wp-content\/uploads\/2022\/08\/1-300x267.jpg 300w\" sizes=\"auto, (max-width: 879px) 100vw, 879px\" \/><\/div><\/div><\/div><\/div><div class=\"wpb_column vc_column_container\"><div class=\"vc_column-inner\"><div class=\"wpb_text_column\"><div class=\"wpb_wrapper\"><p>W\u00e4hrend S\u00e4gen fr\u00fcher meist als sekund\u00e4res Bearbeitungsverfahren in Vorbereitung auf andere Bearbeitungen eingesetzt wurden, sind die neuartigen Bands\u00e4gen von SARIMET heute ein effektives und vielseitiges wirtschaftliches Trennverfahren in vielen Fertigungsprozessen. Mit diesen Bands\u00e4gen, die wir haben, verwenden wir Metalle in verschiedenen Profilen und Gr\u00f6\u00dfen als prim\u00e4re Umformmethode in unserem Herstellungsprozess, entsprechend den Anforderungen unserer Kunden.<\/p>\n<\/div><\/div><\/div><\/div><\/div><\/div><\/div><\/div><\/div><\/section>\n","protected":false},"excerpt":{"rendered":"W\u00e4hrend S\u00e4gen fr\u00fcher meist als sekund\u00e4res Bearbeitungsverfahren in Vorbereitung auf andere Bearbeitungen eingesetzt wurden, sind die neuartigen Bands\u00e4gen von SARIMET heute ein effektives und vielseitiges wirtschaftliches Trennverfahren in vielen Fertigungsprozessen. Mit diesen Bands\u00e4gen, die wir haben, verwenden wir Metalle in verschiedenen Profilen und Gr\u00f6\u00dfen als prim\u00e4re Umformmethode in unserem Herstellungsprozess, entsprechend den Anforderungen unserer Kunden.","protected":false},"author":1,"featured_media":9913,"parent":0,"menu_order":0,"comment_status":"closed","ping_status":"closed","template":"","meta":{"footnotes":""},"class_list":["post-9886","page","type-page","status-publish","has-post-thumbnail","hentry"],"acf":[],"yoast_head":"<!-- This site is optimized with the Yoast SEO plugin v19.7.2 - https:\/\/yoast.com\/wordpress\/plugins\/seo\/ -->\n<title>S\u00e4geschnitt | Sar\u0131met<\/title>\n<meta name=\"robots\" content=\"index, follow, max-snippet:-1, max-image-preview:large, max-video-preview:-1\" \/>\n<link rel=\"canonical\" href=\"https:\/\/sarimet.com\/de\/sageschnitt\/\" \/>\n<meta property=\"og:locale\" content=\"de_DE\" \/>\n<meta property=\"og:type\" content=\"article\" \/>\n<meta property=\"og:title\" content=\"S\u00e4geschnitt | Sar\u0131met\" \/>\n<meta property=\"og:url\" content=\"https:\/\/sarimet.com\/de\/sageschnitt\/\" \/>\n<meta property=\"og:site_name\" content=\"Sar\u0131met\" \/>\n<meta property=\"article:modified_time\" content=\"2022-08-31T09:27:03+00:00\" \/>\n<meta property=\"og:image\" content=\"https:\/\/sarimet.com\/de\/wp-content\/uploads\/2022\/08\/1.jpg\" \/>\n\t<meta property=\"og:image:width\" content=\"879\" \/>\n\t<meta property=\"og:image:height\" content=\"783\" \/>\n\t<meta property=\"og:image:type\" content=\"image\/jpeg\" \/>\n<meta name=\"twitter:card\" content=\"summary_large_image\" \/>\n<meta name=\"twitter:label1\" content=\"Gesch\u00e4tzte Lesezeit\" \/>\n\t<meta name=\"twitter:data1\" content=\"1\u00a0Minute\" \/>\n<script type=\"application\/ld+json\" class=\"yoast-schema-graph\">{\"@context\":\"https:\/\/schema.org\",\"@graph\":[{\"@type\":\"WebPage\",\"@id\":\"https:\/\/sarimet.com\/de\/sageschnitt\/\",\"url\":\"https:\/\/sarimet.com\/de\/sageschnitt\/\",\"name\":\"S\u00e4geschnitt | Sar\u0131met\",\"isPartOf\":{\"@id\":\"https:\/\/sarimet.com\/de\/#website\"},\"datePublished\":\"2022-08-04T07:21:48+00:00\",\"dateModified\":\"2022-08-31T09:27:03+00:00\",\"breadcrumb\":{\"@id\":\"https:\/\/sarimet.com\/de\/sageschnitt\/#breadcrumb\"},\"inLanguage\":\"de\",\"potentialAction\":[{\"@type\":\"ReadAction\",\"target\":[\"https:\/\/sarimet.com\/de\/sageschnitt\/\"]}]},{\"@type\":\"BreadcrumbList\",\"@id\":\"https:\/\/sarimet.com\/de\/sageschnitt\/#breadcrumb\",\"itemListElement\":[{\"@type\":\"ListItem\",\"position\":1,\"name\":\"S\u00e4geschnitt\"}]},{\"@type\":\"WebSite\",\"@id\":\"https:\/\/sarimet.com\/de\/#website\",\"url\":\"https:\/\/sarimet.com\/de\/\",\"name\":\"Sar\u0131met\",\"description\":\"\",\"potentialAction\":[{\"@type\":\"SearchAction\",\"target\":{\"@type\":\"EntryPoint\",\"urlTemplate\":\"https:\/\/sarimet.com\/de\/?s={search_term_string}\"},\"query-input\":\"required name=search_term_string\"}],\"inLanguage\":\"de\"}]}<\/script>\n<!-- \/ Yoast SEO plugin. -->","yoast_head_json":{"title":"S\u00e4geschnitt | Sar\u0131met","robots":{"index":"index","follow":"follow","max-snippet":"max-snippet:-1","max-image-preview":"max-image-preview:large","max-video-preview":"max-video-preview:-1"},"canonical":"https:\/\/sarimet.com\/de\/sageschnitt\/","og_locale":"de_DE","og_type":"article","og_title":"S\u00e4geschnitt | Sar\u0131met","og_url":"https:\/\/sarimet.com\/de\/sageschnitt\/","og_site_name":"Sar\u0131met","article_modified_time":"2022-08-31T09:27:03+00:00","og_image":[{"width":879,"height":783,"url":"https:\/\/sarimet.com\/de\/wp-content\/uploads\/2022\/08\/1.jpg","type":"image\/jpeg"}],"twitter_card":"summary_large_image","twitter_misc":{"Gesch\u00e4tzte Lesezeit":"1\u00a0Minute"},"schema":{"@context":"https:\/\/schema.org","@graph":[{"@type":"WebPage","@id":"https:\/\/sarimet.com\/de\/sageschnitt\/","url":"https:\/\/sarimet.com\/de\/sageschnitt\/","name":"S\u00e4geschnitt | Sar\u0131met","isPartOf":{"@id":"https:\/\/sarimet.com\/de\/#website"},"datePublished":"2022-08-04T07:21:48+00:00","dateModified":"2022-08-31T09:27:03+00:00","breadcrumb":{"@id":"https:\/\/sarimet.com\/de\/sageschnitt\/#breadcrumb"},"inLanguage":"de","potentialAction":[{"@type":"ReadAction","target":["https:\/\/sarimet.com\/de\/sageschnitt\/"]}]},{"@type":"BreadcrumbList","@id":"https:\/\/sarimet.com\/de\/sageschnitt\/#breadcrumb","itemListElement":[{"@type":"ListItem","position":1,"name":"S\u00e4geschnitt"}]},{"@type":"WebSite","@id":"https:\/\/sarimet.com\/de\/#website","url":"https:\/\/sarimet.com\/de\/","name":"Sar\u0131met","description":"","potentialAction":[{"@type":"SearchAction","target":{"@type":"EntryPoint","urlTemplate":"https:\/\/sarimet.com\/de\/?s={search_term_string}"},"query-input":"required name=search_term_string"}],"inLanguage":"de"}]}},"_links":{"self":[{"href":"https:\/\/sarimet.com\/de\/wp-json\/wp\/v2\/pages\/9886","targetHints":{"allow":["GET"]}}],"collection":[{"href":"https:\/\/sarimet.com\/de\/wp-json\/wp\/v2\/pages"}],"about":[{"href":"https:\/\/sarimet.com\/de\/wp-json\/wp\/v2\/types\/page"}],"author":[{"embeddable":true,"href":"https:\/\/sarimet.com\/de\/wp-json\/wp\/v2\/users\/1"}],"replies":[{"embeddable":true,"href":"https:\/\/sarimet.com\/de\/wp-json\/wp\/v2\/comments?post=9886"}],"version-history":[{"count":6,"href":"https:\/\/sarimet.com\/de\/wp-json\/wp\/v2\/pages\/9886\/revisions"}],"predecessor-version":[{"id":10098,"href":"https:\/\/sarimet.com\/de\/wp-json\/wp\/v2\/pages\/9886\/revisions\/10098"}],"wp:featuredmedia":[{"embeddable":true,"href":"https:\/\/sarimet.com\/de\/wp-json\/wp\/v2\/media\/9913"}],"wp:attachment":[{"href":"https:\/\/sarimet.com\/de\/wp-json\/wp\/v2\/media?parent=9886"}],"curies":[{"name":"wp","href":"https:\/\/api.w.org\/{rel}","templated":true}]}}