{"id":9884,"date":"2022-08-04T10:20:06","date_gmt":"2022-08-04T07:20:06","guid":{"rendered":"https:\/\/sarimet.com\/de\/?page_id=9884"},"modified":"2025-08-20T07:44:32","modified_gmt":"2025-08-20T04:44:32","slug":"entgraten-und-eckenverrunden","status":"publish","type":"page","link":"https:\/\/sarimet.com\/de\/entgraten-und-eckenverrunden\/","title":{"rendered":"Entgraten und Eckenverrunden"},"content":{"rendered":"<section class=\"l-section wpb_row height_small\"><div class=\"l-section-h i-cf\"><div class=\"g-cols vc_row via_grid cols_1 laptops-cols_inherit tablets-cols_inherit mobiles-cols_1 valign_top type_default stacking_default\"><div class=\"wpb_column vc_column_container us_custom_7e20fa79 us_animate_this\"><div class=\"vc_column-inner\"><div class=\"g-cols wpb_row via_grid cols_2 laptops-cols_inherit tablets-cols_inherit mobiles-cols_1 valign_middle type_default stacking_default\"><div class=\"wpb_column vc_column_container\"><div class=\"vc_column-inner\"><div class=\"w-hwrapper us_custom_7e20fa79 us_animate_this align_none valign_top\"><div class=\"w-image us_custom_dad4fece align_none\"><div class=\"w-image-h\"><img loading=\"lazy\" decoding=\"async\" width=\"944\" height=\"874\" src=\"https:\/\/sarimet.com\/de\/wp-content\/uploads\/2025\/08\/Capak_alma.png\" class=\"attachment-large size-large\" alt=\"\" srcset=\"https:\/\/sarimet.com\/de\/wp-content\/uploads\/2025\/08\/Capak_alma.png 944w, https:\/\/sarimet.com\/de\/wp-content\/uploads\/2025\/08\/Capak_alma-300x278.png 300w\" sizes=\"auto, (max-width: 944px) 100vw, 944px\" \/><\/div><\/div><\/div><\/div><\/div><div class=\"wpb_column vc_column_container\"><div class=\"vc_column-inner\"><div class=\"wpb_text_column us_custom_47474b22 us_animate_this\"><div class=\"wpb_wrapper\"><p><strong data-start=\"76\" data-end=\"242\">In der modernen Blechbearbeitungsindustrie sind Entgraten und Oberfl\u00e4chenveredelung entscheidende Prozesse, um zuverl\u00e4ssige und hochwertige Bauteile herzustellen.<\/strong><br data-start=\"242\" data-end=\"245\" \/>Mit unserer hochmodernen Entgratungsmaschine entfernen wir zuverl\u00e4ssig verbleibende Grate an den Werkst\u00fccken und sorgen so f\u00fcr einen reibungslosen Ablauf in den nachfolgenden Produktionsschritten.<\/p>\n<p><strong data-start=\"445\" data-end=\"554\">W\u00e4hrend des Kantenverrundungsprozesses von Metallprodukten wird am Rand des Materials ein Radius erzeugt.<\/strong><br data-start=\"554\" data-end=\"557\" \/>Dadurch werden scharfe Kanten beseitigt und eine glatte, abgerundete Oberfl\u00e4che erzielt.<br data-start=\"645\" data-end=\"648\" \/>Dank ihrer leistungsstarken Ausstattung bietet <strong data-start=\"695\" data-end=\"816\">Sarimet Spitzenleistungen bei der Kantenverrundung und erreicht in einem einzigen Durchgang Radien von bis zu 0,2 mm.<\/strong><\/p>\n<\/div><\/div><\/div><\/div><\/div><div class=\"g-cols wpb_row via_grid cols_1 laptops-cols_inherit tablets-cols_inherit mobiles-cols_1 valign_middle type_default stacking_default\"><div class=\"wpb_column vc_column_container\"><div class=\"vc_column-inner\"><div class=\"w-hwrapper us_custom_7e20fa79 us_animate_this align_center valign_top\"><div class=\"w-image us_custom_dad4fece has_ratio align_none\"><div class=\"w-image-h\"><div style=\"padding-bottom:66.6667%\"><\/div><img loading=\"lazy\" decoding=\"async\" width=\"1024\" height=\"599\" src=\"https:\/\/sarimet.com\/de\/wp-content\/uploads\/2022\/08\/capak-alma-1-1024x599.jpg\" class=\"attachment-large size-large\" alt=\"\" srcset=\"https:\/\/sarimet.com\/de\/wp-content\/uploads\/2022\/08\/capak-alma-1-1024x599.jpg 1024w, https:\/\/sarimet.com\/de\/wp-content\/uploads\/2022\/08\/capak-alma-1-300x176.jpg 300w, https:\/\/sarimet.com\/de\/wp-content\/uploads\/2022\/08\/capak-alma-1.jpg 1124w\" sizes=\"auto, (max-width: 1024px) 100vw, 1024px\" \/><\/div><\/div><div class=\"w-image us_custom_dad4fece has_ratio align_none\"><div class=\"w-image-h\"><div style=\"padding-bottom:66.6667%\"><\/div><img loading=\"lazy\" decoding=\"async\" width=\"1024\" height=\"481\" src=\"https:\/\/sarimet.com\/de\/wp-content\/uploads\/2022\/08\/capak-alma-2-1024x481.jpg\" class=\"attachment-large size-large\" alt=\"\" srcset=\"https:\/\/sarimet.com\/de\/wp-content\/uploads\/2022\/08\/capak-alma-2-1024x481.jpg 1024w, https:\/\/sarimet.com\/de\/wp-content\/uploads\/2022\/08\/capak-alma-2-300x141.jpg 300w, https:\/\/sarimet.com\/de\/wp-content\/uploads\/2022\/08\/capak-alma-2.jpg 1285w\" sizes=\"auto, (max-width: 1024px) 100vw, 1024px\" \/><\/div><\/div><\/div><\/div><\/div><\/div><\/div><\/div><\/div><\/div><\/section>\n","protected":false},"excerpt":{"rendered":"In der modernen Blechbearbeitungsindustrie sind Entgraten und Oberfl\u00e4chenveredelung entscheidende Prozesse, um zuverl\u00e4ssige und hochwertige Bauteile herzustellen.Mit unserer hochmodernen Entgratungsmaschine entfernen wir zuverl\u00e4ssig verbleibende Grate an den Werkst\u00fccken und sorgen so f\u00fcr einen reibungslosen Ablauf in den nachfolgenden Produktionsschritten. W\u00e4hrend des Kantenverrundungsprozesses von Metallprodukten wird am Rand des Materials ein Radius erzeugt.Dadurch werden scharfe Kanten beseitigt...","protected":false},"author":1,"featured_media":9903,"parent":0,"menu_order":0,"comment_status":"closed","ping_status":"closed","template":"","meta":{"footnotes":""},"class_list":["post-9884","page","type-page","status-publish","has-post-thumbnail","hentry"],"acf":[],"yoast_head":"<!-- This site is optimized with the Yoast SEO plugin v19.7.2 - https:\/\/yoast.com\/wordpress\/plugins\/seo\/ -->\n<title>Entgraten und Eckenverrunden | Sar\u0131met<\/title>\n<meta name=\"robots\" content=\"index, follow, max-snippet:-1, max-image-preview:large, max-video-preview:-1\" \/>\n<link rel=\"canonical\" href=\"https:\/\/sarimet.com\/de\/entgraten-und-eckenverrunden\/\" \/>\n<meta property=\"og:locale\" content=\"de_DE\" \/>\n<meta property=\"og:type\" content=\"article\" \/>\n<meta property=\"og:title\" content=\"Entgraten und Eckenverrunden | Sar\u0131met\" \/>\n<meta property=\"og:url\" content=\"https:\/\/sarimet.com\/de\/entgraten-und-eckenverrunden\/\" \/>\n<meta property=\"og:site_name\" content=\"Sar\u0131met\" \/>\n<meta property=\"article:modified_time\" content=\"2025-08-20T04:44:32+00:00\" \/>\n<meta property=\"og:image\" content=\"https:\/\/sarimet.com\/de\/wp-content\/uploads\/2022\/08\/capak-alma-1.jpg\" \/>\n\t<meta property=\"og:image:width\" content=\"1124\" \/>\n\t<meta property=\"og:image:height\" content=\"658\" \/>\n\t<meta property=\"og:image:type\" content=\"image\/jpeg\" \/>\n<meta name=\"twitter:card\" content=\"summary_large_image\" \/>\n<meta name=\"twitter:label1\" content=\"Gesch\u00e4tzte Lesezeit\" \/>\n\t<meta name=\"twitter:data1\" content=\"1\u00a0Minute\" \/>\n<script type=\"application\/ld+json\" class=\"yoast-schema-graph\">{\"@context\":\"https:\/\/schema.org\",\"@graph\":[{\"@type\":\"WebPage\",\"@id\":\"https:\/\/sarimet.com\/de\/entgraten-und-eckenverrunden\/\",\"url\":\"https:\/\/sarimet.com\/de\/entgraten-und-eckenverrunden\/\",\"name\":\"Entgraten und Eckenverrunden | Sar\u0131met\",\"isPartOf\":{\"@id\":\"https:\/\/sarimet.com\/de\/#website\"},\"datePublished\":\"2022-08-04T07:20:06+00:00\",\"dateModified\":\"2025-08-20T04:44:32+00:00\",\"breadcrumb\":{\"@id\":\"https:\/\/sarimet.com\/de\/entgraten-und-eckenverrunden\/#breadcrumb\"},\"inLanguage\":\"de\",\"potentialAction\":[{\"@type\":\"ReadAction\",\"target\":[\"https:\/\/sarimet.com\/de\/entgraten-und-eckenverrunden\/\"]}]},{\"@type\":\"BreadcrumbList\",\"@id\":\"https:\/\/sarimet.com\/de\/entgraten-und-eckenverrunden\/#breadcrumb\",\"itemListElement\":[{\"@type\":\"ListItem\",\"position\":1,\"name\":\"Entgraten und Eckenverrunden\"}]},{\"@type\":\"WebSite\",\"@id\":\"https:\/\/sarimet.com\/de\/#website\",\"url\":\"https:\/\/sarimet.com\/de\/\",\"name\":\"Sar\u0131met\",\"description\":\"\",\"potentialAction\":[{\"@type\":\"SearchAction\",\"target\":{\"@type\":\"EntryPoint\",\"urlTemplate\":\"https:\/\/sarimet.com\/de\/?s={search_term_string}\"},\"query-input\":\"required name=search_term_string\"}],\"inLanguage\":\"de\"}]}<\/script>\n<!-- \/ Yoast SEO plugin. -->","yoast_head_json":{"title":"Entgraten und Eckenverrunden | Sar\u0131met","robots":{"index":"index","follow":"follow","max-snippet":"max-snippet:-1","max-image-preview":"max-image-preview:large","max-video-preview":"max-video-preview:-1"},"canonical":"https:\/\/sarimet.com\/de\/entgraten-und-eckenverrunden\/","og_locale":"de_DE","og_type":"article","og_title":"Entgraten und Eckenverrunden | Sar\u0131met","og_url":"https:\/\/sarimet.com\/de\/entgraten-und-eckenverrunden\/","og_site_name":"Sar\u0131met","article_modified_time":"2025-08-20T04:44:32+00:00","og_image":[{"width":1124,"height":658,"url":"https:\/\/sarimet.com\/de\/wp-content\/uploads\/2022\/08\/capak-alma-1.jpg","type":"image\/jpeg"}],"twitter_card":"summary_large_image","twitter_misc":{"Gesch\u00e4tzte Lesezeit":"1\u00a0Minute"},"schema":{"@context":"https:\/\/schema.org","@graph":[{"@type":"WebPage","@id":"https:\/\/sarimet.com\/de\/entgraten-und-eckenverrunden\/","url":"https:\/\/sarimet.com\/de\/entgraten-und-eckenverrunden\/","name":"Entgraten und Eckenverrunden | Sar\u0131met","isPartOf":{"@id":"https:\/\/sarimet.com\/de\/#website"},"datePublished":"2022-08-04T07:20:06+00:00","dateModified":"2025-08-20T04:44:32+00:00","breadcrumb":{"@id":"https:\/\/sarimet.com\/de\/entgraten-und-eckenverrunden\/#breadcrumb"},"inLanguage":"de","potentialAction":[{"@type":"ReadAction","target":["https:\/\/sarimet.com\/de\/entgraten-und-eckenverrunden\/"]}]},{"@type":"BreadcrumbList","@id":"https:\/\/sarimet.com\/de\/entgraten-und-eckenverrunden\/#breadcrumb","itemListElement":[{"@type":"ListItem","position":1,"name":"Entgraten und Eckenverrunden"}]},{"@type":"WebSite","@id":"https:\/\/sarimet.com\/de\/#website","url":"https:\/\/sarimet.com\/de\/","name":"Sar\u0131met","description":"","potentialAction":[{"@type":"SearchAction","target":{"@type":"EntryPoint","urlTemplate":"https:\/\/sarimet.com\/de\/?s={search_term_string}"},"query-input":"required name=search_term_string"}],"inLanguage":"de"}]}},"_links":{"self":[{"href":"https:\/\/sarimet.com\/de\/wp-json\/wp\/v2\/pages\/9884","targetHints":{"allow":["GET"]}}],"collection":[{"href":"https:\/\/sarimet.com\/de\/wp-json\/wp\/v2\/pages"}],"about":[{"href":"https:\/\/sarimet.com\/de\/wp-json\/wp\/v2\/types\/page"}],"author":[{"embeddable":true,"href":"https:\/\/sarimet.com\/de\/wp-json\/wp\/v2\/users\/1"}],"replies":[{"embeddable":true,"href":"https:\/\/sarimet.com\/de\/wp-json\/wp\/v2\/comments?post=9884"}],"version-history":[{"count":12,"href":"https:\/\/sarimet.com\/de\/wp-json\/wp\/v2\/pages\/9884\/revisions"}],"predecessor-version":[{"id":10253,"href":"https:\/\/sarimet.com\/de\/wp-json\/wp\/v2\/pages\/9884\/revisions\/10253"}],"wp:featuredmedia":[{"embeddable":true,"href":"https:\/\/sarimet.com\/de\/wp-json\/wp\/v2\/media\/9903"}],"wp:attachment":[{"href":"https:\/\/sarimet.com\/de\/wp-json\/wp\/v2\/media?parent=9884"}],"curies":[{"name":"wp","href":"https:\/\/api.w.org\/{rel}","templated":true}]}}