{"id":9880,"date":"2022-08-04T10:14:10","date_gmt":"2022-08-04T07:14:10","guid":{"rendered":"https:\/\/sarimet.com\/de\/?page_id=9880"},"modified":"2025-08-19T11:28:28","modified_gmt":"2025-08-19T08:28:28","slug":"montage","status":"publish","type":"page","link":"https:\/\/sarimet.com\/de\/montage\/","title":{"rendered":"Montage"},"content":{"rendered":"<section class=\"l-section wpb_row height_small\"><div class=\"l-section-h i-cf\"><div class=\"g-cols vc_row via_grid cols_1 laptops-cols_inherit tablets-cols_inherit mobiles-cols_1 valign_top type_default stacking_default\"><div class=\"wpb_column vc_column_container us_custom_7e20fa79 us_animate_this\"><div class=\"vc_column-inner\"><div class=\"g-cols wpb_row via_grid cols_2 laptops-cols_inherit tablets-cols_inherit mobiles-cols_1 valign_middle type_default stacking_default\"><div class=\"wpb_column vc_column_container\"><div class=\"vc_column-inner\"><div class=\"w-image us_custom_65dbb057 us_animate_this align_none\"><div class=\"w-image-h\"><img loading=\"lazy\" decoding=\"async\" width=\"1920\" height=\"1280\" src=\"https:\/\/sarimet.com\/de\/wp-content\/uploads\/2022\/06\/Montaj-ve-Paketleme.jpg\" class=\"attachment-full size-full\" alt=\"\" srcset=\"https:\/\/sarimet.com\/de\/wp-content\/uploads\/2022\/06\/Montaj-ve-Paketleme.jpg 1920w, https:\/\/sarimet.com\/de\/wp-content\/uploads\/2022\/06\/Montaj-ve-Paketleme-300x200.jpg 300w, https:\/\/sarimet.com\/de\/wp-content\/uploads\/2022\/06\/Montaj-ve-Paketleme-1024x683.jpg 1024w, https:\/\/sarimet.com\/de\/wp-content\/uploads\/2022\/06\/Montaj-ve-Paketleme-1536x1024.jpg 1536w\" sizes=\"auto, (max-width: 1920px) 100vw, 1920px\" \/><\/div><\/div><\/div><\/div><div class=\"wpb_column vc_column_container\"><div class=\"vc_column-inner\"><div class=\"wpb_text_column\"><div class=\"wpb_wrapper\"><p><strong data-start=\"46\" data-end=\"131\">Montageabteilung: Qualit\u00e4t und Kundenzufriedenheit im Mittelpunkt unseres Service<\/strong><\/p>\n<p><strong data-start=\"133\" data-end=\"144\">Sar\u0131met<\/strong> stellt in den Montageprozessen stets die <strong data-start=\"186\" data-end=\"207\">Kundenerwartungen<\/strong> in den Mittelpunkt und spiegelt sein <strong data-start=\"245\" data-end=\"269\">Qualit\u00e4tsverst\u00e4ndnis<\/strong> in allen Produkten wider. Durch sorgf\u00e4ltig angewendete Kontrollmechanismen auf allen Stufen garantieren wir h\u00f6chste Qualit\u00e4tsstandards.<\/p>\n<p><strong data-start=\"407\" data-end=\"453\">Kontrollierter und Pr\u00e4ziser Montageprozess<\/strong><br data-start=\"453\" data-end=\"456\" \/>Alle unsere Montagelinien werden mit festgelegten Kontrollmechanismen <strong data-start=\"526\" data-end=\"549\">gr\u00fcndlich \u00fcberwacht<\/strong>. Nachdem die Produkte alle erforderlichen Qualit\u00e4tspr\u00fcfungen erfolgreich bestanden haben, werden sie mit der entsprechenden <strong data-start=\"674\" data-end=\"699\">Barcode-Kennzeichnung<\/strong> f\u00fcr den Versand <strong data-start=\"716\" data-end=\"731\">vorbereitet<\/strong>, sodass sie ohne Probleme an unsere Kunden geliefert werden k\u00f6nnen.<\/p>\n<p><strong data-start=\"801\" data-end=\"870\">Bei Sar\u0131met ist Montage mehr als nur das Zusammenf\u00fcgen von Teilen<\/strong><br data-start=\"870\" data-end=\"873\" \/><strong data-start=\"873\" data-end=\"884\">Sar\u0131met<\/strong> bringt nicht nur die richtigen Teile zusammen, sondern stellt auch sicher, dass <strong data-start=\"965\" data-end=\"977\">Qualit\u00e4t<\/strong>, <strong data-start=\"979\" data-end=\"992\">Vertrauen<\/strong> und <strong data-start=\"997\" data-end=\"1020\">Kundenzufriedenheit<\/strong> in jedem Schritt an erster Stelle stehen. Unsere modernen, mit fortschrittlicher Technologie ausgestatteten Montagelinien, kombiniert mit der Expertise unseres professionellen Teams, gew\u00e4hrleisten herausragende Ergebnisse.<\/p>\n<\/div><\/div><\/div><\/div><\/div><\/div><\/div><\/div><\/div><\/section>\n","protected":false},"excerpt":{"rendered":"Montageabteilung: Qualit\u00e4t und Kundenzufriedenheit im Mittelpunkt unseres Service Sar\u0131met stellt in den Montageprozessen stets die Kundenerwartungen in den Mittelpunkt und spiegelt sein Qualit\u00e4tsverst\u00e4ndnis in allen Produkten wider. Durch sorgf\u00e4ltig angewendete Kontrollmechanismen auf allen Stufen garantieren wir h\u00f6chste Qualit\u00e4tsstandards. Kontrollierter und Pr\u00e4ziser MontageprozessAlle unsere Montagelinien werden mit festgelegten Kontrollmechanismen gr\u00fcndlich \u00fcberwacht. Nachdem die Produkte alle erforderlichen...","protected":false},"author":1,"featured_media":9665,"parent":0,"menu_order":0,"comment_status":"closed","ping_status":"closed","template":"","meta":{"footnotes":""},"class_list":["post-9880","page","type-page","status-publish","has-post-thumbnail","hentry"],"acf":[],"yoast_head":"<!-- This site is optimized with the Yoast SEO plugin v19.7.2 - https:\/\/yoast.com\/wordpress\/plugins\/seo\/ -->\n<title>Montage | Sar\u0131met<\/title>\n<meta name=\"robots\" content=\"index, follow, max-snippet:-1, max-image-preview:large, max-video-preview:-1\" \/>\n<link rel=\"canonical\" href=\"https:\/\/sarimet.com\/de\/montage\/\" \/>\n<meta property=\"og:locale\" content=\"de_DE\" \/>\n<meta property=\"og:type\" content=\"article\" \/>\n<meta property=\"og:title\" content=\"Montage | Sar\u0131met\" \/>\n<meta property=\"og:url\" content=\"https:\/\/sarimet.com\/de\/montage\/\" \/>\n<meta property=\"og:site_name\" content=\"Sar\u0131met\" \/>\n<meta property=\"article:modified_time\" content=\"2025-08-19T08:28:28+00:00\" \/>\n<meta property=\"og:image\" content=\"https:\/\/sarimet.com\/de\/wp-content\/uploads\/2022\/06\/Montaj-ve-Paketleme.jpg\" \/>\n\t<meta property=\"og:image:width\" content=\"1920\" \/>\n\t<meta property=\"og:image:height\" content=\"1280\" \/>\n\t<meta property=\"og:image:type\" content=\"image\/jpeg\" \/>\n<meta name=\"twitter:card\" content=\"summary_large_image\" \/>\n<meta name=\"twitter:label1\" content=\"Gesch\u00e4tzte Lesezeit\" \/>\n\t<meta name=\"twitter:data1\" content=\"1\u00a0Minute\" \/>\n<script type=\"application\/ld+json\" class=\"yoast-schema-graph\">{\"@context\":\"https:\/\/schema.org\",\"@graph\":[{\"@type\":\"WebPage\",\"@id\":\"https:\/\/sarimet.com\/de\/montage\/\",\"url\":\"https:\/\/sarimet.com\/de\/montage\/\",\"name\":\"Montage | Sar\u0131met\",\"isPartOf\":{\"@id\":\"https:\/\/sarimet.com\/de\/#website\"},\"datePublished\":\"2022-08-04T07:14:10+00:00\",\"dateModified\":\"2025-08-19T08:28:28+00:00\",\"breadcrumb\":{\"@id\":\"https:\/\/sarimet.com\/de\/montage\/#breadcrumb\"},\"inLanguage\":\"de\",\"potentialAction\":[{\"@type\":\"ReadAction\",\"target\":[\"https:\/\/sarimet.com\/de\/montage\/\"]}]},{\"@type\":\"BreadcrumbList\",\"@id\":\"https:\/\/sarimet.com\/de\/montage\/#breadcrumb\",\"itemListElement\":[{\"@type\":\"ListItem\",\"position\":1,\"name\":\"Montage\"}]},{\"@type\":\"WebSite\",\"@id\":\"https:\/\/sarimet.com\/de\/#website\",\"url\":\"https:\/\/sarimet.com\/de\/\",\"name\":\"Sar\u0131met\",\"description\":\"\",\"potentialAction\":[{\"@type\":\"SearchAction\",\"target\":{\"@type\":\"EntryPoint\",\"urlTemplate\":\"https:\/\/sarimet.com\/de\/?s={search_term_string}\"},\"query-input\":\"required name=search_term_string\"}],\"inLanguage\":\"de\"}]}<\/script>\n<!-- \/ Yoast SEO plugin. -->","yoast_head_json":{"title":"Montage | Sar\u0131met","robots":{"index":"index","follow":"follow","max-snippet":"max-snippet:-1","max-image-preview":"max-image-preview:large","max-video-preview":"max-video-preview:-1"},"canonical":"https:\/\/sarimet.com\/de\/montage\/","og_locale":"de_DE","og_type":"article","og_title":"Montage | Sar\u0131met","og_url":"https:\/\/sarimet.com\/de\/montage\/","og_site_name":"Sar\u0131met","article_modified_time":"2025-08-19T08:28:28+00:00","og_image":[{"width":1920,"height":1280,"url":"https:\/\/sarimet.com\/de\/wp-content\/uploads\/2022\/06\/Montaj-ve-Paketleme.jpg","type":"image\/jpeg"}],"twitter_card":"summary_large_image","twitter_misc":{"Gesch\u00e4tzte Lesezeit":"1\u00a0Minute"},"schema":{"@context":"https:\/\/schema.org","@graph":[{"@type":"WebPage","@id":"https:\/\/sarimet.com\/de\/montage\/","url":"https:\/\/sarimet.com\/de\/montage\/","name":"Montage | Sar\u0131met","isPartOf":{"@id":"https:\/\/sarimet.com\/de\/#website"},"datePublished":"2022-08-04T07:14:10+00:00","dateModified":"2025-08-19T08:28:28+00:00","breadcrumb":{"@id":"https:\/\/sarimet.com\/de\/montage\/#breadcrumb"},"inLanguage":"de","potentialAction":[{"@type":"ReadAction","target":["https:\/\/sarimet.com\/de\/montage\/"]}]},{"@type":"BreadcrumbList","@id":"https:\/\/sarimet.com\/de\/montage\/#breadcrumb","itemListElement":[{"@type":"ListItem","position":1,"name":"Montage"}]},{"@type":"WebSite","@id":"https:\/\/sarimet.com\/de\/#website","url":"https:\/\/sarimet.com\/de\/","name":"Sar\u0131met","description":"","potentialAction":[{"@type":"SearchAction","target":{"@type":"EntryPoint","urlTemplate":"https:\/\/sarimet.com\/de\/?s={search_term_string}"},"query-input":"required name=search_term_string"}],"inLanguage":"de"}]}},"_links":{"self":[{"href":"https:\/\/sarimet.com\/de\/wp-json\/wp\/v2\/pages\/9880","targetHints":{"allow":["GET"]}}],"collection":[{"href":"https:\/\/sarimet.com\/de\/wp-json\/wp\/v2\/pages"}],"about":[{"href":"https:\/\/sarimet.com\/de\/wp-json\/wp\/v2\/types\/page"}],"author":[{"embeddable":true,"href":"https:\/\/sarimet.com\/de\/wp-json\/wp\/v2\/users\/1"}],"replies":[{"embeddable":true,"href":"https:\/\/sarimet.com\/de\/wp-json\/wp\/v2\/comments?post=9880"}],"version-history":[{"count":5,"href":"https:\/\/sarimet.com\/de\/wp-json\/wp\/v2\/pages\/9880\/revisions"}],"predecessor-version":[{"id":10252,"href":"https:\/\/sarimet.com\/de\/wp-json\/wp\/v2\/pages\/9880\/revisions\/10252"}],"wp:featuredmedia":[{"embeddable":true,"href":"https:\/\/sarimet.com\/de\/wp-json\/wp\/v2\/media\/9665"}],"wp:attachment":[{"href":"https:\/\/sarimet.com\/de\/wp-json\/wp\/v2\/media?parent=9880"}],"curies":[{"name":"wp","href":"https:\/\/api.w.org\/{rel}","templated":true}]}}