{"id":9693,"date":"2022-06-29T15:29:31","date_gmt":"2022-06-29T12:29:31","guid":{"rendered":"https:\/\/sarimet.com\/de\/?page_id=9693"},"modified":"2022-08-31T12:03:49","modified_gmt":"2022-08-31T09:03:49","slug":"unsere-richtlinien","status":"publish","type":"page","link":"https:\/\/sarimet.com\/de\/unsere-richtlinien\/","title":{"rendered":"Unsere Richtlinien"},"content":{"rendered":"<section class=\"l-section wpb_row height_small\"><div class=\"l-section-h i-cf\"><div class=\"g-cols vc_row via_grid cols_1 laptops-cols_inherit tablets-cols_inherit mobiles-cols_1 valign_top type_default stacking_default\"><div class=\"wpb_column vc_column_container\"><div class=\"vc_column-inner\"><div class=\"w-grid type_grid layout_gallery_default cols_4\" id=\"us_grid_1\" data-filterable=\"true\"><style>#us_grid_1 .w-grid-item{padding:1.5rem}#us_grid_1 .w-grid-list{margin:-1.5rem}.w-grid + #us_grid_1 .w-grid-list,.w-grid-none + #us_grid_1 .w-grid-list{margin-top:1.5rem}@media (max-width:1199px){#us_grid_1 .w-grid-item{width:33.3333%}}@media (max-width:899px){#us_grid_1 .w-grid-item{width:50%}}@media (max-width:599px){#us_grid_1 .w-grid-list{margin:0}#us_grid_1 .w-grid-item{width:100%;padding:0;margin-bottom:1.5rem}}.layout_gallery_default .w-grid-item-h{}<\/style><div class=\"w-grid-list\">\t<article class=\"w-grid-item post-9840 attachment type-attachment status-inherit hentry\" data-id=\"9840\">\r\n\t\t<div class=\"w-grid-item-h\">\r\n\t\t\t\t\t\t\t<a class=\"w-grid-item-anchor\" href=\"https:\/\/sarimet.com\/de\/wp-content\/uploads\/2022\/07\/1-Kalite-Yonetim-Sitemleri-Politikasi-2.jpg\" ref=\"magnificPopupGrid\" title=\"1- Kalite Y\u00f6netim Sitemleri Politikas\u0131 -2\"><\/a>\r\n\t\t\t\t\t\t<div class=\"w-post-elm post_image usg_post_image_1 stretched\"><img loading=\"lazy\" decoding=\"async\" width=\"613\" height=\"860\" src=\"https:\/\/sarimet.com\/de\/wp-content\/uploads\/2022\/07\/1-Kalite-Yonetim-Sitemleri-Politikasi-2.jpg\" class=\"attachment-us_600_600_crop size-us_600_600_crop\" alt=\"\" srcset=\"https:\/\/sarimet.com\/de\/wp-content\/uploads\/2022\/07\/1-Kalite-Yonetim-Sitemleri-Politikasi-2.jpg 613w, https:\/\/sarimet.com\/de\/wp-content\/uploads\/2022\/07\/1-Kalite-Yonetim-Sitemleri-Politikasi-2-214x300.jpg 214w\" sizes=\"auto, (max-width: 613px) 100vw, 613px\" \/><\/div>\t\t<\/div>\r\n\t<\/article>\r\n\t<article class=\"w-grid-item post-9841 attachment type-attachment status-inherit hentry\" data-id=\"9841\">\r\n\t\t<div class=\"w-grid-item-h\">\r\n\t\t\t\t\t\t\t<a class=\"w-grid-item-anchor\" href=\"https:\/\/sarimet.com\/de\/wp-content\/uploads\/2022\/07\/2-Insan-Kaynaklari-Politikasi-2.jpg\" ref=\"magnificPopupGrid\" title=\"2 &#8211; \u0130nsan Kaynaklar\u0131 Politikas\u0131-2\"><\/a>\r\n\t\t\t\t\t\t<div class=\"w-post-elm post_image usg_post_image_1 stretched\"><img loading=\"lazy\" decoding=\"async\" width=\"613\" height=\"860\" src=\"https:\/\/sarimet.com\/de\/wp-content\/uploads\/2022\/07\/2-Insan-Kaynaklari-Politikasi-2.jpg\" class=\"attachment-us_600_600_crop size-us_600_600_crop\" alt=\"\" srcset=\"https:\/\/sarimet.com\/de\/wp-content\/uploads\/2022\/07\/2-Insan-Kaynaklari-Politikasi-2.jpg 613w, https:\/\/sarimet.com\/de\/wp-content\/uploads\/2022\/07\/2-Insan-Kaynaklari-Politikasi-2-214x300.jpg 214w\" sizes=\"auto, (max-width: 613px) 100vw, 613px\" \/><\/div>\t\t<\/div>\r\n\t<\/article>\r\n\t<article class=\"w-grid-item post-9842 attachment type-attachment status-inherit hentry\" data-id=\"9842\">\r\n\t\t<div class=\"w-grid-item-h\">\r\n\t\t\t\t\t\t\t<a class=\"w-grid-item-anchor\" href=\"https:\/\/sarimet.com\/de\/wp-content\/uploads\/2022\/07\/3-Is-Sagligi-ve-Guvenligi-Politikasi-2.jpg\" ref=\"magnificPopupGrid\" title=\"3 &#8211; \u0130\u015f Sa\u011fl\u0131\u011f\u0131 ve G\u00fcvenli\u011fi Politikas\u0131-2\"><\/a>\r\n\t\t\t\t\t\t<div class=\"w-post-elm post_image usg_post_image_1 stretched\"><img loading=\"lazy\" decoding=\"async\" width=\"614\" height=\"860\" src=\"https:\/\/sarimet.com\/de\/wp-content\/uploads\/2022\/07\/3-Is-Sagligi-ve-Guvenligi-Politikasi-2.jpg\" class=\"attachment-us_600_600_crop size-us_600_600_crop\" alt=\"\" srcset=\"https:\/\/sarimet.com\/de\/wp-content\/uploads\/2022\/07\/3-Is-Sagligi-ve-Guvenligi-Politikasi-2.jpg 614w, https:\/\/sarimet.com\/de\/wp-content\/uploads\/2022\/07\/3-Is-Sagligi-ve-Guvenligi-Politikasi-2-214x300.jpg 214w\" sizes=\"auto, (max-width: 614px) 100vw, 614px\" \/><\/div>\t\t<\/div>\r\n\t<\/article>\r\n\t<article class=\"w-grid-item post-9843 attachment type-attachment status-inherit hentry\" data-id=\"9843\">\r\n\t\t<div class=\"w-grid-item-h\">\r\n\t\t\t\t\t\t\t<a class=\"w-grid-item-anchor\" href=\"https:\/\/sarimet.com\/de\/wp-content\/uploads\/2022\/07\/4-Bilgi-Guvenligi-Yonetim-Sistemi-Politikasi-2.jpg\" ref=\"magnificPopupGrid\" title=\"4 &#8211; Bilgi G\u00fcvenli\u011fi Y\u00f6netim Sistemi Politikas\u0131-2\"><\/a>\r\n\t\t\t\t\t\t<div class=\"w-post-elm post_image usg_post_image_1 stretched\"><img loading=\"lazy\" decoding=\"async\" width=\"613\" height=\"860\" src=\"https:\/\/sarimet.com\/de\/wp-content\/uploads\/2022\/07\/4-Bilgi-Guvenligi-Yonetim-Sistemi-Politikasi-2.jpg\" class=\"attachment-us_600_600_crop size-us_600_600_crop\" alt=\"\" srcset=\"https:\/\/sarimet.com\/de\/wp-content\/uploads\/2022\/07\/4-Bilgi-Guvenligi-Yonetim-Sistemi-Politikasi-2.jpg 613w, https:\/\/sarimet.com\/de\/wp-content\/uploads\/2022\/07\/4-Bilgi-Guvenligi-Yonetim-Sistemi-Politikasi-2-214x300.jpg 214w\" sizes=\"auto, (max-width: 613px) 100vw, 613px\" \/><\/div>\t\t<\/div>\r\n\t<\/article>\r\n\t<article class=\"w-grid-item post-9844 attachment type-attachment status-inherit hentry\" data-id=\"9844\">\r\n\t\t<div class=\"w-grid-item-h\">\r\n\t\t\t\t\t\t\t<a class=\"w-grid-item-anchor\" href=\"https:\/\/sarimet.com\/de\/wp-content\/uploads\/2022\/07\/5-Cevre-Yonetim-Sistemi-Politikasi-2.jpg\" ref=\"magnificPopupGrid\" title=\"5 &#8211; \u00c7evre Y\u00f6netim Sistemi Politikas\u0131-2\"><\/a>\r\n\t\t\t\t\t\t<div class=\"w-post-elm post_image usg_post_image_1 stretched\"><img loading=\"lazy\" decoding=\"async\" width=\"613\" height=\"860\" src=\"https:\/\/sarimet.com\/de\/wp-content\/uploads\/2022\/07\/5-Cevre-Yonetim-Sistemi-Politikasi-2.jpg\" class=\"attachment-us_600_600_crop size-us_600_600_crop\" alt=\"\" srcset=\"https:\/\/sarimet.com\/de\/wp-content\/uploads\/2022\/07\/5-Cevre-Yonetim-Sistemi-Politikasi-2.jpg 613w, https:\/\/sarimet.com\/de\/wp-content\/uploads\/2022\/07\/5-Cevre-Yonetim-Sistemi-Politikasi-2-214x300.jpg 214w\" sizes=\"auto, (max-width: 613px) 100vw, 613px\" \/><\/div>\t\t<\/div>\r\n\t<\/article>\r\n<\/div><div class=\"w-grid-preloader\"><div class=\"g-preloader type_1\">\r\n\t<div><\/div>\r\n<\/div>\r\n<\/div>\t<div class=\"w-grid-json hidden\" onclick='return {&quot;action&quot;:&quot;us_ajax_grid&quot;,&quot;ajax_url&quot;:&quot;https:\\\/\\\/sarimet.com\\\/de\\\/wp-admin\\\/admin-ajax.php&quot;,&quot;infinite_scroll&quot;:0,&quot;max_num_pages&quot;:1,&quot;pagination&quot;:&quot;none&quot;,&quot;permalink_url&quot;:&quot;https:\\\/\\\/sarimet.com\\\/de\\\/wp-json\\\/wp\\\/v2\\\/pages\\\/9693&quot;,&quot;template_vars&quot;:{&quot;columns&quot;:&quot;4&quot;,&quot;exclude_items&quot;:&quot;none&quot;,&quot;img_size&quot;:&quot;default&quot;,&quot;ignore_items_size&quot;:false,&quot;items_layout&quot;:&quot;gallery_default&quot;,&quot;items_offset&quot;:&quot;1&quot;,&quot;load_animation&quot;:&quot;none&quot;,&quot;overriding_link&quot;:&quot;popup_post_image&quot;,&quot;post_id&quot;:9693,&quot;query_args&quot;:{&quot;post_type&quot;:[&quot;attachment&quot;],&quot;post__in&quot;:[&quot;9840&quot;,&quot;9841&quot;,&quot;9842&quot;,&quot;9843&quot;,&quot;9844&quot;],&quot;post_status&quot;:&quot;inherit&quot;,&quot;post_mime_type&quot;:&quot;image&quot;,&quot;posts_per_page&quot;:&quot;10&quot;},&quot;orderby_query_args&quot;:{&quot;orderby&quot;:{&quot;title&quot;:&quot;ASC&quot;},&quot;order&quot;:&quot;ASC&quot;},&quot;type&quot;:&quot;grid&quot;,&quot;us_grid_ajax_index&quot;:1,&quot;us_grid_filter_params&quot;:null,&quot;us_grid_index&quot;:1,&quot;_us_grid_post_type&quot;:&quot;attachment&quot;}}'><\/div>\r\n\t<\/div><\/div><\/div><\/div><\/div><\/section>\n","protected":false},"excerpt":{"rendered":"","protected":false},"author":1,"featured_media":0,"parent":0,"menu_order":0,"comment_status":"closed","ping_status":"closed","template":"","meta":{"footnotes":""},"class_list":["post-9693","page","type-page","status-publish","hentry"],"acf":[],"yoast_head":"<!-- This site is optimized with the Yoast SEO plugin v19.7.2 - https:\/\/yoast.com\/wordpress\/plugins\/seo\/ -->\n<title>Unsere Richtlinien | Sar\u0131met<\/title>\n<meta name=\"robots\" content=\"index, follow, max-snippet:-1, max-image-preview:large, max-video-preview:-1\" \/>\n<link rel=\"canonical\" href=\"https:\/\/sarimet.com\/de\/unsere-richtlinien\/\" \/>\n<meta property=\"og:locale\" content=\"de_DE\" \/>\n<meta property=\"og:type\" content=\"article\" \/>\n<meta property=\"og:title\" content=\"Unsere Richtlinien | Sar\u0131met\" \/>\n<meta property=\"og:url\" content=\"https:\/\/sarimet.com\/de\/unsere-richtlinien\/\" \/>\n<meta property=\"og:site_name\" content=\"Sar\u0131met\" \/>\n<meta property=\"article:modified_time\" content=\"2022-08-31T09:03:49+00:00\" \/>\n<meta name=\"twitter:card\" content=\"summary_large_image\" \/>\n<meta name=\"twitter:label1\" content=\"Gesch\u00e4tzte Lesezeit\" \/>\n\t<meta name=\"twitter:data1\" content=\"1\u00a0Minute\" \/>\n<script type=\"application\/ld+json\" class=\"yoast-schema-graph\">{\"@context\":\"https:\/\/schema.org\",\"@graph\":[{\"@type\":\"WebPage\",\"@id\":\"https:\/\/sarimet.com\/de\/unsere-richtlinien\/\",\"url\":\"https:\/\/sarimet.com\/de\/unsere-richtlinien\/\",\"name\":\"Unsere Richtlinien | Sar\u0131met\",\"isPartOf\":{\"@id\":\"https:\/\/sarimet.com\/de\/#website\"},\"datePublished\":\"2022-06-29T12:29:31+00:00\",\"dateModified\":\"2022-08-31T09:03:49+00:00\",\"breadcrumb\":{\"@id\":\"https:\/\/sarimet.com\/de\/unsere-richtlinien\/#breadcrumb\"},\"inLanguage\":\"de\",\"potentialAction\":[{\"@type\":\"ReadAction\",\"target\":[\"https:\/\/sarimet.com\/de\/unsere-richtlinien\/\"]}]},{\"@type\":\"BreadcrumbList\",\"@id\":\"https:\/\/sarimet.com\/de\/unsere-richtlinien\/#breadcrumb\",\"itemListElement\":[{\"@type\":\"ListItem\",\"position\":1,\"name\":\"Unsere Richtlinien\"}]},{\"@type\":\"WebSite\",\"@id\":\"https:\/\/sarimet.com\/de\/#website\",\"url\":\"https:\/\/sarimet.com\/de\/\",\"name\":\"Sar\u0131met\",\"description\":\"\",\"potentialAction\":[{\"@type\":\"SearchAction\",\"target\":{\"@type\":\"EntryPoint\",\"urlTemplate\":\"https:\/\/sarimet.com\/de\/?s={search_term_string}\"},\"query-input\":\"required name=search_term_string\"}],\"inLanguage\":\"de\"}]}<\/script>\n<!-- \/ Yoast SEO plugin. -->","yoast_head_json":{"title":"Unsere Richtlinien | Sar\u0131met","robots":{"index":"index","follow":"follow","max-snippet":"max-snippet:-1","max-image-preview":"max-image-preview:large","max-video-preview":"max-video-preview:-1"},"canonical":"https:\/\/sarimet.com\/de\/unsere-richtlinien\/","og_locale":"de_DE","og_type":"article","og_title":"Unsere Richtlinien | Sar\u0131met","og_url":"https:\/\/sarimet.com\/de\/unsere-richtlinien\/","og_site_name":"Sar\u0131met","article_modified_time":"2022-08-31T09:03:49+00:00","twitter_card":"summary_large_image","twitter_misc":{"Gesch\u00e4tzte Lesezeit":"1\u00a0Minute"},"schema":{"@context":"https:\/\/schema.org","@graph":[{"@type":"WebPage","@id":"https:\/\/sarimet.com\/de\/unsere-richtlinien\/","url":"https:\/\/sarimet.com\/de\/unsere-richtlinien\/","name":"Unsere Richtlinien | Sar\u0131met","isPartOf":{"@id":"https:\/\/sarimet.com\/de\/#website"},"datePublished":"2022-06-29T12:29:31+00:00","dateModified":"2022-08-31T09:03:49+00:00","breadcrumb":{"@id":"https:\/\/sarimet.com\/de\/unsere-richtlinien\/#breadcrumb"},"inLanguage":"de","potentialAction":[{"@type":"ReadAction","target":["https:\/\/sarimet.com\/de\/unsere-richtlinien\/"]}]},{"@type":"BreadcrumbList","@id":"https:\/\/sarimet.com\/de\/unsere-richtlinien\/#breadcrumb","itemListElement":[{"@type":"ListItem","position":1,"name":"Unsere Richtlinien"}]},{"@type":"WebSite","@id":"https:\/\/sarimet.com\/de\/#website","url":"https:\/\/sarimet.com\/de\/","name":"Sar\u0131met","description":"","potentialAction":[{"@type":"SearchAction","target":{"@type":"EntryPoint","urlTemplate":"https:\/\/sarimet.com\/de\/?s={search_term_string}"},"query-input":"required name=search_term_string"}],"inLanguage":"de"}]}},"_links":{"self":[{"href":"https:\/\/sarimet.com\/de\/wp-json\/wp\/v2\/pages\/9693","targetHints":{"allow":["GET"]}}],"collection":[{"href":"https:\/\/sarimet.com\/de\/wp-json\/wp\/v2\/pages"}],"about":[{"href":"https:\/\/sarimet.com\/de\/wp-json\/wp\/v2\/types\/page"}],"author":[{"embeddable":true,"href":"https:\/\/sarimet.com\/de\/wp-json\/wp\/v2\/users\/1"}],"replies":[{"embeddable":true,"href":"https:\/\/sarimet.com\/de\/wp-json\/wp\/v2\/comments?post=9693"}],"version-history":[{"count":7,"href":"https:\/\/sarimet.com\/de\/wp-json\/wp\/v2\/pages\/9693\/revisions"}],"predecessor-version":[{"id":10081,"href":"https:\/\/sarimet.com\/de\/wp-json\/wp\/v2\/pages\/9693\/revisions\/10081"}],"wp:attachment":[{"href":"https:\/\/sarimet.com\/de\/wp-json\/wp\/v2\/media?parent=9693"}],"curies":[{"name":"wp","href":"https:\/\/api.w.org\/{rel}","templated":true}]}}