{"id":9559,"date":"2022-06-23T11:26:33","date_gmt":"2022-06-23T08:26:33","guid":{"rendered":"https:\/\/sarimet.com\/de\/?page_id=9559"},"modified":"2022-08-31T15:13:07","modified_gmt":"2022-08-31T12:13:07","slug":"branchen-in-denen-wir-arbeiten","status":"publish","type":"page","link":"https:\/\/sarimet.com\/de\/branchen-in-denen-wir-arbeiten\/","title":{"rendered":"Branchen, in denen wir arbeiten"},"content":{"rendered":"<section class=\"l-section wpb_row us_custom_60e9caca us_animate_this height_auto\"><div class=\"l-section-h i-cf\"><div class=\"g-cols vc_row via_grid cols_1 laptops-cols_inherit tablets-cols_inherit mobiles-cols_1 valign_top type_default stacking_default\" style=\"grid-gap:10px;\"><div class=\"wpb_column vc_column_container\"><div class=\"vc_column-inner\"><div class=\"g-cols wpb_row via_grid cols_3 laptops-cols_inherit tablets-cols_inherit mobiles-cols_1 valign_top type_default stacking_default\" style=\"grid-gap:0;\"><div class=\"wpb_column vc_column_container\"><div class=\"vc_column-inner\"><div class=\"w-person us_custom_cea9d15e layout_trendy with_desc\" itemscope itemtype=\"https:\/\/schema.org\/Person\"><div class=\"w-person-image\"><a href=\"https:\/\/sarimet.com\/de\/maschinenteile\/\" class=\"w-person-link\" aria-label=\"Maschinenteile\"><img loading=\"lazy\" decoding=\"async\" width=\"464\" height=\"473\" src=\"https:\/\/sarimet.com\/de\/wp-content\/uploads\/2022\/08\/makine-3.png\" class=\"attachment-full size-full\" alt=\"\" srcset=\"https:\/\/sarimet.com\/de\/wp-content\/uploads\/2022\/08\/makine-3.png 464w, https:\/\/sarimet.com\/de\/wp-content\/uploads\/2022\/08\/makine-3-294x300.png 294w\" sizes=\"auto, (max-width: 464px) 100vw, 464px\" \/><\/a><\/div><div class=\"w-person-content\"><a href=\"https:\/\/sarimet.com\/de\/maschinenteile\/\" class=\"w-person-link\" aria-label=\"Maschinenteile\"><h5 itemprop=\"name\" class=\"w-person-name\"><span>Maschinenteile<\/span><\/h5><\/a><div class=\"w-person-role\" itemprop=\"jobTitle\">Branchen, in denen wir arbeiten<\/div><\/div><div class=\"w-person-content-alt\"><a href=\"https:\/\/sarimet.com\/de\/maschinenteile\/\" class=\"w-person-link\" aria-label=\"Maschinenteile\"><\/a><div class=\"w-person-description\" itemprop=\"description\"><p>Klicken Sie f\u00fcr detaillierte Informationen.<\/p>\n<\/div><\/div><\/div><\/div><\/div><div class=\"wpb_column vc_column_container\"><div class=\"vc_column-inner\"><div class=\"w-person us_custom_cea9d15e layout_trendy with_desc\" itemscope itemtype=\"https:\/\/schema.org\/Person\"><div class=\"w-person-image\"><a href=\"https:\/\/sarimet.com\/de\/automobil\/\" class=\"w-person-link\" aria-label=\"Automobil\"><img loading=\"lazy\" decoding=\"async\" width=\"1048\" height=\"702\" src=\"https:\/\/sarimet.com\/de\/wp-content\/uploads\/2022\/08\/2.jpg\" class=\"attachment-full size-full\" alt=\"\" srcset=\"https:\/\/sarimet.com\/de\/wp-content\/uploads\/2022\/08\/2.jpg 1048w, https:\/\/sarimet.com\/de\/wp-content\/uploads\/2022\/08\/2-300x201.jpg 300w, https:\/\/sarimet.com\/de\/wp-content\/uploads\/2022\/08\/2-1024x686.jpg 1024w\" sizes=\"auto, (max-width: 1048px) 100vw, 1048px\" \/><\/a><\/div><div class=\"w-person-content\"><a href=\"https:\/\/sarimet.com\/de\/automobil\/\" class=\"w-person-link\" aria-label=\"Automobil\"><h5 itemprop=\"name\" class=\"w-person-name\"><span>Automobil<\/span><\/h5><\/a><div class=\"w-person-role\" itemprop=\"jobTitle\">Branchen, in denen wir arbeiten<\/div><\/div><div class=\"w-person-content-alt\"><a href=\"https:\/\/sarimet.com\/de\/automobil\/\" class=\"w-person-link\" aria-label=\"Automobil\"><\/a><div class=\"w-person-description\" itemprop=\"description\"><p>Klicken Sie f\u00fcr detaillierte Informationen.<\/p>\n<\/div><\/div><\/div><\/div><\/div><div class=\"wpb_column vc_column_container\"><div class=\"vc_column-inner\"><div class=\"w-person us_custom_cea9d15e layout_trendy with_desc\" itemscope itemtype=\"https:\/\/schema.org\/Person\"><div class=\"w-person-image\"><a href=\"https:\/\/sarimet.com\/de\/luftfahrt-und-eisenbahn\/\" class=\"w-person-link\" aria-label=\"Luftfahrt und Eisenbahn\"><img loading=\"lazy\" decoding=\"async\" width=\"888\" height=\"641\" src=\"https:\/\/sarimet.com\/de\/wp-content\/uploads\/2022\/08\/ucak-ve-demiryolu.png\" class=\"attachment-full size-full\" alt=\"\" srcset=\"https:\/\/sarimet.com\/de\/wp-content\/uploads\/2022\/08\/ucak-ve-demiryolu.png 888w, https:\/\/sarimet.com\/de\/wp-content\/uploads\/2022\/08\/ucak-ve-demiryolu-300x217.png 300w\" sizes=\"auto, (max-width: 888px) 100vw, 888px\" \/><\/a><\/div><div class=\"w-person-content\"><a href=\"https:\/\/sarimet.com\/de\/luftfahrt-und-eisenbahn\/\" class=\"w-person-link\" aria-label=\"Luftfahrt und Eisenbahn\"><h5 itemprop=\"name\" class=\"w-person-name\"><span>Luftfahrt und Eisenbahn<\/span><\/h5><\/a><div class=\"w-person-role\" itemprop=\"jobTitle\">Branchen, in denen wir arbeiten<\/div><\/div><div class=\"w-person-content-alt\"><a href=\"https:\/\/sarimet.com\/de\/luftfahrt-und-eisenbahn\/\" class=\"w-person-link\" aria-label=\"Luftfahrt und Eisenbahn\"><\/a><div class=\"w-person-description\" itemprop=\"description\"><p>Klicken Sie f\u00fcr detaillierte Informationen.<\/p>\n<\/div><\/div><\/div><\/div><\/div><\/div><div class=\"w-separator size_medium\"><\/div><div class=\"g-cols wpb_row via_grid cols_3 laptops-cols_inherit tablets-cols_inherit mobiles-cols_1 valign_top type_default stacking_default\" style=\"grid-gap:0;\"><div class=\"wpb_column vc_column_container\"><div class=\"vc_column-inner\"><div class=\"w-person us_custom_cea9d15e layout_trendy with_desc\" itemscope itemtype=\"https:\/\/schema.org\/Person\"><div class=\"w-person-image\"><a href=\"https:\/\/sarimet.com\/de\/konstruktion-und-bau\/\" class=\"w-person-link\" aria-label=\"Konstruktion und Bau\"><img loading=\"lazy\" decoding=\"async\" width=\"689\" height=\"472\" src=\"https:\/\/sarimet.com\/de\/wp-content\/uploads\/2022\/08\/insaat-1.jpg\" class=\"attachment-full size-full\" alt=\"\" srcset=\"https:\/\/sarimet.com\/de\/wp-content\/uploads\/2022\/08\/insaat-1.jpg 689w, https:\/\/sarimet.com\/de\/wp-content\/uploads\/2022\/08\/insaat-1-300x206.jpg 300w\" sizes=\"auto, (max-width: 689px) 100vw, 689px\" \/><\/a><\/div><div class=\"w-person-content\"><a href=\"https:\/\/sarimet.com\/de\/konstruktion-und-bau\/\" class=\"w-person-link\" aria-label=\"Konstruktion und Bau\"><h5 itemprop=\"name\" class=\"w-person-name\"><span>Konstruktion und Bau<\/span><\/h5><\/a><div class=\"w-person-role\" itemprop=\"jobTitle\">Branchen, in denen wir arbeiten<\/div><\/div><div class=\"w-person-content-alt\"><a href=\"https:\/\/sarimet.com\/de\/konstruktion-und-bau\/\" class=\"w-person-link\" aria-label=\"Konstruktion und Bau\"><\/a><div class=\"w-person-description\" itemprop=\"description\"><p>Klicken Sie f\u00fcr detaillierte Informationen.<\/p>\n<\/div><\/div><\/div><\/div><\/div><div class=\"wpb_column vc_column_container\"><div class=\"vc_column-inner\"><div class=\"w-person us_custom_cea9d15e layout_trendy with_desc\" itemscope itemtype=\"https:\/\/schema.org\/Person\"><div class=\"w-person-image\"><a href=\"https:\/\/sarimet.com\/de\/aufzug\/\" class=\"w-person-link\" aria-label=\"Aufzug\"><img loading=\"lazy\" decoding=\"async\" width=\"2560\" height=\"1707\" src=\"https:\/\/sarimet.com\/de\/wp-content\/uploads\/2022\/04\/side-view-of-two-modern-elevators-in-a-workplace-2021-08-28-16-43-52-utc-min-scaled.jpg\" class=\"attachment-full size-full\" alt=\"\" srcset=\"https:\/\/sarimet.com\/de\/wp-content\/uploads\/2022\/04\/side-view-of-two-modern-elevators-in-a-workplace-2021-08-28-16-43-52-utc-min-scaled.jpg 2560w, https:\/\/sarimet.com\/de\/wp-content\/uploads\/2022\/04\/side-view-of-two-modern-elevators-in-a-workplace-2021-08-28-16-43-52-utc-min-300x200.jpg 300w, https:\/\/sarimet.com\/de\/wp-content\/uploads\/2022\/04\/side-view-of-two-modern-elevators-in-a-workplace-2021-08-28-16-43-52-utc-min-1024x683.jpg 1024w, https:\/\/sarimet.com\/de\/wp-content\/uploads\/2022\/04\/side-view-of-two-modern-elevators-in-a-workplace-2021-08-28-16-43-52-utc-min-1536x1024.jpg 1536w\" sizes=\"auto, (max-width: 2560px) 100vw, 2560px\" \/><\/a><\/div><div class=\"w-person-content\"><a href=\"https:\/\/sarimet.com\/de\/aufzug\/\" class=\"w-person-link\" aria-label=\"Aufzug\"><h5 itemprop=\"name\" class=\"w-person-name\"><span>Aufzug<\/span><\/h5><\/a><div class=\"w-person-role\" itemprop=\"jobTitle\">Branchen, in denen wir arbeiten<\/div><\/div><div class=\"w-person-content-alt\"><a href=\"https:\/\/sarimet.com\/de\/aufzug\/\" class=\"w-person-link\" aria-label=\"Aufzug\"><\/a><div class=\"w-person-description\" itemprop=\"description\"><p>Klicken Sie f\u00fcr detaillierte Informationen.<\/p>\n<\/div><\/div><\/div><\/div><\/div><div class=\"wpb_column vc_column_container\"><div class=\"vc_column-inner\"><div class=\"w-person us_custom_cea9d15e layout_trendy with_desc\" itemscope itemtype=\"https:\/\/schema.org\/Person\"><div class=\"w-person-image\"><a href=\"https:\/\/sarimet.com\/de\/elektrik-panolari-ve-rack-kabinleri\/\" class=\"w-person-link\" aria-label=\"Schalttafeln und Rack-Schr\u00e4nke\"><img loading=\"lazy\" decoding=\"async\" width=\"1117\" height=\"894\" src=\"https:\/\/sarimet.com\/de\/wp-content\/uploads\/2022\/08\/Elektrik-ve-Rack-Kabinleri.jpg\" class=\"attachment-full size-full\" alt=\"\" srcset=\"https:\/\/sarimet.com\/de\/wp-content\/uploads\/2022\/08\/Elektrik-ve-Rack-Kabinleri.jpg 1117w, https:\/\/sarimet.com\/de\/wp-content\/uploads\/2022\/08\/Elektrik-ve-Rack-Kabinleri-300x240.jpg 300w, https:\/\/sarimet.com\/de\/wp-content\/uploads\/2022\/08\/Elektrik-ve-Rack-Kabinleri-1024x820.jpg 1024w\" sizes=\"auto, (max-width: 1117px) 100vw, 1117px\" \/><\/a><\/div><div class=\"w-person-content\"><a href=\"https:\/\/sarimet.com\/de\/elektrik-panolari-ve-rack-kabinleri\/\" class=\"w-person-link\" aria-label=\"Schalttafeln und Rack-Schr\u00e4nke\"><h5 itemprop=\"name\" class=\"w-person-name\"><span>Schalttafeln und Rack-Schr\u00e4nke<\/span><\/h5><\/a><div class=\"w-person-role\" itemprop=\"jobTitle\">Branchen, in denen wir arbeiten<\/div><\/div><div class=\"w-person-content-alt\"><a href=\"https:\/\/sarimet.com\/de\/elektrik-panolari-ve-rack-kabinleri\/\" class=\"w-person-link\" aria-label=\"Schalttafeln und Rack-Schr\u00e4nke\"><\/a><div class=\"w-person-description\" itemprop=\"description\"><p>Klicken Sie f\u00fcr detaillierte Informationen.<\/p>\n<\/div><\/div><\/div><\/div><\/div><\/div><div class=\"w-separator size_medium\"><\/div><div class=\"g-cols wpb_row via_grid cols_3 laptops-cols_inherit tablets-cols_inherit mobiles-cols_1 valign_top type_default stacking_default\" style=\"grid-gap:0;\"><div class=\"wpb_column vc_column_container\"><div class=\"vc_column-inner\"><div class=\"w-person us_custom_cea9d15e layout_trendy with_desc\" itemscope itemtype=\"https:\/\/schema.org\/Person\"><div class=\"w-person-image\"><a href=\"https:\/\/sarimet.com\/de\/siloteile-und-geflugelausrustung\/\" class=\"w-person-link\" aria-label=\"Siloteile und Gefl\u00fcgelausr\u00fcstung\"><img loading=\"lazy\" decoding=\"async\" width=\"792\" height=\"488\" src=\"https:\/\/sarimet.com\/de\/wp-content\/uploads\/2022\/08\/Silo-Parcalari-ve-Kumes-Ekipmanlari.jpg\" class=\"attachment-full size-full\" alt=\"\" srcset=\"https:\/\/sarimet.com\/de\/wp-content\/uploads\/2022\/08\/Silo-Parcalari-ve-Kumes-Ekipmanlari.jpg 792w, https:\/\/sarimet.com\/de\/wp-content\/uploads\/2022\/08\/Silo-Parcalari-ve-Kumes-Ekipmanlari-300x185.jpg 300w\" sizes=\"auto, (max-width: 792px) 100vw, 792px\" \/><\/a><\/div><div class=\"w-person-content\"><a href=\"https:\/\/sarimet.com\/de\/siloteile-und-geflugelausrustung\/\" class=\"w-person-link\" aria-label=\"Siloteile und Gefl\u00fcgelausr\u00fcstung\"><h5 itemprop=\"name\" class=\"w-person-name\"><span>Siloteile und Gefl\u00fcgelausr\u00fcstung<\/span><\/h5><\/a><div class=\"w-person-role\" itemprop=\"jobTitle\">Branchen, in denen wir arbeiten<\/div><\/div><div class=\"w-person-content-alt\"><a href=\"https:\/\/sarimet.com\/de\/siloteile-und-geflugelausrustung\/\" class=\"w-person-link\" aria-label=\"Siloteile und Gefl\u00fcgelausr\u00fcstung\"><\/a><div class=\"w-person-description\" itemprop=\"description\"><p>Klicken Sie f\u00fcr detaillierte Informationen.<\/p>\n<\/div><\/div><\/div><\/div><\/div><div class=\"wpb_column vc_column_container\"><div class=\"vc_column-inner\"><div class=\"w-person us_custom_cea9d15e layout_trendy with_desc\" itemscope itemtype=\"https:\/\/schema.org\/Person\"><div class=\"w-person-image\"><a href=\"https:\/\/sarimet.com\/de\/havalandirma-kanallari\/\" class=\"w-person-link\" aria-label=\"Bel\u00fcftungskan\u00e4le\"><img loading=\"lazy\" decoding=\"async\" width=\"2560\" height=\"1706\" src=\"https:\/\/sarimet.com\/de\/wp-content\/uploads\/2022\/04\/ventilation-pipes-of-an-air-condition-2021-08-26-17-11-06-utc-min-scaled.jpg\" class=\"attachment-full size-full\" alt=\"\" srcset=\"https:\/\/sarimet.com\/de\/wp-content\/uploads\/2022\/04\/ventilation-pipes-of-an-air-condition-2021-08-26-17-11-06-utc-min-scaled.jpg 2560w, https:\/\/sarimet.com\/de\/wp-content\/uploads\/2022\/04\/ventilation-pipes-of-an-air-condition-2021-08-26-17-11-06-utc-min-300x200.jpg 300w, https:\/\/sarimet.com\/de\/wp-content\/uploads\/2022\/04\/ventilation-pipes-of-an-air-condition-2021-08-26-17-11-06-utc-min-1024x683.jpg 1024w, https:\/\/sarimet.com\/de\/wp-content\/uploads\/2022\/04\/ventilation-pipes-of-an-air-condition-2021-08-26-17-11-06-utc-min-1536x1024.jpg 1536w\" sizes=\"auto, (max-width: 2560px) 100vw, 2560px\" \/><\/a><\/div><div class=\"w-person-content\"><a href=\"https:\/\/sarimet.com\/de\/havalandirma-kanallari\/\" class=\"w-person-link\" aria-label=\"Bel\u00fcftungskan\u00e4le\"><h5 itemprop=\"name\" class=\"w-person-name\"><span>Bel\u00fcftungskan\u00e4le<\/span><\/h5><\/a><div class=\"w-person-role\" itemprop=\"jobTitle\">Branchen, in denen wir arbeiten<\/div><\/div><div class=\"w-person-content-alt\"><a href=\"https:\/\/sarimet.com\/de\/havalandirma-kanallari\/\" class=\"w-person-link\" aria-label=\"Bel\u00fcftungskan\u00e4le\"><\/a><div class=\"w-person-description\" itemprop=\"description\"><p>Klicken Sie f\u00fcr detaillierte Informationen.<\/p>\n<\/div><\/div><\/div><\/div><\/div><div class=\"wpb_column vc_column_container\"><div class=\"vc_column-inner\"><div class=\"w-person us_custom_cea9d15e layout_trendy with_desc\" itemscope itemtype=\"https:\/\/schema.org\/Person\"><div class=\"w-person-image\"><a href=\"https:\/\/sarimet.com\/de\/industrielle-kuchenprodukte-und-metallregale\/\" class=\"w-person-link\" aria-label=\"Industrielle K\u00fcchenprodukte und Metallregale\"><img loading=\"lazy\" decoding=\"async\" width=\"1117\" height=\"849\" src=\"https:\/\/sarimet.com\/de\/wp-content\/uploads\/2022\/08\/Endustriyel-Mutfak-Urunleri-ve-Metal-Raflar.jpg\" class=\"attachment-full size-full\" alt=\"\" srcset=\"https:\/\/sarimet.com\/de\/wp-content\/uploads\/2022\/08\/Endustriyel-Mutfak-Urunleri-ve-Metal-Raflar.jpg 1117w, https:\/\/sarimet.com\/de\/wp-content\/uploads\/2022\/08\/Endustriyel-Mutfak-Urunleri-ve-Metal-Raflar-300x228.jpg 300w, https:\/\/sarimet.com\/de\/wp-content\/uploads\/2022\/08\/Endustriyel-Mutfak-Urunleri-ve-Metal-Raflar-1024x778.jpg 1024w\" sizes=\"auto, (max-width: 1117px) 100vw, 1117px\" \/><\/a><\/div><div class=\"w-person-content\"><a href=\"https:\/\/sarimet.com\/de\/industrielle-kuchenprodukte-und-metallregale\/\" class=\"w-person-link\" aria-label=\"Industrielle K\u00fcchenprodukte und Metallregale\"><h5 itemprop=\"name\" class=\"w-person-name\"><span>Industrielle K\u00fcchenprodukte und Metallregale<\/span><\/h5><\/a><div class=\"w-person-role\" itemprop=\"jobTitle\">Branchen, in denen wir arbeiten<\/div><\/div><div class=\"w-person-content-alt\"><a href=\"https:\/\/sarimet.com\/de\/industrielle-kuchenprodukte-und-metallregale\/\" class=\"w-person-link\" aria-label=\"Industrielle K\u00fcchenprodukte und Metallregale\"><\/a><div class=\"w-person-description\" itemprop=\"description\"><p>Klicken Sie f\u00fcr detaillierte Informationen.<\/p>\n<\/div><\/div><\/div><\/div><\/div><\/div><\/div><\/div><\/div><\/div><\/section>\n","protected":false},"excerpt":{"rendered":"MaschinenteileBranchen, in denen wir arbeitenKlicken Sie f\u00fcr detaillierte Informationen. AutomobilBranchen, in denen wir arbeitenKlicken Sie f\u00fcr detaillierte Informationen. Luftfahrt und EisenbahnBranchen, in denen wir arbeitenKlicken Sie f\u00fcr detaillierte Informationen. Konstruktion und BauBranchen, in denen wir arbeitenKlicken Sie f\u00fcr detaillierte Informationen. AufzugBranchen, in denen wir arbeitenKlicken Sie f\u00fcr detaillierte Informationen. Schalttafeln und Rack-Schr\u00e4nkeBranchen, in denen wir...","protected":false},"author":1,"featured_media":0,"parent":0,"menu_order":0,"comment_status":"closed","ping_status":"closed","template":"","meta":{"footnotes":""},"class_list":["post-9559","page","type-page","status-publish","hentry"],"acf":[],"yoast_head":"<!-- This site is optimized with the Yoast SEO plugin v19.7.2 - https:\/\/yoast.com\/wordpress\/plugins\/seo\/ -->\n<title>Branchen, in denen wir arbeiten | Sar\u0131met<\/title>\n<meta name=\"robots\" content=\"index, follow, max-snippet:-1, max-image-preview:large, max-video-preview:-1\" \/>\n<link rel=\"canonical\" href=\"https:\/\/sarimet.com\/de\/branchen-in-denen-wir-arbeiten\/\" \/>\n<meta property=\"og:locale\" content=\"de_DE\" \/>\n<meta property=\"og:type\" content=\"article\" \/>\n<meta property=\"og:title\" content=\"Branchen, in denen wir arbeiten | Sar\u0131met\" \/>\n<meta property=\"og:url\" content=\"https:\/\/sarimet.com\/de\/branchen-in-denen-wir-arbeiten\/\" \/>\n<meta property=\"og:site_name\" content=\"Sar\u0131met\" \/>\n<meta property=\"article:modified_time\" content=\"2022-08-31T12:13:07+00:00\" \/>\n<meta name=\"twitter:card\" content=\"summary_large_image\" \/>\n<meta name=\"twitter:label1\" content=\"Gesch\u00e4tzte Lesezeit\" \/>\n\t<meta name=\"twitter:data1\" content=\"1\u00a0Minute\" \/>\n<script type=\"application\/ld+json\" class=\"yoast-schema-graph\">{\"@context\":\"https:\/\/schema.org\",\"@graph\":[{\"@type\":\"WebPage\",\"@id\":\"https:\/\/sarimet.com\/de\/branchen-in-denen-wir-arbeiten\/\",\"url\":\"https:\/\/sarimet.com\/de\/branchen-in-denen-wir-arbeiten\/\",\"name\":\"Branchen, in denen wir arbeiten | Sar\u0131met\",\"isPartOf\":{\"@id\":\"https:\/\/sarimet.com\/de\/#website\"},\"datePublished\":\"2022-06-23T08:26:33+00:00\",\"dateModified\":\"2022-08-31T12:13:07+00:00\",\"breadcrumb\":{\"@id\":\"https:\/\/sarimet.com\/de\/branchen-in-denen-wir-arbeiten\/#breadcrumb\"},\"inLanguage\":\"de\",\"potentialAction\":[{\"@type\":\"ReadAction\",\"target\":[\"https:\/\/sarimet.com\/de\/branchen-in-denen-wir-arbeiten\/\"]}]},{\"@type\":\"BreadcrumbList\",\"@id\":\"https:\/\/sarimet.com\/de\/branchen-in-denen-wir-arbeiten\/#breadcrumb\",\"itemListElement\":[{\"@type\":\"ListItem\",\"position\":1,\"name\":\"Branchen, in denen wir arbeiten\"}]},{\"@type\":\"WebSite\",\"@id\":\"https:\/\/sarimet.com\/de\/#website\",\"url\":\"https:\/\/sarimet.com\/de\/\",\"name\":\"Sar\u0131met\",\"description\":\"\",\"potentialAction\":[{\"@type\":\"SearchAction\",\"target\":{\"@type\":\"EntryPoint\",\"urlTemplate\":\"https:\/\/sarimet.com\/de\/?s={search_term_string}\"},\"query-input\":\"required name=search_term_string\"}],\"inLanguage\":\"de\"}]}<\/script>\n<!-- \/ Yoast SEO plugin. -->","yoast_head_json":{"title":"Branchen, in denen wir arbeiten | Sar\u0131met","robots":{"index":"index","follow":"follow","max-snippet":"max-snippet:-1","max-image-preview":"max-image-preview:large","max-video-preview":"max-video-preview:-1"},"canonical":"https:\/\/sarimet.com\/de\/branchen-in-denen-wir-arbeiten\/","og_locale":"de_DE","og_type":"article","og_title":"Branchen, in denen wir arbeiten | Sar\u0131met","og_url":"https:\/\/sarimet.com\/de\/branchen-in-denen-wir-arbeiten\/","og_site_name":"Sar\u0131met","article_modified_time":"2022-08-31T12:13:07+00:00","twitter_card":"summary_large_image","twitter_misc":{"Gesch\u00e4tzte Lesezeit":"1\u00a0Minute"},"schema":{"@context":"https:\/\/schema.org","@graph":[{"@type":"WebPage","@id":"https:\/\/sarimet.com\/de\/branchen-in-denen-wir-arbeiten\/","url":"https:\/\/sarimet.com\/de\/branchen-in-denen-wir-arbeiten\/","name":"Branchen, in denen wir arbeiten | Sar\u0131met","isPartOf":{"@id":"https:\/\/sarimet.com\/de\/#website"},"datePublished":"2022-06-23T08:26:33+00:00","dateModified":"2022-08-31T12:13:07+00:00","breadcrumb":{"@id":"https:\/\/sarimet.com\/de\/branchen-in-denen-wir-arbeiten\/#breadcrumb"},"inLanguage":"de","potentialAction":[{"@type":"ReadAction","target":["https:\/\/sarimet.com\/de\/branchen-in-denen-wir-arbeiten\/"]}]},{"@type":"BreadcrumbList","@id":"https:\/\/sarimet.com\/de\/branchen-in-denen-wir-arbeiten\/#breadcrumb","itemListElement":[{"@type":"ListItem","position":1,"name":"Branchen, in denen wir arbeiten"}]},{"@type":"WebSite","@id":"https:\/\/sarimet.com\/de\/#website","url":"https:\/\/sarimet.com\/de\/","name":"Sar\u0131met","description":"","potentialAction":[{"@type":"SearchAction","target":{"@type":"EntryPoint","urlTemplate":"https:\/\/sarimet.com\/de\/?s={search_term_string}"},"query-input":"required name=search_term_string"}],"inLanguage":"de"}]}},"_links":{"self":[{"href":"https:\/\/sarimet.com\/de\/wp-json\/wp\/v2\/pages\/9559","targetHints":{"allow":["GET"]}}],"collection":[{"href":"https:\/\/sarimet.com\/de\/wp-json\/wp\/v2\/pages"}],"about":[{"href":"https:\/\/sarimet.com\/de\/wp-json\/wp\/v2\/types\/page"}],"author":[{"embeddable":true,"href":"https:\/\/sarimet.com\/de\/wp-json\/wp\/v2\/users\/1"}],"replies":[{"embeddable":true,"href":"https:\/\/sarimet.com\/de\/wp-json\/wp\/v2\/comments?post=9559"}],"version-history":[{"count":38,"href":"https:\/\/sarimet.com\/de\/wp-json\/wp\/v2\/pages\/9559\/revisions"}],"predecessor-version":[{"id":10141,"href":"https:\/\/sarimet.com\/de\/wp-json\/wp\/v2\/pages\/9559\/revisions\/10141"}],"wp:attachment":[{"href":"https:\/\/sarimet.com\/de\/wp-json\/wp\/v2\/media?parent=9559"}],"curies":[{"name":"wp","href":"https:\/\/api.w.org\/{rel}","templated":true}]}}