{"id":9369,"date":"2022-05-17T15:22:43","date_gmt":"2022-05-17T12:22:43","guid":{"rendered":"https:\/\/sarimet.com\/de\/?page_id=9369"},"modified":"2025-06-17T13:13:30","modified_gmt":"2025-06-17T10:13:30","slug":"qualitatszertifikate","status":"publish","type":"page","link":"https:\/\/sarimet.com\/de\/qualitatszertifikate\/","title":{"rendered":"Qualit\u00e4tszertifikate"},"content":{"rendered":"<section class=\"l-section wpb_row height_custom\"><div class=\"l-section-h i-cf\"><div class=\"g-cols vc_row via_grid cols_1 laptops-cols_inherit tablets-cols_inherit mobiles-cols_1 valign_top type_default stacking_default\"><div class=\"wpb_column vc_column_container\"><div class=\"vc_column-inner\"><div class=\"wpb_text_column\"><div class=\"wpb_wrapper\"><p style=\"text-align: center;\">Mit dem von uns etablierten Integrierten Managementsystem erf\u00fcllen wir die Bed\u00fcrfnisse unserer Kunden in jeder Phase und verpflichten uns durch st\u00e4ndige Verbesserung unseres Systems stehts zu bester Qualit\u00e4t.<\/p>\n<\/div><\/div><div class=\"w-separator size_medium\"><\/div><div class=\"w-grid type_grid layout_9781 cols_4\" id=\"us_grid_1\" data-filterable=\"true\"><style>#us_grid_1 .w-grid-item{padding:1.5rem}#us_grid_1 .w-grid-list{margin:-1.5rem}.w-grid + #us_grid_1 .w-grid-list,.w-grid-none + #us_grid_1 .w-grid-list{margin-top:1.5rem}@media (max-width:1199px){#us_grid_1 .w-grid-item{width:33.3333%}}@media (max-width:899px){#us_grid_1 .w-grid-item{width:50%}}@media (max-width:599px){#us_grid_1 .w-grid-item{width:50%}}.layout_9781 .w-grid-item-h{}.layout_9781 .usg_post_image_1{margin-bottom:0.5rem!important;border:1px solid #f5f5f5!important}<\/style><div class=\"w-grid-list\">\t<article class=\"w-grid-item post-10219 attachment type-attachment status-inherit hentry\" data-id=\"10219\">\r\n\t\t<div class=\"w-grid-item-h\">\r\n\t\t\t\t\t\t\t<a class=\"w-grid-item-anchor\" href=\"https:\/\/sarimet.com\/de\/wp-content\/uploads\/2025\/06\/ISO-27001-2025-TR-ENG.jpg\" ref=\"magnificPopupGrid\" title=\"ISO-27001-2025-TR-ENG\"><\/a>\r\n\t\t\t\t\t\t<div class=\"w-post-elm post_image usg_post_image_1 stretched\"><a href=\"https:\/\/sarimet.com\/de\/qualitatszertifikate\/iso-27001-2025-tr-eng\/\" aria-label=\"ISO-27001-2025-TR-ENG\"><img loading=\"lazy\" decoding=\"async\" width=\"1240\" height=\"1754\" src=\"https:\/\/sarimet.com\/de\/wp-content\/uploads\/2025\/06\/ISO-27001-2025-TR-ENG.jpg\" class=\"attachment-full size-full\" alt=\"\" srcset=\"https:\/\/sarimet.com\/de\/wp-content\/uploads\/2025\/06\/ISO-27001-2025-TR-ENG.jpg 1240w, https:\/\/sarimet.com\/de\/wp-content\/uploads\/2025\/06\/ISO-27001-2025-TR-ENG-212x300.jpg 212w, https:\/\/sarimet.com\/de\/wp-content\/uploads\/2025\/06\/ISO-27001-2025-TR-ENG-724x1024.jpg 724w, https:\/\/sarimet.com\/de\/wp-content\/uploads\/2025\/06\/ISO-27001-2025-TR-ENG-1086x1536.jpg 1086w\" sizes=\"auto, (max-width: 1240px) 100vw, 1240px\" \/><\/a><\/div>\t\t<\/div>\r\n\t<\/article>\r\n\t<article class=\"w-grid-item post-10220 attachment type-attachment status-inherit hentry\" data-id=\"10220\">\r\n\t\t<div class=\"w-grid-item-h\">\r\n\t\t\t\t\t\t\t<a class=\"w-grid-item-anchor\" href=\"https:\/\/sarimet.com\/de\/wp-content\/uploads\/2025\/06\/ISO-45001-2025-TR-ENG.jpg\" ref=\"magnificPopupGrid\" title=\"ISO-45001-2025-TR-ENG\"><\/a>\r\n\t\t\t\t\t\t<div class=\"w-post-elm post_image usg_post_image_1 stretched\"><a href=\"https:\/\/sarimet.com\/de\/qualitatszertifikate\/iso-45001-2025-tr-eng\/\" aria-label=\"ISO-45001-2025-TR-ENG\"><img loading=\"lazy\" decoding=\"async\" width=\"1240\" height=\"1754\" src=\"https:\/\/sarimet.com\/de\/wp-content\/uploads\/2025\/06\/ISO-45001-2025-TR-ENG.jpg\" class=\"attachment-full size-full\" alt=\"\" srcset=\"https:\/\/sarimet.com\/de\/wp-content\/uploads\/2025\/06\/ISO-45001-2025-TR-ENG.jpg 1240w, https:\/\/sarimet.com\/de\/wp-content\/uploads\/2025\/06\/ISO-45001-2025-TR-ENG-212x300.jpg 212w, https:\/\/sarimet.com\/de\/wp-content\/uploads\/2025\/06\/ISO-45001-2025-TR-ENG-724x1024.jpg 724w, https:\/\/sarimet.com\/de\/wp-content\/uploads\/2025\/06\/ISO-45001-2025-TR-ENG-1086x1536.jpg 1086w\" sizes=\"auto, (max-width: 1240px) 100vw, 1240px\" \/><\/a><\/div>\t\t<\/div>\r\n\t<\/article>\r\n\t<article class=\"w-grid-item post-10221 attachment type-attachment status-inherit hentry\" data-id=\"10221\">\r\n\t\t<div class=\"w-grid-item-h\">\r\n\t\t\t\t\t\t\t<a class=\"w-grid-item-anchor\" href=\"https:\/\/sarimet.com\/de\/wp-content\/uploads\/2025\/06\/ISO-14001-2025-ENG.jpg\" ref=\"magnificPopupGrid\" title=\"ISO-14001-2025-ENG\"><\/a>\r\n\t\t\t\t\t\t<div class=\"w-post-elm post_image usg_post_image_1 stretched\"><a href=\"https:\/\/sarimet.com\/de\/qualitatszertifikate\/iso-14001-2025-eng\/\" aria-label=\"ISO-14001-2025-ENG\"><img loading=\"lazy\" decoding=\"async\" width=\"1240\" height=\"1754\" src=\"https:\/\/sarimet.com\/de\/wp-content\/uploads\/2025\/06\/ISO-14001-2025-ENG.jpg\" class=\"attachment-full size-full\" alt=\"\" srcset=\"https:\/\/sarimet.com\/de\/wp-content\/uploads\/2025\/06\/ISO-14001-2025-ENG.jpg 1240w, https:\/\/sarimet.com\/de\/wp-content\/uploads\/2025\/06\/ISO-14001-2025-ENG-212x300.jpg 212w, https:\/\/sarimet.com\/de\/wp-content\/uploads\/2025\/06\/ISO-14001-2025-ENG-724x1024.jpg 724w, https:\/\/sarimet.com\/de\/wp-content\/uploads\/2025\/06\/ISO-14001-2025-ENG-1086x1536.jpg 1086w\" sizes=\"auto, (max-width: 1240px) 100vw, 1240px\" \/><\/a><\/div>\t\t<\/div>\r\n\t<\/article>\r\n\t<article class=\"w-grid-item post-10222 attachment type-attachment status-inherit hentry\" data-id=\"10222\">\r\n\t\t<div class=\"w-grid-item-h\">\r\n\t\t\t\t\t\t\t<a class=\"w-grid-item-anchor\" href=\"https:\/\/sarimet.com\/de\/wp-content\/uploads\/2025\/06\/ISO-9001-2025-ENG.jpg\" ref=\"magnificPopupGrid\" title=\"ISO-9001-2025-ENG\"><\/a>\r\n\t\t\t\t\t\t<div class=\"w-post-elm post_image usg_post_image_1 stretched\"><a href=\"https:\/\/sarimet.com\/de\/qualitatszertifikate\/iso-9001-2025-eng\/\" aria-label=\"ISO-9001-2025-ENG\"><img loading=\"lazy\" decoding=\"async\" width=\"1653\" height=\"2338\" src=\"https:\/\/sarimet.com\/de\/wp-content\/uploads\/2025\/06\/ISO-9001-2025-ENG.jpg\" class=\"attachment-full size-full\" alt=\"\" srcset=\"https:\/\/sarimet.com\/de\/wp-content\/uploads\/2025\/06\/ISO-9001-2025-ENG.jpg 1653w, https:\/\/sarimet.com\/de\/wp-content\/uploads\/2025\/06\/ISO-9001-2025-ENG-212x300.jpg 212w, https:\/\/sarimet.com\/de\/wp-content\/uploads\/2025\/06\/ISO-9001-2025-ENG-724x1024.jpg 724w, https:\/\/sarimet.com\/de\/wp-content\/uploads\/2025\/06\/ISO-9001-2025-ENG-1086x1536.jpg 1086w\" sizes=\"auto, (max-width: 1653px) 100vw, 1653px\" \/><\/a><\/div>\t\t<\/div>\r\n\t<\/article>\r\n<\/div><div class=\"w-grid-preloader\"><div class=\"g-preloader type_1\">\r\n\t<div><\/div>\r\n<\/div>\r\n<\/div>\t<div class=\"w-grid-json hidden\" onclick='return {&quot;action&quot;:&quot;us_ajax_grid&quot;,&quot;ajax_url&quot;:&quot;https:\\\/\\\/sarimet.com\\\/de\\\/wp-admin\\\/admin-ajax.php&quot;,&quot;infinite_scroll&quot;:0,&quot;max_num_pages&quot;:1,&quot;pagination&quot;:&quot;none&quot;,&quot;permalink_url&quot;:&quot;https:\\\/\\\/sarimet.com\\\/de\\\/wp-json\\\/wp\\\/v2\\\/pages\\\/9369&quot;,&quot;template_vars&quot;:{&quot;columns&quot;:&quot;4&quot;,&quot;exclude_items&quot;:&quot;none&quot;,&quot;img_size&quot;:&quot;default&quot;,&quot;ignore_items_size&quot;:false,&quot;items_layout&quot;:&quot;9781&quot;,&quot;items_offset&quot;:&quot;1&quot;,&quot;load_animation&quot;:&quot;none&quot;,&quot;overriding_link&quot;:&quot;popup_post_image&quot;,&quot;post_id&quot;:9369,&quot;query_args&quot;:{&quot;post_type&quot;:[&quot;attachment&quot;],&quot;post__in&quot;:[&quot;10219&quot;,&quot;10220&quot;,&quot;10221&quot;,&quot;10222&quot;],&quot;post_status&quot;:&quot;inherit&quot;,&quot;post_mime_type&quot;:&quot;image&quot;,&quot;posts_per_page&quot;:&quot;10&quot;},&quot;orderby_query_args&quot;:{&quot;orderby&quot;:{&quot;post__in&quot;:&quot;ASC&quot;},&quot;order&quot;:&quot;ASC&quot;},&quot;type&quot;:&quot;grid&quot;,&quot;us_grid_ajax_index&quot;:1,&quot;us_grid_filter_params&quot;:null,&quot;us_grid_index&quot;:1,&quot;_us_grid_post_type&quot;:&quot;attachment&quot;}}'><\/div>\r\n\t<\/div><\/div><\/div><\/div><\/div><\/section>\n","protected":false},"excerpt":{"rendered":"","protected":false},"author":1,"featured_media":0,"parent":0,"menu_order":0,"comment_status":"closed","ping_status":"closed","template":"","meta":{"footnotes":""},"class_list":["post-9369","page","type-page","status-publish","hentry"],"acf":[],"yoast_head":"<!-- This site is optimized with the Yoast SEO plugin v19.7.2 - https:\/\/yoast.com\/wordpress\/plugins\/seo\/ -->\n<title>Qualit\u00e4tszertifikate | Sar\u0131met<\/title>\n<meta name=\"robots\" content=\"index, follow, max-snippet:-1, max-image-preview:large, max-video-preview:-1\" \/>\n<link rel=\"canonical\" href=\"https:\/\/sarimet.com\/de\/qualitatszertifikate\/\" \/>\n<meta property=\"og:locale\" content=\"de_DE\" \/>\n<meta property=\"og:type\" content=\"article\" \/>\n<meta property=\"og:title\" content=\"Qualit\u00e4tszertifikate | Sar\u0131met\" \/>\n<meta property=\"og:url\" content=\"https:\/\/sarimet.com\/de\/qualitatszertifikate\/\" \/>\n<meta property=\"og:site_name\" content=\"Sar\u0131met\" \/>\n<meta property=\"article:modified_time\" content=\"2025-06-17T10:13:30+00:00\" \/>\n<meta name=\"twitter:card\" content=\"summary_large_image\" \/>\n<meta name=\"twitter:label1\" content=\"Gesch\u00e4tzte Lesezeit\" \/>\n\t<meta name=\"twitter:data1\" content=\"1\u00a0Minute\" \/>\n<script type=\"application\/ld+json\" class=\"yoast-schema-graph\">{\"@context\":\"https:\/\/schema.org\",\"@graph\":[{\"@type\":\"WebPage\",\"@id\":\"https:\/\/sarimet.com\/de\/qualitatszertifikate\/\",\"url\":\"https:\/\/sarimet.com\/de\/qualitatszertifikate\/\",\"name\":\"Qualit\u00e4tszertifikate | Sar\u0131met\",\"isPartOf\":{\"@id\":\"https:\/\/sarimet.com\/de\/#website\"},\"datePublished\":\"2022-05-17T12:22:43+00:00\",\"dateModified\":\"2025-06-17T10:13:30+00:00\",\"breadcrumb\":{\"@id\":\"https:\/\/sarimet.com\/de\/qualitatszertifikate\/#breadcrumb\"},\"inLanguage\":\"de\",\"potentialAction\":[{\"@type\":\"ReadAction\",\"target\":[\"https:\/\/sarimet.com\/de\/qualitatszertifikate\/\"]}]},{\"@type\":\"BreadcrumbList\",\"@id\":\"https:\/\/sarimet.com\/de\/qualitatszertifikate\/#breadcrumb\",\"itemListElement\":[{\"@type\":\"ListItem\",\"position\":1,\"name\":\"Qualit\u00e4tszertifikate\"}]},{\"@type\":\"WebSite\",\"@id\":\"https:\/\/sarimet.com\/de\/#website\",\"url\":\"https:\/\/sarimet.com\/de\/\",\"name\":\"Sar\u0131met\",\"description\":\"\",\"potentialAction\":[{\"@type\":\"SearchAction\",\"target\":{\"@type\":\"EntryPoint\",\"urlTemplate\":\"https:\/\/sarimet.com\/de\/?s={search_term_string}\"},\"query-input\":\"required name=search_term_string\"}],\"inLanguage\":\"de\"}]}<\/script>\n<!-- \/ Yoast SEO plugin. -->","yoast_head_json":{"title":"Qualit\u00e4tszertifikate | Sar\u0131met","robots":{"index":"index","follow":"follow","max-snippet":"max-snippet:-1","max-image-preview":"max-image-preview:large","max-video-preview":"max-video-preview:-1"},"canonical":"https:\/\/sarimet.com\/de\/qualitatszertifikate\/","og_locale":"de_DE","og_type":"article","og_title":"Qualit\u00e4tszertifikate | Sar\u0131met","og_url":"https:\/\/sarimet.com\/de\/qualitatszertifikate\/","og_site_name":"Sar\u0131met","article_modified_time":"2025-06-17T10:13:30+00:00","twitter_card":"summary_large_image","twitter_misc":{"Gesch\u00e4tzte Lesezeit":"1\u00a0Minute"},"schema":{"@context":"https:\/\/schema.org","@graph":[{"@type":"WebPage","@id":"https:\/\/sarimet.com\/de\/qualitatszertifikate\/","url":"https:\/\/sarimet.com\/de\/qualitatszertifikate\/","name":"Qualit\u00e4tszertifikate | Sar\u0131met","isPartOf":{"@id":"https:\/\/sarimet.com\/de\/#website"},"datePublished":"2022-05-17T12:22:43+00:00","dateModified":"2025-06-17T10:13:30+00:00","breadcrumb":{"@id":"https:\/\/sarimet.com\/de\/qualitatszertifikate\/#breadcrumb"},"inLanguage":"de","potentialAction":[{"@type":"ReadAction","target":["https:\/\/sarimet.com\/de\/qualitatszertifikate\/"]}]},{"@type":"BreadcrumbList","@id":"https:\/\/sarimet.com\/de\/qualitatszertifikate\/#breadcrumb","itemListElement":[{"@type":"ListItem","position":1,"name":"Qualit\u00e4tszertifikate"}]},{"@type":"WebSite","@id":"https:\/\/sarimet.com\/de\/#website","url":"https:\/\/sarimet.com\/de\/","name":"Sar\u0131met","description":"","potentialAction":[{"@type":"SearchAction","target":{"@type":"EntryPoint","urlTemplate":"https:\/\/sarimet.com\/de\/?s={search_term_string}"},"query-input":"required name=search_term_string"}],"inLanguage":"de"}]}},"_links":{"self":[{"href":"https:\/\/sarimet.com\/de\/wp-json\/wp\/v2\/pages\/9369","targetHints":{"allow":["GET"]}}],"collection":[{"href":"https:\/\/sarimet.com\/de\/wp-json\/wp\/v2\/pages"}],"about":[{"href":"https:\/\/sarimet.com\/de\/wp-json\/wp\/v2\/types\/page"}],"author":[{"embeddable":true,"href":"https:\/\/sarimet.com\/de\/wp-json\/wp\/v2\/users\/1"}],"replies":[{"embeddable":true,"href":"https:\/\/sarimet.com\/de\/wp-json\/wp\/v2\/comments?post=9369"}],"version-history":[{"count":32,"href":"https:\/\/sarimet.com\/de\/wp-json\/wp\/v2\/pages\/9369\/revisions"}],"predecessor-version":[{"id":10223,"href":"https:\/\/sarimet.com\/de\/wp-json\/wp\/v2\/pages\/9369\/revisions\/10223"}],"wp:attachment":[{"href":"https:\/\/sarimet.com\/de\/wp-json\/wp\/v2\/media?parent=9369"}],"curies":[{"name":"wp","href":"https:\/\/api.w.org\/{rel}","templated":true}]}}