{"id":9361,"date":"2022-05-17T15:14:25","date_gmt":"2022-05-17T12:14:25","guid":{"rendered":"https:\/\/sarimet.com\/de\/?page_id=9361"},"modified":"2022-08-31T14:14:20","modified_gmt":"2022-08-31T11:14:20","slug":"8d-berichte","status":"publish","type":"page","link":"https:\/\/sarimet.com\/de\/8d-berichte\/","title":{"rendered":"8D-Berichte"},"content":{"rendered":"<section class=\"l-section wpb_row height_small\"><div class=\"l-section-h i-cf\"><div class=\"g-cols vc_row via_grid cols_1 laptops-cols_inherit tablets-cols_inherit mobiles-cols_1 valign_top type_default stacking_default\"><div class=\"wpb_column vc_column_container us_custom_7e20fa79 us_animate_this\"><div class=\"vc_column-inner\"><div class=\"g-cols wpb_row via_grid cols_2 laptops-cols_inherit tablets-cols_inherit mobiles-cols_1 valign_middle type_default stacking_default\"><div class=\"wpb_column vc_column_container\"><div class=\"vc_column-inner\"><div class=\"w-image us_custom_dad4fece has_ratio align_none\"><div class=\"w-image-h\"><div style=\"padding-bottom:56.25%\"><\/div><img loading=\"lazy\" decoding=\"async\" width=\"1000\" height=\"730\" src=\"https:\/\/sarimet.com\/de\/wp-content\/uploads\/2022\/04\/8d-raporlama.jpg\" class=\"attachment-full size-full\" alt=\"\" srcset=\"https:\/\/sarimet.com\/de\/wp-content\/uploads\/2022\/04\/8d-raporlama.jpg 1000w, https:\/\/sarimet.com\/de\/wp-content\/uploads\/2022\/04\/8d-raporlama-300x219.jpg 300w\" sizes=\"auto, (max-width: 1000px) 100vw, 1000px\" \/><\/div><\/div><\/div><\/div><div class=\"wpb_column vc_column_container\"><div class=\"vc_column-inner\"><div class=\"wpb_text_column\"><div class=\"wpb_wrapper\"><p>Die 8D-Methodik verwendet einen strukturierten achtstufigen Ansatz zur Probleml\u00f6sung. Ziel ist es, das Problem anzugehen und Schwachstellen in den Managementsystemen aufzudecken, die das Problem entstehen lie\u00dfen. Das Ergebnis des 8D-Prozesses ist ein 8D-Bericht.<\/p>\n<p>Die Schritte im 8D-Bericht werden auch als \u201eDisziplinen\u201c bezeichnet, daher werden sie als 8D-Bericht bezeichnet und ihre Schritte sind wie gefolgt.<\/p>\n<p>1D: Teambildung<\/p>\n<p>2D: Problembeschreibung<\/p>\n<p>3D: Ma\u00dfnahmen zur vor\u00fcbergehenden Einschr\u00e4nkung<\/p>\n<p>4D: Ursachenanalyse<\/p>\n<p>5D: Korrekturma\u00dfnahmen<\/p>\n<\/div><\/div><\/div><\/div><\/div><div class=\"w-separator size_medium\"><\/div><\/div><\/div><div class=\"wpb_column vc_column_container\"><div class=\"vc_column-inner\"><div class=\"wpb_text_column\"><div class=\"wpb_wrapper\"><p>6D: \u00dcberpr\u00fcfung von Korrekturma\u00dfnahmen<\/p>\n<p>7D: Vorbeugende Ma\u00dfnahmen<\/p>\n<p>8D: Team- und individuelle Anerkennung<\/p>\n<\/div><\/div><\/div><\/div><\/div><\/div><\/section>\n","protected":false},"excerpt":{"rendered":"Die 8D-Methodik verwendet einen strukturierten achtstufigen Ansatz zur Probleml\u00f6sung. Ziel ist es, das Problem anzugehen und Schwachstellen in den Managementsystemen aufzudecken, die das Problem entstehen lie\u00dfen. Das Ergebnis des 8D-Prozesses ist ein 8D-Bericht. Die Schritte im 8D-Bericht werden auch als \u201eDisziplinen\u201c bezeichnet, daher werden sie als 8D-Bericht bezeichnet und ihre Schritte sind wie gefolgt. 1D:...","protected":false},"author":1,"featured_media":0,"parent":0,"menu_order":0,"comment_status":"closed","ping_status":"closed","template":"","meta":{"footnotes":""},"class_list":["post-9361","page","type-page","status-publish","hentry"],"acf":[],"yoast_head":"<!-- This site is optimized with the Yoast SEO plugin v19.7.2 - https:\/\/yoast.com\/wordpress\/plugins\/seo\/ -->\n<title>8D-Berichte | Sar\u0131met<\/title>\n<meta name=\"robots\" content=\"index, follow, max-snippet:-1, max-image-preview:large, max-video-preview:-1\" \/>\n<link rel=\"canonical\" href=\"https:\/\/sarimet.com\/de\/8d-berichte\/\" \/>\n<meta property=\"og:locale\" content=\"de_DE\" \/>\n<meta property=\"og:type\" content=\"article\" \/>\n<meta property=\"og:title\" content=\"8D-Berichte | Sar\u0131met\" \/>\n<meta property=\"og:url\" content=\"https:\/\/sarimet.com\/de\/8d-berichte\/\" \/>\n<meta property=\"og:site_name\" content=\"Sar\u0131met\" \/>\n<meta property=\"article:modified_time\" content=\"2022-08-31T11:14:20+00:00\" \/>\n<meta name=\"twitter:card\" content=\"summary_large_image\" \/>\n<meta name=\"twitter:label1\" content=\"Gesch\u00e4tzte Lesezeit\" \/>\n\t<meta name=\"twitter:data1\" content=\"1\u00a0Minute\" \/>\n<script type=\"application\/ld+json\" class=\"yoast-schema-graph\">{\"@context\":\"https:\/\/schema.org\",\"@graph\":[{\"@type\":\"WebPage\",\"@id\":\"https:\/\/sarimet.com\/de\/8d-berichte\/\",\"url\":\"https:\/\/sarimet.com\/de\/8d-berichte\/\",\"name\":\"8D-Berichte | Sar\u0131met\",\"isPartOf\":{\"@id\":\"https:\/\/sarimet.com\/de\/#website\"},\"datePublished\":\"2022-05-17T12:14:25+00:00\",\"dateModified\":\"2022-08-31T11:14:20+00:00\",\"breadcrumb\":{\"@id\":\"https:\/\/sarimet.com\/de\/8d-berichte\/#breadcrumb\"},\"inLanguage\":\"de\",\"potentialAction\":[{\"@type\":\"ReadAction\",\"target\":[\"https:\/\/sarimet.com\/de\/8d-berichte\/\"]}]},{\"@type\":\"BreadcrumbList\",\"@id\":\"https:\/\/sarimet.com\/de\/8d-berichte\/#breadcrumb\",\"itemListElement\":[{\"@type\":\"ListItem\",\"position\":1,\"name\":\"8D-Berichte\"}]},{\"@type\":\"WebSite\",\"@id\":\"https:\/\/sarimet.com\/de\/#website\",\"url\":\"https:\/\/sarimet.com\/de\/\",\"name\":\"Sar\u0131met\",\"description\":\"\",\"potentialAction\":[{\"@type\":\"SearchAction\",\"target\":{\"@type\":\"EntryPoint\",\"urlTemplate\":\"https:\/\/sarimet.com\/de\/?s={search_term_string}\"},\"query-input\":\"required name=search_term_string\"}],\"inLanguage\":\"de\"}]}<\/script>\n<!-- \/ Yoast SEO plugin. -->","yoast_head_json":{"title":"8D-Berichte | Sar\u0131met","robots":{"index":"index","follow":"follow","max-snippet":"max-snippet:-1","max-image-preview":"max-image-preview:large","max-video-preview":"max-video-preview:-1"},"canonical":"https:\/\/sarimet.com\/de\/8d-berichte\/","og_locale":"de_DE","og_type":"article","og_title":"8D-Berichte | Sar\u0131met","og_url":"https:\/\/sarimet.com\/de\/8d-berichte\/","og_site_name":"Sar\u0131met","article_modified_time":"2022-08-31T11:14:20+00:00","twitter_card":"summary_large_image","twitter_misc":{"Gesch\u00e4tzte Lesezeit":"1\u00a0Minute"},"schema":{"@context":"https:\/\/schema.org","@graph":[{"@type":"WebPage","@id":"https:\/\/sarimet.com\/de\/8d-berichte\/","url":"https:\/\/sarimet.com\/de\/8d-berichte\/","name":"8D-Berichte | Sar\u0131met","isPartOf":{"@id":"https:\/\/sarimet.com\/de\/#website"},"datePublished":"2022-05-17T12:14:25+00:00","dateModified":"2022-08-31T11:14:20+00:00","breadcrumb":{"@id":"https:\/\/sarimet.com\/de\/8d-berichte\/#breadcrumb"},"inLanguage":"de","potentialAction":[{"@type":"ReadAction","target":["https:\/\/sarimet.com\/de\/8d-berichte\/"]}]},{"@type":"BreadcrumbList","@id":"https:\/\/sarimet.com\/de\/8d-berichte\/#breadcrumb","itemListElement":[{"@type":"ListItem","position":1,"name":"8D-Berichte"}]},{"@type":"WebSite","@id":"https:\/\/sarimet.com\/de\/#website","url":"https:\/\/sarimet.com\/de\/","name":"Sar\u0131met","description":"","potentialAction":[{"@type":"SearchAction","target":{"@type":"EntryPoint","urlTemplate":"https:\/\/sarimet.com\/de\/?s={search_term_string}"},"query-input":"required name=search_term_string"}],"inLanguage":"de"}]}},"_links":{"self":[{"href":"https:\/\/sarimet.com\/de\/wp-json\/wp\/v2\/pages\/9361","targetHints":{"allow":["GET"]}}],"collection":[{"href":"https:\/\/sarimet.com\/de\/wp-json\/wp\/v2\/pages"}],"about":[{"href":"https:\/\/sarimet.com\/de\/wp-json\/wp\/v2\/types\/page"}],"author":[{"embeddable":true,"href":"https:\/\/sarimet.com\/de\/wp-json\/wp\/v2\/users\/1"}],"replies":[{"embeddable":true,"href":"https:\/\/sarimet.com\/de\/wp-json\/wp\/v2\/comments?post=9361"}],"version-history":[{"count":6,"href":"https:\/\/sarimet.com\/de\/wp-json\/wp\/v2\/pages\/9361\/revisions"}],"predecessor-version":[{"id":10123,"href":"https:\/\/sarimet.com\/de\/wp-json\/wp\/v2\/pages\/9361\/revisions\/10123"}],"wp:attachment":[{"href":"https:\/\/sarimet.com\/de\/wp-json\/wp\/v2\/media?parent=9361"}],"curies":[{"name":"wp","href":"https:\/\/api.w.org\/{rel}","templated":true}]}}