{"id":9339,"date":"2022-05-17T15:02:49","date_gmt":"2022-05-17T12:02:49","guid":{"rendered":"https:\/\/sarimet.com\/de\/?page_id=9339"},"modified":"2022-08-31T14:32:31","modified_gmt":"2022-08-31T11:32:31","slug":"qualitatssicherung","status":"publish","type":"page","link":"https:\/\/sarimet.com\/de\/qualitatssicherung\/","title":{"rendered":"Qualit\u00e4tssicherung"},"content":{"rendered":"<section class=\"l-section wpb_row height_custom\"><div class=\"l-section-h i-cf\"><div class=\"g-cols vc_row via_grid cols_1 laptops-cols_inherit tablets-cols_inherit mobiles-cols_1 valign_top type_default stacking_default\"><div class=\"wpb_column vc_column_container\"><div class=\"vc_column-inner\"><div class=\"wpb_text_column\"><div class=\"wpb_wrapper\"><p>Um den sich st\u00e4ndig \u00e4ndernden Anforderungen unserer Kunden in der Qualit\u00e4tskontrolle gerecht zu werden, verf\u00fcgt unser Unternehmen \u00fcber ein Kontrolllabor, das auf Analysen wie Material, Gr\u00f6\u00dfe, technische Reinigung und Beschichtungseigenschaften basiert.<br \/>\nIn diesem Labor werden Proben aus allen Produktionsstufen mit einer Vielzahl von Ger\u00e4ten mit hohen Mess- und Kontrollm\u00f6glichkeiten akribisch kontrolliert.<br \/>\nIm Labor bezieht es sich auf technische Zeichnungen, kundenspezifische Anforderungen und Kundenspezifikationen f\u00fcr Messungen an Musterst\u00fccken, die routinem\u00e4\u00dfig aus der Massenproduktion entnommen werden.<\/p>\n<p>Messungen im Kontrollplan werden akribisch innerhalb der im Kontrollplan neu definierten H\u00e4ufigkeiten gemessen. In Ausnahmef\u00e4llen werden Abweichungen von den Ingenieuren und dem technischen Team von SARIMET innerhalb von 24 Stunden behoben, um die Fortsetzung des Prozesses sicherzustellen.<br \/>\nSARIMET verwendet zusammen mit seinem technischen Personal die folgenden globalen Qualit\u00e4tssicherungsinstrumente zur L\u00f6sung von Problemen.<\/p>\n<\/div><\/div><div class=\"w-separator size_medium\"><\/div><div class=\"g-cols wpb_row via_grid cols_4 laptops-cols_inherit tablets-cols_inherit mobiles-cols_1 valign_top type_default stacking_default\"><div class=\"wpb_column vc_column_container\"><div class=\"vc_column-inner\"><div class=\"w-ibanner us_custom_78c4a861 has_text_color animation_phorcys ratio_2x1 easing_ease\"><div class=\"w-ibanner-h\"><div class=\"w-ibanner-image\" style=\"background-image: url(https:\/\/sarimet.com\/de\/wp-content\/uploads\/2022\/05\/kalite-belgeleri.jpg)\"><\/div><div class=\"w-ibanner-content\"><div class=\"w-ibanner-content-h\"><h4 class=\"w-ibanner-title\">Qualit\u00e4tszertifikate<\/h4><div class=\"w-ibanner-desc\"><p>Klicken Sie f\u00fcr detaillierte Informationen.<\/p>\n<\/div><\/div><\/div><\/div><a href=\"https:\/\/sarimet.com\/de\/qualitatszertifikate\/\" aria-label=\"Qualit\u00e4tszertifikate\"><\/a><\/div><\/div><\/div><div class=\"wpb_column vc_column_container\"><div class=\"vc_column-inner\"><div class=\"w-ibanner us_custom_78c4a861 has_text_color animation_phorcys ratio_2x1 easing_ease\"><div class=\"w-ibanner-h\"><div class=\"w-ibanner-image\" style=\"background-image: url(https:\/\/sarimet.com\/de\/wp-content\/uploads\/2022\/05\/araclar-kalite.jpg)\"><\/div><div class=\"w-ibanner-content\"><div class=\"w-ibanner-content-h\"><h4 class=\"w-ibanner-title\">Qualit\u00e4tswerkzeuge<\/h4><div class=\"w-ibanner-desc\"><p>Klicken Sie f\u00fcr detaillierte Informationen.<\/p>\n<\/div><\/div><\/div><\/div><a href=\"https:\/\/sarimet.com\/de\/qualitatswerkzeuge\/\" aria-label=\"Qualit\u00e4tswerkzeuge\"><\/a><\/div><\/div><\/div><div class=\"wpb_column vc_column_container\"><div class=\"vc_column-inner\"><div class=\"w-ibanner us_custom_78c4a861 has_text_color animation_phorcys ratio_2x1 easing_ease\"><div class=\"w-ibanner-h\"><div class=\"w-ibanner-image\" style=\"background-image: url(https:\/\/sarimet.com\/de\/wp-content\/uploads\/2022\/05\/kalite-kontrol.jpg)\"><\/div><div class=\"w-ibanner-content\"><div class=\"w-ibanner-content-h\"><h4 class=\"w-ibanner-title\">Qualit\u00e4tskontrolllabor<\/h4><div class=\"w-ibanner-desc\"><p>Klicken Sie f\u00fcr detaillierte Informationen.<\/p>\n<\/div><\/div><\/div><\/div><a href=\"https:\/\/sarimet.com\/de\/qualitatskontrolllabor\/\" aria-label=\"Qualit\u00e4tskontrolllabor\"><\/a><\/div><\/div><\/div><div class=\"wpb_column vc_column_container\"><div class=\"vc_column-inner\"><div class=\"w-ibanner us_custom_78c4a861 has_text_color animation_phorcys ratio_2x1 easing_ease\"><div class=\"w-ibanner-h\"><div class=\"w-ibanner-image\" style=\"background-image: url(https:\/\/sarimet.com\/de\/wp-content\/uploads\/2022\/05\/izlenebilirlik.jpg)\"><\/div><div class=\"w-ibanner-content\"><div class=\"w-ibanner-content-h\"><h4 class=\"w-ibanner-title\">R\u00fcckverfolgbarkeit<\/h4><div class=\"w-ibanner-desc\"><p>Klicken Sie f\u00fcr detaillierte Informationen.<\/p>\n<\/div><\/div><\/div><\/div><a href=\"https:\/\/sarimet.com\/de\/ruckverfolgbarkeit\/\" aria-label=\"R\u00fcckverfolgbarkeit\"><\/a><\/div><\/div><\/div><\/div><\/div><\/div><\/div><\/div><\/section>\n","protected":false},"excerpt":{"rendered":"Um den sich st\u00e4ndig \u00e4ndernden Anforderungen unserer Kunden in der Qualit\u00e4tskontrolle gerecht zu werden, verf\u00fcgt unser Unternehmen \u00fcber ein Kontrolllabor, das auf Analysen wie Material, Gr\u00f6\u00dfe, technische Reinigung und Beschichtungseigenschaften basiert. In diesem Labor werden Proben aus allen Produktionsstufen mit einer Vielzahl von Ger\u00e4ten mit hohen Mess- und Kontrollm\u00f6glichkeiten akribisch kontrolliert. Im Labor bezieht es...","protected":false},"author":1,"featured_media":0,"parent":0,"menu_order":0,"comment_status":"closed","ping_status":"closed","template":"","meta":{"footnotes":""},"class_list":["post-9339","page","type-page","status-publish","hentry"],"acf":[],"yoast_head":"<!-- This site is optimized with the Yoast SEO plugin v19.7.2 - https:\/\/yoast.com\/wordpress\/plugins\/seo\/ -->\n<title>Qualit\u00e4tssicherung | Sar\u0131met<\/title>\n<meta name=\"robots\" content=\"index, follow, max-snippet:-1, max-image-preview:large, max-video-preview:-1\" \/>\n<link rel=\"canonical\" href=\"https:\/\/sarimet.com\/de\/qualitatssicherung\/\" \/>\n<meta property=\"og:locale\" content=\"de_DE\" \/>\n<meta property=\"og:type\" content=\"article\" \/>\n<meta property=\"og:title\" content=\"Qualit\u00e4tssicherung | Sar\u0131met\" \/>\n<meta property=\"og:url\" content=\"https:\/\/sarimet.com\/de\/qualitatssicherung\/\" \/>\n<meta property=\"og:site_name\" content=\"Sar\u0131met\" \/>\n<meta property=\"article:modified_time\" content=\"2022-08-31T11:32:31+00:00\" \/>\n<meta name=\"twitter:card\" content=\"summary_large_image\" \/>\n<meta name=\"twitter:label1\" content=\"Gesch\u00e4tzte Lesezeit\" \/>\n\t<meta name=\"twitter:data1\" content=\"2\u00a0Minuten\" \/>\n<script type=\"application\/ld+json\" class=\"yoast-schema-graph\">{\"@context\":\"https:\/\/schema.org\",\"@graph\":[{\"@type\":\"WebPage\",\"@id\":\"https:\/\/sarimet.com\/de\/qualitatssicherung\/\",\"url\":\"https:\/\/sarimet.com\/de\/qualitatssicherung\/\",\"name\":\"Qualit\u00e4tssicherung | Sar\u0131met\",\"isPartOf\":{\"@id\":\"https:\/\/sarimet.com\/de\/#website\"},\"datePublished\":\"2022-05-17T12:02:49+00:00\",\"dateModified\":\"2022-08-31T11:32:31+00:00\",\"breadcrumb\":{\"@id\":\"https:\/\/sarimet.com\/de\/qualitatssicherung\/#breadcrumb\"},\"inLanguage\":\"de\",\"potentialAction\":[{\"@type\":\"ReadAction\",\"target\":[\"https:\/\/sarimet.com\/de\/qualitatssicherung\/\"]}]},{\"@type\":\"BreadcrumbList\",\"@id\":\"https:\/\/sarimet.com\/de\/qualitatssicherung\/#breadcrumb\",\"itemListElement\":[{\"@type\":\"ListItem\",\"position\":1,\"name\":\"Qualit\u00e4tssicherung\"}]},{\"@type\":\"WebSite\",\"@id\":\"https:\/\/sarimet.com\/de\/#website\",\"url\":\"https:\/\/sarimet.com\/de\/\",\"name\":\"Sar\u0131met\",\"description\":\"\",\"potentialAction\":[{\"@type\":\"SearchAction\",\"target\":{\"@type\":\"EntryPoint\",\"urlTemplate\":\"https:\/\/sarimet.com\/de\/?s={search_term_string}\"},\"query-input\":\"required name=search_term_string\"}],\"inLanguage\":\"de\"}]}<\/script>\n<!-- \/ Yoast SEO plugin. -->","yoast_head_json":{"title":"Qualit\u00e4tssicherung | Sar\u0131met","robots":{"index":"index","follow":"follow","max-snippet":"max-snippet:-1","max-image-preview":"max-image-preview:large","max-video-preview":"max-video-preview:-1"},"canonical":"https:\/\/sarimet.com\/de\/qualitatssicherung\/","og_locale":"de_DE","og_type":"article","og_title":"Qualit\u00e4tssicherung | Sar\u0131met","og_url":"https:\/\/sarimet.com\/de\/qualitatssicherung\/","og_site_name":"Sar\u0131met","article_modified_time":"2022-08-31T11:32:31+00:00","twitter_card":"summary_large_image","twitter_misc":{"Gesch\u00e4tzte Lesezeit":"2\u00a0Minuten"},"schema":{"@context":"https:\/\/schema.org","@graph":[{"@type":"WebPage","@id":"https:\/\/sarimet.com\/de\/qualitatssicherung\/","url":"https:\/\/sarimet.com\/de\/qualitatssicherung\/","name":"Qualit\u00e4tssicherung | Sar\u0131met","isPartOf":{"@id":"https:\/\/sarimet.com\/de\/#website"},"datePublished":"2022-05-17T12:02:49+00:00","dateModified":"2022-08-31T11:32:31+00:00","breadcrumb":{"@id":"https:\/\/sarimet.com\/de\/qualitatssicherung\/#breadcrumb"},"inLanguage":"de","potentialAction":[{"@type":"ReadAction","target":["https:\/\/sarimet.com\/de\/qualitatssicherung\/"]}]},{"@type":"BreadcrumbList","@id":"https:\/\/sarimet.com\/de\/qualitatssicherung\/#breadcrumb","itemListElement":[{"@type":"ListItem","position":1,"name":"Qualit\u00e4tssicherung"}]},{"@type":"WebSite","@id":"https:\/\/sarimet.com\/de\/#website","url":"https:\/\/sarimet.com\/de\/","name":"Sar\u0131met","description":"","potentialAction":[{"@type":"SearchAction","target":{"@type":"EntryPoint","urlTemplate":"https:\/\/sarimet.com\/de\/?s={search_term_string}"},"query-input":"required name=search_term_string"}],"inLanguage":"de"}]}},"_links":{"self":[{"href":"https:\/\/sarimet.com\/de\/wp-json\/wp\/v2\/pages\/9339","targetHints":{"allow":["GET"]}}],"collection":[{"href":"https:\/\/sarimet.com\/de\/wp-json\/wp\/v2\/pages"}],"about":[{"href":"https:\/\/sarimet.com\/de\/wp-json\/wp\/v2\/types\/page"}],"author":[{"embeddable":true,"href":"https:\/\/sarimet.com\/de\/wp-json\/wp\/v2\/users\/1"}],"replies":[{"embeddable":true,"href":"https:\/\/sarimet.com\/de\/wp-json\/wp\/v2\/comments?post=9339"}],"version-history":[{"count":19,"href":"https:\/\/sarimet.com\/de\/wp-json\/wp\/v2\/pages\/9339\/revisions"}],"predecessor-version":[{"id":10130,"href":"https:\/\/sarimet.com\/de\/wp-json\/wp\/v2\/pages\/9339\/revisions\/10130"}],"wp:attachment":[{"href":"https:\/\/sarimet.com\/de\/wp-json\/wp\/v2\/media?parent=9339"}],"curies":[{"name":"wp","href":"https:\/\/api.w.org\/{rel}","templated":true}]}}