{"id":9273,"date":"2022-05-10T17:46:31","date_gmt":"2022-05-10T14:46:31","guid":{"rendered":"https:\/\/sarimet.com\/de\/?page_id=9273"},"modified":"2022-10-04T12:53:09","modified_gmt":"2022-10-04T09:53:09","slug":"siloteile-und-gefluegelmast-teile","status":"publish","type":"page","link":"https:\/\/sarimet.com\/de\/siloteile-und-gefluegelmast-teile\/","title":{"rendered":"Siloteile und Gefl\u00fcgelmast Teile"},"content":{"rendered":"<section class=\"l-section wpb_row height_small\"><div class=\"l-section-h i-cf\"><div class=\"g-cols vc_row via_grid cols_1 laptops-cols_inherit tablets-cols_inherit mobiles-cols_1 valign_top type_default stacking_default\"><div class=\"wpb_column vc_column_container us_custom_7e20fa79 us_animate_this\"><div class=\"vc_column-inner\"><div class=\"g-cols wpb_row via_grid cols_2 laptops-cols_inherit tablets-cols_inherit mobiles-cols_1 valign_middle type_default stacking_default\"><div class=\"wpb_column vc_column_container\"><div class=\"vc_column-inner\"><div class=\"w-image us_custom_dad4fece style_shadow-1 align_none\"><div class=\"w-image-h\"><img loading=\"lazy\" decoding=\"async\" width=\"792\" height=\"488\" src=\"https:\/\/sarimet.com\/de\/wp-content\/uploads\/2022\/08\/Silo-Parcalari-ve-Kumes-Ekipmanlari.jpg\" class=\"attachment-full size-full\" alt=\"\" srcset=\"https:\/\/sarimet.com\/de\/wp-content\/uploads\/2022\/08\/Silo-Parcalari-ve-Kumes-Ekipmanlari.jpg 792w, https:\/\/sarimet.com\/de\/wp-content\/uploads\/2022\/08\/Silo-Parcalari-ve-Kumes-Ekipmanlari-300x185.jpg 300w\" sizes=\"auto, (max-width: 792px) 100vw, 792px\" \/><\/div><\/div><\/div><\/div><div class=\"wpb_column vc_column_container\"><div class=\"vc_column-inner\"><div class=\"wpb_text_column\"><div class=\"wpb_wrapper\"><p>Silos sind in der Regel zylinderf\u00f6rmige Gebilde, die durch spezielle Verfahren durch Umformen von Blechen hergestellt und zur Lagerung von Sch\u00fcttg\u00fctern verwendet werden. Ab dem 19. Jahrhundert wurden Silos in der Landwirtschaft zur Massenlagerung von Lebensmitteln wie Getreide oder fermentiertem Futter verwendet.<\/p>\n<p>Dar\u00fcber hinaus erfordern Silos weniger Kapitalinvestitionen und ergeben flexible Lagerl\u00f6sungen, was zu den Gr\u00fcnden geh\u00f6rt, warum sie besonders in der Landwirtschaft und Viehzucht bevorzugt werden.<\/p>\n<p>Gefl\u00fcgelausr\u00fcstung wird im Allgemeinen in Eierverarbeitungs- und -sortiersystemen, Klimaanlagen, Teilen von F\u00fctterungs- und Einstreureinigungslinien, K\u00e4figen usw. verwendet. Es besteht aus vielen Teilen wie eine Gr\u00f6\u00dfe. Mit seinen erfahrenen, dynamischen Mitarbeitern und seiner Infrastruktur f\u00fcr Ingenieurdisziplinen unterst\u00fctzt Sar\u0131met seine Kunden mit einer langen Geschichte im Land- und Viehwirtschaftssektor, ohne bei jedem Prozess Abstriche bei der Qualit\u00e4t zu machen.<\/p>\n<\/div><\/div><\/div><\/div><\/div><\/div><\/div><\/div><\/div><\/section>\n","protected":false},"excerpt":{"rendered":"Silos sind in der Regel zylinderf\u00f6rmige Gebilde, die durch spezielle Verfahren durch Umformen von Blechen hergestellt und zur Lagerung von Sch\u00fcttg\u00fctern verwendet werden. Ab dem 19. Jahrhundert wurden Silos in der Landwirtschaft zur Massenlagerung von Lebensmitteln wie Getreide oder fermentiertem Futter verwendet. Dar\u00fcber hinaus erfordern Silos weniger Kapitalinvestitionen und ergeben flexible Lagerl\u00f6sungen, was zu den...","protected":false},"author":1,"featured_media":0,"parent":0,"menu_order":0,"comment_status":"closed","ping_status":"closed","template":"","meta":{"footnotes":""},"class_list":["post-9273","page","type-page","status-publish","hentry"],"acf":[],"yoast_head":"<!-- This site is optimized with the Yoast SEO plugin v19.7.2 - https:\/\/yoast.com\/wordpress\/plugins\/seo\/ -->\n<title>Siloteile und Gefl\u00fcgelmast Teile | Sar\u0131met<\/title>\n<meta name=\"robots\" content=\"index, follow, max-snippet:-1, max-image-preview:large, max-video-preview:-1\" \/>\n<link rel=\"canonical\" href=\"https:\/\/sarimet.com\/de\/siloteile-und-gefluegelmast-teile\/\" \/>\n<meta property=\"og:locale\" content=\"de_DE\" \/>\n<meta property=\"og:type\" content=\"article\" \/>\n<meta property=\"og:title\" content=\"Siloteile und Gefl\u00fcgelmast Teile | Sar\u0131met\" \/>\n<meta property=\"og:url\" content=\"https:\/\/sarimet.com\/de\/siloteile-und-gefluegelmast-teile\/\" \/>\n<meta property=\"og:site_name\" content=\"Sar\u0131met\" \/>\n<meta property=\"article:modified_time\" content=\"2022-10-04T09:53:09+00:00\" \/>\n<meta name=\"twitter:card\" content=\"summary_large_image\" \/>\n<meta name=\"twitter:label1\" content=\"Gesch\u00e4tzte Lesezeit\" \/>\n\t<meta name=\"twitter:data1\" content=\"1\u00a0Minute\" \/>\n<script type=\"application\/ld+json\" class=\"yoast-schema-graph\">{\"@context\":\"https:\/\/schema.org\",\"@graph\":[{\"@type\":\"WebPage\",\"@id\":\"https:\/\/sarimet.com\/de\/siloteile-und-gefluegelmast-teile\/\",\"url\":\"https:\/\/sarimet.com\/de\/siloteile-und-gefluegelmast-teile\/\",\"name\":\"Siloteile und Gefl\u00fcgelmast Teile | Sar\u0131met\",\"isPartOf\":{\"@id\":\"https:\/\/sarimet.com\/de\/#website\"},\"datePublished\":\"2022-05-10T14:46:31+00:00\",\"dateModified\":\"2022-10-04T09:53:09+00:00\",\"breadcrumb\":{\"@id\":\"https:\/\/sarimet.com\/de\/siloteile-und-gefluegelmast-teile\/#breadcrumb\"},\"inLanguage\":\"de\",\"potentialAction\":[{\"@type\":\"ReadAction\",\"target\":[\"https:\/\/sarimet.com\/de\/siloteile-und-gefluegelmast-teile\/\"]}]},{\"@type\":\"BreadcrumbList\",\"@id\":\"https:\/\/sarimet.com\/de\/siloteile-und-gefluegelmast-teile\/#breadcrumb\",\"itemListElement\":[{\"@type\":\"ListItem\",\"position\":1,\"name\":\"Siloteile und Gefl\u00fcgelmast Teile\"}]},{\"@type\":\"WebSite\",\"@id\":\"https:\/\/sarimet.com\/de\/#website\",\"url\":\"https:\/\/sarimet.com\/de\/\",\"name\":\"Sar\u0131met\",\"description\":\"\",\"potentialAction\":[{\"@type\":\"SearchAction\",\"target\":{\"@type\":\"EntryPoint\",\"urlTemplate\":\"https:\/\/sarimet.com\/de\/?s={search_term_string}\"},\"query-input\":\"required name=search_term_string\"}],\"inLanguage\":\"de\"}]}<\/script>\n<!-- \/ Yoast SEO plugin. -->","yoast_head_json":{"title":"Siloteile und Gefl\u00fcgelmast Teile | Sar\u0131met","robots":{"index":"index","follow":"follow","max-snippet":"max-snippet:-1","max-image-preview":"max-image-preview:large","max-video-preview":"max-video-preview:-1"},"canonical":"https:\/\/sarimet.com\/de\/siloteile-und-gefluegelmast-teile\/","og_locale":"de_DE","og_type":"article","og_title":"Siloteile und Gefl\u00fcgelmast Teile | Sar\u0131met","og_url":"https:\/\/sarimet.com\/de\/siloteile-und-gefluegelmast-teile\/","og_site_name":"Sar\u0131met","article_modified_time":"2022-10-04T09:53:09+00:00","twitter_card":"summary_large_image","twitter_misc":{"Gesch\u00e4tzte Lesezeit":"1\u00a0Minute"},"schema":{"@context":"https:\/\/schema.org","@graph":[{"@type":"WebPage","@id":"https:\/\/sarimet.com\/de\/siloteile-und-gefluegelmast-teile\/","url":"https:\/\/sarimet.com\/de\/siloteile-und-gefluegelmast-teile\/","name":"Siloteile und Gefl\u00fcgelmast Teile | Sar\u0131met","isPartOf":{"@id":"https:\/\/sarimet.com\/de\/#website"},"datePublished":"2022-05-10T14:46:31+00:00","dateModified":"2022-10-04T09:53:09+00:00","breadcrumb":{"@id":"https:\/\/sarimet.com\/de\/siloteile-und-gefluegelmast-teile\/#breadcrumb"},"inLanguage":"de","potentialAction":[{"@type":"ReadAction","target":["https:\/\/sarimet.com\/de\/siloteile-und-gefluegelmast-teile\/"]}]},{"@type":"BreadcrumbList","@id":"https:\/\/sarimet.com\/de\/siloteile-und-gefluegelmast-teile\/#breadcrumb","itemListElement":[{"@type":"ListItem","position":1,"name":"Siloteile und Gefl\u00fcgelmast Teile"}]},{"@type":"WebSite","@id":"https:\/\/sarimet.com\/de\/#website","url":"https:\/\/sarimet.com\/de\/","name":"Sar\u0131met","description":"","potentialAction":[{"@type":"SearchAction","target":{"@type":"EntryPoint","urlTemplate":"https:\/\/sarimet.com\/de\/?s={search_term_string}"},"query-input":"required name=search_term_string"}],"inLanguage":"de"}]}},"_links":{"self":[{"href":"https:\/\/sarimet.com\/de\/wp-json\/wp\/v2\/pages\/9273","targetHints":{"allow":["GET"]}}],"collection":[{"href":"https:\/\/sarimet.com\/de\/wp-json\/wp\/v2\/pages"}],"about":[{"href":"https:\/\/sarimet.com\/de\/wp-json\/wp\/v2\/types\/page"}],"author":[{"embeddable":true,"href":"https:\/\/sarimet.com\/de\/wp-json\/wp\/v2\/users\/1"}],"replies":[{"embeddable":true,"href":"https:\/\/sarimet.com\/de\/wp-json\/wp\/v2\/comments?post=9273"}],"version-history":[{"count":10,"href":"https:\/\/sarimet.com\/de\/wp-json\/wp\/v2\/pages\/9273\/revisions"}],"predecessor-version":[{"id":10161,"href":"https:\/\/sarimet.com\/de\/wp-json\/wp\/v2\/pages\/9273\/revisions\/10161"}],"wp:attachment":[{"href":"https:\/\/sarimet.com\/de\/wp-json\/wp\/v2\/media?parent=9273"}],"curies":[{"name":"wp","href":"https:\/\/api.w.org\/{rel}","templated":true}]}}