{"id":9063,"date":"2022-04-26T09:28:28","date_gmt":"2022-04-26T06:28:28","guid":{"rendered":"https:\/\/sarimet.com\/de\/?page_id=9063"},"modified":"2022-10-04T14:01:13","modified_gmt":"2022-10-04T11:01:13","slug":"verpackung-und-versand","status":"publish","type":"page","link":"https:\/\/sarimet.com\/de\/verpackung-und-versand\/","title":{"rendered":"Verpackung und Versand"},"content":{"rendered":"<section class=\"l-section wpb_row height_small\"><div class=\"l-section-h i-cf\"><div class=\"g-cols vc_row via_grid cols_1 laptops-cols_inherit tablets-cols_inherit mobiles-cols_1 valign_top type_default stacking_default\"><div class=\"wpb_column vc_column_container us_custom_7e20fa79 us_animate_this\"><div class=\"vc_column-inner\"><div class=\"g-cols wpb_row via_grid cols_2 laptops-cols_inherit tablets-cols_inherit mobiles-cols_1 valign_middle type_default stacking_default\"><div class=\"wpb_column vc_column_container\"><div class=\"vc_column-inner\"><div class=\"w-hwrapper us_custom_7e20fa79 us_animate_this align_none valign_top\"><div class=\"w-image us_custom_dad4fece align_none\"><div class=\"w-image-h\"><img loading=\"lazy\" decoding=\"async\" width=\"1024\" height=\"683\" src=\"https:\/\/sarimet.com\/de\/wp-content\/uploads\/2022\/06\/Lojistik-1-1-1024x683.jpg\" class=\"attachment-large size-large\" alt=\"\" srcset=\"https:\/\/sarimet.com\/de\/wp-content\/uploads\/2022\/06\/Lojistik-1-1-1024x683.jpg 1024w, https:\/\/sarimet.com\/de\/wp-content\/uploads\/2022\/06\/Lojistik-1-1-300x200.jpg 300w, https:\/\/sarimet.com\/de\/wp-content\/uploads\/2022\/06\/Lojistik-1-1-1536x1024.jpg 1536w, https:\/\/sarimet.com\/de\/wp-content\/uploads\/2022\/06\/Lojistik-1-1.jpg 1920w\" sizes=\"auto, (max-width: 1024px) 100vw, 1024px\" \/><\/div><\/div><div class=\"w-image us_custom_dad4fece align_none\"><div class=\"w-image-h\"><img loading=\"lazy\" decoding=\"async\" width=\"1024\" height=\"683\" src=\"https:\/\/sarimet.com\/de\/wp-content\/uploads\/2022\/06\/Lojistik-2-1-1024x683.jpg\" class=\"attachment-large size-large\" alt=\"\" srcset=\"https:\/\/sarimet.com\/de\/wp-content\/uploads\/2022\/06\/Lojistik-2-1-1024x683.jpg 1024w, https:\/\/sarimet.com\/de\/wp-content\/uploads\/2022\/06\/Lojistik-2-1-300x200.jpg 300w, https:\/\/sarimet.com\/de\/wp-content\/uploads\/2022\/06\/Lojistik-2-1-1536x1024.jpg 1536w, https:\/\/sarimet.com\/de\/wp-content\/uploads\/2022\/06\/Lojistik-2-1.jpg 1920w\" sizes=\"auto, (max-width: 1024px) 100vw, 1024px\" \/><\/div><\/div><\/div><\/div><\/div><div class=\"wpb_column vc_column_container\"><div class=\"vc_column-inner\"><div class=\"wpb_text_column us_custom_47474b22 us_animate_this\"><div class=\"wpb_wrapper\"><p>Sar\u0131met spiegelt sein Verst\u00e4ndnis von Qualit\u00e4tsservice f\u00fcr seine Produkte wieder, indem es Kundenw\u00fcnsche w\u00e4hrend der Verpackungs- und Versandphase priorisiert.<\/p>\n<p>Verpackungen und Lieferungen werden mit Kontrollmechanismen sorgf\u00e4ltig gepr\u00fcft und durch entsprechende Barcode-Etikettierung versandfertig gemacht.<\/p>\n<\/div><\/div><\/div><\/div><\/div><\/div><\/div><\/div><\/div><\/section>\n","protected":false},"excerpt":{"rendered":"Sar\u0131met spiegelt sein Verst\u00e4ndnis von Qualit\u00e4tsservice f\u00fcr seine Produkte wieder, indem es Kundenw\u00fcnsche w\u00e4hrend der Verpackungs- und Versandphase priorisiert. Verpackungen und Lieferungen werden mit Kontrollmechanismen sorgf\u00e4ltig gepr\u00fcft und durch entsprechende Barcode-Etikettierung versandfertig gemacht.","protected":false},"author":1,"featured_media":9652,"parent":0,"menu_order":0,"comment_status":"closed","ping_status":"closed","template":"","meta":{"footnotes":""},"class_list":["post-9063","page","type-page","status-publish","has-post-thumbnail","hentry"],"acf":[],"yoast_head":"<!-- This site is optimized with the Yoast SEO plugin v19.7.2 - https:\/\/yoast.com\/wordpress\/plugins\/seo\/ -->\n<title>Verpackung und Versand | Sar\u0131met<\/title>\n<meta name=\"robots\" content=\"index, follow, max-snippet:-1, max-image-preview:large, max-video-preview:-1\" \/>\n<link rel=\"canonical\" href=\"https:\/\/sarimet.com\/de\/verpackung-und-versand\/\" \/>\n<meta property=\"og:locale\" content=\"de_DE\" \/>\n<meta property=\"og:type\" content=\"article\" \/>\n<meta property=\"og:title\" content=\"Verpackung und Versand | Sar\u0131met\" \/>\n<meta property=\"og:url\" content=\"https:\/\/sarimet.com\/de\/verpackung-und-versand\/\" \/>\n<meta property=\"og:site_name\" content=\"Sar\u0131met\" \/>\n<meta property=\"article:modified_time\" content=\"2022-10-04T11:01:13+00:00\" \/>\n<meta property=\"og:image\" content=\"https:\/\/sarimet.com\/de\/wp-content\/uploads\/2022\/06\/Lojistik-1-1.jpg\" \/>\n\t<meta property=\"og:image:width\" content=\"1920\" \/>\n\t<meta property=\"og:image:height\" content=\"1280\" \/>\n\t<meta property=\"og:image:type\" content=\"image\/jpeg\" \/>\n<meta name=\"twitter:card\" content=\"summary_large_image\" \/>\n<meta name=\"twitter:label1\" content=\"Gesch\u00e4tzte Lesezeit\" \/>\n\t<meta name=\"twitter:data1\" content=\"1\u00a0Minute\" \/>\n<script type=\"application\/ld+json\" class=\"yoast-schema-graph\">{\"@context\":\"https:\/\/schema.org\",\"@graph\":[{\"@type\":\"WebPage\",\"@id\":\"https:\/\/sarimet.com\/de\/verpackung-und-versand\/\",\"url\":\"https:\/\/sarimet.com\/de\/verpackung-und-versand\/\",\"name\":\"Verpackung und Versand | Sar\u0131met\",\"isPartOf\":{\"@id\":\"https:\/\/sarimet.com\/de\/#website\"},\"datePublished\":\"2022-04-26T06:28:28+00:00\",\"dateModified\":\"2022-10-04T11:01:13+00:00\",\"breadcrumb\":{\"@id\":\"https:\/\/sarimet.com\/de\/verpackung-und-versand\/#breadcrumb\"},\"inLanguage\":\"de\",\"potentialAction\":[{\"@type\":\"ReadAction\",\"target\":[\"https:\/\/sarimet.com\/de\/verpackung-und-versand\/\"]}]},{\"@type\":\"BreadcrumbList\",\"@id\":\"https:\/\/sarimet.com\/de\/verpackung-und-versand\/#breadcrumb\",\"itemListElement\":[{\"@type\":\"ListItem\",\"position\":1,\"name\":\"Verpackung und Versand\"}]},{\"@type\":\"WebSite\",\"@id\":\"https:\/\/sarimet.com\/de\/#website\",\"url\":\"https:\/\/sarimet.com\/de\/\",\"name\":\"Sar\u0131met\",\"description\":\"\",\"potentialAction\":[{\"@type\":\"SearchAction\",\"target\":{\"@type\":\"EntryPoint\",\"urlTemplate\":\"https:\/\/sarimet.com\/de\/?s={search_term_string}\"},\"query-input\":\"required name=search_term_string\"}],\"inLanguage\":\"de\"}]}<\/script>\n<!-- \/ Yoast SEO plugin. -->","yoast_head_json":{"title":"Verpackung und Versand | Sar\u0131met","robots":{"index":"index","follow":"follow","max-snippet":"max-snippet:-1","max-image-preview":"max-image-preview:large","max-video-preview":"max-video-preview:-1"},"canonical":"https:\/\/sarimet.com\/de\/verpackung-und-versand\/","og_locale":"de_DE","og_type":"article","og_title":"Verpackung und Versand | Sar\u0131met","og_url":"https:\/\/sarimet.com\/de\/verpackung-und-versand\/","og_site_name":"Sar\u0131met","article_modified_time":"2022-10-04T11:01:13+00:00","og_image":[{"width":1920,"height":1280,"url":"https:\/\/sarimet.com\/de\/wp-content\/uploads\/2022\/06\/Lojistik-1-1.jpg","type":"image\/jpeg"}],"twitter_card":"summary_large_image","twitter_misc":{"Gesch\u00e4tzte Lesezeit":"1\u00a0Minute"},"schema":{"@context":"https:\/\/schema.org","@graph":[{"@type":"WebPage","@id":"https:\/\/sarimet.com\/de\/verpackung-und-versand\/","url":"https:\/\/sarimet.com\/de\/verpackung-und-versand\/","name":"Verpackung und Versand | Sar\u0131met","isPartOf":{"@id":"https:\/\/sarimet.com\/de\/#website"},"datePublished":"2022-04-26T06:28:28+00:00","dateModified":"2022-10-04T11:01:13+00:00","breadcrumb":{"@id":"https:\/\/sarimet.com\/de\/verpackung-und-versand\/#breadcrumb"},"inLanguage":"de","potentialAction":[{"@type":"ReadAction","target":["https:\/\/sarimet.com\/de\/verpackung-und-versand\/"]}]},{"@type":"BreadcrumbList","@id":"https:\/\/sarimet.com\/de\/verpackung-und-versand\/#breadcrumb","itemListElement":[{"@type":"ListItem","position":1,"name":"Verpackung und Versand"}]},{"@type":"WebSite","@id":"https:\/\/sarimet.com\/de\/#website","url":"https:\/\/sarimet.com\/de\/","name":"Sar\u0131met","description":"","potentialAction":[{"@type":"SearchAction","target":{"@type":"EntryPoint","urlTemplate":"https:\/\/sarimet.com\/de\/?s={search_term_string}"},"query-input":"required name=search_term_string"}],"inLanguage":"de"}]}},"_links":{"self":[{"href":"https:\/\/sarimet.com\/de\/wp-json\/wp\/v2\/pages\/9063","targetHints":{"allow":["GET"]}}],"collection":[{"href":"https:\/\/sarimet.com\/de\/wp-json\/wp\/v2\/pages"}],"about":[{"href":"https:\/\/sarimet.com\/de\/wp-json\/wp\/v2\/types\/page"}],"author":[{"embeddable":true,"href":"https:\/\/sarimet.com\/de\/wp-json\/wp\/v2\/users\/1"}],"replies":[{"embeddable":true,"href":"https:\/\/sarimet.com\/de\/wp-json\/wp\/v2\/comments?post=9063"}],"version-history":[{"count":19,"href":"https:\/\/sarimet.com\/de\/wp-json\/wp\/v2\/pages\/9063\/revisions"}],"predecessor-version":[{"id":10169,"href":"https:\/\/sarimet.com\/de\/wp-json\/wp\/v2\/pages\/9063\/revisions\/10169"}],"wp:featuredmedia":[{"embeddable":true,"href":"https:\/\/sarimet.com\/de\/wp-json\/wp\/v2\/media\/9652"}],"wp:attachment":[{"href":"https:\/\/sarimet.com\/de\/wp-json\/wp\/v2\/media?parent=9063"}],"curies":[{"name":"wp","href":"https:\/\/api.w.org\/{rel}","templated":true}]}}