{"id":8993,"date":"2022-04-25T11:53:16","date_gmt":"2022-04-25T08:53:16","guid":{"rendered":"https:\/\/sarimet.com\/de\/?page_id=8993"},"modified":"2022-09-01T15:20:28","modified_gmt":"2022-09-01T12:20:28","slug":"qualitatswerkzeuge","status":"publish","type":"page","link":"https:\/\/sarimet.com\/de\/qualitatswerkzeuge\/","title":{"rendered":"Qualit\u00e4tswerkzeuge"},"content":{"rendered":"<section class=\"l-section wpb_row us_custom_60e9caca us_animate_this height_auto\"><div class=\"l-section-h i-cf\"><div class=\"g-cols vc_row via_grid cols_1 laptops-cols_inherit tablets-cols_inherit mobiles-cols_1 valign_top type_default stacking_default\"><div class=\"wpb_column vc_column_container\"><div class=\"vc_column-inner\"><div class=\"wpb_text_column\"><div class=\"wpb_wrapper\"><p style=\"text-align: center;\">Sar\u0131met verwendet Qualit\u00e4tswerkzeuge, die in das Automobil-Qualit\u00e4tsmanagementsystem IATF TS EN 16949 integriert sind, dass es in den Genehmigungs- und Kontrollprozessen der Teile entwickelt, die es f\u00fcr die Automobilzulieferindustrie herstellt.<\/p>\n<\/div><\/div><div class=\"w-separator size_medium\"><\/div><div class=\"g-cols wpb_row via_grid cols_3 laptops-cols_inherit tablets-cols_inherit mobiles-cols_1 valign_top type_default stacking_default\" style=\"grid-gap:15px;\"><div class=\"wpb_column vc_column_container\"><div class=\"vc_column-inner\"><div class=\"w-person us_custom_22f041bf layout_trendy with_desc\" itemscope itemtype=\"https:\/\/schema.org\/Person\"><div class=\"w-person-image\"><a href=\"https:\/\/sarimet.com\/de\/apqp-advanced-product-quality-planning\/\" class=\"w-person-link\" aria-label=\"APQP (Advanced Product Quality Planning)\"><img loading=\"lazy\" decoding=\"async\" width=\"1000\" height=\"730\" src=\"https:\/\/sarimet.com\/de\/wp-content\/uploads\/2022\/04\/ileri-seviye-urun-kalite-planlamasi.jpg\" class=\"attachment-full size-full\" alt=\"\" srcset=\"https:\/\/sarimet.com\/de\/wp-content\/uploads\/2022\/04\/ileri-seviye-urun-kalite-planlamasi.jpg 1000w, https:\/\/sarimet.com\/de\/wp-content\/uploads\/2022\/04\/ileri-seviye-urun-kalite-planlamasi-300x219.jpg 300w\" sizes=\"auto, (max-width: 1000px) 100vw, 1000px\" \/><\/a><\/div><div class=\"w-person-content\"><a href=\"https:\/\/sarimet.com\/de\/apqp-advanced-product-quality-planning\/\" class=\"w-person-link\" aria-label=\"APQP (Advanced Product Quality Planning)\"><h5 itemprop=\"name\" class=\"w-person-name\"><span>APQP (Advanced Product Quality Planning)<\/span><\/h5><\/a><div class=\"w-person-role\" itemprop=\"jobTitle\">Qualit\u00e4tswerkzeuge<\/div><\/div><div class=\"w-person-content-alt\"><a href=\"https:\/\/sarimet.com\/de\/apqp-advanced-product-quality-planning\/\" class=\"w-person-link\" aria-label=\"APQP (Advanced Product Quality Planning)\"><\/a><div class=\"w-person-description\" itemprop=\"description\"><p>Klicken Sie f\u00fcr detaillierte Informationen.<\/p>\n<\/div><\/div><\/div><\/div><\/div><div class=\"wpb_column vc_column_container\"><div class=\"vc_column-inner\"><div class=\"w-person us_custom_22f041bf layout_trendy with_desc\" itemscope itemtype=\"https:\/\/schema.org\/Person\"><div class=\"w-person-image\"><a href=\"https:\/\/sarimet.com\/de\/ppap-subject-approval-process\/\" class=\"w-person-link\" aria-label=\"PPAP (Subject Approval Process)\"><img loading=\"lazy\" decoding=\"async\" width=\"1000\" height=\"730\" src=\"https:\/\/sarimet.com\/de\/wp-content\/uploads\/2022\/04\/uretim-parcasi-onay-prosesi.jpg\" class=\"attachment-full size-full\" alt=\"\" srcset=\"https:\/\/sarimet.com\/de\/wp-content\/uploads\/2022\/04\/uretim-parcasi-onay-prosesi.jpg 1000w, https:\/\/sarimet.com\/de\/wp-content\/uploads\/2022\/04\/uretim-parcasi-onay-prosesi-300x219.jpg 300w\" sizes=\"auto, (max-width: 1000px) 100vw, 1000px\" \/><\/a><\/div><div class=\"w-person-content\"><a href=\"https:\/\/sarimet.com\/de\/ppap-subject-approval-process\/\" class=\"w-person-link\" aria-label=\"PPAP (Subject Approval Process)\"><h5 itemprop=\"name\" class=\"w-person-name\"><span>PPAP (Subject Approval Process)<\/span><\/h5><\/a><div class=\"w-person-role\" itemprop=\"jobTitle\">Qualit\u00e4tswerkzeuge<\/div><\/div><div class=\"w-person-content-alt\"><a href=\"https:\/\/sarimet.com\/de\/ppap-subject-approval-process\/\" class=\"w-person-link\" aria-label=\"PPAP (Subject Approval Process)\"><\/a><div class=\"w-person-description\" itemprop=\"description\"><p>Klicken Sie f\u00fcr detaillierte Informationen.<\/p>\n<\/div><\/div><\/div><\/div><\/div><div class=\"wpb_column vc_column_container\"><div class=\"vc_column-inner\"><div class=\"w-person us_custom_22f041bf layout_trendy with_desc\" itemscope itemtype=\"https:\/\/schema.org\/Person\"><div class=\"w-person-image\"><a href=\"https:\/\/sarimet.com\/de\/fmea-fehlermoglichkeits-und-einflussanalyse\/\" class=\"w-person-link\" aria-label=\"FMEA (Fehlerm\u00f6glichkeits- und Einflussanalyse)\"><img loading=\"lazy\" decoding=\"async\" width=\"1000\" height=\"730\" src=\"https:\/\/sarimet.com\/de\/wp-content\/uploads\/2022\/04\/hata-turleri-ve-etki-analizi.jpg\" class=\"attachment-full size-full\" alt=\"\" srcset=\"https:\/\/sarimet.com\/de\/wp-content\/uploads\/2022\/04\/hata-turleri-ve-etki-analizi.jpg 1000w, https:\/\/sarimet.com\/de\/wp-content\/uploads\/2022\/04\/hata-turleri-ve-etki-analizi-300x219.jpg 300w\" sizes=\"auto, (max-width: 1000px) 100vw, 1000px\" \/><\/a><\/div><div class=\"w-person-content\"><a href=\"https:\/\/sarimet.com\/de\/fmea-fehlermoglichkeits-und-einflussanalyse\/\" class=\"w-person-link\" aria-label=\"FMEA (Fehlerm\u00f6glichkeits- und Einflussanalyse)\"><h5 itemprop=\"name\" class=\"w-person-name\"><span>FMEA (Fehlerm\u00f6glichkeits- und Einflussanalyse)<\/span><\/h5><\/a><div class=\"w-person-role\" itemprop=\"jobTitle\">Qualit\u00e4tswerkzeuge<\/div><\/div><div class=\"w-person-content-alt\"><a href=\"https:\/\/sarimet.com\/de\/fmea-fehlermoglichkeits-und-einflussanalyse\/\" class=\"w-person-link\" aria-label=\"FMEA (Fehlerm\u00f6glichkeits- und Einflussanalyse)\"><\/a><div class=\"w-person-description\" itemprop=\"description\"><p>Klicken Sie f\u00fcr detaillierte Informationen.<\/p>\n<\/div><\/div><\/div><\/div><\/div><\/div><div class=\"w-separator size_medium\"><\/div><div class=\"g-cols wpb_row via_grid cols_3 laptops-cols_inherit tablets-cols_inherit mobiles-cols_1 valign_top type_default stacking_default\" style=\"grid-gap:15px;\"><div class=\"wpb_column vc_column_container\"><div class=\"vc_column-inner\"><div class=\"w-person us_custom_22f041bf layout_trendy with_desc\" itemscope itemtype=\"https:\/\/schema.org\/Person\"><div class=\"w-person-image\"><a href=\"https:\/\/sarimet.com\/de\/msa-messsystemanalyse\/\" class=\"w-person-link\" aria-label=\"MSA (Messsystemanalyse)\"><img loading=\"lazy\" decoding=\"async\" width=\"1000\" height=\"730\" src=\"https:\/\/sarimet.com\/de\/wp-content\/uploads\/2022\/04\/olcum-sistemleri-analizi.jpg\" class=\"attachment-full size-full\" alt=\"\" srcset=\"https:\/\/sarimet.com\/de\/wp-content\/uploads\/2022\/04\/olcum-sistemleri-analizi.jpg 1000w, https:\/\/sarimet.com\/de\/wp-content\/uploads\/2022\/04\/olcum-sistemleri-analizi-300x219.jpg 300w\" sizes=\"auto, (max-width: 1000px) 100vw, 1000px\" \/><\/a><\/div><div class=\"w-person-content\"><a href=\"https:\/\/sarimet.com\/de\/msa-messsystemanalyse\/\" class=\"w-person-link\" aria-label=\"MSA (Messsystemanalyse)\"><h5 itemprop=\"name\" class=\"w-person-name\"><span>MSA (Messsystemanalyse)<\/span><\/h5><\/a><div class=\"w-person-role\" itemprop=\"jobTitle\">Qualit\u00e4tswerkzeuge<\/div><\/div><div class=\"w-person-content-alt\"><a href=\"https:\/\/sarimet.com\/de\/msa-messsystemanalyse\/\" class=\"w-person-link\" aria-label=\"MSA (Messsystemanalyse)\"><\/a><div class=\"w-person-description\" itemprop=\"description\"><p>Klicken Sie f\u00fcr detaillierte Informationen.<\/p>\n<\/div><\/div><\/div><\/div><\/div><div class=\"wpb_column vc_column_container\"><div class=\"vc_column-inner\"><div class=\"w-person us_custom_22f041bf layout_trendy with_desc\" itemscope itemtype=\"https:\/\/schema.org\/Person\"><div class=\"w-person-image\"><a href=\"https:\/\/sarimet.com\/de\/spc-statistische-prozesskontrolle\/\" class=\"w-person-link\" aria-label=\"SPC (Statistische Prozesskontrolle)\"><img loading=\"lazy\" decoding=\"async\" width=\"1000\" height=\"730\" src=\"https:\/\/sarimet.com\/de\/wp-content\/uploads\/2022\/04\/istatistiksel-proses-kontrol.jpg\" class=\"attachment-full size-full\" alt=\"\" srcset=\"https:\/\/sarimet.com\/de\/wp-content\/uploads\/2022\/04\/istatistiksel-proses-kontrol.jpg 1000w, https:\/\/sarimet.com\/de\/wp-content\/uploads\/2022\/04\/istatistiksel-proses-kontrol-300x219.jpg 300w\" sizes=\"auto, (max-width: 1000px) 100vw, 1000px\" \/><\/a><\/div><div class=\"w-person-content\"><a href=\"https:\/\/sarimet.com\/de\/spc-statistische-prozesskontrolle\/\" class=\"w-person-link\" aria-label=\"SPC (Statistische Prozesskontrolle)\"><h5 itemprop=\"name\" class=\"w-person-name\"><span>SPC (Statistische Prozesskontrolle)<\/span><\/h5><\/a><div class=\"w-person-role\" itemprop=\"jobTitle\">Qualit\u00e4tswerkzeuge<\/div><\/div><div class=\"w-person-content-alt\"><a href=\"https:\/\/sarimet.com\/de\/spc-statistische-prozesskontrolle\/\" class=\"w-person-link\" aria-label=\"SPC (Statistische Prozesskontrolle)\"><\/a><div class=\"w-person-description\" itemprop=\"description\"><p>Klicken Sie f\u00fcr detaillierte Informationen.<\/p>\n<\/div><\/div><\/div><\/div><\/div><div class=\"wpb_column vc_column_container\"><div class=\"vc_column-inner\"><div class=\"w-person us_custom_22f041bf layout_trendy with_desc\" itemscope itemtype=\"https:\/\/schema.org\/Person\"><div class=\"w-person-image\"><a href=\"https:\/\/sarimet.com\/de\/8d-berichte\/\" class=\"w-person-link\" aria-label=\"8D-Berichte\"><img loading=\"lazy\" decoding=\"async\" width=\"1000\" height=\"730\" src=\"https:\/\/sarimet.com\/de\/wp-content\/uploads\/2022\/04\/8d-raporlama.jpg\" class=\"attachment-full size-full\" alt=\"\" srcset=\"https:\/\/sarimet.com\/de\/wp-content\/uploads\/2022\/04\/8d-raporlama.jpg 1000w, https:\/\/sarimet.com\/de\/wp-content\/uploads\/2022\/04\/8d-raporlama-300x219.jpg 300w\" sizes=\"auto, (max-width: 1000px) 100vw, 1000px\" \/><\/a><\/div><div class=\"w-person-content\"><a href=\"https:\/\/sarimet.com\/de\/8d-berichte\/\" class=\"w-person-link\" aria-label=\"8D-Berichte\"><h5 itemprop=\"name\" class=\"w-person-name\"><span>8D-Berichte<\/span><\/h5><\/a><div class=\"w-person-role\" itemprop=\"jobTitle\">Qualit\u00e4tswerkzeuge<\/div><\/div><div class=\"w-person-content-alt\"><a href=\"https:\/\/sarimet.com\/de\/8d-berichte\/\" class=\"w-person-link\" aria-label=\"8D-Berichte\"><\/a><div class=\"w-person-description\" itemprop=\"description\"><p>Klicken Sie f\u00fcr detaillierte Informationen.<\/p>\n<\/div><\/div><\/div><\/div><\/div><\/div><div class=\"w-separator size_medium\"><\/div><\/div><\/div><\/div><\/div><\/section>\n","protected":false},"excerpt":{"rendered":"Sar\u0131met verwendet Qualit\u00e4tswerkzeuge, die in das Automobil-Qualit\u00e4tsmanagementsystem IATF TS EN 16949 integriert sind, dass es in den Genehmigungs- und Kontrollprozessen der Teile entwickelt, die es f\u00fcr die Automobilzulieferindustrie herstellt. APQP (Advanced Product Quality Planning)Qualit\u00e4tswerkzeugeKlicken Sie f\u00fcr detaillierte Informationen. PPAP (Subject Approval Process)Qualit\u00e4tswerkzeugeKlicken Sie f\u00fcr detaillierte Informationen. FMEA (Fehlerm\u00f6glichkeits- und Einflussanalyse)Qualit\u00e4tswerkzeugeKlicken Sie f\u00fcr detaillierte Informationen. MSA...","protected":false},"author":1,"featured_media":0,"parent":0,"menu_order":0,"comment_status":"closed","ping_status":"closed","template":"","meta":{"footnotes":""},"class_list":["post-8993","page","type-page","status-publish","hentry"],"acf":[],"yoast_head":"<!-- This site is optimized with the Yoast SEO plugin v19.7.2 - https:\/\/yoast.com\/wordpress\/plugins\/seo\/ -->\n<title>Qualit\u00e4tswerkzeuge | Sar\u0131met<\/title>\n<meta name=\"robots\" content=\"index, follow, max-snippet:-1, max-image-preview:large, max-video-preview:-1\" \/>\n<link rel=\"canonical\" href=\"https:\/\/sarimet.com\/de\/qualitatswerkzeuge\/\" \/>\n<meta property=\"og:locale\" content=\"de_DE\" \/>\n<meta property=\"og:type\" content=\"article\" \/>\n<meta property=\"og:title\" content=\"Qualit\u00e4tswerkzeuge | Sar\u0131met\" \/>\n<meta property=\"og:url\" content=\"https:\/\/sarimet.com\/de\/qualitatswerkzeuge\/\" \/>\n<meta property=\"og:site_name\" content=\"Sar\u0131met\" \/>\n<meta property=\"article:modified_time\" content=\"2022-09-01T12:20:28+00:00\" \/>\n<meta name=\"twitter:card\" content=\"summary_large_image\" \/>\n<meta name=\"twitter:label1\" content=\"Gesch\u00e4tzte Lesezeit\" \/>\n\t<meta name=\"twitter:data1\" content=\"1\u00a0Minute\" \/>\n<script type=\"application\/ld+json\" class=\"yoast-schema-graph\">{\"@context\":\"https:\/\/schema.org\",\"@graph\":[{\"@type\":\"WebPage\",\"@id\":\"https:\/\/sarimet.com\/de\/qualitatswerkzeuge\/\",\"url\":\"https:\/\/sarimet.com\/de\/qualitatswerkzeuge\/\",\"name\":\"Qualit\u00e4tswerkzeuge | Sar\u0131met\",\"isPartOf\":{\"@id\":\"https:\/\/sarimet.com\/de\/#website\"},\"datePublished\":\"2022-04-25T08:53:16+00:00\",\"dateModified\":\"2022-09-01T12:20:28+00:00\",\"breadcrumb\":{\"@id\":\"https:\/\/sarimet.com\/de\/qualitatswerkzeuge\/#breadcrumb\"},\"inLanguage\":\"de\",\"potentialAction\":[{\"@type\":\"ReadAction\",\"target\":[\"https:\/\/sarimet.com\/de\/qualitatswerkzeuge\/\"]}]},{\"@type\":\"BreadcrumbList\",\"@id\":\"https:\/\/sarimet.com\/de\/qualitatswerkzeuge\/#breadcrumb\",\"itemListElement\":[{\"@type\":\"ListItem\",\"position\":1,\"name\":\"Qualit\u00e4tswerkzeuge\"}]},{\"@type\":\"WebSite\",\"@id\":\"https:\/\/sarimet.com\/de\/#website\",\"url\":\"https:\/\/sarimet.com\/de\/\",\"name\":\"Sar\u0131met\",\"description\":\"\",\"potentialAction\":[{\"@type\":\"SearchAction\",\"target\":{\"@type\":\"EntryPoint\",\"urlTemplate\":\"https:\/\/sarimet.com\/de\/?s={search_term_string}\"},\"query-input\":\"required name=search_term_string\"}],\"inLanguage\":\"de\"}]}<\/script>\n<!-- \/ Yoast SEO plugin. -->","yoast_head_json":{"title":"Qualit\u00e4tswerkzeuge | Sar\u0131met","robots":{"index":"index","follow":"follow","max-snippet":"max-snippet:-1","max-image-preview":"max-image-preview:large","max-video-preview":"max-video-preview:-1"},"canonical":"https:\/\/sarimet.com\/de\/qualitatswerkzeuge\/","og_locale":"de_DE","og_type":"article","og_title":"Qualit\u00e4tswerkzeuge | Sar\u0131met","og_url":"https:\/\/sarimet.com\/de\/qualitatswerkzeuge\/","og_site_name":"Sar\u0131met","article_modified_time":"2022-09-01T12:20:28+00:00","twitter_card":"summary_large_image","twitter_misc":{"Gesch\u00e4tzte Lesezeit":"1\u00a0Minute"},"schema":{"@context":"https:\/\/schema.org","@graph":[{"@type":"WebPage","@id":"https:\/\/sarimet.com\/de\/qualitatswerkzeuge\/","url":"https:\/\/sarimet.com\/de\/qualitatswerkzeuge\/","name":"Qualit\u00e4tswerkzeuge | Sar\u0131met","isPartOf":{"@id":"https:\/\/sarimet.com\/de\/#website"},"datePublished":"2022-04-25T08:53:16+00:00","dateModified":"2022-09-01T12:20:28+00:00","breadcrumb":{"@id":"https:\/\/sarimet.com\/de\/qualitatswerkzeuge\/#breadcrumb"},"inLanguage":"de","potentialAction":[{"@type":"ReadAction","target":["https:\/\/sarimet.com\/de\/qualitatswerkzeuge\/"]}]},{"@type":"BreadcrumbList","@id":"https:\/\/sarimet.com\/de\/qualitatswerkzeuge\/#breadcrumb","itemListElement":[{"@type":"ListItem","position":1,"name":"Qualit\u00e4tswerkzeuge"}]},{"@type":"WebSite","@id":"https:\/\/sarimet.com\/de\/#website","url":"https:\/\/sarimet.com\/de\/","name":"Sar\u0131met","description":"","potentialAction":[{"@type":"SearchAction","target":{"@type":"EntryPoint","urlTemplate":"https:\/\/sarimet.com\/de\/?s={search_term_string}"},"query-input":"required name=search_term_string"}],"inLanguage":"de"}]}},"_links":{"self":[{"href":"https:\/\/sarimet.com\/de\/wp-json\/wp\/v2\/pages\/8993","targetHints":{"allow":["GET"]}}],"collection":[{"href":"https:\/\/sarimet.com\/de\/wp-json\/wp\/v2\/pages"}],"about":[{"href":"https:\/\/sarimet.com\/de\/wp-json\/wp\/v2\/types\/page"}],"author":[{"embeddable":true,"href":"https:\/\/sarimet.com\/de\/wp-json\/wp\/v2\/users\/1"}],"replies":[{"embeddable":true,"href":"https:\/\/sarimet.com\/de\/wp-json\/wp\/v2\/comments?post=8993"}],"version-history":[{"count":21,"href":"https:\/\/sarimet.com\/de\/wp-json\/wp\/v2\/pages\/8993\/revisions"}],"predecessor-version":[{"id":10152,"href":"https:\/\/sarimet.com\/de\/wp-json\/wp\/v2\/pages\/8993\/revisions\/10152"}],"wp:attachment":[{"href":"https:\/\/sarimet.com\/de\/wp-json\/wp\/v2\/media?parent=8993"}],"curies":[{"name":"wp","href":"https:\/\/api.w.org\/{rel}","templated":true}]}}