{"id":8927,"date":"2022-04-22T16:16:35","date_gmt":"2022-04-22T13:16:35","guid":{"rendered":"https:\/\/sarimet.com\/de\/?page_id=8927"},"modified":"2022-08-31T14:29:27","modified_gmt":"2022-08-31T11:29:27","slug":"ruckverfolgbarkeit","status":"publish","type":"page","link":"https:\/\/sarimet.com\/de\/ruckverfolgbarkeit\/","title":{"rendered":"R\u00fcckverfolgbarkeit"},"content":{"rendered":"<section class=\"l-section wpb_row height_small\"><div class=\"l-section-h i-cf\"><div class=\"g-cols vc_row via_grid cols_1 laptops-cols_inherit tablets-cols_inherit mobiles-cols_1 valign_top type_default stacking_default\"><div class=\"wpb_column vc_column_container us_custom_7e20fa79 us_animate_this\"><div class=\"vc_column-inner\"><div class=\"g-cols wpb_row via_grid cols_2 laptops-cols_inherit tablets-cols_inherit mobiles-cols_1 valign_middle type_default stacking_default\"><div class=\"wpb_column vc_column_container\"><div class=\"vc_column-inner\"><div class=\"w-image us_custom_dad4fece style_shadow-1 has_ratio align_none\"><div class=\"w-image-h\"><div style=\"padding-bottom:56.25%\"><\/div><img loading=\"lazy\" decoding=\"async\" width=\"788\" height=\"509\" src=\"https:\/\/sarimet.com\/de\/wp-content\/uploads\/2022\/08\/izlenebilirlik.jpg\" class=\"attachment-full size-full\" alt=\"\" srcset=\"https:\/\/sarimet.com\/de\/wp-content\/uploads\/2022\/08\/izlenebilirlik.jpg 788w, https:\/\/sarimet.com\/de\/wp-content\/uploads\/2022\/08\/izlenebilirlik-300x194.jpg 300w\" sizes=\"auto, (max-width: 788px) 100vw, 788px\" \/><\/div><\/div><\/div><\/div><div class=\"wpb_column vc_column_container\"><div class=\"vc_column-inner\"><div class=\"wpb_text_column\"><div class=\"wpb_wrapper\"><p>SARIMET \u00fcberwacht und protokolliert den Prozess der Umwandlung des Rohmaterials in ein Produkt sowie den Rohmaterial- und Produktbestandsstatus vom Rohmaterialeingang des herzustellenden Produkts bis zur Eingangsqualit\u00e4tskontrolle, Prozessqualit\u00e4tskontrolle, Endqualit\u00e4tskontrolle und Versand. Es verwaltet all diese Prozesse mit etablierten starken Qualit\u00e4tssicherungssystemen, entwickelten Methoden und globaler Software, die von unserem Unternehmen verwendet werden.<\/p>\n<\/div><\/div><\/div><\/div><\/div><\/div><\/div><\/div><\/div><\/section>\n","protected":false},"excerpt":{"rendered":"SARIMET \u00fcberwacht und protokolliert den Prozess der Umwandlung des Rohmaterials in ein Produkt sowie den Rohmaterial- und Produktbestandsstatus vom Rohmaterialeingang des herzustellenden Produkts bis zur Eingangsqualit\u00e4tskontrolle, Prozessqualit\u00e4tskontrolle, Endqualit\u00e4tskontrolle und Versand. Es verwaltet all diese Prozesse mit etablierten starken Qualit\u00e4tssicherungssystemen, entwickelten Methoden und globaler Software, die von unserem Unternehmen verwendet werden.","protected":false},"author":1,"featured_media":0,"parent":0,"menu_order":0,"comment_status":"closed","ping_status":"closed","template":"","meta":{"footnotes":""},"class_list":["post-8927","page","type-page","status-publish","hentry"],"acf":[],"yoast_head":"<!-- This site is optimized with the Yoast SEO plugin v19.7.2 - https:\/\/yoast.com\/wordpress\/plugins\/seo\/ -->\n<title>R\u00fcckverfolgbarkeit | Sar\u0131met<\/title>\n<meta name=\"robots\" content=\"index, follow, max-snippet:-1, max-image-preview:large, max-video-preview:-1\" \/>\n<link rel=\"canonical\" href=\"https:\/\/sarimet.com\/de\/ruckverfolgbarkeit\/\" \/>\n<meta property=\"og:locale\" content=\"de_DE\" \/>\n<meta property=\"og:type\" content=\"article\" \/>\n<meta property=\"og:title\" content=\"R\u00fcckverfolgbarkeit | Sar\u0131met\" \/>\n<meta property=\"og:url\" content=\"https:\/\/sarimet.com\/de\/ruckverfolgbarkeit\/\" \/>\n<meta property=\"og:site_name\" content=\"Sar\u0131met\" \/>\n<meta property=\"article:modified_time\" content=\"2022-08-31T11:29:27+00:00\" \/>\n<meta name=\"twitter:card\" content=\"summary_large_image\" \/>\n<meta name=\"twitter:label1\" content=\"Gesch\u00e4tzte Lesezeit\" \/>\n\t<meta name=\"twitter:data1\" content=\"1\u00a0Minute\" \/>\n<script type=\"application\/ld+json\" class=\"yoast-schema-graph\">{\"@context\":\"https:\/\/schema.org\",\"@graph\":[{\"@type\":\"WebPage\",\"@id\":\"https:\/\/sarimet.com\/de\/ruckverfolgbarkeit\/\",\"url\":\"https:\/\/sarimet.com\/de\/ruckverfolgbarkeit\/\",\"name\":\"R\u00fcckverfolgbarkeit | Sar\u0131met\",\"isPartOf\":{\"@id\":\"https:\/\/sarimet.com\/de\/#website\"},\"datePublished\":\"2022-04-22T13:16:35+00:00\",\"dateModified\":\"2022-08-31T11:29:27+00:00\",\"breadcrumb\":{\"@id\":\"https:\/\/sarimet.com\/de\/ruckverfolgbarkeit\/#breadcrumb\"},\"inLanguage\":\"de\",\"potentialAction\":[{\"@type\":\"ReadAction\",\"target\":[\"https:\/\/sarimet.com\/de\/ruckverfolgbarkeit\/\"]}]},{\"@type\":\"BreadcrumbList\",\"@id\":\"https:\/\/sarimet.com\/de\/ruckverfolgbarkeit\/#breadcrumb\",\"itemListElement\":[{\"@type\":\"ListItem\",\"position\":1,\"name\":\"R\u00fcckverfolgbarkeit\"}]},{\"@type\":\"WebSite\",\"@id\":\"https:\/\/sarimet.com\/de\/#website\",\"url\":\"https:\/\/sarimet.com\/de\/\",\"name\":\"Sar\u0131met\",\"description\":\"\",\"potentialAction\":[{\"@type\":\"SearchAction\",\"target\":{\"@type\":\"EntryPoint\",\"urlTemplate\":\"https:\/\/sarimet.com\/de\/?s={search_term_string}\"},\"query-input\":\"required name=search_term_string\"}],\"inLanguage\":\"de\"}]}<\/script>\n<!-- \/ Yoast SEO plugin. -->","yoast_head_json":{"title":"R\u00fcckverfolgbarkeit | Sar\u0131met","robots":{"index":"index","follow":"follow","max-snippet":"max-snippet:-1","max-image-preview":"max-image-preview:large","max-video-preview":"max-video-preview:-1"},"canonical":"https:\/\/sarimet.com\/de\/ruckverfolgbarkeit\/","og_locale":"de_DE","og_type":"article","og_title":"R\u00fcckverfolgbarkeit | Sar\u0131met","og_url":"https:\/\/sarimet.com\/de\/ruckverfolgbarkeit\/","og_site_name":"Sar\u0131met","article_modified_time":"2022-08-31T11:29:27+00:00","twitter_card":"summary_large_image","twitter_misc":{"Gesch\u00e4tzte Lesezeit":"1\u00a0Minute"},"schema":{"@context":"https:\/\/schema.org","@graph":[{"@type":"WebPage","@id":"https:\/\/sarimet.com\/de\/ruckverfolgbarkeit\/","url":"https:\/\/sarimet.com\/de\/ruckverfolgbarkeit\/","name":"R\u00fcckverfolgbarkeit | Sar\u0131met","isPartOf":{"@id":"https:\/\/sarimet.com\/de\/#website"},"datePublished":"2022-04-22T13:16:35+00:00","dateModified":"2022-08-31T11:29:27+00:00","breadcrumb":{"@id":"https:\/\/sarimet.com\/de\/ruckverfolgbarkeit\/#breadcrumb"},"inLanguage":"de","potentialAction":[{"@type":"ReadAction","target":["https:\/\/sarimet.com\/de\/ruckverfolgbarkeit\/"]}]},{"@type":"BreadcrumbList","@id":"https:\/\/sarimet.com\/de\/ruckverfolgbarkeit\/#breadcrumb","itemListElement":[{"@type":"ListItem","position":1,"name":"R\u00fcckverfolgbarkeit"}]},{"@type":"WebSite","@id":"https:\/\/sarimet.com\/de\/#website","url":"https:\/\/sarimet.com\/de\/","name":"Sar\u0131met","description":"","potentialAction":[{"@type":"SearchAction","target":{"@type":"EntryPoint","urlTemplate":"https:\/\/sarimet.com\/de\/?s={search_term_string}"},"query-input":"required name=search_term_string"}],"inLanguage":"de"}]}},"_links":{"self":[{"href":"https:\/\/sarimet.com\/de\/wp-json\/wp\/v2\/pages\/8927","targetHints":{"allow":["GET"]}}],"collection":[{"href":"https:\/\/sarimet.com\/de\/wp-json\/wp\/v2\/pages"}],"about":[{"href":"https:\/\/sarimet.com\/de\/wp-json\/wp\/v2\/types\/page"}],"author":[{"embeddable":true,"href":"https:\/\/sarimet.com\/de\/wp-json\/wp\/v2\/users\/1"}],"replies":[{"embeddable":true,"href":"https:\/\/sarimet.com\/de\/wp-json\/wp\/v2\/comments?post=8927"}],"version-history":[{"count":7,"href":"https:\/\/sarimet.com\/de\/wp-json\/wp\/v2\/pages\/8927\/revisions"}],"predecessor-version":[{"id":10129,"href":"https:\/\/sarimet.com\/de\/wp-json\/wp\/v2\/pages\/8927\/revisions\/10129"}],"wp:attachment":[{"href":"https:\/\/sarimet.com\/de\/wp-json\/wp\/v2\/media?parent=8927"}],"curies":[{"name":"wp","href":"https:\/\/api.w.org\/{rel}","templated":true}]}}