{"id":8877,"date":"2022-04-22T15:49:37","date_gmt":"2022-04-22T12:49:37","guid":{"rendered":"https:\/\/sarimet.com\/de\/?page_id=8877"},"modified":"2022-08-31T14:11:34","modified_gmt":"2022-08-31T11:11:34","slug":"msa-messsystemanalyse","status":"publish","type":"page","link":"https:\/\/sarimet.com\/de\/msa-messsystemanalyse\/","title":{"rendered":"MSA (Messsystemanalyse)"},"content":{"rendered":"<section class=\"l-section wpb_row height_small\"><div class=\"l-section-h i-cf\"><div class=\"g-cols vc_row via_grid cols_1 laptops-cols_inherit tablets-cols_inherit mobiles-cols_1 valign_top type_default stacking_default\"><div class=\"wpb_column vc_column_container us_custom_7e20fa79 us_animate_this\"><div class=\"vc_column-inner\"><div class=\"g-cols wpb_row via_grid cols_2 laptops-cols_inherit tablets-cols_inherit mobiles-cols_1 valign_middle type_default stacking_default\"><div class=\"wpb_column vc_column_container\"><div class=\"vc_column-inner\"><div class=\"w-image us_custom_dad4fece has_ratio align_none\"><div class=\"w-image-h\"><div style=\"padding-bottom:56.25%\"><\/div><img loading=\"lazy\" decoding=\"async\" width=\"1000\" height=\"730\" src=\"https:\/\/sarimet.com\/de\/wp-content\/uploads\/2022\/04\/olcum-sistemleri-analizi.jpg\" class=\"attachment-full size-full\" alt=\"\" srcset=\"https:\/\/sarimet.com\/de\/wp-content\/uploads\/2022\/04\/olcum-sistemleri-analizi.jpg 1000w, https:\/\/sarimet.com\/de\/wp-content\/uploads\/2022\/04\/olcum-sistemleri-analizi-300x219.jpg 300w\" sizes=\"auto, (max-width: 1000px) 100vw, 1000px\" \/><\/div><\/div><\/div><\/div><div class=\"wpb_column vc_column_container\"><div class=\"vc_column-inner\"><div class=\"wpb_text_column\"><div class=\"wpb_wrapper\"><p>MSA ist definiert als eine experimentelle und mathematische Methode zur Bestimmung des Ausma\u00dfes der Variation, die in einem Messprozess vorhanden ist. Die Variation im Messprozess kann direkt zu unserer gesamten Prozessvariabilit\u00e4t beitragen. Die MSA wird verwendet, um das Messsystem f\u00fcr die Verwendung zu validieren, indem die Genauigkeit, Pr\u00e4zision und Stabilit\u00e4t des Systems bewertet wird.<\/p>\n<p><strong>Was ist das Messsystem?<\/strong><\/p>\n<p>Ein Messsystem wurde als ein System zusammenh\u00e4ngender Messungen definiert, dass die Quantifizierung bestimmter Merkmale erm\u00f6glicht. Es kann auch eine Reihe von Indikatoren, Vorrichtungen, Software und Personal enthalten, die erforderlich sind, um eine bestimmte Ma\u00dfeinheit zu \u00fcberpr\u00fcfen oder eine Bewertung des gemessenen Merkmals oder des Merkmals vorzunehmen. Quellen f\u00fcr Schwankungen in einem Messprozess k\u00f6nnen sein:<\/p>\n<\/div><\/div><\/div><\/div><\/div><div class=\"w-separator size_medium\"><\/div><\/div><\/div><div class=\"wpb_column vc_column_container\"><div class=\"vc_column-inner\"><div class=\"wpb_text_column\"><div class=\"wpb_wrapper\"><p>\u2013 Prozess \u2013 Pr\u00fcfverfahren, Spezifikation<\/p>\n<p>\u2013 Personal \u2013 Bediener, Qualifikationsniveau, Schulung usw.<\/p>\n<p>\u2013 Werkzeuge \/ Ausr\u00fcstung \u2013 Messger\u00e4te, Vorrichtungen, verwendete Pr\u00fcfger\u00e4te und die zugeh\u00f6rigen Kalibriersysteme<\/p>\n<p>\u2013 Messobjekte \u2013 Proben des zu messenden Teils oder Materials, Stichprobenplan usw.<\/p>\n<p>\u2013 Umgebungsfaktoren \u2013 Temperatur, Feuchtigkeit etc.<\/p>\n<p>All diese m\u00f6glichen Abweichungsquellen sollten bei der Messsystemanalyse ber\u00fccksichtigt werden. Die Bewertung eines Messsystems sollte die Verwendung spezifischer Qualit\u00e4tsinstrumente umfassen, um die wahrscheinlichste Quelle von Abweichungen zu identifizieren. Die meisten MSA-Aktivit\u00e4ten untersuchen zwei Hauptquellen f\u00fcr Abweichungen; Teile und ihre Messung. Die Summe dieser beiden Werte stellt die Gesamtstreuung in einem Messsystem dar.<\/p>\n<\/div><\/div><\/div><\/div><\/div><\/div><\/section>\n","protected":false},"excerpt":{"rendered":"MSA ist definiert als eine experimentelle und mathematische Methode zur Bestimmung des Ausma\u00dfes der Variation, die in einem Messprozess vorhanden ist. Die Variation im Messprozess kann direkt zu unserer gesamten Prozessvariabilit\u00e4t beitragen. Die MSA wird verwendet, um das Messsystem f\u00fcr die Verwendung zu validieren, indem die Genauigkeit, Pr\u00e4zision und Stabilit\u00e4t des Systems bewertet wird. Was...","protected":false},"author":1,"featured_media":0,"parent":0,"menu_order":0,"comment_status":"closed","ping_status":"closed","template":"","meta":{"footnotes":""},"class_list":["post-8877","page","type-page","status-publish","hentry"],"acf":[],"yoast_head":"<!-- This site is optimized with the Yoast SEO plugin v19.7.2 - https:\/\/yoast.com\/wordpress\/plugins\/seo\/ -->\n<title>MSA (Messsystemanalyse) | Sar\u0131met<\/title>\n<meta name=\"robots\" content=\"index, follow, max-snippet:-1, max-image-preview:large, max-video-preview:-1\" \/>\n<link rel=\"canonical\" href=\"https:\/\/sarimet.com\/de\/msa-messsystemanalyse\/\" \/>\n<meta property=\"og:locale\" content=\"de_DE\" \/>\n<meta property=\"og:type\" content=\"article\" \/>\n<meta property=\"og:title\" content=\"MSA (Messsystemanalyse) | Sar\u0131met\" \/>\n<meta property=\"og:url\" content=\"https:\/\/sarimet.com\/de\/msa-messsystemanalyse\/\" \/>\n<meta property=\"og:site_name\" content=\"Sar\u0131met\" \/>\n<meta property=\"article:modified_time\" content=\"2022-08-31T11:11:34+00:00\" \/>\n<meta name=\"twitter:card\" content=\"summary_large_image\" \/>\n<meta name=\"twitter:label1\" content=\"Gesch\u00e4tzte Lesezeit\" \/>\n\t<meta name=\"twitter:data1\" content=\"2\u00a0Minuten\" \/>\n<script type=\"application\/ld+json\" class=\"yoast-schema-graph\">{\"@context\":\"https:\/\/schema.org\",\"@graph\":[{\"@type\":\"WebPage\",\"@id\":\"https:\/\/sarimet.com\/de\/msa-messsystemanalyse\/\",\"url\":\"https:\/\/sarimet.com\/de\/msa-messsystemanalyse\/\",\"name\":\"MSA (Messsystemanalyse) | Sar\u0131met\",\"isPartOf\":{\"@id\":\"https:\/\/sarimet.com\/de\/#website\"},\"datePublished\":\"2022-04-22T12:49:37+00:00\",\"dateModified\":\"2022-08-31T11:11:34+00:00\",\"breadcrumb\":{\"@id\":\"https:\/\/sarimet.com\/de\/msa-messsystemanalyse\/#breadcrumb\"},\"inLanguage\":\"de\",\"potentialAction\":[{\"@type\":\"ReadAction\",\"target\":[\"https:\/\/sarimet.com\/de\/msa-messsystemanalyse\/\"]}]},{\"@type\":\"BreadcrumbList\",\"@id\":\"https:\/\/sarimet.com\/de\/msa-messsystemanalyse\/#breadcrumb\",\"itemListElement\":[{\"@type\":\"ListItem\",\"position\":1,\"name\":\"MSA (Messsystemanalyse)\"}]},{\"@type\":\"WebSite\",\"@id\":\"https:\/\/sarimet.com\/de\/#website\",\"url\":\"https:\/\/sarimet.com\/de\/\",\"name\":\"Sar\u0131met\",\"description\":\"\",\"potentialAction\":[{\"@type\":\"SearchAction\",\"target\":{\"@type\":\"EntryPoint\",\"urlTemplate\":\"https:\/\/sarimet.com\/de\/?s={search_term_string}\"},\"query-input\":\"required name=search_term_string\"}],\"inLanguage\":\"de\"}]}<\/script>\n<!-- \/ Yoast SEO plugin. -->","yoast_head_json":{"title":"MSA (Messsystemanalyse) | Sar\u0131met","robots":{"index":"index","follow":"follow","max-snippet":"max-snippet:-1","max-image-preview":"max-image-preview:large","max-video-preview":"max-video-preview:-1"},"canonical":"https:\/\/sarimet.com\/de\/msa-messsystemanalyse\/","og_locale":"de_DE","og_type":"article","og_title":"MSA (Messsystemanalyse) | Sar\u0131met","og_url":"https:\/\/sarimet.com\/de\/msa-messsystemanalyse\/","og_site_name":"Sar\u0131met","article_modified_time":"2022-08-31T11:11:34+00:00","twitter_card":"summary_large_image","twitter_misc":{"Gesch\u00e4tzte Lesezeit":"2\u00a0Minuten"},"schema":{"@context":"https:\/\/schema.org","@graph":[{"@type":"WebPage","@id":"https:\/\/sarimet.com\/de\/msa-messsystemanalyse\/","url":"https:\/\/sarimet.com\/de\/msa-messsystemanalyse\/","name":"MSA (Messsystemanalyse) | Sar\u0131met","isPartOf":{"@id":"https:\/\/sarimet.com\/de\/#website"},"datePublished":"2022-04-22T12:49:37+00:00","dateModified":"2022-08-31T11:11:34+00:00","breadcrumb":{"@id":"https:\/\/sarimet.com\/de\/msa-messsystemanalyse\/#breadcrumb"},"inLanguage":"de","potentialAction":[{"@type":"ReadAction","target":["https:\/\/sarimet.com\/de\/msa-messsystemanalyse\/"]}]},{"@type":"BreadcrumbList","@id":"https:\/\/sarimet.com\/de\/msa-messsystemanalyse\/#breadcrumb","itemListElement":[{"@type":"ListItem","position":1,"name":"MSA (Messsystemanalyse)"}]},{"@type":"WebSite","@id":"https:\/\/sarimet.com\/de\/#website","url":"https:\/\/sarimet.com\/de\/","name":"Sar\u0131met","description":"","potentialAction":[{"@type":"SearchAction","target":{"@type":"EntryPoint","urlTemplate":"https:\/\/sarimet.com\/de\/?s={search_term_string}"},"query-input":"required name=search_term_string"}],"inLanguage":"de"}]}},"_links":{"self":[{"href":"https:\/\/sarimet.com\/de\/wp-json\/wp\/v2\/pages\/8877","targetHints":{"allow":["GET"]}}],"collection":[{"href":"https:\/\/sarimet.com\/de\/wp-json\/wp\/v2\/pages"}],"about":[{"href":"https:\/\/sarimet.com\/de\/wp-json\/wp\/v2\/types\/page"}],"author":[{"embeddable":true,"href":"https:\/\/sarimet.com\/de\/wp-json\/wp\/v2\/users\/1"}],"replies":[{"embeddable":true,"href":"https:\/\/sarimet.com\/de\/wp-json\/wp\/v2\/comments?post=8877"}],"version-history":[{"count":6,"href":"https:\/\/sarimet.com\/de\/wp-json\/wp\/v2\/pages\/8877\/revisions"}],"predecessor-version":[{"id":10121,"href":"https:\/\/sarimet.com\/de\/wp-json\/wp\/v2\/pages\/8877\/revisions\/10121"}],"wp:attachment":[{"href":"https:\/\/sarimet.com\/de\/wp-json\/wp\/v2\/media?parent=8877"}],"curies":[{"name":"wp","href":"https:\/\/api.w.org\/{rel}","templated":true}]}}