{"id":8875,"date":"2022-04-22T15:49:15","date_gmt":"2022-04-22T12:49:15","guid":{"rendered":"https:\/\/sarimet.com\/de\/?page_id=8875"},"modified":"2022-08-31T14:09:52","modified_gmt":"2022-08-31T11:09:52","slug":"fmea-fehlermoglichkeits-und-einflussanalyse","status":"publish","type":"page","link":"https:\/\/sarimet.com\/de\/fmea-fehlermoglichkeits-und-einflussanalyse\/","title":{"rendered":"FMEA (Fehlerm\u00f6glichkeits- und Einflussanalyse)"},"content":{"rendered":"<section class=\"l-section wpb_row height_small\"><div class=\"l-section-h i-cf\"><div class=\"g-cols vc_row via_grid cols_1 laptops-cols_inherit tablets-cols_inherit mobiles-cols_1 valign_top type_default stacking_default\"><div class=\"wpb_column vc_column_container us_custom_7e20fa79 us_animate_this\"><div class=\"vc_column-inner\"><div class=\"g-cols wpb_row via_grid cols_2 laptops-cols_inherit tablets-cols_inherit mobiles-cols_1 valign_middle type_default stacking_default\"><div class=\"wpb_column vc_column_container\"><div class=\"vc_column-inner\"><div class=\"w-image us_custom_dad4fece has_ratio align_none\"><div class=\"w-image-h\"><div style=\"padding-bottom:66.6667%\"><\/div><img loading=\"lazy\" decoding=\"async\" width=\"1000\" height=\"730\" src=\"https:\/\/sarimet.com\/de\/wp-content\/uploads\/2022\/04\/hata-turleri-ve-etki-analizi.jpg\" class=\"attachment-full size-full\" alt=\"\" srcset=\"https:\/\/sarimet.com\/de\/wp-content\/uploads\/2022\/04\/hata-turleri-ve-etki-analizi.jpg 1000w, https:\/\/sarimet.com\/de\/wp-content\/uploads\/2022\/04\/hata-turleri-ve-etki-analizi-300x219.jpg 300w\" sizes=\"auto, (max-width: 1000px) 100vw, 1000px\" \/><\/div><\/div><\/div><\/div><div class=\"wpb_column vc_column_container\"><div class=\"vc_column-inner\"><div class=\"wpb_text_column\"><div class=\"wpb_wrapper\"><p>Die Fehlerm\u00f6glichkeits- und Einflussanalyse (FMEA) ist ein strukturierter Ansatz zur Entdeckung potenzieller Fehler, die bei der Konstruktion eines Produkts oder Prozesses auftreten k\u00f6nnen.<\/p>\n<p>FMEA hat zwei gro\u00dfe Kategorien: Design-FMEA (DFMEA) und Prozess-FMEA (PFMEA).<\/p>\n<p><strong>Design-FMEA<\/strong><\/p>\n<p>Das Design-FMEA (DFMEA) untersucht die M\u00f6glichkeit von Produktausf\u00e4llen, Verk\u00fcrzung der Produktlebensdauer sowie Sicherheits- und regulatorische Bedenken, die sich aus folgenden Gr\u00fcnden ergeben:<\/p>\n<p>\u2013Materialeigenschaften<\/p>\n<p>\u2013 Geometrie<\/p>\n<p>\u2013 Toleranzen<\/p>\n<p>\u2013 Schnittstellen zu anderen Komponenten und\/oder Systemen<\/p>\n<\/div><\/div><\/div><\/div><\/div><div class=\"w-separator size_medium\"><\/div><\/div><\/div><div class=\"wpb_column vc_column_container\"><div class=\"vc_column-inner\"><div class=\"wpb_text_column\"><div class=\"wpb_wrapper\"><p><strong>Prozess-FMEA<\/strong><\/p>\n<p>Das Prozess-FMEA (PFMEA) deckt Fehler auf, die durch Produktqualit\u00e4t, Prozesszuverl\u00e4ssigkeit, Kundenunzufriedenheit und Sicherheits- oder Umweltgefahren, verursacht werden:<\/p>\n<p>\u2013Menschliche Faktoren<\/p>\n<p>\u2013 Methoden, die w\u00e4hrend der Verarbeitung befolgt werden<\/p>\n<p>-Verwendete Materialien<\/p>\n<p>\u2013 Gebrauchtmaschinen<\/p>\n<p>\u2013 Auswirkungen von Messsystemen auf die Akzeptanz<\/p>\n<p>\u2013 Umgebungsfaktoren f\u00fcr die Prozessleistung<\/p>\n<\/div><\/div><\/div><\/div><\/div><\/div><\/section>\n","protected":false},"excerpt":{"rendered":"Die Fehlerm\u00f6glichkeits- und Einflussanalyse (FMEA) ist ein strukturierter Ansatz zur Entdeckung potenzieller Fehler, die bei der Konstruktion eines Produkts oder Prozesses auftreten k\u00f6nnen. FMEA hat zwei gro\u00dfe Kategorien: Design-FMEA (DFMEA) und Prozess-FMEA (PFMEA). Design-FMEA Das Design-FMEA (DFMEA) untersucht die M\u00f6glichkeit von Produktausf\u00e4llen, Verk\u00fcrzung der Produktlebensdauer sowie Sicherheits- und regulatorische Bedenken, die sich aus folgenden Gr\u00fcnden...","protected":false},"author":1,"featured_media":0,"parent":0,"menu_order":0,"comment_status":"closed","ping_status":"closed","template":"","meta":{"footnotes":""},"class_list":["post-8875","page","type-page","status-publish","hentry"],"acf":[],"yoast_head":"<!-- This site is optimized with the Yoast SEO plugin v19.7.2 - https:\/\/yoast.com\/wordpress\/plugins\/seo\/ -->\n<title>FMEA (Fehlerm\u00f6glichkeits- und Einflussanalyse) | Sar\u0131met<\/title>\n<meta name=\"robots\" content=\"index, follow, max-snippet:-1, max-image-preview:large, max-video-preview:-1\" \/>\n<link rel=\"canonical\" href=\"https:\/\/sarimet.com\/de\/fmea-fehlermoglichkeits-und-einflussanalyse\/\" \/>\n<meta property=\"og:locale\" content=\"de_DE\" \/>\n<meta property=\"og:type\" content=\"article\" \/>\n<meta property=\"og:title\" content=\"FMEA (Fehlerm\u00f6glichkeits- und Einflussanalyse) | Sar\u0131met\" \/>\n<meta property=\"og:url\" content=\"https:\/\/sarimet.com\/de\/fmea-fehlermoglichkeits-und-einflussanalyse\/\" \/>\n<meta property=\"og:site_name\" content=\"Sar\u0131met\" \/>\n<meta property=\"article:modified_time\" content=\"2022-08-31T11:09:52+00:00\" \/>\n<meta name=\"twitter:card\" content=\"summary_large_image\" \/>\n<meta name=\"twitter:label1\" content=\"Gesch\u00e4tzte Lesezeit\" \/>\n\t<meta name=\"twitter:data1\" content=\"1\u00a0Minute\" \/>\n<script type=\"application\/ld+json\" class=\"yoast-schema-graph\">{\"@context\":\"https:\/\/schema.org\",\"@graph\":[{\"@type\":\"WebPage\",\"@id\":\"https:\/\/sarimet.com\/de\/fmea-fehlermoglichkeits-und-einflussanalyse\/\",\"url\":\"https:\/\/sarimet.com\/de\/fmea-fehlermoglichkeits-und-einflussanalyse\/\",\"name\":\"FMEA (Fehlerm\u00f6glichkeits- und Einflussanalyse) | Sar\u0131met\",\"isPartOf\":{\"@id\":\"https:\/\/sarimet.com\/de\/#website\"},\"datePublished\":\"2022-04-22T12:49:15+00:00\",\"dateModified\":\"2022-08-31T11:09:52+00:00\",\"breadcrumb\":{\"@id\":\"https:\/\/sarimet.com\/de\/fmea-fehlermoglichkeits-und-einflussanalyse\/#breadcrumb\"},\"inLanguage\":\"de\",\"potentialAction\":[{\"@type\":\"ReadAction\",\"target\":[\"https:\/\/sarimet.com\/de\/fmea-fehlermoglichkeits-und-einflussanalyse\/\"]}]},{\"@type\":\"BreadcrumbList\",\"@id\":\"https:\/\/sarimet.com\/de\/fmea-fehlermoglichkeits-und-einflussanalyse\/#breadcrumb\",\"itemListElement\":[{\"@type\":\"ListItem\",\"position\":1,\"name\":\"FMEA (Fehlerm\u00f6glichkeits- und Einflussanalyse)\"}]},{\"@type\":\"WebSite\",\"@id\":\"https:\/\/sarimet.com\/de\/#website\",\"url\":\"https:\/\/sarimet.com\/de\/\",\"name\":\"Sar\u0131met\",\"description\":\"\",\"potentialAction\":[{\"@type\":\"SearchAction\",\"target\":{\"@type\":\"EntryPoint\",\"urlTemplate\":\"https:\/\/sarimet.com\/de\/?s={search_term_string}\"},\"query-input\":\"required name=search_term_string\"}],\"inLanguage\":\"de\"}]}<\/script>\n<!-- \/ Yoast SEO plugin. -->","yoast_head_json":{"title":"FMEA (Fehlerm\u00f6glichkeits- und Einflussanalyse) | Sar\u0131met","robots":{"index":"index","follow":"follow","max-snippet":"max-snippet:-1","max-image-preview":"max-image-preview:large","max-video-preview":"max-video-preview:-1"},"canonical":"https:\/\/sarimet.com\/de\/fmea-fehlermoglichkeits-und-einflussanalyse\/","og_locale":"de_DE","og_type":"article","og_title":"FMEA (Fehlerm\u00f6glichkeits- und Einflussanalyse) | Sar\u0131met","og_url":"https:\/\/sarimet.com\/de\/fmea-fehlermoglichkeits-und-einflussanalyse\/","og_site_name":"Sar\u0131met","article_modified_time":"2022-08-31T11:09:52+00:00","twitter_card":"summary_large_image","twitter_misc":{"Gesch\u00e4tzte Lesezeit":"1\u00a0Minute"},"schema":{"@context":"https:\/\/schema.org","@graph":[{"@type":"WebPage","@id":"https:\/\/sarimet.com\/de\/fmea-fehlermoglichkeits-und-einflussanalyse\/","url":"https:\/\/sarimet.com\/de\/fmea-fehlermoglichkeits-und-einflussanalyse\/","name":"FMEA (Fehlerm\u00f6glichkeits- und Einflussanalyse) | Sar\u0131met","isPartOf":{"@id":"https:\/\/sarimet.com\/de\/#website"},"datePublished":"2022-04-22T12:49:15+00:00","dateModified":"2022-08-31T11:09:52+00:00","breadcrumb":{"@id":"https:\/\/sarimet.com\/de\/fmea-fehlermoglichkeits-und-einflussanalyse\/#breadcrumb"},"inLanguage":"de","potentialAction":[{"@type":"ReadAction","target":["https:\/\/sarimet.com\/de\/fmea-fehlermoglichkeits-und-einflussanalyse\/"]}]},{"@type":"BreadcrumbList","@id":"https:\/\/sarimet.com\/de\/fmea-fehlermoglichkeits-und-einflussanalyse\/#breadcrumb","itemListElement":[{"@type":"ListItem","position":1,"name":"FMEA (Fehlerm\u00f6glichkeits- und Einflussanalyse)"}]},{"@type":"WebSite","@id":"https:\/\/sarimet.com\/de\/#website","url":"https:\/\/sarimet.com\/de\/","name":"Sar\u0131met","description":"","potentialAction":[{"@type":"SearchAction","target":{"@type":"EntryPoint","urlTemplate":"https:\/\/sarimet.com\/de\/?s={search_term_string}"},"query-input":"required name=search_term_string"}],"inLanguage":"de"}]}},"_links":{"self":[{"href":"https:\/\/sarimet.com\/de\/wp-json\/wp\/v2\/pages\/8875","targetHints":{"allow":["GET"]}}],"collection":[{"href":"https:\/\/sarimet.com\/de\/wp-json\/wp\/v2\/pages"}],"about":[{"href":"https:\/\/sarimet.com\/de\/wp-json\/wp\/v2\/types\/page"}],"author":[{"embeddable":true,"href":"https:\/\/sarimet.com\/de\/wp-json\/wp\/v2\/users\/1"}],"replies":[{"embeddable":true,"href":"https:\/\/sarimet.com\/de\/wp-json\/wp\/v2\/comments?post=8875"}],"version-history":[{"count":6,"href":"https:\/\/sarimet.com\/de\/wp-json\/wp\/v2\/pages\/8875\/revisions"}],"predecessor-version":[{"id":10120,"href":"https:\/\/sarimet.com\/de\/wp-json\/wp\/v2\/pages\/8875\/revisions\/10120"}],"wp:attachment":[{"href":"https:\/\/sarimet.com\/de\/wp-json\/wp\/v2\/media?parent=8875"}],"curies":[{"name":"wp","href":"https:\/\/api.w.org\/{rel}","templated":true}]}}