{"id":8873,"date":"2022-04-22T15:48:47","date_gmt":"2022-04-22T12:48:47","guid":{"rendered":"https:\/\/sarimet.com\/de\/?page_id=8873"},"modified":"2022-08-31T14:06:00","modified_gmt":"2022-08-31T11:06:00","slug":"ppap-subject-approval-process","status":"publish","type":"page","link":"https:\/\/sarimet.com\/de\/ppap-subject-approval-process\/","title":{"rendered":"PPAP (Subject Approval Process)"},"content":{"rendered":"<section class=\"l-section wpb_row height_small\"><div class=\"l-section-h i-cf\"><div class=\"g-cols vc_row via_grid cols_1 laptops-cols_inherit tablets-cols_inherit mobiles-cols_1 valign_top type_default stacking_default\"><div class=\"wpb_column vc_column_container us_custom_7e20fa79 us_animate_this\"><div class=\"vc_column-inner\"><div class=\"g-cols wpb_row via_grid cols_2 laptops-cols_inherit tablets-cols_inherit mobiles-cols_1 valign_middle type_default stacking_default\"><div class=\"wpb_column vc_column_container\"><div class=\"vc_column-inner\"><div class=\"w-image us_custom_dad4fece style_shadow-1 has_ratio align_none\"><div class=\"w-image-h\"><div style=\"padding-bottom:56.25%\"><\/div><img loading=\"lazy\" decoding=\"async\" width=\"1000\" height=\"730\" src=\"https:\/\/sarimet.com\/de\/wp-content\/uploads\/2022\/04\/uretim-parcasi-onay-prosesi.jpg\" class=\"attachment-full size-full\" alt=\"\" srcset=\"https:\/\/sarimet.com\/de\/wp-content\/uploads\/2022\/04\/uretim-parcasi-onay-prosesi.jpg 1000w, https:\/\/sarimet.com\/de\/wp-content\/uploads\/2022\/04\/uretim-parcasi-onay-prosesi-300x219.jpg 300w\" sizes=\"auto, (max-width: 1000px) 100vw, 1000px\" \/><\/div><\/div><\/div><\/div><div class=\"wpb_column vc_column_container\"><div class=\"vc_column-inner\"><div class=\"wpb_text_column\"><div class=\"wpb_wrapper\"><p>Der Production Part Approval Process (PPAP) ist ein wertvolles Instrument, um Vertrauen zu Teillieferanten und ihren Herstellungsprozessen aufzubauen. PPAP definiert den Genehmigungsprozess f\u00fcr neue, \u00fcberarbeitete Teile oder Teile, die mit neuen, erheblich \u00fcberarbeiteten Fertigungsmethoden hergestellt wurden.<\/p>\n<p>Der PPAP-Prozess besteht aus 18 Elementen, die erforderlich sein k\u00f6nnen, um Teile auf Produktionsebene zu genehmigen. Nicht alle Elemente sind f\u00fcr jede Einreichung erforderlich. Es gibt f\u00fcnf allgemein akzeptierte PPAP-Anwendungsstufen. Der PPAP-Leitfaden enth\u00e4lt detaillierte Informationen, Richtlinien und Musterdokumentationen, die f\u00fcr die Erf\u00fcllung der Prozessanforderungen n\u00fctzlich sind. Die resultierende PPAP-Pr\u00e4sentation beweist, dass der Lieferant die Anforderungen des Kunden erf\u00fcllt und dass der Prozess in der Lage ist, qualitativ hochwertige Teile konsistent zu reproduzieren.<\/p>\n<\/div><\/div><\/div><\/div><\/div><\/div><\/div><\/div><\/div><\/section>\n","protected":false},"excerpt":{"rendered":"Der Production Part Approval Process (PPAP) ist ein wertvolles Instrument, um Vertrauen zu Teillieferanten und ihren Herstellungsprozessen aufzubauen. PPAP definiert den Genehmigungsprozess f\u00fcr neue, \u00fcberarbeitete Teile oder Teile, die mit neuen, erheblich \u00fcberarbeiteten Fertigungsmethoden hergestellt wurden. Der PPAP-Prozess besteht aus 18 Elementen, die erforderlich sein k\u00f6nnen, um Teile auf Produktionsebene zu genehmigen. Nicht alle Elemente...","protected":false},"author":1,"featured_media":0,"parent":0,"menu_order":0,"comment_status":"closed","ping_status":"closed","template":"","meta":{"footnotes":""},"class_list":["post-8873","page","type-page","status-publish","hentry"],"acf":[],"yoast_head":"<!-- This site is optimized with the Yoast SEO plugin v19.7.2 - https:\/\/yoast.com\/wordpress\/plugins\/seo\/ -->\n<title>PPAP (Subject Approval Process) | Sar\u0131met<\/title>\n<meta name=\"robots\" content=\"index, follow, max-snippet:-1, max-image-preview:large, max-video-preview:-1\" \/>\n<link rel=\"canonical\" href=\"https:\/\/sarimet.com\/de\/ppap-subject-approval-process\/\" \/>\n<meta property=\"og:locale\" content=\"de_DE\" \/>\n<meta property=\"og:type\" content=\"article\" \/>\n<meta property=\"og:title\" content=\"PPAP (Subject Approval Process) | Sar\u0131met\" \/>\n<meta property=\"og:url\" content=\"https:\/\/sarimet.com\/de\/ppap-subject-approval-process\/\" \/>\n<meta property=\"og:site_name\" content=\"Sar\u0131met\" \/>\n<meta property=\"article:modified_time\" content=\"2022-08-31T11:06:00+00:00\" \/>\n<meta name=\"twitter:card\" content=\"summary_large_image\" \/>\n<meta name=\"twitter:label1\" content=\"Gesch\u00e4tzte Lesezeit\" \/>\n\t<meta name=\"twitter:data1\" content=\"1\u00a0Minute\" \/>\n<script type=\"application\/ld+json\" class=\"yoast-schema-graph\">{\"@context\":\"https:\/\/schema.org\",\"@graph\":[{\"@type\":\"WebPage\",\"@id\":\"https:\/\/sarimet.com\/de\/ppap-subject-approval-process\/\",\"url\":\"https:\/\/sarimet.com\/de\/ppap-subject-approval-process\/\",\"name\":\"PPAP (Subject Approval Process) | Sar\u0131met\",\"isPartOf\":{\"@id\":\"https:\/\/sarimet.com\/de\/#website\"},\"datePublished\":\"2022-04-22T12:48:47+00:00\",\"dateModified\":\"2022-08-31T11:06:00+00:00\",\"breadcrumb\":{\"@id\":\"https:\/\/sarimet.com\/de\/ppap-subject-approval-process\/#breadcrumb\"},\"inLanguage\":\"de\",\"potentialAction\":[{\"@type\":\"ReadAction\",\"target\":[\"https:\/\/sarimet.com\/de\/ppap-subject-approval-process\/\"]}]},{\"@type\":\"BreadcrumbList\",\"@id\":\"https:\/\/sarimet.com\/de\/ppap-subject-approval-process\/#breadcrumb\",\"itemListElement\":[{\"@type\":\"ListItem\",\"position\":1,\"name\":\"PPAP (Subject Approval Process)\"}]},{\"@type\":\"WebSite\",\"@id\":\"https:\/\/sarimet.com\/de\/#website\",\"url\":\"https:\/\/sarimet.com\/de\/\",\"name\":\"Sar\u0131met\",\"description\":\"\",\"potentialAction\":[{\"@type\":\"SearchAction\",\"target\":{\"@type\":\"EntryPoint\",\"urlTemplate\":\"https:\/\/sarimet.com\/de\/?s={search_term_string}\"},\"query-input\":\"required name=search_term_string\"}],\"inLanguage\":\"de\"}]}<\/script>\n<!-- \/ Yoast SEO plugin. -->","yoast_head_json":{"title":"PPAP (Subject Approval Process) | Sar\u0131met","robots":{"index":"index","follow":"follow","max-snippet":"max-snippet:-1","max-image-preview":"max-image-preview:large","max-video-preview":"max-video-preview:-1"},"canonical":"https:\/\/sarimet.com\/de\/ppap-subject-approval-process\/","og_locale":"de_DE","og_type":"article","og_title":"PPAP (Subject Approval Process) | Sar\u0131met","og_url":"https:\/\/sarimet.com\/de\/ppap-subject-approval-process\/","og_site_name":"Sar\u0131met","article_modified_time":"2022-08-31T11:06:00+00:00","twitter_card":"summary_large_image","twitter_misc":{"Gesch\u00e4tzte Lesezeit":"1\u00a0Minute"},"schema":{"@context":"https:\/\/schema.org","@graph":[{"@type":"WebPage","@id":"https:\/\/sarimet.com\/de\/ppap-subject-approval-process\/","url":"https:\/\/sarimet.com\/de\/ppap-subject-approval-process\/","name":"PPAP (Subject Approval Process) | Sar\u0131met","isPartOf":{"@id":"https:\/\/sarimet.com\/de\/#website"},"datePublished":"2022-04-22T12:48:47+00:00","dateModified":"2022-08-31T11:06:00+00:00","breadcrumb":{"@id":"https:\/\/sarimet.com\/de\/ppap-subject-approval-process\/#breadcrumb"},"inLanguage":"de","potentialAction":[{"@type":"ReadAction","target":["https:\/\/sarimet.com\/de\/ppap-subject-approval-process\/"]}]},{"@type":"BreadcrumbList","@id":"https:\/\/sarimet.com\/de\/ppap-subject-approval-process\/#breadcrumb","itemListElement":[{"@type":"ListItem","position":1,"name":"PPAP (Subject Approval Process)"}]},{"@type":"WebSite","@id":"https:\/\/sarimet.com\/de\/#website","url":"https:\/\/sarimet.com\/de\/","name":"Sar\u0131met","description":"","potentialAction":[{"@type":"SearchAction","target":{"@type":"EntryPoint","urlTemplate":"https:\/\/sarimet.com\/de\/?s={search_term_string}"},"query-input":"required name=search_term_string"}],"inLanguage":"de"}]}},"_links":{"self":[{"href":"https:\/\/sarimet.com\/de\/wp-json\/wp\/v2\/pages\/8873","targetHints":{"allow":["GET"]}}],"collection":[{"href":"https:\/\/sarimet.com\/de\/wp-json\/wp\/v2\/pages"}],"about":[{"href":"https:\/\/sarimet.com\/de\/wp-json\/wp\/v2\/types\/page"}],"author":[{"embeddable":true,"href":"https:\/\/sarimet.com\/de\/wp-json\/wp\/v2\/users\/1"}],"replies":[{"embeddable":true,"href":"https:\/\/sarimet.com\/de\/wp-json\/wp\/v2\/comments?post=8873"}],"version-history":[{"count":6,"href":"https:\/\/sarimet.com\/de\/wp-json\/wp\/v2\/pages\/8873\/revisions"}],"predecessor-version":[{"id":10119,"href":"https:\/\/sarimet.com\/de\/wp-json\/wp\/v2\/pages\/8873\/revisions\/10119"}],"wp:attachment":[{"href":"https:\/\/sarimet.com\/de\/wp-json\/wp\/v2\/media?parent=8873"}],"curies":[{"name":"wp","href":"https:\/\/api.w.org\/{rel}","templated":true}]}}