{"id":8830,"date":"2022-04-22T14:48:43","date_gmt":"2022-04-22T11:48:43","guid":{"rendered":"https:\/\/sarimet.com\/de\/?page_id=8830"},"modified":"2022-08-31T12:43:31","modified_gmt":"2022-08-31T09:43:31","slug":"beschichtung-und-oberflachenschutz","status":"publish","type":"page","link":"https:\/\/sarimet.com\/de\/beschichtung-und-oberflachenschutz\/","title":{"rendered":"Beschichtung und Oberfl\u00e4chenschutz"},"content":{"rendered":"<section class=\"l-section wpb_row height_small\"><div class=\"l-section-h i-cf\"><div class=\"g-cols vc_row via_grid cols_1 laptops-cols_inherit tablets-cols_inherit mobiles-cols_1 valign_top type_default stacking_default\"><div class=\"wpb_column vc_column_container us_custom_7e20fa79 us_animate_this\"><div class=\"vc_column-inner\"><div class=\"g-cols wpb_row via_grid cols_2 laptops-cols_inherit tablets-cols_inherit mobiles-cols_1 valign_middle type_default stacking_default\" id=\"elektrostatische-pulverbeschichtung\"><div class=\"wpb_column vc_column_container\"><div class=\"vc_column-inner\"><div class=\"w-image us_custom_65dbb057 us_animate_this has_ratio align_none\"><div class=\"w-image-h\"><div style=\"padding-bottom:56.25%\"><\/div><img loading=\"lazy\" decoding=\"async\" width=\"890\" height=\"597\" src=\"https:\/\/sarimet.com\/de\/wp-content\/uploads\/2022\/07\/Elektrostatik-Toz-Boya.jpg\" class=\"attachment-full size-full\" alt=\"\" srcset=\"https:\/\/sarimet.com\/de\/wp-content\/uploads\/2022\/07\/Elektrostatik-Toz-Boya.jpg 890w, https:\/\/sarimet.com\/de\/wp-content\/uploads\/2022\/07\/Elektrostatik-Toz-Boya-300x201.jpg 300w\" sizes=\"auto, (max-width: 890px) 100vw, 890px\" \/><\/div><\/div><\/div><\/div><div class=\"wpb_column vc_column_container\"><div class=\"vc_column-inner\"><div class=\"wpb_text_column\"><div class=\"wpb_wrapper\"><h3>Elektrostatische Pulverbeschichtung<\/h3>\n<\/div><\/div><div class=\"w-separator size_small\"><\/div><div class=\"wpb_text_column\"><div class=\"wpb_wrapper\"><p>Es handelt sich um ein l\u00f6semittelfreies Oberfl\u00e4chenbeschichtungsverfahren. Das Beschichtungsmaterial sind sehr feine Pulverlackpartikel, die die Decklackschicht bilden. Seine Anwendung erfolgt in einem Ofen mit einer Temperatur von etwa 200 Grad Celsius. Dieses Lackierverfahren wird von unseren Kunden gegen\u00fcber herk\u00f6mmlichen Lackierverfahren bevorzugt, da es l\u00f6semittelfrei, oberfl\u00e4chenbeschaffen, langlebig, wirtschaftlich und umweltfreundlich ist.<\/p>\n<\/div><\/div><\/div><\/div><\/div><div class=\"w-separator size_large\"><\/div><div class=\"g-cols wpb_row via_grid cols_2 laptops-cols_inherit tablets-cols_inherit mobiles-cols_1 valign_middle type_default stacking_default\" id=\"geomet-beschichtung\"><div class=\"wpb_column vc_column_container\"><div class=\"vc_column-inner\"><div class=\"wpb_text_column\"><div class=\"wpb_wrapper\"><h3>Geomet-Beschichtung<\/h3>\n<\/div><\/div><div class=\"w-separator size_small\"><\/div><div class=\"wpb_text_column\"><div class=\"wpb_wrapper\"><p>Es ist eine anorganische Beschichtung, die aus Zink- und Aluminiumpartikeln besteht.<\/p>\n<p>Geomet ist nicht nur \u00e4u\u00dferst empfindlich gegen\u00fcber die Umwelt und der menschlichen Gesundheit, da es kein Chrom und keine Schwermetalle enth\u00e4lt, und weist bei unseren Kunden ein hohes Korrosionspotential auf, da die Salztestbest\u00e4ndigkeit 600 Stunden f\u00fcr eine 5-7-Mikron-Beschichtung und 1000 Stunden f\u00fcr eine 8-10 Mikron Beschichtung betr\u00e4gt. Es wird oft bevorzugt f\u00fcr die Beschichtung von Maschinenteilen, die auf der \u00e4u\u00dferen Oberfl\u00e4che verwendet werden.<\/p>\n<\/div><\/div><\/div><\/div><div class=\"wpb_column vc_column_container\"><div class=\"vc_column-inner\"><div class=\"w-image us_custom_5cbc010c us_animate_this has_ratio align_none\"><div class=\"w-image-h\"><div style=\"padding-bottom:56.25%\"><\/div><img loading=\"lazy\" decoding=\"async\" width=\"1200\" height=\"800\" src=\"https:\/\/sarimet.com\/de\/wp-content\/uploads\/2022\/04\/geomet-kaplama.jpg\" class=\"attachment-full size-full\" alt=\"\" srcset=\"https:\/\/sarimet.com\/de\/wp-content\/uploads\/2022\/04\/geomet-kaplama.jpg 1200w, https:\/\/sarimet.com\/de\/wp-content\/uploads\/2022\/04\/geomet-kaplama-300x200.jpg 300w, https:\/\/sarimet.com\/de\/wp-content\/uploads\/2022\/04\/geomet-kaplama-1024x683.jpg 1024w\" sizes=\"auto, (max-width: 1200px) 100vw, 1200px\" \/><\/div><\/div><\/div><\/div><\/div><div class=\"w-separator size_large\"><\/div><div class=\"g-cols wpb_row via_grid cols_2 laptops-cols_inherit tablets-cols_inherit mobiles-cols_1 valign_middle type_default stacking_default\" id=\"zink-nickel-beschichtung\"><div class=\"wpb_column vc_column_container\"><div class=\"vc_column-inner\"><div class=\"w-image us_custom_65dbb057 us_animate_this has_ratio align_none\"><div class=\"w-image-h\"><div style=\"padding-bottom:56.25%\"><\/div><img loading=\"lazy\" decoding=\"async\" width=\"1680\" height=\"1120\" src=\"https:\/\/sarimet.com\/de\/wp-content\/uploads\/2022\/04\/cinko-cinko-nikel-kaplama.jpg\" class=\"attachment-full size-full\" alt=\"\" srcset=\"https:\/\/sarimet.com\/de\/wp-content\/uploads\/2022\/04\/cinko-cinko-nikel-kaplama.jpg 1680w, https:\/\/sarimet.com\/de\/wp-content\/uploads\/2022\/04\/cinko-cinko-nikel-kaplama-300x200.jpg 300w, https:\/\/sarimet.com\/de\/wp-content\/uploads\/2022\/04\/cinko-cinko-nikel-kaplama-1024x683.jpg 1024w, https:\/\/sarimet.com\/de\/wp-content\/uploads\/2022\/04\/cinko-cinko-nikel-kaplama-1536x1024.jpg 1536w\" sizes=\"auto, (max-width: 1680px) 100vw, 1680px\" \/><\/div><\/div><\/div><\/div><div class=\"wpb_column vc_column_container\"><div class=\"vc_column-inner\"><div class=\"wpb_text_column\"><div class=\"wpb_wrapper\"><h3>Zink\/Nickel Beschichtung<\/h3>\n<\/div><\/div><div class=\"w-separator size_small\"><\/div><div class=\"wpb_text_column\"><div class=\"wpb_wrapper\"><p>Eine Nickellegierungs-Zink\/Nickel-Plattierung, die mit alkalischen oder sauren L\u00f6sungsb\u00e4dern aufgebracht werden kann, wird oft bevorzugt, weil ihre Metallverteilung leichter kontrolliert werden kann und ihre Beschichtungsleistung besser ist.<\/p>\n<p>Neben seiner einfachen Anwendung und Korrosionsschutzleistung ist es ein umweltfreundlicher Beschichtungstyp, da es keine Schwermetalle enth\u00e4lt.<\/p>\n<\/div><\/div><\/div><\/div><\/div><div class=\"w-separator size_large\"><\/div><div class=\"g-cols wpb_row via_grid cols_2 laptops-cols_inherit tablets-cols_inherit mobiles-cols_1 valign_middle type_default stacking_default\" id=\"kataphorese-beschichtung\"><div class=\"wpb_column vc_column_container\"><div class=\"vc_column-inner\"><div class=\"wpb_text_column\"><div class=\"wpb_wrapper\"><h3>Kataphorese-Beschichtung<\/h3>\n<\/div><\/div><div class=\"w-separator size_small\"><\/div><div class=\"wpb_text_column\"><div class=\"wpb_wrapper\"><p>Die Kataphorese-Beschichtung ist eine elektrochemische Beschichtung, die in der Industrie weit verbreitet ist, um Metallbauteile vor korrosiven Einfl\u00fcssen zu sch\u00fctzen, und in der Automobilindustrie allgemein bekannt und bevorzugt ist.<\/p>\n<p>Die Automobilindustrie bevorzugt diese Beschichtungsart in ausgezeichneter Korrosionsbest\u00e4ndigkeit auf Metallteilen, Steinschlagfestigkeit, verbessertem Kantenkorrosionsverhalten, hoher Filmdicke (&lt; 35 Mikrometer), chemischer Best\u00e4ndigkeit, hoher Verschmutzungsbest\u00e4ndigkeit, Pulverbeschichtung und anderen Lackanwendungen kann schnell und homogen beschichtet werden.<\/p>\n<p>Dar\u00fcber hinaus wird es von unseren umweltbewussten Kunden besonders bevorzugt, da es blei- und zinnfrei ist, eine wasserbasierte Struktur hat und nicht blitzgef\u00e4hrdet ist.<\/p>\n<\/div><\/div><\/div><\/div><div class=\"wpb_column vc_column_container\"><div class=\"vc_column-inner\"><div class=\"w-image us_custom_5cbc010c us_animate_this has_ratio align_none\"><div class=\"w-image-h\"><div style=\"padding-bottom:56.25%\"><\/div><img loading=\"lazy\" decoding=\"async\" width=\"1920\" height=\"1080\" src=\"https:\/\/sarimet.com\/de\/wp-content\/uploads\/2022\/04\/kataforez-kaplamaa.jpg\" class=\"attachment-full size-full\" alt=\"\" srcset=\"https:\/\/sarimet.com\/de\/wp-content\/uploads\/2022\/04\/kataforez-kaplamaa.jpg 1920w, https:\/\/sarimet.com\/de\/wp-content\/uploads\/2022\/04\/kataforez-kaplamaa-300x169.jpg 300w, https:\/\/sarimet.com\/de\/wp-content\/uploads\/2022\/04\/kataforez-kaplamaa-1024x576.jpg 1024w, https:\/\/sarimet.com\/de\/wp-content\/uploads\/2022\/04\/kataforez-kaplamaa-1536x864.jpg 1536w\" sizes=\"auto, (max-width: 1920px) 100vw, 1920px\" \/><\/div><\/div><\/div><\/div><\/div><\/div><\/div><\/div><\/div><\/section>\n","protected":false},"excerpt":{"rendered":"Elektrostatische Pulverbeschichtung Es handelt sich um ein l\u00f6semittelfreies Oberfl\u00e4chenbeschichtungsverfahren. Das Beschichtungsmaterial sind sehr feine Pulverlackpartikel, die die Decklackschicht bilden. Seine Anwendung erfolgt in einem Ofen mit einer Temperatur von etwa 200 Grad Celsius. Dieses Lackierverfahren wird von unseren Kunden gegen\u00fcber herk\u00f6mmlichen Lackierverfahren bevorzugt, da es l\u00f6semittelfrei, oberfl\u00e4chenbeschaffen, langlebig, wirtschaftlich und umweltfreundlich ist. Geomet-Beschichtung Es ist...","protected":false},"author":1,"featured_media":0,"parent":0,"menu_order":0,"comment_status":"closed","ping_status":"closed","template":"","meta":{"footnotes":""},"class_list":["post-8830","page","type-page","status-publish","hentry"],"acf":[],"yoast_head":"<!-- This site is optimized with the Yoast SEO plugin v19.7.2 - https:\/\/yoast.com\/wordpress\/plugins\/seo\/ -->\n<title>Beschichtung und Oberfl\u00e4chenschutz | Sar\u0131met<\/title>\n<meta name=\"robots\" content=\"index, follow, max-snippet:-1, max-image-preview:large, max-video-preview:-1\" \/>\n<link rel=\"canonical\" href=\"https:\/\/sarimet.com\/de\/beschichtung-und-oberflachenschutz\/\" \/>\n<meta property=\"og:locale\" content=\"de_DE\" \/>\n<meta property=\"og:type\" content=\"article\" \/>\n<meta property=\"og:title\" content=\"Beschichtung und Oberfl\u00e4chenschutz | Sar\u0131met\" \/>\n<meta property=\"og:url\" content=\"https:\/\/sarimet.com\/de\/beschichtung-und-oberflachenschutz\/\" \/>\n<meta property=\"og:site_name\" content=\"Sar\u0131met\" \/>\n<meta property=\"article:modified_time\" content=\"2022-08-31T09:43:31+00:00\" \/>\n<meta name=\"twitter:card\" content=\"summary_large_image\" \/>\n<meta name=\"twitter:label1\" content=\"Gesch\u00e4tzte Lesezeit\" \/>\n\t<meta name=\"twitter:data1\" content=\"2\u00a0Minuten\" \/>\n<script type=\"application\/ld+json\" class=\"yoast-schema-graph\">{\"@context\":\"https:\/\/schema.org\",\"@graph\":[{\"@type\":\"WebPage\",\"@id\":\"https:\/\/sarimet.com\/de\/beschichtung-und-oberflachenschutz\/\",\"url\":\"https:\/\/sarimet.com\/de\/beschichtung-und-oberflachenschutz\/\",\"name\":\"Beschichtung und Oberfl\u00e4chenschutz | Sar\u0131met\",\"isPartOf\":{\"@id\":\"https:\/\/sarimet.com\/de\/#website\"},\"datePublished\":\"2022-04-22T11:48:43+00:00\",\"dateModified\":\"2022-08-31T09:43:31+00:00\",\"breadcrumb\":{\"@id\":\"https:\/\/sarimet.com\/de\/beschichtung-und-oberflachenschutz\/#breadcrumb\"},\"inLanguage\":\"de\",\"potentialAction\":[{\"@type\":\"ReadAction\",\"target\":[\"https:\/\/sarimet.com\/de\/beschichtung-und-oberflachenschutz\/\"]}]},{\"@type\":\"BreadcrumbList\",\"@id\":\"https:\/\/sarimet.com\/de\/beschichtung-und-oberflachenschutz\/#breadcrumb\",\"itemListElement\":[{\"@type\":\"ListItem\",\"position\":1,\"name\":\"Beschichtung und Oberfl\u00e4chenschutz\"}]},{\"@type\":\"WebSite\",\"@id\":\"https:\/\/sarimet.com\/de\/#website\",\"url\":\"https:\/\/sarimet.com\/de\/\",\"name\":\"Sar\u0131met\",\"description\":\"\",\"potentialAction\":[{\"@type\":\"SearchAction\",\"target\":{\"@type\":\"EntryPoint\",\"urlTemplate\":\"https:\/\/sarimet.com\/de\/?s={search_term_string}\"},\"query-input\":\"required name=search_term_string\"}],\"inLanguage\":\"de\"}]}<\/script>\n<!-- \/ Yoast SEO plugin. -->","yoast_head_json":{"title":"Beschichtung und Oberfl\u00e4chenschutz | Sar\u0131met","robots":{"index":"index","follow":"follow","max-snippet":"max-snippet:-1","max-image-preview":"max-image-preview:large","max-video-preview":"max-video-preview:-1"},"canonical":"https:\/\/sarimet.com\/de\/beschichtung-und-oberflachenschutz\/","og_locale":"de_DE","og_type":"article","og_title":"Beschichtung und Oberfl\u00e4chenschutz | Sar\u0131met","og_url":"https:\/\/sarimet.com\/de\/beschichtung-und-oberflachenschutz\/","og_site_name":"Sar\u0131met","article_modified_time":"2022-08-31T09:43:31+00:00","twitter_card":"summary_large_image","twitter_misc":{"Gesch\u00e4tzte Lesezeit":"2\u00a0Minuten"},"schema":{"@context":"https:\/\/schema.org","@graph":[{"@type":"WebPage","@id":"https:\/\/sarimet.com\/de\/beschichtung-und-oberflachenschutz\/","url":"https:\/\/sarimet.com\/de\/beschichtung-und-oberflachenschutz\/","name":"Beschichtung und Oberfl\u00e4chenschutz | Sar\u0131met","isPartOf":{"@id":"https:\/\/sarimet.com\/de\/#website"},"datePublished":"2022-04-22T11:48:43+00:00","dateModified":"2022-08-31T09:43:31+00:00","breadcrumb":{"@id":"https:\/\/sarimet.com\/de\/beschichtung-und-oberflachenschutz\/#breadcrumb"},"inLanguage":"de","potentialAction":[{"@type":"ReadAction","target":["https:\/\/sarimet.com\/de\/beschichtung-und-oberflachenschutz\/"]}]},{"@type":"BreadcrumbList","@id":"https:\/\/sarimet.com\/de\/beschichtung-und-oberflachenschutz\/#breadcrumb","itemListElement":[{"@type":"ListItem","position":1,"name":"Beschichtung und Oberfl\u00e4chenschutz"}]},{"@type":"WebSite","@id":"https:\/\/sarimet.com\/de\/#website","url":"https:\/\/sarimet.com\/de\/","name":"Sar\u0131met","description":"","potentialAction":[{"@type":"SearchAction","target":{"@type":"EntryPoint","urlTemplate":"https:\/\/sarimet.com\/de\/?s={search_term_string}"},"query-input":"required name=search_term_string"}],"inLanguage":"de"}]}},"_links":{"self":[{"href":"https:\/\/sarimet.com\/de\/wp-json\/wp\/v2\/pages\/8830","targetHints":{"allow":["GET"]}}],"collection":[{"href":"https:\/\/sarimet.com\/de\/wp-json\/wp\/v2\/pages"}],"about":[{"href":"https:\/\/sarimet.com\/de\/wp-json\/wp\/v2\/types\/page"}],"author":[{"embeddable":true,"href":"https:\/\/sarimet.com\/de\/wp-json\/wp\/v2\/users\/1"}],"replies":[{"embeddable":true,"href":"https:\/\/sarimet.com\/de\/wp-json\/wp\/v2\/comments?post=8830"}],"version-history":[{"count":13,"href":"https:\/\/sarimet.com\/de\/wp-json\/wp\/v2\/pages\/8830\/revisions"}],"predecessor-version":[{"id":10111,"href":"https:\/\/sarimet.com\/de\/wp-json\/wp\/v2\/pages\/8830\/revisions\/10111"}],"wp:attachment":[{"href":"https:\/\/sarimet.com\/de\/wp-json\/wp\/v2\/media?parent=8830"}],"curies":[{"name":"wp","href":"https:\/\/api.w.org\/{rel}","templated":true}]}}