{"id":8740,"date":"2022-04-22T12:49:12","date_gmt":"2022-04-22T09:49:12","guid":{"rendered":"https:\/\/sarimet.com\/de\/?page_id=8740"},"modified":"2022-09-23T11:16:17","modified_gmt":"2022-09-23T08:16:17","slug":"human-ressourcen","status":"publish","type":"page","link":"https:\/\/sarimet.com\/de\/human-ressourcen\/","title":{"rendered":"Human Ressourcen"},"content":{"rendered":"<section class=\"l-section wpb_row height_small\"><div class=\"l-section-h i-cf\"><div class=\"g-cols vc_row via_grid cols_1 laptops-cols_inherit tablets-cols_inherit mobiles-cols_1 valign_top type_default stacking_default\"><div class=\"wpb_column vc_column_container\"><div class=\"vc_column-inner\"><div class=\"g-cols wpb_row via_grid cols_3-1 laptops-cols_inherit tablets-cols_inherit mobiles-cols_1 valign_top type_default stacking_default\"><div class=\"wpb_column vc_column_container\"><div class=\"vc_column-inner\"><div class=\"wpb_text_column\"><div class=\"wpb_wrapper\"><h4><strong>Personalpraktiken<\/strong><\/h4>\n<p>In \u00dcbereinstimmung mit der Strategie und den Zielen von Sar\u0131met Global Human Resources zielt es darauf ab, die Grunds\u00e4tze des Personalmanagements zu spezifizieren und die effektive Umsetzung seiner Aktivit\u00e4ten sicherzustellen.<\/p>\n<p>Mitarbeitern oder Kandidaten im Einstellungsprozess werden gleiche Besch\u00e4ftigungsm\u00f6glichkeiten ohne Diskriminierung aufgrund von Rasse, ethnischer Zugeh\u00f6rigkeit, Geschlecht, Weltanschauung, Alter, Nationalit\u00e4t, Religion, Hautfarbe, Behinderung, Familienstand, sexueller Orientierung, politischer Meinung oder gesetzlich verbotenen anderen Gr\u00fcnden angeboten.<\/p>\n<p><strong>Personalbeschaffung<\/strong><\/p>\n<p>Im Bewusstsein, dass die Macht des \u201eMitarbeiters\u201c den Unterschied ausmacht, f\u00fchren wir unsere Auswahl- und Vermittlungsprozesse gem\u00e4\u00df den festgelegten Strategien durch.<\/p>\n<p>In unseren Personalbeschaffungssprozessen geh\u00f6ren neben den Praktiken des \u201ekompetenzbasierten Interviews\u201c auch \u201ePers\u00f6nlichkeitstests, allgemeine F\u00e4higkeitstests und Fremdsprachentests\u201c zu den Methoden, um den am besten geeigneten Kandidaten f\u00fcr die Position zu finden.<\/p>\n<p><strong>Praktikum<\/strong><\/p>\n<p>Studenten, die in der Sommerzeit ein Praktikum absolvieren m\u00fcssen, und Studenten der Berufsoberschule in der Winterzeit, werden Praktikumsm\u00f6glichkeiten angeboten, um durch die Bereitstellung eines Anwendungsumfelds f\u00fcr das erworbene theoretische Wissen zu ihrer Vorbereitung auf das Berufsleben beizutragen.<\/p>\n<p><strong>Karrierechance f\u00fcr neue Absolventen<\/strong><\/p>\n<p>Wir f\u00f6rdern die Teilhabe junger Talente am Arbeitsmarkt, legen Wert darauf, sie in unsere Familie zu holen und in technischen Berufen zu erziehen.<\/p>\n<p><strong>Ausbildung und Entwicklung<\/strong><\/p>\n<p>Wie alle Personalpraktiken sind auch die Aktivit\u00e4ten zur Schulungsentwicklung mit den strategischen Zielen und Priorit\u00e4ten von Sar\u0131met verbunden. Dabei werden aktuelle und zuk\u00fcnftige organisatorische und individuelle Anforderungen ber\u00fccksichtigt.<\/p>\n<p><strong>Leistungsverwaltungssystem<\/strong><\/p>\n<p>Die \u00dcbernahme der Unternehmensziele durch alle Mitarbeiter, individuelle Leistungen zur Erreichung des gemeinsamen Ziels und die Schaffung einer Hochleistungskultur am Arbeitsplatz geh\u00f6ren zu den wichtigsten Faktoren f\u00fcr den Erfolg unseres Unternehmens.<\/p>\n<p>Unser Leistungsmanagementsystem wurde entwickelt, um individuelle Leistungen offen und unvoreingenommen zu bewerten. Unser Ziel ist es, unsere Mitarbeiter, die durch den effektiven Einsatz dieses Systems durch hohe Leistung einen Unterschied machen, f\u00fcr M\u00f6glichkeiten, die in unserem Unternehmen in den Vordergrund treten, zu priorisieren.<\/p>\n<p><strong>Datenschutzgesetz und Aufkl\u00e4rungstext<\/strong><\/p>\n<p>Unser Unternehmen ist bestrebt, die personenbezogenen Daten seiner Mitarbeiter gem\u00e4\u00df den Bestimmungen des Gesetzes zum Schutz personenbezogener Daten Nr. 6698 und anderer Gesetze zu verarbeiten.<\/p>\n<p>Ihre personenbezogenen Daten werden im Rahmen des Zwecks, der ihre Verarbeitung erfordert, und in Verbindung mit diesem Zweck in begrenzter und angemessener Weise unter Wahrung der Genauigkeit und der gesetzlichen Befugnisse zur Abfrage dieser personenbezogenen Daten aufgezeichnet, gespeichert, aufbewahrt, umgeordnet und die aktuellste Version der personenbezogenen Daten, die Sie unserem Unternehmen mitgeteilt haben, und dass sie unter den vom Datenschutzgesetz festgelegten Bedingungen an in- oder ausl\u00e4ndische Dritte \u00fcbermittelt, aush\u00e4ndet, klassifiziert und verarbeitet werden andere im Datenschutzgesetz aufgef\u00fchrte Wege und k\u00f6nnen anderen im Datenschutzgesetz aufgef\u00fchrten Verfahren unterzogen werden.<\/p>\n<p>Ausf\u00fchrlichere Informationen finden Sie in den Texten zu Richtlinien, Verfahren und Erl\u00e4uterungen, die gem\u00e4\u00df dem Datenschutzgesetz erstellt wurden.<\/p>\n<\/div><\/div><\/div><\/div><div class=\"wpb_column vc_column_container type_sticky\"><div class=\"vc_column-inner\"><div class=\"w-ibanner us_custom_daf2050c has_text_color animation_aphelia ratio_3x2 easing_ease\"><div class=\"w-ibanner-h\"><div class=\"w-ibanner-image\" style=\"background-image: url(https:\/\/sarimet.com\/de\/wp-content\/uploads\/2022\/04\/kariyer-net-logo.jpg)\"><\/div><div class=\"w-ibanner-content\"><div class=\"w-ibanner-content-h\"><h4 class=\"w-ibanner-title\">Kariyer.net<\/h4><div class=\"w-ibanner-desc\"><p>Unsere Stellen angebote auf Kariyer.net Klicken Sie, um zu folgen.<\/p>\n<\/div><\/div><\/div><\/div><a target=\"_blank\" href=\"https:\/\/www.kariyer.net\/is-ilanlari?fpi=174076&amp;hc=T\" rel=\"noopener\" aria-label=\"Kariyer.net\"><\/a><\/div><div class=\"w-separator size_small\"><\/div><div class=\"w-ibanner us_custom_393535e8 has_text_color animation_aphelia ratio_3x2 easing_ease\"><div class=\"w-ibanner-h\"><div class=\"w-ibanner-image\" style=\"background-image: url(https:\/\/sarimet.com\/de\/wp-content\/uploads\/2022\/04\/eleman-net-logosu.jpg)\"><\/div><div class=\"w-ibanner-content\"><div class=\"w-ibanner-content-h\"><h4 class=\"w-ibanner-title\">Eleman.net<\/h4><div class=\"w-ibanner-desc\"><p>Unsere Stellen angebote auf Eleman.net Klicken Sie, um zu folgen.<\/p>\n<\/div><\/div><\/div><\/div><a target=\"_blank\" href=\"https:\/\/www.eleman.net\/firma\/ilan_paket.php\" rel=\"noopener\" aria-label=\"Eleman.net\"><\/a><\/div><\/div><\/div><\/div><div class=\"w-separator size_medium\"><\/div><div class=\"g-cols wpb_row via_grid cols_3-1 laptops-cols_inherit tablets-cols_inherit mobiles-cols_1 valign_top type_default stacking_default\"><div class=\"wpb_column vc_column_container us_custom_209a0b18\"><div class=\"vc_column-inner\"><div class=\"wpb_text_column\"><div class=\"wpb_wrapper\"><h2>Bewerbung<\/h2>\n<p>Sie k\u00f6nnen sich \u00fcber unsere Seiten Kariyer.net und Eleman.net auf offene Stellen in unserem Unternehmen bewerben und Ihren Lebenslauf senden, indem Sie das untenstehende Formular f\u00fcr eine allgemeine Bewerbung ausf\u00fcllen.<\/p>\n<\/div><\/div><div class=\"w-separator size_medium\"><\/div><div class=\"wpb_text_column\"><div class=\"wpb_wrapper\"><div role=\"form\" class=\"wpcf7\" id=\"wpcf7-f10145-o1\" lang=\"tr-TR\" dir=\"ltr\">\n<div class=\"screen-reader-response\"><p role=\"status\" aria-live=\"polite\" aria-atomic=\"true\"><\/p> <ul><\/ul><\/div>\n<form action=\"\/de\/wp-json\/wp\/v2\/pages\/8740#wpcf7-f10145-o1\" method=\"post\" class=\"wpcf7-form init\" enctype=\"multipart\/form-data\" novalidate=\"novalidate\" data-status=\"init\">\n<div style=\"display: none;\">\n<input type=\"hidden\" name=\"_wpcf7\" value=\"10145\" \/>\n<input type=\"hidden\" name=\"_wpcf7_version\" value=\"5.6.3\" \/>\n<input type=\"hidden\" name=\"_wpcf7_locale\" value=\"tr_TR\" \/>\n<input type=\"hidden\" name=\"_wpcf7_unit_tag\" value=\"wpcf7-f10145-o1\" \/>\n<input type=\"hidden\" name=\"_wpcf7_container_post\" value=\"0\" \/>\n<input type=\"hidden\" name=\"_wpcf7_posted_data_hash\" value=\"\" \/>\n<\/div>\n<p><span class=\"wpcf7-form-control-wrap\" data-name=\"your-name\"><input type=\"text\" name=\"your-name\" value=\"\" size=\"40\" class=\"wpcf7-form-control wpcf7-text wpcf7-validates-as-required\" aria-required=\"true\" aria-invalid=\"false\" placeholder=\"Vorname Nachname*\" \/><\/span><\/p>\n<p><span class=\"wpcf7-form-control-wrap\" data-name=\"your-email\"><input type=\"email\" name=\"your-email\" value=\"\" size=\"40\" class=\"wpcf7-form-control wpcf7-text wpcf7-email wpcf7-validates-as-required wpcf7-validates-as-email\" aria-required=\"true\" aria-invalid=\"false\" placeholder=\"E-Mail-Addresse*\" \/><\/span><\/p>\n<p><span class=\"wpcf7-form-control-wrap\" data-name=\"tel-no\"><input type=\"tel\" name=\"tel-no\" value=\"\" size=\"40\" class=\"wpcf7-form-control wpcf7-text wpcf7-tel wpcf7-validates-as-required wpcf7-validates-as-tel\" aria-required=\"true\" aria-invalid=\"false\" placeholder=\"Telefonnummer*\" \/><\/span><\/p>\n<p><label> Lebenslauf hinzuf\u00fcgen*<br \/>\n    <span class=\"wpcf7-form-control-wrap\" data-name=\"cv\"><input type=\"file\" name=\"cv\" size=\"40\" class=\"wpcf7-form-control wpcf7-file wpcf7-validates-as-required\" accept=\"audio\/*,video\/*,image\/*\" aria-required=\"true\" aria-invalid=\"false\" \/><\/span> <\/label><\/p>\n<p><span class=\"wpcf7-form-control-wrap\" data-name=\"your-message\"><textarea name=\"your-message\" cols=\"40\" rows=\"10\" class=\"wpcf7-form-control wpcf7-textarea\" aria-invalid=\"false\" placeholder=\"Motivationsschreiben\"><\/textarea><\/span><\/p>\n<p><input type=\"submit\" value=\"Senden\" class=\"wpcf7-form-control has-spinner wpcf7-submit\" \/><\/p>\n<div class=\"wpcf7-response-output\" aria-hidden=\"true\"><\/div><\/form><\/div>\n<\/div><\/div><\/div><\/div><div class=\"wpb_column vc_column_container\"><div class=\"vc_column-inner\"><\/div><\/div><\/div><\/div><\/div><\/div><\/div><\/section>\n","protected":false},"excerpt":{"rendered":"Personalpraktiken In \u00dcbereinstimmung mit der Strategie und den Zielen von Sar\u0131met Global Human Resources zielt es darauf ab, die Grunds\u00e4tze des Personalmanagements zu spezifizieren und die effektive Umsetzung seiner Aktivit\u00e4ten sicherzustellen. Mitarbeitern oder Kandidaten im Einstellungsprozess werden gleiche Besch\u00e4ftigungsm\u00f6glichkeiten ohne Diskriminierung aufgrund von Rasse, ethnischer Zugeh\u00f6rigkeit, Geschlecht, Weltanschauung, Alter, Nationalit\u00e4t, Religion, Hautfarbe, Behinderung, Familienstand, sexueller...","protected":false},"author":1,"featured_media":0,"parent":0,"menu_order":0,"comment_status":"closed","ping_status":"closed","template":"","meta":{"footnotes":""},"class_list":["post-8740","page","type-page","status-publish","hentry"],"acf":[],"yoast_head":"<!-- This site is optimized with the Yoast SEO plugin v19.7.2 - https:\/\/yoast.com\/wordpress\/plugins\/seo\/ -->\n<title>Human Ressourcen | Sar\u0131met<\/title>\n<meta name=\"robots\" content=\"index, follow, max-snippet:-1, max-image-preview:large, max-video-preview:-1\" \/>\n<link rel=\"canonical\" href=\"https:\/\/sarimet.com\/de\/human-ressourcen\/\" \/>\n<meta property=\"og:locale\" content=\"de_DE\" \/>\n<meta property=\"og:type\" content=\"article\" \/>\n<meta property=\"og:title\" content=\"Human Ressourcen | Sar\u0131met\" \/>\n<meta property=\"og:url\" content=\"https:\/\/sarimet.com\/de\/human-ressourcen\/\" \/>\n<meta property=\"og:site_name\" content=\"Sar\u0131met\" \/>\n<meta property=\"article:modified_time\" content=\"2022-09-23T08:16:17+00:00\" \/>\n<meta name=\"twitter:card\" content=\"summary_large_image\" \/>\n<meta name=\"twitter:label1\" content=\"Gesch\u00e4tzte Lesezeit\" \/>\n\t<meta name=\"twitter:data1\" content=\"3\u00a0Minuten\" \/>\n<script type=\"application\/ld+json\" class=\"yoast-schema-graph\">{\"@context\":\"https:\/\/schema.org\",\"@graph\":[{\"@type\":\"WebPage\",\"@id\":\"https:\/\/sarimet.com\/de\/human-ressourcen\/\",\"url\":\"https:\/\/sarimet.com\/de\/human-ressourcen\/\",\"name\":\"Human Ressourcen | Sar\u0131met\",\"isPartOf\":{\"@id\":\"https:\/\/sarimet.com\/de\/#website\"},\"datePublished\":\"2022-04-22T09:49:12+00:00\",\"dateModified\":\"2022-09-23T08:16:17+00:00\",\"breadcrumb\":{\"@id\":\"https:\/\/sarimet.com\/de\/human-ressourcen\/#breadcrumb\"},\"inLanguage\":\"de\",\"potentialAction\":[{\"@type\":\"ReadAction\",\"target\":[\"https:\/\/sarimet.com\/de\/human-ressourcen\/\"]}]},{\"@type\":\"BreadcrumbList\",\"@id\":\"https:\/\/sarimet.com\/de\/human-ressourcen\/#breadcrumb\",\"itemListElement\":[{\"@type\":\"ListItem\",\"position\":1,\"name\":\"Human Ressourcen\"}]},{\"@type\":\"WebSite\",\"@id\":\"https:\/\/sarimet.com\/de\/#website\",\"url\":\"https:\/\/sarimet.com\/de\/\",\"name\":\"Sar\u0131met\",\"description\":\"\",\"potentialAction\":[{\"@type\":\"SearchAction\",\"target\":{\"@type\":\"EntryPoint\",\"urlTemplate\":\"https:\/\/sarimet.com\/de\/?s={search_term_string}\"},\"query-input\":\"required name=search_term_string\"}],\"inLanguage\":\"de\"}]}<\/script>\n<!-- \/ Yoast SEO plugin. -->","yoast_head_json":{"title":"Human Ressourcen | Sar\u0131met","robots":{"index":"index","follow":"follow","max-snippet":"max-snippet:-1","max-image-preview":"max-image-preview:large","max-video-preview":"max-video-preview:-1"},"canonical":"https:\/\/sarimet.com\/de\/human-ressourcen\/","og_locale":"de_DE","og_type":"article","og_title":"Human Ressourcen | Sar\u0131met","og_url":"https:\/\/sarimet.com\/de\/human-ressourcen\/","og_site_name":"Sar\u0131met","article_modified_time":"2022-09-23T08:16:17+00:00","twitter_card":"summary_large_image","twitter_misc":{"Gesch\u00e4tzte Lesezeit":"3\u00a0Minuten"},"schema":{"@context":"https:\/\/schema.org","@graph":[{"@type":"WebPage","@id":"https:\/\/sarimet.com\/de\/human-ressourcen\/","url":"https:\/\/sarimet.com\/de\/human-ressourcen\/","name":"Human Ressourcen | Sar\u0131met","isPartOf":{"@id":"https:\/\/sarimet.com\/de\/#website"},"datePublished":"2022-04-22T09:49:12+00:00","dateModified":"2022-09-23T08:16:17+00:00","breadcrumb":{"@id":"https:\/\/sarimet.com\/de\/human-ressourcen\/#breadcrumb"},"inLanguage":"de","potentialAction":[{"@type":"ReadAction","target":["https:\/\/sarimet.com\/de\/human-ressourcen\/"]}]},{"@type":"BreadcrumbList","@id":"https:\/\/sarimet.com\/de\/human-ressourcen\/#breadcrumb","itemListElement":[{"@type":"ListItem","position":1,"name":"Human Ressourcen"}]},{"@type":"WebSite","@id":"https:\/\/sarimet.com\/de\/#website","url":"https:\/\/sarimet.com\/de\/","name":"Sar\u0131met","description":"","potentialAction":[{"@type":"SearchAction","target":{"@type":"EntryPoint","urlTemplate":"https:\/\/sarimet.com\/de\/?s={search_term_string}"},"query-input":"required name=search_term_string"}],"inLanguage":"de"}]}},"_links":{"self":[{"href":"https:\/\/sarimet.com\/de\/wp-json\/wp\/v2\/pages\/8740","targetHints":{"allow":["GET"]}}],"collection":[{"href":"https:\/\/sarimet.com\/de\/wp-json\/wp\/v2\/pages"}],"about":[{"href":"https:\/\/sarimet.com\/de\/wp-json\/wp\/v2\/types\/page"}],"author":[{"embeddable":true,"href":"https:\/\/sarimet.com\/de\/wp-json\/wp\/v2\/users\/1"}],"replies":[{"embeddable":true,"href":"https:\/\/sarimet.com\/de\/wp-json\/wp\/v2\/comments?post=8740"}],"version-history":[{"count":36,"href":"https:\/\/sarimet.com\/de\/wp-json\/wp\/v2\/pages\/8740\/revisions"}],"predecessor-version":[{"id":10155,"href":"https:\/\/sarimet.com\/de\/wp-json\/wp\/v2\/pages\/8740\/revisions\/10155"}],"wp:attachment":[{"href":"https:\/\/sarimet.com\/de\/wp-json\/wp\/v2\/media?parent=8740"}],"curies":[{"name":"wp","href":"https:\/\/api.w.org\/{rel}","templated":true}]}}