{"id":8208,"date":"2022-04-15T09:56:28","date_gmt":"2022-04-15T06:56:28","guid":{"rendered":"https:\/\/sarimet.com\/de\/?page_id=8208"},"modified":"2022-08-31T12:22:09","modified_gmt":"2022-08-31T09:22:09","slug":"ingenieurwesen","status":"publish","type":"page","link":"https:\/\/sarimet.com\/de\/ingenieurwesen\/","title":{"rendered":"Ingenieurwesen"},"content":{"rendered":"<section class=\"l-section wpb_row height_small\"><div class=\"l-section-h i-cf\"><div class=\"g-cols vc_row via_grid cols_1 laptops-cols_inherit tablets-cols_inherit mobiles-cols_1 valign_top type_default stacking_default\"><div class=\"wpb_column vc_column_container us_custom_7e20fa79 us_animate_this\"><div class=\"vc_column-inner\"><div class=\"g-cols wpb_row via_grid cols_2 laptops-cols_inherit tablets-cols_inherit mobiles-cols_1 valign_middle type_default stacking_default\"><div class=\"wpb_column vc_column_container\"><div class=\"vc_column-inner\"><div class=\"w-image us_custom_dad4fece has_ratio align_none\"><div class=\"w-image-h\"><div style=\"padding-bottom:56.25%\"><\/div><img loading=\"lazy\" decoding=\"async\" width=\"2560\" height=\"1278\" src=\"https:\/\/sarimet.com\/de\/wp-content\/uploads\/2022\/07\/Muhendislik-foto-scaled.jpg\" class=\"attachment-full size-full\" alt=\"\" srcset=\"https:\/\/sarimet.com\/de\/wp-content\/uploads\/2022\/07\/Muhendislik-foto-scaled.jpg 2560w, https:\/\/sarimet.com\/de\/wp-content\/uploads\/2022\/07\/Muhendislik-foto-300x150.jpg 300w, https:\/\/sarimet.com\/de\/wp-content\/uploads\/2022\/07\/Muhendislik-foto-1024x511.jpg 1024w, https:\/\/sarimet.com\/de\/wp-content\/uploads\/2022\/07\/Muhendislik-foto-1536x767.jpg 1536w\" sizes=\"auto, (max-width: 2560px) 100vw, 2560px\" \/><\/div><\/div><\/div><\/div><div class=\"wpb_column vc_column_container\"><div class=\"vc_column-inner\"><div class=\"wpb_text_column\"><div class=\"wpb_wrapper\"><p>In der \u00dcberzeugung, dass der Erfolg mit einem sachkundigen, erfahrenen und ehrgeizigen Team erreicht werden kann, stehen unsere technischen Kollegen in unserem Unternehmen Ihnen, unseren gesch\u00e4tzten Kunden, jederzeit gerne zur Verf\u00fcgung.<\/p>\n<p>Bei Problemen, die w\u00e4hrend, vor oder nach der Bauphase Ihrer Projekte auftreten k\u00f6nnen, steht Ihnen unser technisches Team jederzeit mit l\u00f6sungsorientierten Anwendungen zur Seite.<\/p>\n<p>Unser Unternehmen, dass die Anerkennung der Kunden durch die rationalen und innovativen Ideen gewonnen hat, die es seinen Kunden von Zeit zu Zeit bietet, wird vielleicht Ihr erster Lieferant sein, der die Innovationen realisieren kann, die in Ihren Projekten realisiert werden k\u00f6nnen.<\/p>\n<\/div><\/div><\/div><\/div><\/div><\/div><\/div><\/div><\/div><\/section>\n","protected":false},"excerpt":{"rendered":"In der \u00dcberzeugung, dass der Erfolg mit einem sachkundigen, erfahrenen und ehrgeizigen Team erreicht werden kann, stehen unsere technischen Kollegen in unserem Unternehmen Ihnen, unseren gesch\u00e4tzten Kunden, jederzeit gerne zur Verf\u00fcgung. Bei Problemen, die w\u00e4hrend, vor oder nach der Bauphase Ihrer Projekte auftreten k\u00f6nnen, steht Ihnen unser technisches Team jederzeit mit l\u00f6sungsorientierten Anwendungen zur Seite....","protected":false},"author":1,"featured_media":8304,"parent":0,"menu_order":0,"comment_status":"closed","ping_status":"closed","template":"","meta":{"footnotes":""},"class_list":["post-8208","page","type-page","status-publish","has-post-thumbnail","hentry"],"acf":[],"yoast_head":"<!-- This site is optimized with the Yoast SEO plugin v19.7.2 - https:\/\/yoast.com\/wordpress\/plugins\/seo\/ -->\n<title>Ingenieurwesen | Sar\u0131met<\/title>\n<meta name=\"robots\" content=\"index, follow, max-snippet:-1, max-image-preview:large, max-video-preview:-1\" \/>\n<link rel=\"canonical\" href=\"https:\/\/sarimet.com\/de\/ingenieurwesen\/\" \/>\n<meta property=\"og:locale\" content=\"de_DE\" \/>\n<meta property=\"og:type\" content=\"article\" \/>\n<meta property=\"og:title\" content=\"Ingenieurwesen | Sar\u0131met\" \/>\n<meta property=\"og:url\" content=\"https:\/\/sarimet.com\/de\/ingenieurwesen\/\" \/>\n<meta property=\"og:site_name\" content=\"Sar\u0131met\" \/>\n<meta property=\"article:modified_time\" content=\"2022-08-31T09:22:09+00:00\" \/>\n<meta property=\"og:image\" content=\"https:\/\/sarimet.com\/de\/wp-content\/uploads\/2022\/04\/muhendislik-e-min-scaled.jpg\" \/>\n\t<meta property=\"og:image:width\" content=\"2560\" \/>\n\t<meta property=\"og:image:height\" content=\"1707\" \/>\n\t<meta property=\"og:image:type\" content=\"image\/jpeg\" \/>\n<meta name=\"twitter:card\" content=\"summary_large_image\" \/>\n<meta name=\"twitter:label1\" content=\"Gesch\u00e4tzte Lesezeit\" \/>\n\t<meta name=\"twitter:data1\" content=\"1\u00a0Minute\" \/>\n<script type=\"application\/ld+json\" class=\"yoast-schema-graph\">{\"@context\":\"https:\/\/schema.org\",\"@graph\":[{\"@type\":\"WebPage\",\"@id\":\"https:\/\/sarimet.com\/de\/ingenieurwesen\/\",\"url\":\"https:\/\/sarimet.com\/de\/ingenieurwesen\/\",\"name\":\"Ingenieurwesen | Sar\u0131met\",\"isPartOf\":{\"@id\":\"https:\/\/sarimet.com\/de\/#website\"},\"datePublished\":\"2022-04-15T06:56:28+00:00\",\"dateModified\":\"2022-08-31T09:22:09+00:00\",\"breadcrumb\":{\"@id\":\"https:\/\/sarimet.com\/de\/ingenieurwesen\/#breadcrumb\"},\"inLanguage\":\"de\",\"potentialAction\":[{\"@type\":\"ReadAction\",\"target\":[\"https:\/\/sarimet.com\/de\/ingenieurwesen\/\"]}]},{\"@type\":\"BreadcrumbList\",\"@id\":\"https:\/\/sarimet.com\/de\/ingenieurwesen\/#breadcrumb\",\"itemListElement\":[{\"@type\":\"ListItem\",\"position\":1,\"name\":\"Ingenieurwesen\"}]},{\"@type\":\"WebSite\",\"@id\":\"https:\/\/sarimet.com\/de\/#website\",\"url\":\"https:\/\/sarimet.com\/de\/\",\"name\":\"Sar\u0131met\",\"description\":\"\",\"potentialAction\":[{\"@type\":\"SearchAction\",\"target\":{\"@type\":\"EntryPoint\",\"urlTemplate\":\"https:\/\/sarimet.com\/de\/?s={search_term_string}\"},\"query-input\":\"required name=search_term_string\"}],\"inLanguage\":\"de\"}]}<\/script>\n<!-- \/ Yoast SEO plugin. -->","yoast_head_json":{"title":"Ingenieurwesen | Sar\u0131met","robots":{"index":"index","follow":"follow","max-snippet":"max-snippet:-1","max-image-preview":"max-image-preview:large","max-video-preview":"max-video-preview:-1"},"canonical":"https:\/\/sarimet.com\/de\/ingenieurwesen\/","og_locale":"de_DE","og_type":"article","og_title":"Ingenieurwesen | Sar\u0131met","og_url":"https:\/\/sarimet.com\/de\/ingenieurwesen\/","og_site_name":"Sar\u0131met","article_modified_time":"2022-08-31T09:22:09+00:00","og_image":[{"width":2560,"height":1707,"url":"https:\/\/sarimet.com\/de\/wp-content\/uploads\/2022\/04\/muhendislik-e-min-scaled.jpg","type":"image\/jpeg"}],"twitter_card":"summary_large_image","twitter_misc":{"Gesch\u00e4tzte Lesezeit":"1\u00a0Minute"},"schema":{"@context":"https:\/\/schema.org","@graph":[{"@type":"WebPage","@id":"https:\/\/sarimet.com\/de\/ingenieurwesen\/","url":"https:\/\/sarimet.com\/de\/ingenieurwesen\/","name":"Ingenieurwesen | Sar\u0131met","isPartOf":{"@id":"https:\/\/sarimet.com\/de\/#website"},"datePublished":"2022-04-15T06:56:28+00:00","dateModified":"2022-08-31T09:22:09+00:00","breadcrumb":{"@id":"https:\/\/sarimet.com\/de\/ingenieurwesen\/#breadcrumb"},"inLanguage":"de","potentialAction":[{"@type":"ReadAction","target":["https:\/\/sarimet.com\/de\/ingenieurwesen\/"]}]},{"@type":"BreadcrumbList","@id":"https:\/\/sarimet.com\/de\/ingenieurwesen\/#breadcrumb","itemListElement":[{"@type":"ListItem","position":1,"name":"Ingenieurwesen"}]},{"@type":"WebSite","@id":"https:\/\/sarimet.com\/de\/#website","url":"https:\/\/sarimet.com\/de\/","name":"Sar\u0131met","description":"","potentialAction":[{"@type":"SearchAction","target":{"@type":"EntryPoint","urlTemplate":"https:\/\/sarimet.com\/de\/?s={search_term_string}"},"query-input":"required name=search_term_string"}],"inLanguage":"de"}]}},"_links":{"self":[{"href":"https:\/\/sarimet.com\/de\/wp-json\/wp\/v2\/pages\/8208","targetHints":{"allow":["GET"]}}],"collection":[{"href":"https:\/\/sarimet.com\/de\/wp-json\/wp\/v2\/pages"}],"about":[{"href":"https:\/\/sarimet.com\/de\/wp-json\/wp\/v2\/types\/page"}],"author":[{"embeddable":true,"href":"https:\/\/sarimet.com\/de\/wp-json\/wp\/v2\/users\/1"}],"replies":[{"embeddable":true,"href":"https:\/\/sarimet.com\/de\/wp-json\/wp\/v2\/comments?post=8208"}],"version-history":[{"count":6,"href":"https:\/\/sarimet.com\/de\/wp-json\/wp\/v2\/pages\/8208\/revisions"}],"predecessor-version":[{"id":10095,"href":"https:\/\/sarimet.com\/de\/wp-json\/wp\/v2\/pages\/8208\/revisions\/10095"}],"wp:featuredmedia":[{"embeddable":true,"href":"https:\/\/sarimet.com\/de\/wp-json\/wp\/v2\/media\/8304"}],"wp:attachment":[{"href":"https:\/\/sarimet.com\/de\/wp-json\/wp\/v2\/media?parent=8208"}],"curies":[{"name":"wp","href":"https:\/\/api.w.org\/{rel}","templated":true}]}}