{"id":8167,"date":"2022-04-15T09:21:11","date_gmt":"2022-04-15T06:21:11","guid":{"rendered":"https:\/\/sarimet.com\/de\/?page_id=8167"},"modified":"2022-08-31T15:11:33","modified_gmt":"2022-08-31T12:11:33","slug":"beluftungskanale","status":"publish","type":"page","link":"https:\/\/sarimet.com\/de\/beluftungskanale\/","title":{"rendered":"Bel\u00fcftungskan\u00e4le"},"content":{"rendered":"<section class=\"l-section wpb_row height_small\"><div class=\"l-section-h i-cf\"><div class=\"g-cols vc_row via_grid cols_1 laptops-cols_inherit tablets-cols_inherit mobiles-cols_1 valign_top type_default stacking_default\"><div class=\"wpb_column vc_column_container us_custom_7e20fa79 us_animate_this\"><div class=\"vc_column-inner\"><div class=\"g-cols wpb_row via_grid cols_2 laptops-cols_inherit tablets-cols_inherit mobiles-cols_1 valign_middle type_default stacking_default\"><div class=\"wpb_column vc_column_container\"><div class=\"vc_column-inner\"><div class=\"w-image us_custom_dad4fece has_ratio align_none\"><div class=\"w-image-h\"><div style=\"padding-bottom:56.25%\"><\/div><img loading=\"lazy\" decoding=\"async\" width=\"2560\" height=\"1706\" src=\"https:\/\/sarimet.com\/de\/wp-content\/uploads\/2022\/04\/ventilation-pipes-of-an-air-condition-2021-08-26-17-11-06-utc-min-scaled.jpg\" class=\"attachment-full size-full\" alt=\"\" srcset=\"https:\/\/sarimet.com\/de\/wp-content\/uploads\/2022\/04\/ventilation-pipes-of-an-air-condition-2021-08-26-17-11-06-utc-min-scaled.jpg 2560w, https:\/\/sarimet.com\/de\/wp-content\/uploads\/2022\/04\/ventilation-pipes-of-an-air-condition-2021-08-26-17-11-06-utc-min-300x200.jpg 300w, https:\/\/sarimet.com\/de\/wp-content\/uploads\/2022\/04\/ventilation-pipes-of-an-air-condition-2021-08-26-17-11-06-utc-min-1024x683.jpg 1024w, https:\/\/sarimet.com\/de\/wp-content\/uploads\/2022\/04\/ventilation-pipes-of-an-air-condition-2021-08-26-17-11-06-utc-min-1536x1024.jpg 1536w\" sizes=\"auto, (max-width: 2560px) 100vw, 2560px\" \/><\/div><\/div><\/div><\/div><div class=\"wpb_column vc_column_container\"><div class=\"vc_column-inner\"><div class=\"wpb_text_column\"><div class=\"wpb_wrapper\"><p>In unserem Unternehmen k\u00f6nnen Sie Kanalsysteme herstellen, die zum k\u00fchlen oder heizen von Fabriken, Einkaufszentren, Lagerh\u00e4usern, \u00f6ffentlichen Geb\u00e4uden, Flugh\u00e4fen und \u00e4hnlichen gro\u00dfen Bauwerken verwendet werden. Da wir uns bewusst sind, wie wichtig es ist, die Teile wie gew\u00fcnscht vorzubereiten, um bei der Montage keine Probleme zu haben, m\u00f6chten wir festhalten, dass wir in diesem Bereich aufgrund vieler \u00e4hnlicher Projekte, die wir in den letzten Jahren in der Schweiz durchgef\u00fchrt haben, durchsetzungsf\u00e4hig sind. Sar\u0131met, das mit der Politik handelt, genau die gew\u00fcnschten Teile p\u00fcnktlich zu produzieren, anstatt den angeforderten \u00e4hnlich zu sein, hat das Potenzial, ein L\u00f6sungspartner f\u00fcr unsere gesch\u00e4tzten Kunden zu sein.<\/p>\n<\/div><\/div><\/div><\/div><\/div><\/div><\/div><\/div><\/div><\/section>\n","protected":false},"excerpt":{"rendered":"In unserem Unternehmen k\u00f6nnen Sie Kanalsysteme herstellen, die zum k\u00fchlen oder heizen von Fabriken, Einkaufszentren, Lagerh\u00e4usern, \u00f6ffentlichen Geb\u00e4uden, Flugh\u00e4fen und \u00e4hnlichen gro\u00dfen Bauwerken verwendet werden. Da wir uns bewusst sind, wie wichtig es ist, die Teile wie gew\u00fcnscht vorzubereiten, um bei der Montage keine Probleme zu haben, m\u00f6chten wir festhalten, dass wir in diesem Bereich...","protected":false},"author":1,"featured_media":8326,"parent":0,"menu_order":0,"comment_status":"closed","ping_status":"closed","template":"","meta":{"footnotes":""},"class_list":["post-8167","page","type-page","status-publish","has-post-thumbnail","hentry"],"acf":[],"yoast_head":"<!-- This site is optimized with the Yoast SEO plugin v19.7.2 - https:\/\/yoast.com\/wordpress\/plugins\/seo\/ -->\n<title>Bel\u00fcftungskan\u00e4le | Sar\u0131met<\/title>\n<meta name=\"robots\" content=\"index, follow, max-snippet:-1, max-image-preview:large, max-video-preview:-1\" \/>\n<link rel=\"canonical\" href=\"https:\/\/sarimet.com\/de\/beluftungskanale\/\" \/>\n<meta property=\"og:locale\" content=\"de_DE\" \/>\n<meta property=\"og:type\" content=\"article\" \/>\n<meta property=\"og:title\" content=\"Bel\u00fcftungskan\u00e4le | Sar\u0131met\" \/>\n<meta property=\"og:url\" content=\"https:\/\/sarimet.com\/de\/beluftungskanale\/\" \/>\n<meta property=\"og:site_name\" content=\"Sar\u0131met\" \/>\n<meta property=\"article:modified_time\" content=\"2022-08-31T12:11:33+00:00\" \/>\n<meta property=\"og:image\" content=\"https:\/\/sarimet.com\/de\/wp-content\/uploads\/2022\/04\/havalandirma-1.png\" \/>\n\t<meta property=\"og:image:width\" content=\"512\" \/>\n\t<meta property=\"og:image:height\" content=\"512\" \/>\n\t<meta property=\"og:image:type\" content=\"image\/png\" \/>\n<meta name=\"twitter:card\" content=\"summary_large_image\" \/>\n<meta name=\"twitter:label1\" content=\"Gesch\u00e4tzte Lesezeit\" \/>\n\t<meta name=\"twitter:data1\" content=\"1\u00a0Minute\" \/>\n<script type=\"application\/ld+json\" class=\"yoast-schema-graph\">{\"@context\":\"https:\/\/schema.org\",\"@graph\":[{\"@type\":\"WebPage\",\"@id\":\"https:\/\/sarimet.com\/de\/beluftungskanale\/\",\"url\":\"https:\/\/sarimet.com\/de\/beluftungskanale\/\",\"name\":\"Bel\u00fcftungskan\u00e4le | Sar\u0131met\",\"isPartOf\":{\"@id\":\"https:\/\/sarimet.com\/de\/#website\"},\"datePublished\":\"2022-04-15T06:21:11+00:00\",\"dateModified\":\"2022-08-31T12:11:33+00:00\",\"breadcrumb\":{\"@id\":\"https:\/\/sarimet.com\/de\/beluftungskanale\/#breadcrumb\"},\"inLanguage\":\"de\",\"potentialAction\":[{\"@type\":\"ReadAction\",\"target\":[\"https:\/\/sarimet.com\/de\/beluftungskanale\/\"]}]},{\"@type\":\"BreadcrumbList\",\"@id\":\"https:\/\/sarimet.com\/de\/beluftungskanale\/#breadcrumb\",\"itemListElement\":[{\"@type\":\"ListItem\",\"position\":1,\"name\":\"Bel\u00fcftungskan\u00e4le\"}]},{\"@type\":\"WebSite\",\"@id\":\"https:\/\/sarimet.com\/de\/#website\",\"url\":\"https:\/\/sarimet.com\/de\/\",\"name\":\"Sar\u0131met\",\"description\":\"\",\"potentialAction\":[{\"@type\":\"SearchAction\",\"target\":{\"@type\":\"EntryPoint\",\"urlTemplate\":\"https:\/\/sarimet.com\/de\/?s={search_term_string}\"},\"query-input\":\"required name=search_term_string\"}],\"inLanguage\":\"de\"}]}<\/script>\n<!-- \/ Yoast SEO plugin. -->","yoast_head_json":{"title":"Bel\u00fcftungskan\u00e4le | Sar\u0131met","robots":{"index":"index","follow":"follow","max-snippet":"max-snippet:-1","max-image-preview":"max-image-preview:large","max-video-preview":"max-video-preview:-1"},"canonical":"https:\/\/sarimet.com\/de\/beluftungskanale\/","og_locale":"de_DE","og_type":"article","og_title":"Bel\u00fcftungskan\u00e4le | Sar\u0131met","og_url":"https:\/\/sarimet.com\/de\/beluftungskanale\/","og_site_name":"Sar\u0131met","article_modified_time":"2022-08-31T12:11:33+00:00","og_image":[{"width":512,"height":512,"url":"https:\/\/sarimet.com\/de\/wp-content\/uploads\/2022\/04\/havalandirma-1.png","type":"image\/png"}],"twitter_card":"summary_large_image","twitter_misc":{"Gesch\u00e4tzte Lesezeit":"1\u00a0Minute"},"schema":{"@context":"https:\/\/schema.org","@graph":[{"@type":"WebPage","@id":"https:\/\/sarimet.com\/de\/beluftungskanale\/","url":"https:\/\/sarimet.com\/de\/beluftungskanale\/","name":"Bel\u00fcftungskan\u00e4le | Sar\u0131met","isPartOf":{"@id":"https:\/\/sarimet.com\/de\/#website"},"datePublished":"2022-04-15T06:21:11+00:00","dateModified":"2022-08-31T12:11:33+00:00","breadcrumb":{"@id":"https:\/\/sarimet.com\/de\/beluftungskanale\/#breadcrumb"},"inLanguage":"de","potentialAction":[{"@type":"ReadAction","target":["https:\/\/sarimet.com\/de\/beluftungskanale\/"]}]},{"@type":"BreadcrumbList","@id":"https:\/\/sarimet.com\/de\/beluftungskanale\/#breadcrumb","itemListElement":[{"@type":"ListItem","position":1,"name":"Bel\u00fcftungskan\u00e4le"}]},{"@type":"WebSite","@id":"https:\/\/sarimet.com\/de\/#website","url":"https:\/\/sarimet.com\/de\/","name":"Sar\u0131met","description":"","potentialAction":[{"@type":"SearchAction","target":{"@type":"EntryPoint","urlTemplate":"https:\/\/sarimet.com\/de\/?s={search_term_string}"},"query-input":"required name=search_term_string"}],"inLanguage":"de"}]}},"_links":{"self":[{"href":"https:\/\/sarimet.com\/de\/wp-json\/wp\/v2\/pages\/8167","targetHints":{"allow":["GET"]}}],"collection":[{"href":"https:\/\/sarimet.com\/de\/wp-json\/wp\/v2\/pages"}],"about":[{"href":"https:\/\/sarimet.com\/de\/wp-json\/wp\/v2\/types\/page"}],"author":[{"embeddable":true,"href":"https:\/\/sarimet.com\/de\/wp-json\/wp\/v2\/users\/1"}],"replies":[{"embeddable":true,"href":"https:\/\/sarimet.com\/de\/wp-json\/wp\/v2\/comments?post=8167"}],"version-history":[{"count":3,"href":"https:\/\/sarimet.com\/de\/wp-json\/wp\/v2\/pages\/8167\/revisions"}],"predecessor-version":[{"id":10139,"href":"https:\/\/sarimet.com\/de\/wp-json\/wp\/v2\/pages\/8167\/revisions\/10139"}],"wp:featuredmedia":[{"embeddable":true,"href":"https:\/\/sarimet.com\/de\/wp-json\/wp\/v2\/media\/8326"}],"wp:attachment":[{"href":"https:\/\/sarimet.com\/de\/wp-json\/wp\/v2\/media?parent=8167"}],"curies":[{"name":"wp","href":"https:\/\/api.w.org\/{rel}","templated":true}]}}