{"id":8162,"date":"2022-04-15T09:17:19","date_gmt":"2022-04-15T06:17:19","guid":{"rendered":"https:\/\/sarimet.com\/de\/?page_id=8162"},"modified":"2022-08-31T15:12:39","modified_gmt":"2022-08-31T12:12:39","slug":"industrielle-kuchenprodukte-und-metallregale","status":"publish","type":"page","link":"https:\/\/sarimet.com\/de\/industrielle-kuchenprodukte-und-metallregale\/","title":{"rendered":"Industrielle K\u00fcchenprodukte und Metallregale"},"content":{"rendered":"<section class=\"l-section wpb_row height_small\"><div class=\"l-section-h i-cf\"><div class=\"g-cols vc_row via_grid cols_1 laptops-cols_inherit tablets-cols_inherit mobiles-cols_1 valign_top type_default stacking_default\"><div class=\"wpb_column vc_column_container us_custom_7e20fa79 us_animate_this\"><div class=\"vc_column-inner\"><div class=\"g-cols wpb_row via_grid cols_2 laptops-cols_inherit tablets-cols_inherit mobiles-cols_1 valign_middle type_default stacking_default\"><div class=\"wpb_column vc_column_container\"><div class=\"vc_column-inner\"><div class=\"w-image us_custom_dad4fece align_none\"><div class=\"w-image-h\"><img loading=\"lazy\" decoding=\"async\" width=\"1117\" height=\"849\" src=\"https:\/\/sarimet.com\/de\/wp-content\/uploads\/2022\/08\/Endustriyel-Mutfak-Urunleri-ve-Metal-Raflar.jpg\" class=\"attachment-full size-full\" alt=\"\" srcset=\"https:\/\/sarimet.com\/de\/wp-content\/uploads\/2022\/08\/Endustriyel-Mutfak-Urunleri-ve-Metal-Raflar.jpg 1117w, https:\/\/sarimet.com\/de\/wp-content\/uploads\/2022\/08\/Endustriyel-Mutfak-Urunleri-ve-Metal-Raflar-300x228.jpg 300w, https:\/\/sarimet.com\/de\/wp-content\/uploads\/2022\/08\/Endustriyel-Mutfak-Urunleri-ve-Metal-Raflar-1024x778.jpg 1024w\" sizes=\"auto, (max-width: 1117px) 100vw, 1117px\" \/><\/div><\/div><\/div><\/div><div class=\"wpb_column vc_column_container\"><div class=\"vc_column-inner\"><div class=\"wpb_text_column\"><div class=\"wpb_wrapper\"><p>Die Blechumformindustrie ist ein Fertigungsansatz, der viele Methoden wie Schneiden, Stanzen, Biegen und Schwei\u00dfen verwendet, um d\u00fcnne Metallbleche in qualitativ hochwertige Produkte zu verwandeln. Heutzutage wird die Blechumformung in vielen Branchen eingesetzt, darunter in der Automobilindustrie, im Gesundheitswesen und in der Architektur sowie in der Fertigungsindustrie von industriellen K\u00fcchenprodukten aus Blech und Metallregalen.<\/p>\n<p>Die meisten Gewerbe- und Industriek\u00fcchen sind mit Oberfl\u00e4chen, Herden, Stauraum und Arbeitsplatten aus Edelstahl ausgestattet. Die meisten, wenn nicht alle dieser Strukturen werden durch schnelle Blechumformung hergestellt, die die effizienteste, schnellste und kosteng\u00fcnstigste Methode ist, gro\u00dfe Metallstrukturen mit Pr\u00e4zision herzustellen. Produkte wie Theken und Regale, die in einer K\u00fcche verwendet werden sollen, k\u00f6nnen komplexe Geometrien erfordern. \u00c4sthetik ist ein integraler Bestandteil dieser Branche. Im Industriek\u00fcchenbereich gibt es keinen Platz f\u00fcr Fehler und ein dekoratives und \u00e4sthetisches Anliegen sowie spezielle Anforderungen sind sehr wichtig. Dar\u00fcber hinaus sind die K\u00fcchenstrukturen solide, flach und f\u00fcr Lebensmittel geeignet. Aus diesem Grund ist die Blechumformung eine beliebte Option f\u00fcr die Schaffung eines gewerblichen K\u00fcchenbereichs.<\/p>\n<p>Als Sar\u0131met profitiert unser Unternehmen, das nicht nur von den Vorteilen hoher Qualit\u00e4t und niedrigem Preis profitiert, sondern auch von Projekten, die aufgrund hoher Investitionskosten nicht realisiert werden k\u00f6nnen, mit seiner erfahrenen Engineering-Infrastruktur schnell von den Anforderungen unserer gesch\u00e4tzten Kunden.<\/p>\n<\/div><\/div><\/div><\/div><\/div><\/div><\/div><\/div><\/div><\/section>\n","protected":false},"excerpt":{"rendered":"Die Blechumformindustrie ist ein Fertigungsansatz, der viele Methoden wie Schneiden, Stanzen, Biegen und Schwei\u00dfen verwendet, um d\u00fcnne Metallbleche in qualitativ hochwertige Produkte zu verwandeln. Heutzutage wird die Blechumformung in vielen Branchen eingesetzt, darunter in der Automobilindustrie, im Gesundheitswesen und in der Architektur sowie in der Fertigungsindustrie von industriellen K\u00fcchenprodukten aus Blech und Metallregalen. Die meisten...","protected":false},"author":1,"featured_media":8328,"parent":0,"menu_order":0,"comment_status":"closed","ping_status":"closed","template":"","meta":{"footnotes":""},"class_list":["post-8162","page","type-page","status-publish","has-post-thumbnail","hentry"],"acf":[],"yoast_head":"<!-- This site is optimized with the Yoast SEO plugin v19.7.2 - https:\/\/yoast.com\/wordpress\/plugins\/seo\/ -->\n<title>Industrielle K\u00fcchenprodukte und Metallregale | Sar\u0131met<\/title>\n<meta name=\"robots\" content=\"index, follow, max-snippet:-1, max-image-preview:large, max-video-preview:-1\" \/>\n<link rel=\"canonical\" href=\"https:\/\/sarimet.com\/de\/industrielle-kuchenprodukte-und-metallregale\/\" \/>\n<meta property=\"og:locale\" content=\"de_DE\" \/>\n<meta property=\"og:type\" content=\"article\" \/>\n<meta property=\"og:title\" content=\"Industrielle K\u00fcchenprodukte und Metallregale | Sar\u0131met\" \/>\n<meta property=\"og:url\" content=\"https:\/\/sarimet.com\/de\/industrielle-kuchenprodukte-und-metallregale\/\" \/>\n<meta property=\"og:site_name\" content=\"Sar\u0131met\" \/>\n<meta property=\"article:modified_time\" content=\"2022-08-31T12:12:39+00:00\" \/>\n<meta property=\"og:image\" content=\"https:\/\/sarimet.com\/de\/wp-content\/uploads\/2022\/04\/endustriyel-mutfak.png\" \/>\n\t<meta property=\"og:image:width\" content=\"512\" \/>\n\t<meta property=\"og:image:height\" content=\"512\" \/>\n\t<meta property=\"og:image:type\" content=\"image\/png\" \/>\n<meta name=\"twitter:card\" content=\"summary_large_image\" \/>\n<meta name=\"twitter:label1\" content=\"Gesch\u00e4tzte Lesezeit\" \/>\n\t<meta name=\"twitter:data1\" content=\"2\u00a0Minuten\" \/>\n<script type=\"application\/ld+json\" class=\"yoast-schema-graph\">{\"@context\":\"https:\/\/schema.org\",\"@graph\":[{\"@type\":\"WebPage\",\"@id\":\"https:\/\/sarimet.com\/de\/industrielle-kuchenprodukte-und-metallregale\/\",\"url\":\"https:\/\/sarimet.com\/de\/industrielle-kuchenprodukte-und-metallregale\/\",\"name\":\"Industrielle K\u00fcchenprodukte und Metallregale | Sar\u0131met\",\"isPartOf\":{\"@id\":\"https:\/\/sarimet.com\/de\/#website\"},\"datePublished\":\"2022-04-15T06:17:19+00:00\",\"dateModified\":\"2022-08-31T12:12:39+00:00\",\"breadcrumb\":{\"@id\":\"https:\/\/sarimet.com\/de\/industrielle-kuchenprodukte-und-metallregale\/#breadcrumb\"},\"inLanguage\":\"de\",\"potentialAction\":[{\"@type\":\"ReadAction\",\"target\":[\"https:\/\/sarimet.com\/de\/industrielle-kuchenprodukte-und-metallregale\/\"]}]},{\"@type\":\"BreadcrumbList\",\"@id\":\"https:\/\/sarimet.com\/de\/industrielle-kuchenprodukte-und-metallregale\/#breadcrumb\",\"itemListElement\":[{\"@type\":\"ListItem\",\"position\":1,\"name\":\"Industrielle K\u00fcchenprodukte und Metallregale\"}]},{\"@type\":\"WebSite\",\"@id\":\"https:\/\/sarimet.com\/de\/#website\",\"url\":\"https:\/\/sarimet.com\/de\/\",\"name\":\"Sar\u0131met\",\"description\":\"\",\"potentialAction\":[{\"@type\":\"SearchAction\",\"target\":{\"@type\":\"EntryPoint\",\"urlTemplate\":\"https:\/\/sarimet.com\/de\/?s={search_term_string}\"},\"query-input\":\"required name=search_term_string\"}],\"inLanguage\":\"de\"}]}<\/script>\n<!-- \/ Yoast SEO plugin. -->","yoast_head_json":{"title":"Industrielle K\u00fcchenprodukte und Metallregale | Sar\u0131met","robots":{"index":"index","follow":"follow","max-snippet":"max-snippet:-1","max-image-preview":"max-image-preview:large","max-video-preview":"max-video-preview:-1"},"canonical":"https:\/\/sarimet.com\/de\/industrielle-kuchenprodukte-und-metallregale\/","og_locale":"de_DE","og_type":"article","og_title":"Industrielle K\u00fcchenprodukte und Metallregale | Sar\u0131met","og_url":"https:\/\/sarimet.com\/de\/industrielle-kuchenprodukte-und-metallregale\/","og_site_name":"Sar\u0131met","article_modified_time":"2022-08-31T12:12:39+00:00","og_image":[{"width":512,"height":512,"url":"https:\/\/sarimet.com\/de\/wp-content\/uploads\/2022\/04\/endustriyel-mutfak.png","type":"image\/png"}],"twitter_card":"summary_large_image","twitter_misc":{"Gesch\u00e4tzte Lesezeit":"2\u00a0Minuten"},"schema":{"@context":"https:\/\/schema.org","@graph":[{"@type":"WebPage","@id":"https:\/\/sarimet.com\/de\/industrielle-kuchenprodukte-und-metallregale\/","url":"https:\/\/sarimet.com\/de\/industrielle-kuchenprodukte-und-metallregale\/","name":"Industrielle K\u00fcchenprodukte und Metallregale | Sar\u0131met","isPartOf":{"@id":"https:\/\/sarimet.com\/de\/#website"},"datePublished":"2022-04-15T06:17:19+00:00","dateModified":"2022-08-31T12:12:39+00:00","breadcrumb":{"@id":"https:\/\/sarimet.com\/de\/industrielle-kuchenprodukte-und-metallregale\/#breadcrumb"},"inLanguage":"de","potentialAction":[{"@type":"ReadAction","target":["https:\/\/sarimet.com\/de\/industrielle-kuchenprodukte-und-metallregale\/"]}]},{"@type":"BreadcrumbList","@id":"https:\/\/sarimet.com\/de\/industrielle-kuchenprodukte-und-metallregale\/#breadcrumb","itemListElement":[{"@type":"ListItem","position":1,"name":"Industrielle K\u00fcchenprodukte und Metallregale"}]},{"@type":"WebSite","@id":"https:\/\/sarimet.com\/de\/#website","url":"https:\/\/sarimet.com\/de\/","name":"Sar\u0131met","description":"","potentialAction":[{"@type":"SearchAction","target":{"@type":"EntryPoint","urlTemplate":"https:\/\/sarimet.com\/de\/?s={search_term_string}"},"query-input":"required name=search_term_string"}],"inLanguage":"de"}]}},"_links":{"self":[{"href":"https:\/\/sarimet.com\/de\/wp-json\/wp\/v2\/pages\/8162","targetHints":{"allow":["GET"]}}],"collection":[{"href":"https:\/\/sarimet.com\/de\/wp-json\/wp\/v2\/pages"}],"about":[{"href":"https:\/\/sarimet.com\/de\/wp-json\/wp\/v2\/types\/page"}],"author":[{"embeddable":true,"href":"https:\/\/sarimet.com\/de\/wp-json\/wp\/v2\/users\/1"}],"replies":[{"embeddable":true,"href":"https:\/\/sarimet.com\/de\/wp-json\/wp\/v2\/comments?post=8162"}],"version-history":[{"count":7,"href":"https:\/\/sarimet.com\/de\/wp-json\/wp\/v2\/pages\/8162\/revisions"}],"predecessor-version":[{"id":10140,"href":"https:\/\/sarimet.com\/de\/wp-json\/wp\/v2\/pages\/8162\/revisions\/10140"}],"wp:featuredmedia":[{"embeddable":true,"href":"https:\/\/sarimet.com\/de\/wp-json\/wp\/v2\/media\/8328"}],"wp:attachment":[{"href":"https:\/\/sarimet.com\/de\/wp-json\/wp\/v2\/media?parent=8162"}],"curies":[{"name":"wp","href":"https:\/\/api.w.org\/{rel}","templated":true}]}}