{"id":8156,"date":"2022-04-15T09:13:54","date_gmt":"2022-04-15T06:13:54","guid":{"rendered":"https:\/\/sarimet.com\/de\/?page_id=8156"},"modified":"2022-08-31T15:08:04","modified_gmt":"2022-08-31T12:08:04","slug":"aufzug","status":"publish","type":"page","link":"https:\/\/sarimet.com\/de\/aufzug\/","title":{"rendered":"Aufzug"},"content":{"rendered":"<section class=\"l-section wpb_row height_small\"><div class=\"l-section-h i-cf\"><div class=\"g-cols vc_row via_grid cols_1 laptops-cols_inherit tablets-cols_inherit mobiles-cols_1 valign_top type_default stacking_default\"><div class=\"wpb_column vc_column_container us_custom_7e20fa79 us_animate_this\"><div class=\"vc_column-inner\"><div class=\"g-cols wpb_row via_grid cols_2 laptops-cols_inherit tablets-cols_inherit mobiles-cols_1 valign_middle type_default stacking_default\"><div class=\"wpb_column vc_column_container\"><div class=\"vc_column-inner\"><div class=\"w-image us_custom_dad4fece has_ratio align_none\"><div class=\"w-image-h\"><div style=\"padding-bottom:56.25%\"><\/div><img loading=\"lazy\" decoding=\"async\" width=\"2560\" height=\"1707\" src=\"https:\/\/sarimet.com\/de\/wp-content\/uploads\/2022\/04\/side-view-of-two-modern-elevators-in-a-workplace-2021-08-28-16-43-52-utc-min-scaled.jpg\" class=\"attachment-full size-full\" alt=\"\" srcset=\"https:\/\/sarimet.com\/de\/wp-content\/uploads\/2022\/04\/side-view-of-two-modern-elevators-in-a-workplace-2021-08-28-16-43-52-utc-min-scaled.jpg 2560w, https:\/\/sarimet.com\/de\/wp-content\/uploads\/2022\/04\/side-view-of-two-modern-elevators-in-a-workplace-2021-08-28-16-43-52-utc-min-300x200.jpg 300w, https:\/\/sarimet.com\/de\/wp-content\/uploads\/2022\/04\/side-view-of-two-modern-elevators-in-a-workplace-2021-08-28-16-43-52-utc-min-1024x683.jpg 1024w, https:\/\/sarimet.com\/de\/wp-content\/uploads\/2022\/04\/side-view-of-two-modern-elevators-in-a-workplace-2021-08-28-16-43-52-utc-min-1536x1024.jpg 1536w\" sizes=\"auto, (max-width: 2560px) 100vw, 2560px\" \/><\/div><\/div><\/div><\/div><div class=\"wpb_column vc_column_container\"><div class=\"vc_column-inner\"><div class=\"wpb_text_column\"><div class=\"wpb_wrapper\"><p>Die \u00fcblicherweise in der Aufzugsindustrie hergestellten Produkte sind Aufzugskabinen und Tr\u00e4gerverbindungsstrukturen. Alle Projekte in dieser Branche werden nach den spezifischen Anforderungen des Kunden konzipiert. Diese Anfragen beinhalten Sonderabmessungen und Sonderausf\u00fchrungen.<\/p>\n<p>Die am h\u00e4ufigsten verwendeten Materialien in der Aufzugsproduktion sind Edelstahl und verzinkter Stahl mit Blechdicken von 0,60 mm bis 5 mm.<\/p>\n<p>In diesem Sektor ist es unerl\u00e4sslich, zuverl\u00e4ssige, sichere und langlebige Produkte herzustellen, da dies die Lebenssicherheit direkt beeinflusst. \u00c4sthetik, Pr\u00e4zision und Perfektion der Endprodukte sind ebenfalls notwendige Voraussetzungen. Sar\u0131met produziert effektive L\u00f6sungen f\u00fcr seine Kunden mit seiner Branchenerfahrung von einem Vierteljahrhundert und seinem verantwortungsvollen, erfahrenen technischen Personal.<\/p>\n<\/div><\/div><\/div><\/div><\/div><\/div><\/div><\/div><\/div><\/section>\n","protected":false},"excerpt":{"rendered":"Die \u00fcblicherweise in der Aufzugsindustrie hergestellten Produkte sind Aufzugskabinen und Tr\u00e4gerverbindungsstrukturen. Alle Projekte in dieser Branche werden nach den spezifischen Anforderungen des Kunden konzipiert. Diese Anfragen beinhalten Sonderabmessungen und Sonderausf\u00fchrungen. Die am h\u00e4ufigsten verwendeten Materialien in der Aufzugsproduktion sind Edelstahl und verzinkter Stahl mit Blechdicken von 0,60 mm bis 5 mm. In diesem Sektor ist...","protected":false},"author":1,"featured_media":8322,"parent":0,"menu_order":0,"comment_status":"closed","ping_status":"closed","template":"","meta":{"footnotes":""},"class_list":["post-8156","page","type-page","status-publish","has-post-thumbnail","hentry"],"acf":[],"yoast_head":"<!-- This site is optimized with the Yoast SEO plugin v19.7.2 - https:\/\/yoast.com\/wordpress\/plugins\/seo\/ -->\n<title>Aufzug | Sar\u0131met<\/title>\n<meta name=\"robots\" content=\"index, follow, max-snippet:-1, max-image-preview:large, max-video-preview:-1\" \/>\n<link rel=\"canonical\" href=\"https:\/\/sarimet.com\/de\/aufzug\/\" \/>\n<meta property=\"og:locale\" content=\"de_DE\" \/>\n<meta property=\"og:type\" content=\"article\" \/>\n<meta property=\"og:title\" content=\"Aufzug | Sar\u0131met\" \/>\n<meta property=\"og:url\" content=\"https:\/\/sarimet.com\/de\/aufzug\/\" \/>\n<meta property=\"og:site_name\" content=\"Sar\u0131met\" \/>\n<meta property=\"article:modified_time\" content=\"2022-08-31T12:08:04+00:00\" \/>\n<meta property=\"og:image\" content=\"https:\/\/sarimet.com\/de\/wp-content\/uploads\/2022\/04\/asansor-1.png\" \/>\n\t<meta property=\"og:image:width\" content=\"512\" \/>\n\t<meta property=\"og:image:height\" content=\"512\" \/>\n\t<meta property=\"og:image:type\" content=\"image\/png\" \/>\n<meta name=\"twitter:card\" content=\"summary_large_image\" \/>\n<meta name=\"twitter:label1\" content=\"Gesch\u00e4tzte Lesezeit\" \/>\n\t<meta name=\"twitter:data1\" content=\"1\u00a0Minute\" \/>\n<script type=\"application\/ld+json\" class=\"yoast-schema-graph\">{\"@context\":\"https:\/\/schema.org\",\"@graph\":[{\"@type\":\"WebPage\",\"@id\":\"https:\/\/sarimet.com\/de\/aufzug\/\",\"url\":\"https:\/\/sarimet.com\/de\/aufzug\/\",\"name\":\"Aufzug | Sar\u0131met\",\"isPartOf\":{\"@id\":\"https:\/\/sarimet.com\/de\/#website\"},\"datePublished\":\"2022-04-15T06:13:54+00:00\",\"dateModified\":\"2022-08-31T12:08:04+00:00\",\"breadcrumb\":{\"@id\":\"https:\/\/sarimet.com\/de\/aufzug\/#breadcrumb\"},\"inLanguage\":\"de\",\"potentialAction\":[{\"@type\":\"ReadAction\",\"target\":[\"https:\/\/sarimet.com\/de\/aufzug\/\"]}]},{\"@type\":\"BreadcrumbList\",\"@id\":\"https:\/\/sarimet.com\/de\/aufzug\/#breadcrumb\",\"itemListElement\":[{\"@type\":\"ListItem\",\"position\":1,\"name\":\"Aufzug\"}]},{\"@type\":\"WebSite\",\"@id\":\"https:\/\/sarimet.com\/de\/#website\",\"url\":\"https:\/\/sarimet.com\/de\/\",\"name\":\"Sar\u0131met\",\"description\":\"\",\"potentialAction\":[{\"@type\":\"SearchAction\",\"target\":{\"@type\":\"EntryPoint\",\"urlTemplate\":\"https:\/\/sarimet.com\/de\/?s={search_term_string}\"},\"query-input\":\"required name=search_term_string\"}],\"inLanguage\":\"de\"}]}<\/script>\n<!-- \/ Yoast SEO plugin. -->","yoast_head_json":{"title":"Aufzug | Sar\u0131met","robots":{"index":"index","follow":"follow","max-snippet":"max-snippet:-1","max-image-preview":"max-image-preview:large","max-video-preview":"max-video-preview:-1"},"canonical":"https:\/\/sarimet.com\/de\/aufzug\/","og_locale":"de_DE","og_type":"article","og_title":"Aufzug | Sar\u0131met","og_url":"https:\/\/sarimet.com\/de\/aufzug\/","og_site_name":"Sar\u0131met","article_modified_time":"2022-08-31T12:08:04+00:00","og_image":[{"width":512,"height":512,"url":"https:\/\/sarimet.com\/de\/wp-content\/uploads\/2022\/04\/asansor-1.png","type":"image\/png"}],"twitter_card":"summary_large_image","twitter_misc":{"Gesch\u00e4tzte Lesezeit":"1\u00a0Minute"},"schema":{"@context":"https:\/\/schema.org","@graph":[{"@type":"WebPage","@id":"https:\/\/sarimet.com\/de\/aufzug\/","url":"https:\/\/sarimet.com\/de\/aufzug\/","name":"Aufzug | Sar\u0131met","isPartOf":{"@id":"https:\/\/sarimet.com\/de\/#website"},"datePublished":"2022-04-15T06:13:54+00:00","dateModified":"2022-08-31T12:08:04+00:00","breadcrumb":{"@id":"https:\/\/sarimet.com\/de\/aufzug\/#breadcrumb"},"inLanguage":"de","potentialAction":[{"@type":"ReadAction","target":["https:\/\/sarimet.com\/de\/aufzug\/"]}]},{"@type":"BreadcrumbList","@id":"https:\/\/sarimet.com\/de\/aufzug\/#breadcrumb","itemListElement":[{"@type":"ListItem","position":1,"name":"Aufzug"}]},{"@type":"WebSite","@id":"https:\/\/sarimet.com\/de\/#website","url":"https:\/\/sarimet.com\/de\/","name":"Sar\u0131met","description":"","potentialAction":[{"@type":"SearchAction","target":{"@type":"EntryPoint","urlTemplate":"https:\/\/sarimet.com\/de\/?s={search_term_string}"},"query-input":"required name=search_term_string"}],"inLanguage":"de"}]}},"_links":{"self":[{"href":"https:\/\/sarimet.com\/de\/wp-json\/wp\/v2\/pages\/8156","targetHints":{"allow":["GET"]}}],"collection":[{"href":"https:\/\/sarimet.com\/de\/wp-json\/wp\/v2\/pages"}],"about":[{"href":"https:\/\/sarimet.com\/de\/wp-json\/wp\/v2\/types\/page"}],"author":[{"embeddable":true,"href":"https:\/\/sarimet.com\/de\/wp-json\/wp\/v2\/users\/1"}],"replies":[{"embeddable":true,"href":"https:\/\/sarimet.com\/de\/wp-json\/wp\/v2\/comments?post=8156"}],"version-history":[{"count":4,"href":"https:\/\/sarimet.com\/de\/wp-json\/wp\/v2\/pages\/8156\/revisions"}],"predecessor-version":[{"id":10136,"href":"https:\/\/sarimet.com\/de\/wp-json\/wp\/v2\/pages\/8156\/revisions\/10136"}],"wp:featuredmedia":[{"embeddable":true,"href":"https:\/\/sarimet.com\/de\/wp-json\/wp\/v2\/media\/8322"}],"wp:attachment":[{"href":"https:\/\/sarimet.com\/de\/wp-json\/wp\/v2\/media?parent=8156"}],"curies":[{"name":"wp","href":"https:\/\/api.w.org\/{rel}","templated":true}]}}