{"id":8124,"date":"2022-04-14T14:51:47","date_gmt":"2022-04-14T11:51:47","guid":{"rendered":"https:\/\/sarimet.com\/de\/?page_id=8124"},"modified":"2025-08-19T11:22:48","modified_gmt":"2025-08-19T08:22:48","slug":"schweis","status":"publish","type":"page","link":"https:\/\/sarimet.com\/de\/schweis\/","title":{"rendered":"Schwei\u00df"},"content":{"rendered":"<section class=\"l-section wpb_row height_small\"><div class=\"l-section-h i-cf\"><div class=\"g-cols vc_row via_grid cols_1 laptops-cols_inherit tablets-cols_inherit mobiles-cols_1 valign_top type_default stacking_default\"><div class=\"wpb_column vc_column_container us_custom_7e20fa79 us_animate_this\"><div class=\"vc_column-inner\"><div class=\"g-cols wpb_row via_grid cols_1 laptops-cols_inherit tablets-cols_inherit mobiles-cols_1 valign_top type_default stacking_default\"><div class=\"wpb_column vc_column_container\"><div class=\"vc_column-inner\"><div class=\"wpb_text_column us_custom_47474b22 us_animate_this\"><div class=\"wpb_wrapper\"><p><strong data-start=\"46\" data-end=\"120\">Mit \u00fcber 25 Jahren Erfahrung setzen wir Ma\u00dfst\u00e4be in der Schwei\u00dftechnik<\/strong><\/p>\n<p>Bei <strong data-start=\"126\" data-end=\"137\">Sar\u0131met<\/strong> setzen wir mit \u00fcber <strong data-start=\"158\" data-end=\"181\">25 Jahren Erfahrung<\/strong>, unserem spezialisierten Schwei\u00dfpersonal und modernen <strong data-start=\"236\" data-end=\"264\">MIG\/MAG-Schwei\u00dfmaschinen<\/strong> neue Ma\u00dfst\u00e4be in der Branche. Wir konzentrieren uns darauf, in jedem Projekt h\u00f6chste Qualit\u00e4t zu liefern und gehen jede Aufgabe mit Pr\u00e4zision und Sorgfalt an.<\/p>\n<p><strong data-start=\"425\" data-end=\"495\">Fachkundiges und erfahrenes Schwei\u00dfteam f\u00fcr hochwertige Ergebnisse<\/strong><br data-start=\"495\" data-end=\"498\" \/>Unser geschultes und erfahrenes Schwei\u00dfteam geht jedes Projekt mit hohen Standards und Liebe zum Detail an. Ob <strong data-start=\"609\" data-end=\"629\">Serienproduktion<\/strong> oder <strong data-start=\"635\" data-end=\"656\">Sonderanfertigung<\/strong>, Sie finden technisches Know-how, Handwerkskunst und Qualit\u00e4t im Zentrum jeder Arbeit.<\/p>\n<p><strong data-start=\"745\" data-end=\"814\">MIG\/MAG-Schwei\u00dftechnologie f\u00fcr effiziente und langlebige L\u00f6sungen<\/strong><br data-start=\"814\" data-end=\"817\" \/>Dank der <strong data-start=\"826\" data-end=\"865\">MIG\/MAG (Metall-Aktiv-Gasschwei\u00dfen)<\/strong>-Technologie bieten wir hohe Effizienz, saubere Schwei\u00dfn\u00e4hte und langlebige L\u00f6sungen. Diese Technologie eignet sich perfekt f\u00fcr alle Arten von Metallbearbeitungsanforderungen.<\/p>\n<p><strong data-start=\"1042\" data-end=\"1075\">Warum sollten Sie uns w\u00e4hlen?<\/strong><br data-start=\"1075\" data-end=\"1078\" \/>Unternehmen, die mit uns zusammenarbeiten, erhalten nicht nur <strong data-start=\"1140\" data-end=\"1179\">hochwertige Schwei\u00dfdienstleistungen<\/strong>, sondern auch einen <strong data-start=\"1200\" data-end=\"1234\">zuverl\u00e4ssigen Gesch\u00e4ftspartner<\/strong>. Mit <strong data-start=\"1240\" data-end=\"1308\">einem starken Team, moderner Technologie und 25 Jahren Erfahrung<\/strong> k\u00f6nnen Sie uns Ihre Projekte mit Vertrauen anvertrauen.<\/p>\n<\/div><\/div><\/div><\/div><\/div><div class=\"g-cols wpb_row via_grid cols_2 laptops-cols_inherit tablets-cols_inherit mobiles-cols_1 valign_middle type_default stacking_default\"><div class=\"wpb_column vc_column_container\"><div class=\"vc_column-inner\"><div class=\"w-image us_custom_65dbb057 us_animate_this align_none\"><div class=\"w-image-h\"><img loading=\"lazy\" decoding=\"async\" width=\"1920\" height=\"1280\" src=\"https:\/\/sarimet.com\/de\/wp-content\/uploads\/2022\/06\/Kaynak-1.jpg\" class=\"attachment-full size-full\" alt=\"\" srcset=\"https:\/\/sarimet.com\/de\/wp-content\/uploads\/2022\/06\/Kaynak-1.jpg 1920w, https:\/\/sarimet.com\/de\/wp-content\/uploads\/2022\/06\/Kaynak-1-300x200.jpg 300w, https:\/\/sarimet.com\/de\/wp-content\/uploads\/2022\/06\/Kaynak-1-1024x683.jpg 1024w, https:\/\/sarimet.com\/de\/wp-content\/uploads\/2022\/06\/Kaynak-1-1536x1024.jpg 1536w\" sizes=\"auto, (max-width: 1920px) 100vw, 1920px\" \/><\/div><\/div><\/div><\/div><div class=\"wpb_column vc_column_container\"><div class=\"vc_column-inner\"><div class=\"w-image us_custom_65dbb057 us_animate_this align_none\"><div class=\"w-image-h\"><img loading=\"lazy\" decoding=\"async\" width=\"1920\" height=\"1290\" src=\"https:\/\/sarimet.com\/de\/wp-content\/uploads\/2022\/06\/Kaynak-2.jpg\" class=\"attachment-full size-full\" alt=\"\" srcset=\"https:\/\/sarimet.com\/de\/wp-content\/uploads\/2022\/06\/Kaynak-2.jpg 1920w, https:\/\/sarimet.com\/de\/wp-content\/uploads\/2022\/06\/Kaynak-2-300x202.jpg 300w, https:\/\/sarimet.com\/de\/wp-content\/uploads\/2022\/06\/Kaynak-2-1024x688.jpg 1024w, https:\/\/sarimet.com\/de\/wp-content\/uploads\/2022\/06\/Kaynak-2-1536x1032.jpg 1536w\" sizes=\"auto, (max-width: 1920px) 100vw, 1920px\" \/><\/div><\/div><\/div><\/div><\/div><div class=\"w-separator size_small\"><\/div><\/div><\/div><\/div><\/div><\/section>\n","protected":false},"excerpt":{"rendered":"Mit \u00fcber 25 Jahren Erfahrung setzen wir Ma\u00dfst\u00e4be in der Schwei\u00dftechnik Bei Sar\u0131met setzen wir mit \u00fcber 25 Jahren Erfahrung, unserem spezialisierten Schwei\u00dfpersonal und modernen MIG\/MAG-Schwei\u00dfmaschinen neue Ma\u00dfst\u00e4be in der Branche. Wir konzentrieren uns darauf, in jedem Projekt h\u00f6chste Qualit\u00e4t zu liefern und gehen jede Aufgabe mit Pr\u00e4zision und Sorgfalt an. Fachkundiges und erfahrenes Schwei\u00dfteam...","protected":false},"author":1,"featured_media":9642,"parent":0,"menu_order":0,"comment_status":"closed","ping_status":"closed","template":"","meta":{"footnotes":""},"class_list":["post-8124","page","type-page","status-publish","has-post-thumbnail","hentry"],"acf":[],"yoast_head":"<!-- This site is optimized with the Yoast SEO plugin v19.7.2 - https:\/\/yoast.com\/wordpress\/plugins\/seo\/ -->\n<title>Schwei\u00df | Sar\u0131met<\/title>\n<meta name=\"robots\" content=\"index, follow, max-snippet:-1, max-image-preview:large, max-video-preview:-1\" \/>\n<link rel=\"canonical\" href=\"https:\/\/sarimet.com\/de\/schweis\/\" \/>\n<meta property=\"og:locale\" content=\"de_DE\" \/>\n<meta property=\"og:type\" content=\"article\" \/>\n<meta property=\"og:title\" content=\"Schwei\u00df | Sar\u0131met\" \/>\n<meta property=\"og:url\" content=\"https:\/\/sarimet.com\/de\/schweis\/\" \/>\n<meta property=\"og:site_name\" content=\"Sar\u0131met\" \/>\n<meta property=\"article:modified_time\" content=\"2025-08-19T08:22:48+00:00\" \/>\n<meta property=\"og:image\" content=\"https:\/\/sarimet.com\/de\/wp-content\/uploads\/2022\/06\/Kaynak-1.jpg\" \/>\n\t<meta property=\"og:image:width\" content=\"1920\" \/>\n\t<meta property=\"og:image:height\" content=\"1280\" \/>\n\t<meta property=\"og:image:type\" content=\"image\/jpeg\" \/>\n<meta name=\"twitter:card\" content=\"summary_large_image\" \/>\n<meta name=\"twitter:label1\" content=\"Gesch\u00e4tzte Lesezeit\" \/>\n\t<meta name=\"twitter:data1\" content=\"1\u00a0Minute\" \/>\n<script type=\"application\/ld+json\" class=\"yoast-schema-graph\">{\"@context\":\"https:\/\/schema.org\",\"@graph\":[{\"@type\":\"WebPage\",\"@id\":\"https:\/\/sarimet.com\/de\/schweis\/\",\"url\":\"https:\/\/sarimet.com\/de\/schweis\/\",\"name\":\"Schwei\u00df | Sar\u0131met\",\"isPartOf\":{\"@id\":\"https:\/\/sarimet.com\/de\/#website\"},\"datePublished\":\"2022-04-14T11:51:47+00:00\",\"dateModified\":\"2025-08-19T08:22:48+00:00\",\"breadcrumb\":{\"@id\":\"https:\/\/sarimet.com\/de\/schweis\/#breadcrumb\"},\"inLanguage\":\"de\",\"potentialAction\":[{\"@type\":\"ReadAction\",\"target\":[\"https:\/\/sarimet.com\/de\/schweis\/\"]}]},{\"@type\":\"BreadcrumbList\",\"@id\":\"https:\/\/sarimet.com\/de\/schweis\/#breadcrumb\",\"itemListElement\":[{\"@type\":\"ListItem\",\"position\":1,\"name\":\"Schwei\u00df\"}]},{\"@type\":\"WebSite\",\"@id\":\"https:\/\/sarimet.com\/de\/#website\",\"url\":\"https:\/\/sarimet.com\/de\/\",\"name\":\"Sar\u0131met\",\"description\":\"\",\"potentialAction\":[{\"@type\":\"SearchAction\",\"target\":{\"@type\":\"EntryPoint\",\"urlTemplate\":\"https:\/\/sarimet.com\/de\/?s={search_term_string}\"},\"query-input\":\"required name=search_term_string\"}],\"inLanguage\":\"de\"}]}<\/script>\n<!-- \/ Yoast SEO plugin. -->","yoast_head_json":{"title":"Schwei\u00df | Sar\u0131met","robots":{"index":"index","follow":"follow","max-snippet":"max-snippet:-1","max-image-preview":"max-image-preview:large","max-video-preview":"max-video-preview:-1"},"canonical":"https:\/\/sarimet.com\/de\/schweis\/","og_locale":"de_DE","og_type":"article","og_title":"Schwei\u00df | Sar\u0131met","og_url":"https:\/\/sarimet.com\/de\/schweis\/","og_site_name":"Sar\u0131met","article_modified_time":"2025-08-19T08:22:48+00:00","og_image":[{"width":1920,"height":1280,"url":"https:\/\/sarimet.com\/de\/wp-content\/uploads\/2022\/06\/Kaynak-1.jpg","type":"image\/jpeg"}],"twitter_card":"summary_large_image","twitter_misc":{"Gesch\u00e4tzte Lesezeit":"1\u00a0Minute"},"schema":{"@context":"https:\/\/schema.org","@graph":[{"@type":"WebPage","@id":"https:\/\/sarimet.com\/de\/schweis\/","url":"https:\/\/sarimet.com\/de\/schweis\/","name":"Schwei\u00df | Sar\u0131met","isPartOf":{"@id":"https:\/\/sarimet.com\/de\/#website"},"datePublished":"2022-04-14T11:51:47+00:00","dateModified":"2025-08-19T08:22:48+00:00","breadcrumb":{"@id":"https:\/\/sarimet.com\/de\/schweis\/#breadcrumb"},"inLanguage":"de","potentialAction":[{"@type":"ReadAction","target":["https:\/\/sarimet.com\/de\/schweis\/"]}]},{"@type":"BreadcrumbList","@id":"https:\/\/sarimet.com\/de\/schweis\/#breadcrumb","itemListElement":[{"@type":"ListItem","position":1,"name":"Schwei\u00df"}]},{"@type":"WebSite","@id":"https:\/\/sarimet.com\/de\/#website","url":"https:\/\/sarimet.com\/de\/","name":"Sar\u0131met","description":"","potentialAction":[{"@type":"SearchAction","target":{"@type":"EntryPoint","urlTemplate":"https:\/\/sarimet.com\/de\/?s={search_term_string}"},"query-input":"required name=search_term_string"}],"inLanguage":"de"}]}},"_links":{"self":[{"href":"https:\/\/sarimet.com\/de\/wp-json\/wp\/v2\/pages\/8124","targetHints":{"allow":["GET"]}}],"collection":[{"href":"https:\/\/sarimet.com\/de\/wp-json\/wp\/v2\/pages"}],"about":[{"href":"https:\/\/sarimet.com\/de\/wp-json\/wp\/v2\/types\/page"}],"author":[{"embeddable":true,"href":"https:\/\/sarimet.com\/de\/wp-json\/wp\/v2\/users\/1"}],"replies":[{"embeddable":true,"href":"https:\/\/sarimet.com\/de\/wp-json\/wp\/v2\/comments?post=8124"}],"version-history":[{"count":15,"href":"https:\/\/sarimet.com\/de\/wp-json\/wp\/v2\/pages\/8124\/revisions"}],"predecessor-version":[{"id":10251,"href":"https:\/\/sarimet.com\/de\/wp-json\/wp\/v2\/pages\/8124\/revisions\/10251"}],"wp:featuredmedia":[{"embeddable":true,"href":"https:\/\/sarimet.com\/de\/wp-json\/wp\/v2\/media\/9642"}],"wp:attachment":[{"href":"https:\/\/sarimet.com\/de\/wp-json\/wp\/v2\/media?parent=8124"}],"curies":[{"name":"wp","href":"https:\/\/api.w.org\/{rel}","templated":true}]}}