{"id":8119,"date":"2022-04-14T14:43:06","date_gmt":"2022-04-14T11:43:06","guid":{"rendered":"https:\/\/sarimet.com\/de\/?page_id=8119"},"modified":"2025-08-19T10:01:36","modified_gmt":"2025-08-19T07:01:36","slug":"abkanten","status":"publish","type":"page","link":"https:\/\/sarimet.com\/de\/abkanten\/","title":{"rendered":"Abkanten"},"content":{"rendered":"<section class=\"l-section wpb_row height_small\"><div class=\"l-section-h i-cf\"><div class=\"g-cols vc_row via_grid cols_1 laptops-cols_inherit tablets-cols_inherit mobiles-cols_1 valign_top type_default stacking_default\"><div class=\"wpb_column vc_column_container us_custom_7e20fa79 us_animate_this\"><div class=\"vc_column-inner\"><div class=\"g-cols wpb_row via_grid cols_2 laptops-cols_inherit tablets-cols_inherit mobiles-cols_1 valign_middle type_default stacking_default\"><div class=\"wpb_column vc_column_container\"><div class=\"vc_column-inner\"><div class=\"w-image us_custom_dad4fece align_none\"><div class=\"w-image-h\"><img loading=\"lazy\" decoding=\"async\" width=\"1920\" height=\"1294\" src=\"https:\/\/sarimet.com\/de\/wp-content\/uploads\/2022\/06\/Abkant-Bukum-1.jpg\" class=\"attachment-full size-full\" alt=\"\" srcset=\"https:\/\/sarimet.com\/de\/wp-content\/uploads\/2022\/06\/Abkant-Bukum-1.jpg 1920w, https:\/\/sarimet.com\/de\/wp-content\/uploads\/2022\/06\/Abkant-Bukum-1-300x202.jpg 300w, https:\/\/sarimet.com\/de\/wp-content\/uploads\/2022\/06\/Abkant-Bukum-1-1024x690.jpg 1024w, https:\/\/sarimet.com\/de\/wp-content\/uploads\/2022\/06\/Abkant-Bukum-1-1536x1035.jpg 1536w\" sizes=\"auto, (max-width: 1920px) 100vw, 1920px\" \/><\/div><\/div><\/div><\/div><div class=\"wpb_column vc_column_container\"><div class=\"vc_column-inner\"><div class=\"wpb_text_column\"><div class=\"wpb_wrapper\"><p><strong data-start=\"46\" data-end=\"143\">Wir bieten pr\u00e4zisere, effizientere und kosteng\u00fcnstigere Produktionsl\u00f6sungen mit Abkantbiegung<\/strong><\/p>\n<p>Mit unseren fortschrittlichen <strong data-start=\"175\" data-end=\"199\">Abkantbiegemaschinen<\/strong> streben wir an, in jedem Biegevorgang die h\u00f6chste Qualit\u00e4t und Effizienz zu gew\u00e4hrleisten. <strong data-start=\"291\" data-end=\"302\">Sar\u0131met<\/strong> bietet mit seinen verschiedenen Abkantbiegemaschinen in unterschiedlichen Leistungs- und Gr\u00f6\u00dfenbereichen, einer breiten <strong data-start=\"423\" data-end=\"446\">Wila-Stempelpalette<\/strong> und 25 Jahren Branchenerfahrung \u00fcberlegene Biegevorschl\u00e4ge f\u00fcr komplexe Teile.<\/p>\n<p><strong data-start=\"527\" data-end=\"575\">Warum sollte Abkantbiegung bevorzugt werden?<\/strong><\/p>\n<ul data-start=\"577\" data-end=\"1556\">\n<li data-start=\"577\" data-end=\"775\"><strong data-start=\"579\" data-end=\"598\">Hohe Pr\u00e4zision:<\/strong> Unsere Abkantbiegemaschinen bieten hohe Genauigkeit und Pr\u00e4zision bei allen Arten der Metallbearbeitung. So k\u00f6nnen selbst die komplexesten Geometrien fehlerfrei gebogen werden.<\/li>\n<li data-start=\"777\" data-end=\"1032\"><strong data-start=\"779\" data-end=\"825\">Verschiedene Gr\u00f6\u00dfen und Leistungsoptionen:<\/strong> Unsere Abkantbiegemaschinen bieten verschiedene Leistungsstufen und Gr\u00f6\u00dfen und bieten somit L\u00f6sungen f\u00fcr jede Produktionsanforderung. Dies gew\u00e4hrleistet Flexibilit\u00e4t f\u00fcr kleine, mittlere und gro\u00dfe Projekte.<\/li>\n<li data-start=\"1034\" data-end=\"1265\"><strong data-start=\"1036\" data-end=\"1078\">Effektive L\u00f6sungen f\u00fcr komplexe Teile:<\/strong> F\u00fcr Teile, die komplexe Biegevorg\u00e4nge erfordern, liefern unsere Abkantbiegemaschinen hervorragende Ergebnisse. Wir k\u00f6nnen alles von Biegewinkeln bis hin zu Formbildungen pr\u00e4zise steuern.<\/li>\n<li data-start=\"1267\" data-end=\"1556\"><strong data-start=\"1269\" data-end=\"1300\">Breite Wila-Stempelpalette:<\/strong> Unsere Abkantbiegemaschinen sind mit einer breiten Palette an Stempeln ausgestattet, die das Arbeiten mit verschiedenen Materialien und Biegewinkeln erm\u00f6glichen. Diese Flexibilit\u00e4t erlaubt es uns, ma\u00dfgeschneiderte L\u00f6sungen f\u00fcr jedes Projekt zu entwickeln.<\/li>\n<\/ul>\n<p><strong data-start=\"1558\" data-end=\"1615\">Sar\u0131met bietet effiziente und kosteng\u00fcnstige L\u00f6sungen<\/strong><\/p>\n<p>Mit 25 Jahren Branchenerfahrung und einem Expertenteam streben wir danach, die h\u00f6chsten Standards im Bereich <strong data-start=\"1726\" data-end=\"1743\">Abkantbiegung<\/strong> zu erf\u00fcllen. Unsere vielf\u00e4ltigen Abkantbiegemaschinen bieten mit verschiedenen Leistungsstufen und Gr\u00f6\u00dfenkonfigurationen zuverl\u00e4ssige und kosteng\u00fcnstige L\u00f6sungen f\u00fcr alle Ihre Produktionsanforderungen.<\/p>\n<ul data-start=\"1947\" data-end=\"2403\">\n<li data-start=\"1947\" data-end=\"2151\"><strong data-start=\"1949\" data-end=\"1986\">Zeitersparnis und hohe Effizienz:<\/strong> Unsere Abkantbiegemaschinen beschleunigen Ihre Produktionsprozesse, sparen Zeit und bieten eine hohe Effizienz, sodass Sie Ihre Projekte schnell abschlie\u00dfen k\u00f6nnen.<\/li>\n<li data-start=\"2153\" data-end=\"2403\"><strong data-start=\"2155\" data-end=\"2183\">Steigerung der Qualit\u00e4t:<\/strong> Wir legen in jeder Phase gro\u00dfen Wert auf Qualit\u00e4t und gew\u00e4hrleisten perfekte Ergebnisse bei allen Biegevorg\u00e4ngen. Mit hochpr\u00e4zisen Maschinen minimieren wir Fehlerquoten und liefern stets die h\u00f6chsten Qualit\u00e4tsstandards.<\/li>\n<\/ul>\n<p><strong data-start=\"2405\" data-end=\"2635\">Zusammenfassend bieten wir mit Abkantbiegung schnellere, pr\u00e4zisere und kosteng\u00fcnstigere Produktionsl\u00f6sungen. Als Sar\u0131met bieten wir weiterhin innovative, kundenorientierte L\u00f6sungen, die die h\u00f6chsten Branchenstandards erf\u00fcllen.<\/strong><\/p>\n<\/div><\/div><\/div><\/div><\/div><\/div><\/div><\/div><\/div><\/section>\n","protected":false},"excerpt":{"rendered":"Wir bieten pr\u00e4zisere, effizientere und kosteng\u00fcnstigere Produktionsl\u00f6sungen mit Abkantbiegung Mit unseren fortschrittlichen Abkantbiegemaschinen streben wir an, in jedem Biegevorgang die h\u00f6chste Qualit\u00e4t und Effizienz zu gew\u00e4hrleisten. Sar\u0131met bietet mit seinen verschiedenen Abkantbiegemaschinen in unterschiedlichen Leistungs- und Gr\u00f6\u00dfenbereichen, einer breiten Wila-Stempelpalette und 25 Jahren Branchenerfahrung \u00fcberlegene Biegevorschl\u00e4ge f\u00fcr komplexe Teile. Warum sollte Abkantbiegung bevorzugt werden? Hohe...","protected":false},"author":1,"featured_media":9636,"parent":0,"menu_order":0,"comment_status":"closed","ping_status":"closed","template":"","meta":{"footnotes":""},"class_list":["post-8119","page","type-page","status-publish","has-post-thumbnail","hentry"],"acf":[],"yoast_head":"<!-- This site is optimized with the Yoast SEO plugin v19.7.2 - https:\/\/yoast.com\/wordpress\/plugins\/seo\/ -->\n<title>Abkanten | Sar\u0131met<\/title>\n<meta name=\"robots\" content=\"index, follow, max-snippet:-1, max-image-preview:large, max-video-preview:-1\" \/>\n<link rel=\"canonical\" href=\"https:\/\/sarimet.com\/de\/abkanten\/\" \/>\n<meta property=\"og:locale\" content=\"de_DE\" \/>\n<meta property=\"og:type\" content=\"article\" \/>\n<meta property=\"og:title\" content=\"Abkanten | Sar\u0131met\" \/>\n<meta property=\"og:url\" content=\"https:\/\/sarimet.com\/de\/abkanten\/\" \/>\n<meta property=\"og:site_name\" content=\"Sar\u0131met\" \/>\n<meta property=\"article:modified_time\" content=\"2025-08-19T07:01:36+00:00\" \/>\n<meta property=\"og:image\" content=\"https:\/\/sarimet.com\/de\/wp-content\/uploads\/2022\/06\/Abkant-Bukum-1.jpg\" \/>\n\t<meta property=\"og:image:width\" content=\"1920\" \/>\n\t<meta property=\"og:image:height\" content=\"1294\" \/>\n\t<meta property=\"og:image:type\" content=\"image\/jpeg\" \/>\n<meta name=\"twitter:card\" content=\"summary_large_image\" \/>\n<meta name=\"twitter:label1\" content=\"Gesch\u00e4tzte Lesezeit\" \/>\n\t<meta name=\"twitter:data1\" content=\"2\u00a0Minuten\" \/>\n<script type=\"application\/ld+json\" class=\"yoast-schema-graph\">{\"@context\":\"https:\/\/schema.org\",\"@graph\":[{\"@type\":\"WebPage\",\"@id\":\"https:\/\/sarimet.com\/de\/abkanten\/\",\"url\":\"https:\/\/sarimet.com\/de\/abkanten\/\",\"name\":\"Abkanten | Sar\u0131met\",\"isPartOf\":{\"@id\":\"https:\/\/sarimet.com\/de\/#website\"},\"datePublished\":\"2022-04-14T11:43:06+00:00\",\"dateModified\":\"2025-08-19T07:01:36+00:00\",\"breadcrumb\":{\"@id\":\"https:\/\/sarimet.com\/de\/abkanten\/#breadcrumb\"},\"inLanguage\":\"de\",\"potentialAction\":[{\"@type\":\"ReadAction\",\"target\":[\"https:\/\/sarimet.com\/de\/abkanten\/\"]}]},{\"@type\":\"BreadcrumbList\",\"@id\":\"https:\/\/sarimet.com\/de\/abkanten\/#breadcrumb\",\"itemListElement\":[{\"@type\":\"ListItem\",\"position\":1,\"name\":\"Abkanten\"}]},{\"@type\":\"WebSite\",\"@id\":\"https:\/\/sarimet.com\/de\/#website\",\"url\":\"https:\/\/sarimet.com\/de\/\",\"name\":\"Sar\u0131met\",\"description\":\"\",\"potentialAction\":[{\"@type\":\"SearchAction\",\"target\":{\"@type\":\"EntryPoint\",\"urlTemplate\":\"https:\/\/sarimet.com\/de\/?s={search_term_string}\"},\"query-input\":\"required name=search_term_string\"}],\"inLanguage\":\"de\"}]}<\/script>\n<!-- \/ Yoast SEO plugin. -->","yoast_head_json":{"title":"Abkanten | Sar\u0131met","robots":{"index":"index","follow":"follow","max-snippet":"max-snippet:-1","max-image-preview":"max-image-preview:large","max-video-preview":"max-video-preview:-1"},"canonical":"https:\/\/sarimet.com\/de\/abkanten\/","og_locale":"de_DE","og_type":"article","og_title":"Abkanten | Sar\u0131met","og_url":"https:\/\/sarimet.com\/de\/abkanten\/","og_site_name":"Sar\u0131met","article_modified_time":"2025-08-19T07:01:36+00:00","og_image":[{"width":1920,"height":1294,"url":"https:\/\/sarimet.com\/de\/wp-content\/uploads\/2022\/06\/Abkant-Bukum-1.jpg","type":"image\/jpeg"}],"twitter_card":"summary_large_image","twitter_misc":{"Gesch\u00e4tzte Lesezeit":"2\u00a0Minuten"},"schema":{"@context":"https:\/\/schema.org","@graph":[{"@type":"WebPage","@id":"https:\/\/sarimet.com\/de\/abkanten\/","url":"https:\/\/sarimet.com\/de\/abkanten\/","name":"Abkanten | Sar\u0131met","isPartOf":{"@id":"https:\/\/sarimet.com\/de\/#website"},"datePublished":"2022-04-14T11:43:06+00:00","dateModified":"2025-08-19T07:01:36+00:00","breadcrumb":{"@id":"https:\/\/sarimet.com\/de\/abkanten\/#breadcrumb"},"inLanguage":"de","potentialAction":[{"@type":"ReadAction","target":["https:\/\/sarimet.com\/de\/abkanten\/"]}]},{"@type":"BreadcrumbList","@id":"https:\/\/sarimet.com\/de\/abkanten\/#breadcrumb","itemListElement":[{"@type":"ListItem","position":1,"name":"Abkanten"}]},{"@type":"WebSite","@id":"https:\/\/sarimet.com\/de\/#website","url":"https:\/\/sarimet.com\/de\/","name":"Sar\u0131met","description":"","potentialAction":[{"@type":"SearchAction","target":{"@type":"EntryPoint","urlTemplate":"https:\/\/sarimet.com\/de\/?s={search_term_string}"},"query-input":"required name=search_term_string"}],"inLanguage":"de"}]}},"_links":{"self":[{"href":"https:\/\/sarimet.com\/de\/wp-json\/wp\/v2\/pages\/8119","targetHints":{"allow":["GET"]}}],"collection":[{"href":"https:\/\/sarimet.com\/de\/wp-json\/wp\/v2\/pages"}],"about":[{"href":"https:\/\/sarimet.com\/de\/wp-json\/wp\/v2\/types\/page"}],"author":[{"embeddable":true,"href":"https:\/\/sarimet.com\/de\/wp-json\/wp\/v2\/users\/1"}],"replies":[{"embeddable":true,"href":"https:\/\/sarimet.com\/de\/wp-json\/wp\/v2\/comments?post=8119"}],"version-history":[{"count":32,"href":"https:\/\/sarimet.com\/de\/wp-json\/wp\/v2\/pages\/8119\/revisions"}],"predecessor-version":[{"id":10249,"href":"https:\/\/sarimet.com\/de\/wp-json\/wp\/v2\/pages\/8119\/revisions\/10249"}],"wp:featuredmedia":[{"embeddable":true,"href":"https:\/\/sarimet.com\/de\/wp-json\/wp\/v2\/media\/9636"}],"wp:attachment":[{"href":"https:\/\/sarimet.com\/de\/wp-json\/wp\/v2\/media?parent=8119"}],"curies":[{"name":"wp","href":"https:\/\/api.w.org\/{rel}","templated":true}]}}