{"id":8041,"date":"2022-04-14T10:53:58","date_gmt":"2022-04-14T07:53:58","guid":{"rendered":"https:\/\/sarimet.com\/de\/?page_id=8041"},"modified":"2022-08-31T14:36:49","modified_gmt":"2022-08-31T11:36:49","slug":"maschinenteile","status":"publish","type":"page","link":"https:\/\/sarimet.com\/de\/maschinenteile\/","title":{"rendered":"Maschinenteile"},"content":{"rendered":"<section class=\"l-section wpb_row height_small\"><div class=\"l-section-h i-cf\"><div class=\"g-cols vc_row via_grid cols_1 laptops-cols_inherit tablets-cols_inherit mobiles-cols_1 valign_top type_default stacking_default\"><div class=\"wpb_column vc_column_container us_custom_7e20fa79 us_animate_this\"><div class=\"vc_column-inner\"><div class=\"g-cols wpb_row via_grid cols_2 laptops-cols_inherit tablets-cols_inherit mobiles-cols_1 valign_middle type_default stacking_default\"><div class=\"wpb_column vc_column_container\"><div class=\"vc_column-inner\"><div class=\"w-image us_custom_dad4fece align_none\"><div class=\"w-image-h\"><img loading=\"lazy\" decoding=\"async\" width=\"464\" height=\"473\" src=\"https:\/\/sarimet.com\/de\/wp-content\/uploads\/2022\/08\/makine-3.png\" class=\"attachment-full size-full\" alt=\"\" srcset=\"https:\/\/sarimet.com\/de\/wp-content\/uploads\/2022\/08\/makine-3.png 464w, https:\/\/sarimet.com\/de\/wp-content\/uploads\/2022\/08\/makine-3-294x300.png 294w\" sizes=\"auto, (max-width: 464px) 100vw, 464px\" \/><\/div><\/div><\/div><\/div><div class=\"wpb_column vc_column_container\"><div class=\"vc_column-inner\"><div class=\"wpb_text_column\"><div class=\"wpb_wrapper\"><p>Das Blechumformverfahren ist in der Maschinenbauindustrie sowie in vielen verschiedenen Industriebereichen weit verbreitet.<br \/>\nGerade in der Bearbeitung gro\u00dfformatiger Teile steigt die Nachfrage nach Blechumformung in dieser Branche aufgrund der Verfahrensfreundlichkeit, der im Vergleich zu anderen Fertigungsverfahren geringen Fertigungszeiten und wirtschaftlichen Faktoren.<\/p>\n<p>Sar\u0131met produziert Qualit\u00e4tsl\u00f6sungen f\u00fcr seine Kunden mit seiner Erfahrung aus der Vergangenheit, seinem technischen Personal und seiner Maschinenkapazit\u00e4t.<\/p>\n<\/div><\/div><\/div><\/div><\/div><\/div><\/div><\/div><\/div><\/section>\n","protected":false},"excerpt":{"rendered":"Das Blechumformverfahren ist in der Maschinenbauindustrie sowie in vielen verschiedenen Industriebereichen weit verbreitet. Gerade in der Bearbeitung gro\u00dfformatiger Teile steigt die Nachfrage nach Blechumformung in dieser Branche aufgrund der Verfahrensfreundlichkeit, der im Vergleich zu anderen Fertigungsverfahren geringen Fertigungszeiten und wirtschaftlichen Faktoren. Sar\u0131met produziert Qualit\u00e4tsl\u00f6sungen f\u00fcr seine Kunden mit seiner Erfahrung aus der Vergangenheit, seinem technischen...","protected":false},"author":1,"featured_media":8317,"parent":0,"menu_order":0,"comment_status":"closed","ping_status":"closed","template":"","meta":{"footnotes":""},"class_list":["post-8041","page","type-page","status-publish","has-post-thumbnail","hentry"],"acf":[],"yoast_head":"<!-- This site is optimized with the Yoast SEO plugin v19.7.2 - https:\/\/yoast.com\/wordpress\/plugins\/seo\/ -->\n<title>Maschinenteile | Sar\u0131met<\/title>\n<meta name=\"robots\" content=\"index, follow, max-snippet:-1, max-image-preview:large, max-video-preview:-1\" \/>\n<link rel=\"canonical\" href=\"https:\/\/sarimet.com\/de\/maschinenteile\/\" \/>\n<meta property=\"og:locale\" content=\"de_DE\" \/>\n<meta property=\"og:type\" content=\"article\" \/>\n<meta property=\"og:title\" content=\"Maschinenteile | Sar\u0131met\" \/>\n<meta property=\"og:url\" content=\"https:\/\/sarimet.com\/de\/maschinenteile\/\" \/>\n<meta property=\"og:site_name\" content=\"Sar\u0131met\" \/>\n<meta property=\"article:modified_time\" content=\"2022-08-31T11:36:49+00:00\" \/>\n<meta property=\"og:image\" content=\"https:\/\/sarimet.com\/de\/wp-content\/uploads\/2022\/04\/makine-1.png\" \/>\n\t<meta property=\"og:image:width\" content=\"512\" \/>\n\t<meta property=\"og:image:height\" content=\"512\" \/>\n\t<meta property=\"og:image:type\" content=\"image\/png\" \/>\n<meta name=\"twitter:card\" content=\"summary_large_image\" \/>\n<meta name=\"twitter:label1\" content=\"Gesch\u00e4tzte Lesezeit\" \/>\n\t<meta name=\"twitter:data1\" content=\"1\u00a0Minute\" \/>\n<script type=\"application\/ld+json\" class=\"yoast-schema-graph\">{\"@context\":\"https:\/\/schema.org\",\"@graph\":[{\"@type\":\"WebPage\",\"@id\":\"https:\/\/sarimet.com\/de\/maschinenteile\/\",\"url\":\"https:\/\/sarimet.com\/de\/maschinenteile\/\",\"name\":\"Maschinenteile | Sar\u0131met\",\"isPartOf\":{\"@id\":\"https:\/\/sarimet.com\/de\/#website\"},\"datePublished\":\"2022-04-14T07:53:58+00:00\",\"dateModified\":\"2022-08-31T11:36:49+00:00\",\"breadcrumb\":{\"@id\":\"https:\/\/sarimet.com\/de\/maschinenteile\/#breadcrumb\"},\"inLanguage\":\"de\",\"potentialAction\":[{\"@type\":\"ReadAction\",\"target\":[\"https:\/\/sarimet.com\/de\/maschinenteile\/\"]}]},{\"@type\":\"BreadcrumbList\",\"@id\":\"https:\/\/sarimet.com\/de\/maschinenteile\/#breadcrumb\",\"itemListElement\":[{\"@type\":\"ListItem\",\"position\":1,\"name\":\"Maschinenteile\"}]},{\"@type\":\"WebSite\",\"@id\":\"https:\/\/sarimet.com\/de\/#website\",\"url\":\"https:\/\/sarimet.com\/de\/\",\"name\":\"Sar\u0131met\",\"description\":\"\",\"potentialAction\":[{\"@type\":\"SearchAction\",\"target\":{\"@type\":\"EntryPoint\",\"urlTemplate\":\"https:\/\/sarimet.com\/de\/?s={search_term_string}\"},\"query-input\":\"required name=search_term_string\"}],\"inLanguage\":\"de\"}]}<\/script>\n<!-- \/ Yoast SEO plugin. -->","yoast_head_json":{"title":"Maschinenteile | Sar\u0131met","robots":{"index":"index","follow":"follow","max-snippet":"max-snippet:-1","max-image-preview":"max-image-preview:large","max-video-preview":"max-video-preview:-1"},"canonical":"https:\/\/sarimet.com\/de\/maschinenteile\/","og_locale":"de_DE","og_type":"article","og_title":"Maschinenteile | Sar\u0131met","og_url":"https:\/\/sarimet.com\/de\/maschinenteile\/","og_site_name":"Sar\u0131met","article_modified_time":"2022-08-31T11:36:49+00:00","og_image":[{"width":512,"height":512,"url":"https:\/\/sarimet.com\/de\/wp-content\/uploads\/2022\/04\/makine-1.png","type":"image\/png"}],"twitter_card":"summary_large_image","twitter_misc":{"Gesch\u00e4tzte Lesezeit":"1\u00a0Minute"},"schema":{"@context":"https:\/\/schema.org","@graph":[{"@type":"WebPage","@id":"https:\/\/sarimet.com\/de\/maschinenteile\/","url":"https:\/\/sarimet.com\/de\/maschinenteile\/","name":"Maschinenteile | Sar\u0131met","isPartOf":{"@id":"https:\/\/sarimet.com\/de\/#website"},"datePublished":"2022-04-14T07:53:58+00:00","dateModified":"2022-08-31T11:36:49+00:00","breadcrumb":{"@id":"https:\/\/sarimet.com\/de\/maschinenteile\/#breadcrumb"},"inLanguage":"de","potentialAction":[{"@type":"ReadAction","target":["https:\/\/sarimet.com\/de\/maschinenteile\/"]}]},{"@type":"BreadcrumbList","@id":"https:\/\/sarimet.com\/de\/maschinenteile\/#breadcrumb","itemListElement":[{"@type":"ListItem","position":1,"name":"Maschinenteile"}]},{"@type":"WebSite","@id":"https:\/\/sarimet.com\/de\/#website","url":"https:\/\/sarimet.com\/de\/","name":"Sar\u0131met","description":"","potentialAction":[{"@type":"SearchAction","target":{"@type":"EntryPoint","urlTemplate":"https:\/\/sarimet.com\/de\/?s={search_term_string}"},"query-input":"required name=search_term_string"}],"inLanguage":"de"}]}},"_links":{"self":[{"href":"https:\/\/sarimet.com\/de\/wp-json\/wp\/v2\/pages\/8041","targetHints":{"allow":["GET"]}}],"collection":[{"href":"https:\/\/sarimet.com\/de\/wp-json\/wp\/v2\/pages"}],"about":[{"href":"https:\/\/sarimet.com\/de\/wp-json\/wp\/v2\/types\/page"}],"author":[{"embeddable":true,"href":"https:\/\/sarimet.com\/de\/wp-json\/wp\/v2\/users\/1"}],"replies":[{"embeddable":true,"href":"https:\/\/sarimet.com\/de\/wp-json\/wp\/v2\/comments?post=8041"}],"version-history":[{"count":15,"href":"https:\/\/sarimet.com\/de\/wp-json\/wp\/v2\/pages\/8041\/revisions"}],"predecessor-version":[{"id":10131,"href":"https:\/\/sarimet.com\/de\/wp-json\/wp\/v2\/pages\/8041\/revisions\/10131"}],"wp:featuredmedia":[{"embeddable":true,"href":"https:\/\/sarimet.com\/de\/wp-json\/wp\/v2\/media\/8317"}],"wp:attachment":[{"href":"https:\/\/sarimet.com\/de\/wp-json\/wp\/v2\/media?parent=8041"}],"curies":[{"name":"wp","href":"https:\/\/api.w.org\/{rel}","templated":true}]}}