{"id":8032,"date":"2022-04-13T16:52:25","date_gmt":"2022-04-13T13:52:25","guid":{"rendered":"https:\/\/sarimet.com\/de\/?page_id=8032"},"modified":"2025-08-19T09:33:02","modified_gmt":"2025-08-19T06:33:02","slug":"stanzschnitt","status":"publish","type":"page","link":"https:\/\/sarimet.com\/de\/stanzschnitt\/","title":{"rendered":"Stanzschnitt"},"content":{"rendered":"<section class=\"l-section wpb_row height_small\"><div class=\"l-section-h i-cf\"><div class=\"g-cols vc_row via_grid cols_1 laptops-cols_inherit tablets-cols_inherit mobiles-cols_1 valign_top type_default stacking_default\"><div class=\"wpb_column vc_column_container us_custom_7e20fa79 us_animate_this\"><div class=\"vc_column-inner\"><div class=\"g-cols wpb_row via_grid cols_2 laptops-cols_inherit tablets-cols_inherit mobiles-cols_1 valign_middle type_default stacking_default\"><div class=\"wpb_column vc_column_container\"><div class=\"vc_column-inner\"><div class=\"w-image us_custom_dad4fece align_none\"><div class=\"w-image-h\"><img loading=\"lazy\" decoding=\"async\" width=\"1920\" height=\"1090\" src=\"https:\/\/sarimet.com\/de\/wp-content\/uploads\/2022\/06\/Punch-1.jpg\" class=\"attachment-full size-full\" alt=\"\" srcset=\"https:\/\/sarimet.com\/de\/wp-content\/uploads\/2022\/06\/Punch-1.jpg 1920w, https:\/\/sarimet.com\/de\/wp-content\/uploads\/2022\/06\/Punch-1-300x170.jpg 300w, https:\/\/sarimet.com\/de\/wp-content\/uploads\/2022\/06\/Punch-1-1024x581.jpg 1024w, https:\/\/sarimet.com\/de\/wp-content\/uploads\/2022\/06\/Punch-1-1536x872.jpg 1536w\" sizes=\"auto, (max-width: 1920px) 100vw, 1920px\" \/><\/div><\/div><\/div><\/div><div class=\"wpb_column vc_column_container\"><div class=\"vc_column-inner\"><div class=\"wpb_text_column\"><div class=\"wpb_wrapper\"><p><strong data-start=\"46\" data-end=\"149\">Wir bieten wirtschaftlichere, effizientere und qualitativ hochwertigere L\u00f6sungen mit Stanzschneiden<\/strong><\/p>\n<p>In der heutigen Industrie spielen Effizienz und Kostenfaktoren eine entscheidende Rolle in jedem Schneidprozess. In diesem Zusammenhang bietet die <strong data-start=\"298\" data-end=\"318\">Stanztechnologie<\/strong> im Vergleich zu alternativen Methoden wie dem <strong data-start=\"365\" data-end=\"383\">Laserschneiden<\/strong> niedrigere Kosten und h\u00f6here Effizienz. Unsere Stanzmaschinen erm\u00f6glichen die schnelle und einfache Bearbeitung gro\u00dfer Bleche.<\/p>\n<p><strong data-start=\"512\" data-end=\"561\">Warum sollte Stanzschneiden bevorzugt werden?<\/strong><\/p>\n<ul data-start=\"563\" data-end=\"1491\">\n<li data-start=\"563\" data-end=\"743\"><strong data-start=\"565\" data-end=\"587\">Niedrigere Kosten:<\/strong> Das Stanzschneiden ist im Vergleich zum Laserschneiden kosteng\u00fcnstiger, insbesondere bei gro\u00dffl\u00e4chigen Produktionen, und sorgt f\u00fcr erhebliche Einsparungen.<\/li>\n<li data-start=\"747\" data-end=\"928\"><strong data-start=\"749\" data-end=\"779\">Bearbeitung gro\u00dfer Bleche:<\/strong> Das Stanzschneiden ist besonders effektiv bei der Bearbeitung gro\u00dfer Blechtafeln, was Zeit spart und gleichzeitig eine hohe Pr\u00e4zision gew\u00e4hrleistet.<\/li>\n<li data-start=\"930\" data-end=\"1252\"><strong data-start=\"932\" data-end=\"980\">Hohe Leistung bei stark perforierten Teilen:<\/strong> W\u00e4hrend das Laserschneiden bei Teilen mit vielen L\u00f6chern nicht immer die besten Ergebnisse liefert, erm\u00f6glicht <strong data-start=\"1092\" data-end=\"1110\">Stanzschneiden<\/strong> eine schnellere und pr\u00e4zisere Herstellung solcher Teile. Besonders bei der Serienproduktion erzielt das Stanzschneiden \u00fcberlegene Ergebnisse.<\/li>\n<li data-start=\"1254\" data-end=\"1491\"><strong data-start=\"1256\" data-end=\"1315\">Formgebung von d\u00fcnnem Metall mit speziellen Werkzeugen:<\/strong> Stanzmaschinen bieten die M\u00f6glichkeit, selbst d\u00fcnne Bleche mit speziellen Formwerkzeugen zu bearbeiten. Dies bietet mehr Flexibilit\u00e4t und Designfreiheit im Produktionsprozess.<\/li>\n<\/ul>\n<p><strong data-start=\"1493\" data-end=\"1556\">Sar\u0131met bietet leistungsstarke und wirtschaftliche L\u00f6sungen<\/strong><\/p>\n<p>Sar\u0131met nutzt mit einem gut ausgebildeten und erfahrenen Technikteam moderne Stanzmaschinen, um seinen Kunden den besten Service zu bieten. Mit Maschinen in verschiedenen Leistungsstufen und Spezifikationen bieten wir die passenden L\u00f6sungen f\u00fcr jede Produktionsanforderung.<\/p>\n<ul data-start=\"1833\" data-end=\"2280\">\n<li data-start=\"1833\" data-end=\"2024\"><strong data-start=\"1835\" data-end=\"1853\">Zeitersparnis:<\/strong> Die Stanztechnologie beschleunigt Ihre Produktionsprozesse und steigert die Effizienz der Arbeitskraft. Dadurch kann mehr produziert und die Lieferzeiten verk\u00fcrzt werden.<\/li>\n<li data-start=\"2026\" data-end=\"2280\"><strong data-start=\"2028\" data-end=\"2058\">Wir steigern die Qualit\u00e4t:<\/strong> Wir legen in jedem Produktionsschritt gro\u00dfen Wert auf Qualit\u00e4t und garantieren perfekte Ergebnisse. Stanzmaschinen arbeiten mit hoher Pr\u00e4zision, minimieren Fehlerquoten und liefern stets fehlerfreie Produktionsergebnisse.<\/li>\n<\/ul>\n<p><strong data-start=\"2282\" data-end=\"2526\">Zusammenfassend l\u00e4sst sich sagen, dass wir mit Stanzschneiden wirtschaftlichere, schnellere und qualitativ hochwertigere Produktionen erm\u00f6glichen. Als Sar\u0131met bieten wir Ihnen makellose L\u00f6sungen und erreichen die h\u00f6chsten Branchenstandards.<\/strong><\/p>\n<\/div><\/div><\/div><\/div><\/div><div class=\"w-separator size_medium\"><\/div><div class=\"g-cols wpb_row via_grid cols_2 laptops-cols_inherit tablets-cols_inherit mobiles-cols_1 valign_top type_default stacking_default\"><div class=\"wpb_column vc_column_container\"><div class=\"vc_column-inner\"><div class=\"wpb_text_column\"><div class=\"wpb_wrapper\"><table width=\"100%\">\n<tbody>\n<tr>\n<td><strong>MATERIAL<\/strong><\/td>\n<td><strong>ST\u00c4RKE (MAX)<\/strong><\/td>\n<\/tr>\n<tr>\n<td>Schwarzblech<\/td>\n<td>5 mm<\/td>\n<\/tr>\n<tr>\n<td>Edelstahlblech<\/td>\n<td>3 mm<\/td>\n<\/tr>\n<tr>\n<td>Verzinktes Blech<\/td>\n<td>5 mm<\/td>\n<\/tr>\n<tr>\n<td>Aluminiumblech<\/td>\n<td>5 mm<\/td>\n<\/tr>\n<\/tbody>\n<\/table>\n<\/div><\/div><\/div><\/div><div class=\"wpb_column vc_column_container\"><div class=\"vc_column-inner\"><div class=\"w-hwrapper align_none valign_top\"><div class=\"w-image us_custom_dad4fece has_ratio align_none\"><div class=\"w-image-h\"><div style=\"padding-bottom:56.25%\"><\/div><img loading=\"lazy\" decoding=\"async\" width=\"1920\" height=\"1279\" src=\"https:\/\/sarimet.com\/de\/wp-content\/uploads\/2022\/06\/Punch-2.jpg\" class=\"attachment-full size-full\" alt=\"\" srcset=\"https:\/\/sarimet.com\/de\/wp-content\/uploads\/2022\/06\/Punch-2.jpg 1920w, https:\/\/sarimet.com\/de\/wp-content\/uploads\/2022\/06\/Punch-2-300x200.jpg 300w, https:\/\/sarimet.com\/de\/wp-content\/uploads\/2022\/06\/Punch-2-1024x682.jpg 1024w, https:\/\/sarimet.com\/de\/wp-content\/uploads\/2022\/06\/Punch-2-1536x1023.jpg 1536w\" sizes=\"auto, (max-width: 1920px) 100vw, 1920px\" \/><\/div><\/div><div class=\"w-image us_custom_dad4fece has_ratio align_none\"><div class=\"w-image-h\"><div style=\"padding-bottom:56.25%\"><\/div><img loading=\"lazy\" decoding=\"async\" width=\"1920\" height=\"904\" src=\"https:\/\/sarimet.com\/de\/wp-content\/uploads\/2022\/06\/Punch-3.jpg\" class=\"attachment-full size-full\" alt=\"\" srcset=\"https:\/\/sarimet.com\/de\/wp-content\/uploads\/2022\/06\/Punch-3.jpg 1920w, https:\/\/sarimet.com\/de\/wp-content\/uploads\/2022\/06\/Punch-3-300x141.jpg 300w, https:\/\/sarimet.com\/de\/wp-content\/uploads\/2022\/06\/Punch-3-1024x482.jpg 1024w, https:\/\/sarimet.com\/de\/wp-content\/uploads\/2022\/06\/Punch-3-1536x723.jpg 1536w\" sizes=\"auto, (max-width: 1920px) 100vw, 1920px\" \/><\/div><\/div><\/div><\/div><\/div><\/div><\/div><\/div><\/div><\/div><\/section>\n","protected":false},"excerpt":{"rendered":"Wir bieten wirtschaftlichere, effizientere und qualitativ hochwertigere L\u00f6sungen mit Stanzschneiden In der heutigen Industrie spielen Effizienz und Kostenfaktoren eine entscheidende Rolle in jedem Schneidprozess. In diesem Zusammenhang bietet die Stanztechnologie im Vergleich zu alternativen Methoden wie dem Laserschneiden niedrigere Kosten und h\u00f6here Effizienz. Unsere Stanzmaschinen erm\u00f6glichen die schnelle und einfache Bearbeitung gro\u00dfer Bleche. Warum sollte...","protected":false},"author":1,"featured_media":9657,"parent":0,"menu_order":0,"comment_status":"closed","ping_status":"closed","template":"","meta":{"footnotes":""},"class_list":["post-8032","page","type-page","status-publish","has-post-thumbnail","hentry"],"acf":[],"yoast_head":"<!-- This site is optimized with the Yoast SEO plugin v19.7.2 - https:\/\/yoast.com\/wordpress\/plugins\/seo\/ -->\n<title>Stanzschnitt | Sar\u0131met<\/title>\n<meta name=\"robots\" content=\"index, follow, max-snippet:-1, max-image-preview:large, max-video-preview:-1\" \/>\n<link rel=\"canonical\" href=\"https:\/\/sarimet.com\/de\/stanzschnitt\/\" \/>\n<meta property=\"og:locale\" content=\"de_DE\" \/>\n<meta property=\"og:type\" content=\"article\" \/>\n<meta property=\"og:title\" content=\"Stanzschnitt | Sar\u0131met\" \/>\n<meta property=\"og:url\" content=\"https:\/\/sarimet.com\/de\/stanzschnitt\/\" \/>\n<meta property=\"og:site_name\" content=\"Sar\u0131met\" \/>\n<meta property=\"article:modified_time\" content=\"2025-08-19T06:33:02+00:00\" \/>\n<meta property=\"og:image\" content=\"https:\/\/sarimet.com\/de\/wp-content\/uploads\/2022\/06\/Punch-1.jpg\" \/>\n\t<meta property=\"og:image:width\" content=\"1920\" \/>\n\t<meta property=\"og:image:height\" content=\"1090\" \/>\n\t<meta property=\"og:image:type\" content=\"image\/jpeg\" \/>\n<meta name=\"twitter:card\" content=\"summary_large_image\" \/>\n<meta name=\"twitter:label1\" content=\"Gesch\u00e4tzte Lesezeit\" \/>\n\t<meta name=\"twitter:data1\" content=\"2\u00a0Minuten\" \/>\n<script type=\"application\/ld+json\" class=\"yoast-schema-graph\">{\"@context\":\"https:\/\/schema.org\",\"@graph\":[{\"@type\":\"WebPage\",\"@id\":\"https:\/\/sarimet.com\/de\/stanzschnitt\/\",\"url\":\"https:\/\/sarimet.com\/de\/stanzschnitt\/\",\"name\":\"Stanzschnitt | Sar\u0131met\",\"isPartOf\":{\"@id\":\"https:\/\/sarimet.com\/de\/#website\"},\"datePublished\":\"2022-04-13T13:52:25+00:00\",\"dateModified\":\"2025-08-19T06:33:02+00:00\",\"breadcrumb\":{\"@id\":\"https:\/\/sarimet.com\/de\/stanzschnitt\/#breadcrumb\"},\"inLanguage\":\"de\",\"potentialAction\":[{\"@type\":\"ReadAction\",\"target\":[\"https:\/\/sarimet.com\/de\/stanzschnitt\/\"]}]},{\"@type\":\"BreadcrumbList\",\"@id\":\"https:\/\/sarimet.com\/de\/stanzschnitt\/#breadcrumb\",\"itemListElement\":[{\"@type\":\"ListItem\",\"position\":1,\"name\":\"Stanzschnitt\"}]},{\"@type\":\"WebSite\",\"@id\":\"https:\/\/sarimet.com\/de\/#website\",\"url\":\"https:\/\/sarimet.com\/de\/\",\"name\":\"Sar\u0131met\",\"description\":\"\",\"potentialAction\":[{\"@type\":\"SearchAction\",\"target\":{\"@type\":\"EntryPoint\",\"urlTemplate\":\"https:\/\/sarimet.com\/de\/?s={search_term_string}\"},\"query-input\":\"required name=search_term_string\"}],\"inLanguage\":\"de\"}]}<\/script>\n<!-- \/ Yoast SEO plugin. -->","yoast_head_json":{"title":"Stanzschnitt | Sar\u0131met","robots":{"index":"index","follow":"follow","max-snippet":"max-snippet:-1","max-image-preview":"max-image-preview:large","max-video-preview":"max-video-preview:-1"},"canonical":"https:\/\/sarimet.com\/de\/stanzschnitt\/","og_locale":"de_DE","og_type":"article","og_title":"Stanzschnitt | Sar\u0131met","og_url":"https:\/\/sarimet.com\/de\/stanzschnitt\/","og_site_name":"Sar\u0131met","article_modified_time":"2025-08-19T06:33:02+00:00","og_image":[{"width":1920,"height":1090,"url":"https:\/\/sarimet.com\/de\/wp-content\/uploads\/2022\/06\/Punch-1.jpg","type":"image\/jpeg"}],"twitter_card":"summary_large_image","twitter_misc":{"Gesch\u00e4tzte Lesezeit":"2\u00a0Minuten"},"schema":{"@context":"https:\/\/schema.org","@graph":[{"@type":"WebPage","@id":"https:\/\/sarimet.com\/de\/stanzschnitt\/","url":"https:\/\/sarimet.com\/de\/stanzschnitt\/","name":"Stanzschnitt | Sar\u0131met","isPartOf":{"@id":"https:\/\/sarimet.com\/de\/#website"},"datePublished":"2022-04-13T13:52:25+00:00","dateModified":"2025-08-19T06:33:02+00:00","breadcrumb":{"@id":"https:\/\/sarimet.com\/de\/stanzschnitt\/#breadcrumb"},"inLanguage":"de","potentialAction":[{"@type":"ReadAction","target":["https:\/\/sarimet.com\/de\/stanzschnitt\/"]}]},{"@type":"BreadcrumbList","@id":"https:\/\/sarimet.com\/de\/stanzschnitt\/#breadcrumb","itemListElement":[{"@type":"ListItem","position":1,"name":"Stanzschnitt"}]},{"@type":"WebSite","@id":"https:\/\/sarimet.com\/de\/#website","url":"https:\/\/sarimet.com\/de\/","name":"Sar\u0131met","description":"","potentialAction":[{"@type":"SearchAction","target":{"@type":"EntryPoint","urlTemplate":"https:\/\/sarimet.com\/de\/?s={search_term_string}"},"query-input":"required name=search_term_string"}],"inLanguage":"de"}]}},"_links":{"self":[{"href":"https:\/\/sarimet.com\/de\/wp-json\/wp\/v2\/pages\/8032","targetHints":{"allow":["GET"]}}],"collection":[{"href":"https:\/\/sarimet.com\/de\/wp-json\/wp\/v2\/pages"}],"about":[{"href":"https:\/\/sarimet.com\/de\/wp-json\/wp\/v2\/types\/page"}],"author":[{"embeddable":true,"href":"https:\/\/sarimet.com\/de\/wp-json\/wp\/v2\/users\/1"}],"replies":[{"embeddable":true,"href":"https:\/\/sarimet.com\/de\/wp-json\/wp\/v2\/comments?post=8032"}],"version-history":[{"count":18,"href":"https:\/\/sarimet.com\/de\/wp-json\/wp\/v2\/pages\/8032\/revisions"}],"predecessor-version":[{"id":10248,"href":"https:\/\/sarimet.com\/de\/wp-json\/wp\/v2\/pages\/8032\/revisions\/10248"}],"wp:featuredmedia":[{"embeddable":true,"href":"https:\/\/sarimet.com\/de\/wp-json\/wp\/v2\/media\/9657"}],"wp:attachment":[{"href":"https:\/\/sarimet.com\/de\/wp-json\/wp\/v2\/media?parent=8032"}],"curies":[{"name":"wp","href":"https:\/\/api.w.org\/{rel}","templated":true}]}}