{"id":8024,"date":"2022-04-13T16:46:43","date_gmt":"2022-04-13T13:46:43","guid":{"rendered":"https:\/\/sarimet.com\/de\/?page_id=8024"},"modified":"2025-08-12T15:54:38","modified_gmt":"2025-08-12T12:54:38","slug":"laserschneiden","status":"publish","type":"page","link":"https:\/\/sarimet.com\/de\/laserschneiden\/","title":{"rendered":"Laserschneiden"},"content":{"rendered":"<section class=\"l-section wpb_row height_small\"><div class=\"l-section-h i-cf\"><div class=\"g-cols vc_row via_grid cols_1 laptops-cols_inherit tablets-cols_inherit mobiles-cols_1 valign_top type_default stacking_default\"><div class=\"wpb_column vc_column_container us_custom_7e20fa79 us_animate_this\"><div class=\"vc_column-inner\"><div class=\"g-cols wpb_row via_grid cols_2 laptops-cols_inherit tablets-cols_inherit mobiles-cols_1 valign_middle type_default stacking_default\"><div class=\"wpb_column vc_column_container\"><div class=\"vc_column-inner\"><div class=\"w-image us_custom_dad4fece has_ratio align_none\"><div class=\"w-image-h\"><div style=\"padding-bottom:57.1429%\"><\/div><img loading=\"lazy\" decoding=\"async\" width=\"1231\" height=\"821\" src=\"https:\/\/sarimet.com\/de\/wp-content\/uploads\/2022\/06\/Lazer.jpg\" class=\"attachment-full size-full\" alt=\"\" srcset=\"https:\/\/sarimet.com\/de\/wp-content\/uploads\/2022\/06\/Lazer.jpg 1231w, https:\/\/sarimet.com\/de\/wp-content\/uploads\/2022\/06\/Lazer-300x200.jpg 300w, https:\/\/sarimet.com\/de\/wp-content\/uploads\/2022\/06\/Lazer-1024x683.jpg 1024w\" sizes=\"auto, (max-width: 1231px) 100vw, 1231px\" \/><\/div><\/div><\/div><\/div><div class=\"wpb_column vc_column_container\"><div class=\"vc_column-inner\"><div class=\"wpb_text_column\"><div class=\"wpb_wrapper\"><p><strong data-start=\"0\" data-end=\"58\">Laserzuschnitt \u2013 Starke Technologie, Pr\u00e4zise Fertigung<\/strong><\/p>\n<p>Mit unserer hochmodernen 12kW Fiber-Laserzuschnittmaschine und anderen Maschinen mit unterschiedlicher Leistung fertigen wir selbst die komplexesten Projekte mit hoher Geschwindigkeit und Pr\u00e4zision.<\/p>\n<p>Unser Laserzuschnittprozess wird durch CAD\/CAM-Software optimierte Schneidwege, minimale Ausschussraten und automatisch an das Material angepasste Parameter gesteuert. So wird jedes Teil mit wiederholbarer Qualit\u00e4t und hoher Produktionseffizienz gefertigt.<\/p>\n<p><strong data-start=\"518\" data-end=\"538\">Prozessmerkmale:<\/strong><\/p>\n<ul data-start=\"540\" data-end=\"1090\">\n<li data-start=\"540\" data-end=\"677\">Durch den 12kW-Faserlaser ist das Schneiden von dickeren Materialien (bis zu 25 mm) in schwarzem Stahl, Edelstahl und Aluminium m\u00f6glich<\/li>\n<li data-start=\"678\" data-end=\"766\">Kontinuierlicher Produktionsfluss durch automatische D\u00fcsenwechsel und Pierce-Kontrolle<\/li>\n<li data-start=\"767\" data-end=\"898\">Minimierung der Gratbildung durch Mixgas- oder Stickstoff-Schneidoptionen, wodurch der Bedarf an einer zweiten Operation entf\u00e4llt<\/li>\n<li data-start=\"899\" data-end=\"956\">Hohe Pr\u00e4zision mit Toleranzbereichen von bis zu \u00b10,1 mm<\/li>\n<li data-start=\"957\" data-end=\"1090\">Dank hoher Schneidgeschwindigkeit werden Zeitvorteile in jeder Phase, von der Prototypenfertigung bis zur Serienproduktion, erzielt<\/li>\n<\/ul>\n<p><strong data-start=\"1092\" data-end=\"1117\">Warum Laserzuschnitt?<\/strong><\/p>\n<ul data-start=\"1119\" data-end=\"1410\">\n<li data-start=\"1119\" data-end=\"1195\">Kein Werkzeug erforderlich, auch bei Kleinserienproduktionen kosteng\u00fcnstig<\/li>\n<li data-start=\"1196\" data-end=\"1271\">Kurze R\u00fcstzeiten erm\u00f6glichen eine schnelle Reaktion auf Ihre Bestellungen<\/li>\n<li data-start=\"1272\" data-end=\"1328\">Geringe W\u00e4rmeeinwirkung minimiert Materialverformungen<\/li>\n<li data-start=\"1329\" data-end=\"1410\">Durch Blechnestung und automatisierte Schneidpl\u00e4ne wird der Ausschuss reduziert<\/li>\n<\/ul>\n<p>Ob Einzelteil oder Tausende\u2026<br data-start=\"1440\" data-end=\"1443\" \/>Mit unseren ma\u00dfgeschneiderten Laserzuschnittl\u00f6sungen k\u00f6nnen Sie Ihr Projekt mit Vertrauen in unsere H\u00e4nde legen.<\/p>\n<\/div><\/div><div class=\"w-separator size_custom\" style=\"height:20px\"><\/div><\/div><\/div><\/div><div class=\"g-cols wpb_row via_grid cols_2 laptops-cols_inherit tablets-cols_inherit mobiles-cols_1 valign_middle type_default stacking_default\"><div class=\"wpb_column vc_column_container\"><div class=\"vc_column-inner\"><div class=\"wpb_text_column\"><div class=\"wpb_wrapper\"><table width=\"100%\">\n<tbody>\n<tr>\n<td><strong>MATERIAL<\/strong><\/td>\n<td><strong>ST\u00c4RKE (MAX)<\/strong><\/td>\n<\/tr>\n<tr>\n<td>Schwarzblech<\/td>\n<td>40 mm<\/td>\n<\/tr>\n<tr>\n<td>Edelstahlblech<\/td>\n<td>40 mm<\/td>\n<\/tr>\n<tr>\n<td>Verzinktes Blech<\/td>\n<td>18 mm<\/td>\n<\/tr>\n<tr>\n<td>Aluminiumblech<\/td>\n<td>40 mm<\/td>\n<\/tr>\n<tr>\n<td>Messingplatte<\/td>\n<td>14 mm<\/td>\n<\/tr>\n<tr>\n<td>Kupferplatte<\/td>\n<td>10 mm<\/td>\n<\/tr>\n<\/tbody>\n<\/table>\n<\/div><\/div><\/div><\/div><div class=\"wpb_column vc_column_container\"><div class=\"vc_column-inner\"><div class=\"w-separator size_custom\" style=\"height:20px\"><\/div><div class=\"w-image us_custom_dad4fece align_none\"><div class=\"w-image-h\"><img loading=\"lazy\" decoding=\"async\" width=\"2560\" height=\"1709\" src=\"https:\/\/sarimet.com\/de\/wp-content\/uploads\/2022\/04\/lazer-kesim.jpg\" class=\"attachment-full size-full\" alt=\"\" srcset=\"https:\/\/sarimet.com\/de\/wp-content\/uploads\/2022\/04\/lazer-kesim.jpg 2560w, https:\/\/sarimet.com\/de\/wp-content\/uploads\/2022\/04\/lazer-kesim-300x200.jpg 300w, https:\/\/sarimet.com\/de\/wp-content\/uploads\/2022\/04\/lazer-kesim-1024x684.jpg 1024w, https:\/\/sarimet.com\/de\/wp-content\/uploads\/2022\/04\/lazer-kesim-1536x1025.jpg 1536w\" sizes=\"auto, (max-width: 2560px) 100vw, 2560px\" \/><\/div><\/div><\/div><\/div><\/div><\/div><\/div><\/div><\/div><\/section>\n","protected":false},"excerpt":{"rendered":"Laserzuschnitt \u2013 Starke Technologie, Pr\u00e4zise Fertigung Mit unserer hochmodernen 12kW Fiber-Laserzuschnittmaschine und anderen Maschinen mit unterschiedlicher Leistung fertigen wir selbst die komplexesten Projekte mit hoher Geschwindigkeit und Pr\u00e4zision. Unser Laserzuschnittprozess wird durch CAD\/CAM-Software optimierte Schneidwege, minimale Ausschussraten und automatisch an das Material angepasste Parameter gesteuert. So wird jedes Teil mit wiederholbarer Qualit\u00e4t und hoher Produktionseffizienz...","protected":false},"author":1,"featured_media":9647,"parent":0,"menu_order":0,"comment_status":"closed","ping_status":"closed","template":"","meta":{"footnotes":""},"class_list":["post-8024","page","type-page","status-publish","has-post-thumbnail","hentry"],"acf":[],"yoast_head":"<!-- This site is optimized with the Yoast SEO plugin v19.7.2 - https:\/\/yoast.com\/wordpress\/plugins\/seo\/ -->\n<title>Laserschneiden | Sar\u0131met<\/title>\n<meta name=\"robots\" content=\"index, follow, max-snippet:-1, max-image-preview:large, max-video-preview:-1\" \/>\n<link rel=\"canonical\" href=\"https:\/\/sarimet.com\/de\/laserschneiden\/\" \/>\n<meta property=\"og:locale\" content=\"de_DE\" \/>\n<meta property=\"og:type\" content=\"article\" \/>\n<meta property=\"og:title\" content=\"Laserschneiden | Sar\u0131met\" \/>\n<meta property=\"og:url\" content=\"https:\/\/sarimet.com\/de\/laserschneiden\/\" \/>\n<meta property=\"og:site_name\" content=\"Sar\u0131met\" \/>\n<meta property=\"article:modified_time\" content=\"2025-08-12T12:54:38+00:00\" \/>\n<meta property=\"og:image\" content=\"https:\/\/sarimet.com\/de\/wp-content\/uploads\/2022\/06\/Lazer.jpg\" \/>\n\t<meta property=\"og:image:width\" content=\"1231\" \/>\n\t<meta property=\"og:image:height\" content=\"821\" \/>\n\t<meta property=\"og:image:type\" content=\"image\/jpeg\" \/>\n<meta name=\"twitter:card\" content=\"summary_large_image\" \/>\n<meta name=\"twitter:label1\" content=\"Gesch\u00e4tzte Lesezeit\" \/>\n\t<meta name=\"twitter:data1\" content=\"2\u00a0Minuten\" \/>\n<script type=\"application\/ld+json\" class=\"yoast-schema-graph\">{\"@context\":\"https:\/\/schema.org\",\"@graph\":[{\"@type\":\"WebPage\",\"@id\":\"https:\/\/sarimet.com\/de\/laserschneiden\/\",\"url\":\"https:\/\/sarimet.com\/de\/laserschneiden\/\",\"name\":\"Laserschneiden | Sar\u0131met\",\"isPartOf\":{\"@id\":\"https:\/\/sarimet.com\/de\/#website\"},\"datePublished\":\"2022-04-13T13:46:43+00:00\",\"dateModified\":\"2025-08-12T12:54:38+00:00\",\"breadcrumb\":{\"@id\":\"https:\/\/sarimet.com\/de\/laserschneiden\/#breadcrumb\"},\"inLanguage\":\"de\",\"potentialAction\":[{\"@type\":\"ReadAction\",\"target\":[\"https:\/\/sarimet.com\/de\/laserschneiden\/\"]}]},{\"@type\":\"BreadcrumbList\",\"@id\":\"https:\/\/sarimet.com\/de\/laserschneiden\/#breadcrumb\",\"itemListElement\":[{\"@type\":\"ListItem\",\"position\":1,\"name\":\"Laserschneiden\"}]},{\"@type\":\"WebSite\",\"@id\":\"https:\/\/sarimet.com\/de\/#website\",\"url\":\"https:\/\/sarimet.com\/de\/\",\"name\":\"Sar\u0131met\",\"description\":\"\",\"potentialAction\":[{\"@type\":\"SearchAction\",\"target\":{\"@type\":\"EntryPoint\",\"urlTemplate\":\"https:\/\/sarimet.com\/de\/?s={search_term_string}\"},\"query-input\":\"required name=search_term_string\"}],\"inLanguage\":\"de\"}]}<\/script>\n<!-- \/ Yoast SEO plugin. -->","yoast_head_json":{"title":"Laserschneiden | Sar\u0131met","robots":{"index":"index","follow":"follow","max-snippet":"max-snippet:-1","max-image-preview":"max-image-preview:large","max-video-preview":"max-video-preview:-1"},"canonical":"https:\/\/sarimet.com\/de\/laserschneiden\/","og_locale":"de_DE","og_type":"article","og_title":"Laserschneiden | Sar\u0131met","og_url":"https:\/\/sarimet.com\/de\/laserschneiden\/","og_site_name":"Sar\u0131met","article_modified_time":"2025-08-12T12:54:38+00:00","og_image":[{"width":1231,"height":821,"url":"https:\/\/sarimet.com\/de\/wp-content\/uploads\/2022\/06\/Lazer.jpg","type":"image\/jpeg"}],"twitter_card":"summary_large_image","twitter_misc":{"Gesch\u00e4tzte Lesezeit":"2\u00a0Minuten"},"schema":{"@context":"https:\/\/schema.org","@graph":[{"@type":"WebPage","@id":"https:\/\/sarimet.com\/de\/laserschneiden\/","url":"https:\/\/sarimet.com\/de\/laserschneiden\/","name":"Laserschneiden | Sar\u0131met","isPartOf":{"@id":"https:\/\/sarimet.com\/de\/#website"},"datePublished":"2022-04-13T13:46:43+00:00","dateModified":"2025-08-12T12:54:38+00:00","breadcrumb":{"@id":"https:\/\/sarimet.com\/de\/laserschneiden\/#breadcrumb"},"inLanguage":"de","potentialAction":[{"@type":"ReadAction","target":["https:\/\/sarimet.com\/de\/laserschneiden\/"]}]},{"@type":"BreadcrumbList","@id":"https:\/\/sarimet.com\/de\/laserschneiden\/#breadcrumb","itemListElement":[{"@type":"ListItem","position":1,"name":"Laserschneiden"}]},{"@type":"WebSite","@id":"https:\/\/sarimet.com\/de\/#website","url":"https:\/\/sarimet.com\/de\/","name":"Sar\u0131met","description":"","potentialAction":[{"@type":"SearchAction","target":{"@type":"EntryPoint","urlTemplate":"https:\/\/sarimet.com\/de\/?s={search_term_string}"},"query-input":"required name=search_term_string"}],"inLanguage":"de"}]}},"_links":{"self":[{"href":"https:\/\/sarimet.com\/de\/wp-json\/wp\/v2\/pages\/8024","targetHints":{"allow":["GET"]}}],"collection":[{"href":"https:\/\/sarimet.com\/de\/wp-json\/wp\/v2\/pages"}],"about":[{"href":"https:\/\/sarimet.com\/de\/wp-json\/wp\/v2\/types\/page"}],"author":[{"embeddable":true,"href":"https:\/\/sarimet.com\/de\/wp-json\/wp\/v2\/users\/1"}],"replies":[{"embeddable":true,"href":"https:\/\/sarimet.com\/de\/wp-json\/wp\/v2\/comments?post=8024"}],"version-history":[{"count":27,"href":"https:\/\/sarimet.com\/de\/wp-json\/wp\/v2\/pages\/8024\/revisions"}],"predecessor-version":[{"id":10247,"href":"https:\/\/sarimet.com\/de\/wp-json\/wp\/v2\/pages\/8024\/revisions\/10247"}],"wp:featuredmedia":[{"embeddable":true,"href":"https:\/\/sarimet.com\/de\/wp-json\/wp\/v2\/media\/9647"}],"wp:attachment":[{"href":"https:\/\/sarimet.com\/de\/wp-json\/wp\/v2\/media?parent=8024"}],"curies":[{"name":"wp","href":"https:\/\/api.w.org\/{rel}","templated":true}]}}