{"id":8011,"date":"2022-04-13T15:23:59","date_gmt":"2022-04-13T12:23:59","guid":{"rendered":"https:\/\/sarimet.com\/de\/?page_id=8011"},"modified":"2022-10-04T12:48:36","modified_gmt":"2022-10-04T09:48:36","slug":"uber-uns","status":"publish","type":"page","link":"https:\/\/sarimet.com\/de\/uber-uns\/","title":{"rendered":"\u00dcber Uns"},"content":{"rendered":"<section class=\"l-section wpb_row height_small\"><div class=\"l-section-h i-cf\"><div class=\"g-cols vc_row via_grid cols_1 laptops-cols_inherit tablets-cols_inherit mobiles-cols_1 valign_top type_default stacking_default\"><div class=\"wpb_column vc_column_container\"><div class=\"vc_column-inner\"><div class=\"g-cols wpb_row via_grid cols_2 laptops-cols_inherit tablets-cols_inherit mobiles-cols_1 valign_middle type_default stacking_default\"><div class=\"wpb_column vc_column_container\"><div class=\"vc_column-inner\"><div class=\"w-image style_shadow-1 align_center\"><div class=\"w-image-h\"><img loading=\"lazy\" decoding=\"async\" width=\"1920\" height=\"1272\" src=\"https:\/\/sarimet.com\/de\/wp-content\/uploads\/2022\/07\/Bina-Gorseli-1.jpg\" class=\"attachment-full size-full\" alt=\"\" srcset=\"https:\/\/sarimet.com\/de\/wp-content\/uploads\/2022\/07\/Bina-Gorseli-1.jpg 1920w, https:\/\/sarimet.com\/de\/wp-content\/uploads\/2022\/07\/Bina-Gorseli-1-300x199.jpg 300w, https:\/\/sarimet.com\/de\/wp-content\/uploads\/2022\/07\/Bina-Gorseli-1-1024x678.jpg 1024w, https:\/\/sarimet.com\/de\/wp-content\/uploads\/2022\/07\/Bina-Gorseli-1-1536x1018.jpg 1536w\" sizes=\"auto, (max-width: 1920px) 100vw, 1920px\" \/><\/div><\/div><\/div><\/div><div class=\"wpb_column vc_column_container\"><div class=\"vc_column-inner\"><div class=\"wpb_text_column\"><div class=\"wpb_wrapper\"><p>SARIMET \u00c7EL\u0130K wurde 1997 gegr\u00fcndet und erzielte in den vergangenen 25 jahren ein stabiles und innovatives Wachstum und machte sich mit seinem hohen Qualit\u00e4tsverst\u00e4ndnis, seinen flexiblen L\u00f6sungen und seiner Politik in der sich schnell entwickelnden globalen Industrie einen Namen als zuverl\u00e4ssiger Lieferant.<\/p>\n<p>Heute hat \u201eSARIMET \u00c7EL\u0130K\u201c dank seiner Flexibilit\u00e4t, Innovationen und erfolgsorientierten Managementansatz mit den richtigen Investitionen zur richtigen Zeit seinen Platz unter den bekanntesten und gesch\u00e4tztesten Unternehmen der Branche eingenommen und st\u00e4rkt Tag f\u00fcr Tag seine Unternehmensstruktur.<\/p>\n<p>Unser Unternehmen, befindet sich in der Industriezone in Istanbul Beylikd\u00fcz\u00fc. Die Produktionsfl\u00e4che welches 3000m2 \u00fcberdacht ist bietet ihren Kunden, aus vielen Orten der T\u00fcrkei und der Welt, weiterhin L\u00f6sungen f\u00fcr ihre Produktionsanforderungen.<\/p>\n<\/div><\/div><\/div><\/div><\/div><div class=\"w-separator size_medium\"><\/div><\/div><\/div><\/div><\/div><\/section>\n","protected":false},"excerpt":{"rendered":"SARIMET \u00c7EL\u0130K wurde 1997 gegr\u00fcndet und erzielte in den vergangenen 25 jahren ein stabiles und innovatives Wachstum und machte sich mit seinem hohen Qualit\u00e4tsverst\u00e4ndnis, seinen flexiblen L\u00f6sungen und seiner Politik in der sich schnell entwickelnden globalen Industrie einen Namen als zuverl\u00e4ssiger Lieferant. Heute hat \u201eSARIMET \u00c7EL\u0130K\u201c dank seiner Flexibilit\u00e4t, Innovationen und erfolgsorientierten Managementansatz mit den...","protected":false},"author":1,"featured_media":0,"parent":0,"menu_order":0,"comment_status":"closed","ping_status":"closed","template":"","meta":{"footnotes":""},"class_list":["post-8011","page","type-page","status-publish","hentry"],"acf":[],"yoast_head":"<!-- This site is optimized with the Yoast SEO plugin v19.7.2 - https:\/\/yoast.com\/wordpress\/plugins\/seo\/ -->\n<title>\u00dcber Uns | Sar\u0131met<\/title>\n<meta name=\"robots\" content=\"index, follow, max-snippet:-1, max-image-preview:large, max-video-preview:-1\" \/>\n<link rel=\"canonical\" href=\"https:\/\/sarimet.com\/de\/uber-uns\/\" \/>\n<meta property=\"og:locale\" content=\"de_DE\" \/>\n<meta property=\"og:type\" content=\"article\" \/>\n<meta property=\"og:title\" content=\"\u00dcber Uns | Sar\u0131met\" \/>\n<meta property=\"og:url\" content=\"https:\/\/sarimet.com\/de\/uber-uns\/\" \/>\n<meta property=\"og:site_name\" content=\"Sar\u0131met\" \/>\n<meta property=\"article:modified_time\" content=\"2022-10-04T09:48:36+00:00\" \/>\n<meta name=\"twitter:card\" content=\"summary_large_image\" \/>\n<meta name=\"twitter:label1\" content=\"Gesch\u00e4tzte Lesezeit\" \/>\n\t<meta name=\"twitter:data1\" content=\"1\u00a0Minute\" \/>\n<script type=\"application\/ld+json\" class=\"yoast-schema-graph\">{\"@context\":\"https:\/\/schema.org\",\"@graph\":[{\"@type\":\"WebPage\",\"@id\":\"https:\/\/sarimet.com\/de\/uber-uns\/\",\"url\":\"https:\/\/sarimet.com\/de\/uber-uns\/\",\"name\":\"\u00dcber Uns | Sar\u0131met\",\"isPartOf\":{\"@id\":\"https:\/\/sarimet.com\/de\/#website\"},\"datePublished\":\"2022-04-13T12:23:59+00:00\",\"dateModified\":\"2022-10-04T09:48:36+00:00\",\"breadcrumb\":{\"@id\":\"https:\/\/sarimet.com\/de\/uber-uns\/#breadcrumb\"},\"inLanguage\":\"de\",\"potentialAction\":[{\"@type\":\"ReadAction\",\"target\":[\"https:\/\/sarimet.com\/de\/uber-uns\/\"]}]},{\"@type\":\"BreadcrumbList\",\"@id\":\"https:\/\/sarimet.com\/de\/uber-uns\/#breadcrumb\",\"itemListElement\":[{\"@type\":\"ListItem\",\"position\":1,\"name\":\"\u00dcber Uns\"}]},{\"@type\":\"WebSite\",\"@id\":\"https:\/\/sarimet.com\/de\/#website\",\"url\":\"https:\/\/sarimet.com\/de\/\",\"name\":\"Sar\u0131met\",\"description\":\"\",\"potentialAction\":[{\"@type\":\"SearchAction\",\"target\":{\"@type\":\"EntryPoint\",\"urlTemplate\":\"https:\/\/sarimet.com\/de\/?s={search_term_string}\"},\"query-input\":\"required name=search_term_string\"}],\"inLanguage\":\"de\"}]}<\/script>\n<!-- \/ Yoast SEO plugin. -->","yoast_head_json":{"title":"\u00dcber Uns | Sar\u0131met","robots":{"index":"index","follow":"follow","max-snippet":"max-snippet:-1","max-image-preview":"max-image-preview:large","max-video-preview":"max-video-preview:-1"},"canonical":"https:\/\/sarimet.com\/de\/uber-uns\/","og_locale":"de_DE","og_type":"article","og_title":"\u00dcber Uns | Sar\u0131met","og_url":"https:\/\/sarimet.com\/de\/uber-uns\/","og_site_name":"Sar\u0131met","article_modified_time":"2022-10-04T09:48:36+00:00","twitter_card":"summary_large_image","twitter_misc":{"Gesch\u00e4tzte Lesezeit":"1\u00a0Minute"},"schema":{"@context":"https:\/\/schema.org","@graph":[{"@type":"WebPage","@id":"https:\/\/sarimet.com\/de\/uber-uns\/","url":"https:\/\/sarimet.com\/de\/uber-uns\/","name":"\u00dcber Uns | Sar\u0131met","isPartOf":{"@id":"https:\/\/sarimet.com\/de\/#website"},"datePublished":"2022-04-13T12:23:59+00:00","dateModified":"2022-10-04T09:48:36+00:00","breadcrumb":{"@id":"https:\/\/sarimet.com\/de\/uber-uns\/#breadcrumb"},"inLanguage":"de","potentialAction":[{"@type":"ReadAction","target":["https:\/\/sarimet.com\/de\/uber-uns\/"]}]},{"@type":"BreadcrumbList","@id":"https:\/\/sarimet.com\/de\/uber-uns\/#breadcrumb","itemListElement":[{"@type":"ListItem","position":1,"name":"\u00dcber Uns"}]},{"@type":"WebSite","@id":"https:\/\/sarimet.com\/de\/#website","url":"https:\/\/sarimet.com\/de\/","name":"Sar\u0131met","description":"","potentialAction":[{"@type":"SearchAction","target":{"@type":"EntryPoint","urlTemplate":"https:\/\/sarimet.com\/de\/?s={search_term_string}"},"query-input":"required name=search_term_string"}],"inLanguage":"de"}]}},"_links":{"self":[{"href":"https:\/\/sarimet.com\/de\/wp-json\/wp\/v2\/pages\/8011","targetHints":{"allow":["GET"]}}],"collection":[{"href":"https:\/\/sarimet.com\/de\/wp-json\/wp\/v2\/pages"}],"about":[{"href":"https:\/\/sarimet.com\/de\/wp-json\/wp\/v2\/types\/page"}],"author":[{"embeddable":true,"href":"https:\/\/sarimet.com\/de\/wp-json\/wp\/v2\/users\/1"}],"replies":[{"embeddable":true,"href":"https:\/\/sarimet.com\/de\/wp-json\/wp\/v2\/comments?post=8011"}],"version-history":[{"count":38,"href":"https:\/\/sarimet.com\/de\/wp-json\/wp\/v2\/pages\/8011\/revisions"}],"predecessor-version":[{"id":10158,"href":"https:\/\/sarimet.com\/de\/wp-json\/wp\/v2\/pages\/8011\/revisions\/10158"}],"wp:attachment":[{"href":"https:\/\/sarimet.com\/de\/wp-json\/wp\/v2\/media?parent=8011"}],"curies":[{"name":"wp","href":"https:\/\/api.w.org\/{rel}","templated":true}]}}