{"id":10234,"date":"2025-08-12T14:42:32","date_gmt":"2025-08-12T11:42:32","guid":{"rendered":"https:\/\/sarimet.com\/de\/?page_id=10234"},"modified":"2025-08-12T14:42:32","modified_gmt":"2025-08-12T11:42:32","slug":"elektrostatische-pulverbeschichtung","status":"publish","type":"page","link":"https:\/\/sarimet.com\/de\/elektrostatische-pulverbeschichtung\/","title":{"rendered":"Elektrostatische Pulverbeschichtung"},"content":{"rendered":"<section class=\"l-section wpb_row height_small\"><div class=\"l-section-h i-cf\"><div class=\"g-cols vc_row via_grid cols_1 laptops-cols_inherit tablets-cols_inherit mobiles-cols_1 valign_top type_default stacking_default\"><div class=\"wpb_column vc_column_container us_custom_7e20fa79 us_animate_this\"><div class=\"vc_column-inner\"><div class=\"g-cols wpb_row via_grid cols_2 laptops-cols_inherit tablets-cols_inherit mobiles-cols_1 valign_middle type_default stacking_default\"><div class=\"wpb_column vc_column_container\"><div class=\"vc_column-inner\"><div class=\"w-image us_custom_dad4fece has_ratio align_none\"><div class=\"w-image-h\"><div style=\"padding-bottom:56.25%\"><\/div><img loading=\"lazy\" decoding=\"async\" width=\"1200\" height=\"450\" src=\"https:\/\/sarimet.com\/de\/wp-content\/uploads\/2025\/08\/toz_boya3.jpg\" class=\"attachment-full size-full\" alt=\"\" srcset=\"https:\/\/sarimet.com\/de\/wp-content\/uploads\/2025\/08\/toz_boya3.jpg 1200w, https:\/\/sarimet.com\/de\/wp-content\/uploads\/2025\/08\/toz_boya3-300x113.jpg 300w, https:\/\/sarimet.com\/de\/wp-content\/uploads\/2025\/08\/toz_boya3-1024x384.jpg 1024w\" sizes=\"auto, (max-width: 1200px) 100vw, 1200px\" \/><\/div><\/div><\/div><\/div><div class=\"wpb_column vc_column_container\"><div class=\"vc_column-inner\"><div class=\"wpb_text_column\"><div class=\"wpb_wrapper\"><p><strong data-start=\"0\" data-end=\"68\">Pulverbeschichtung \u2013 Der Treffpunkt von Haltbarkeit und \u00c4sthetik<\/strong><br data-start=\"68\" data-end=\"71\" \/>F\u00fcr diejenigen, die einen Unterschied in der Oberfl\u00e4chenqualit\u00e4t machen m\u00f6chten, sind wir die richtige Adresse:<br data-start=\"182\" data-end=\"185\" \/>Mit der umweltfreundlichen Oberfl\u00e4chenvorbereitung, unterst\u00fctzt durch BONDERITE NT 1, und unserer hochmodernen elektrostatistischen Pulverbeschichtungsstra\u00dfe bieten wir \u00c4sthetik, Haltbarkeit und Nachhaltigkeit in einem.<\/p>\n<p><strong data-start=\"406\" data-end=\"477\">Next-Generation Oberfl\u00e4chenvorbereitungstechnologie: BONDERITE NT 1<\/strong><br data-start=\"477\" data-end=\"480\" \/>Die Grundlage der Pulverbeschichtungsqualit\u00e4t liegt in der Oberfl\u00e4chenvorbereitung. Aus diesem Grund setzen wir anstelle der traditionellen Phosphatierung auf Henkel&#8217;s revolution\u00e4re BONDERITE NT 1 Nanotechnologie.<br data-start=\"693\" data-end=\"696\" \/>Frei von Schwermetallen \u2013 umweltfreundlich<br data-start=\"740\" data-end=\"743\" \/>\u00a0Eliminierung von Phosphatabf\u00e4llen, signifikante Reduzierung des Wasser- und Energieverbrauchs<br data-start=\"838\" data-end=\"841\" \/>\u00a0Arbeitet bei Raumtemperatur und spart bis zu 30 % der Energiekosten<br data-start=\"910\" data-end=\"913\" \/>\u00a0Erh\u00f6ht die Linienproduktivit\u00e4t und Kapazit\u00e4t durch kurze Verarbeitungszeiten von 20\u201360 Sekunden<br data-start=\"1010\" data-end=\"1013\" \/>\u00a0Korrosionsbest\u00e4ndigkeit im Salzwassertest:<br data-start=\"1057\" data-end=\"1060\" \/>\u2003- Entspricht Eisenphosphat: 240 Stunden<br data-start=\"1100\" data-end=\"1103\" \/>\u2003- Entspricht Zinkphosphat: 600 Stunden<\/p>\n<p><strong data-start=\"1146\" data-end=\"1205\">BONDERITE NT 1 + hochwertiges Pulverbeschichtungssystem<\/strong> zeigt in Salzwassertests in der Regel eine Best\u00e4ndigkeit von bis zu 1000 Stunden.<br data-start=\"1287\" data-end=\"1290\" \/>(Entsprechend dem ASTM B117 Standard)<\/p>\n<p>Dieses System bietet au\u00dferdem eine kosteng\u00fcnstige Umr\u00fcstl\u00f6sung f\u00fcr traditionelle Linien.<\/p>\n<\/div><\/div><\/div><\/div><\/div><div class=\"g-cols wpb_row via_grid cols_2 laptops-cols_inherit tablets-cols_inherit mobiles-cols_1 valign_middle type_default stacking_default\"><div class=\"wpb_column vc_column_container\"><div class=\"vc_column-inner\"><div class=\"wpb_text_column\"><div class=\"wpb_wrapper\"><p><strong data-start=\"1462\" data-end=\"1560\">Elektrostatische Pulverbeschichtungsstra\u00dfe \u2013 Leistungsstarke Ausr\u00fcstung, Dauerhafte Ergebnisse<\/strong><br data-start=\"1560\" data-end=\"1563\" \/>In unserer modernen Einrichtung bieten wir dank roboterunterst\u00fctzter elektrostatistischer Lackkabinen, 180\u00b0C Back\u00f6fen und kontrollierten Umgebungsbedingungen eine makellose Oberfl\u00e4chenqualit\u00e4t.<\/p>\n<p><strong data-start=\"1758\" data-end=\"1793\">Unsere Beschichtungs-Kapazit\u00e4t:<\/strong><br data-start=\"1793\" data-end=\"1796\" \/>\u2022 Maximale Teilgr\u00f6\u00dfe: 3000 mm (Breite) x 1500 mm (H\u00f6he) x 300 mm (Tiefe)<br data-start=\"1868\" data-end=\"1871\" \/>\u2022 Automatische und manuelle Anwendungsm\u00f6glichkeiten<br data-start=\"1922\" data-end=\"1925\" \/>\u2022 Hohe Effizienz durch Wagner-Roboter und Pulvr\u00fcckgewinnungssystem<br data-start=\"1991\" data-end=\"1994\" \/>\u2022 T\u00e4gliche Beschichtungskapazit\u00e4t von 6000 Quadratmetern<br data-start=\"2050\" data-end=\"2053\" \/>\u2022 Minimaler Grat, fast keine Orange-Peel-Oberfl\u00e4che<\/p>\n<hr data-start=\"2108\" data-end=\"2150\" \/>\n<p><strong data-start=\"2151\" data-end=\"2171\">Unsere Vorteile:<\/strong><br data-start=\"2171\" data-end=\"2174\" \/>\u2022 Hohe Haftfestigkeit und Korrosionsbest\u00e4ndigkeit<br data-start=\"2223\" data-end=\"2226\" \/>\u2022 Breites Farbspektrum gem\u00e4\u00df RAL-Standards<br data-start=\"2268\" data-end=\"2271\" \/>\u2022 Nachhaltiges Produktionsmodell mit Energie- und Chemikalieneinsparungen<br data-start=\"2344\" data-end=\"2347\" \/>\u2022 Kurze Lieferzeiten und flexible Produktionsplanung<\/p>\n<hr data-start=\"2403\" data-end=\"2445\" \/>\n<p>Wir sind der richtige L\u00f6sungspartner f\u00fcr industrielle Kunden, die hochwertige Oberfl\u00e4chenbeschichtungen suchen.<br data-start=\"2557\" data-end=\"2560\" \/>In unserem Pulverbeschichtungsprozess arbeiten Qualit\u00e4t, Umwelt und Effizienz Hand in Hand.<\/p>\n<\/div><\/div><\/div><\/div><div class=\"wpb_column vc_column_container\"><div class=\"vc_column-inner\"><div class=\"w-image us_custom_dad4fece align_none\"><div class=\"w-image-h\"><img loading=\"lazy\" decoding=\"async\" width=\"1280\" height=\"1418\" src=\"https:\/\/sarimet.com\/de\/wp-content\/uploads\/2025\/08\/toz_boya4.jpg\" class=\"attachment-full size-full\" alt=\"\" srcset=\"https:\/\/sarimet.com\/de\/wp-content\/uploads\/2025\/08\/toz_boya4.jpg 1280w, https:\/\/sarimet.com\/de\/wp-content\/uploads\/2025\/08\/toz_boya4-271x300.jpg 271w, https:\/\/sarimet.com\/de\/wp-content\/uploads\/2025\/08\/toz_boya4-924x1024.jpg 924w\" sizes=\"auto, (max-width: 1280px) 100vw, 1280px\" \/><\/div><\/div><\/div><\/div><\/div><\/div><\/div><\/div><\/div><\/section><section class=\"l-section wpb_row height_custom\"><div class=\"l-section-h i-cf\"><div class=\"g-cols vc_row via_grid cols_1 laptops-cols_inherit tablets-cols_inherit mobiles-cols_1 valign_top type_default stacking_default\"><div class=\"wpb_column vc_column_container\"><div class=\"vc_column-inner\"><div class=\"w-hwrapper align_center valign_top\"><div class=\"w-image us_custom_dad4fece align_none\"><div class=\"w-image-h\"><img loading=\"lazy\" decoding=\"async\" width=\"681\" height=\"382\" src=\"https:\/\/sarimet.com\/de\/wp-content\/uploads\/2025\/08\/toz_boya2.png\" class=\"attachment-large size-large\" alt=\"\" srcset=\"https:\/\/sarimet.com\/de\/wp-content\/uploads\/2025\/08\/toz_boya2.png 681w, https:\/\/sarimet.com\/de\/wp-content\/uploads\/2025\/08\/toz_boya2-300x168.png 300w\" sizes=\"auto, (max-width: 681px) 100vw, 681px\" \/><\/div><\/div><div class=\"w-image us_custom_dad4fece align_none\"><div class=\"w-image-h\"><img loading=\"lazy\" decoding=\"async\" width=\"631\" height=\"380\" src=\"https:\/\/sarimet.com\/de\/wp-content\/uploads\/2025\/08\/toz_boya1.png\" class=\"attachment-large size-large\" alt=\"\" srcset=\"https:\/\/sarimet.com\/de\/wp-content\/uploads\/2025\/08\/toz_boya1.png 631w, https:\/\/sarimet.com\/de\/wp-content\/uploads\/2025\/08\/toz_boya1-300x181.png 300w\" sizes=\"auto, (max-width: 631px) 100vw, 631px\" \/><\/div><\/div><\/div><\/div><\/div><\/div><\/div><\/section>\n","protected":false},"excerpt":{"rendered":"Pulverbeschichtung \u2013 Der Treffpunkt von Haltbarkeit und \u00c4sthetikF\u00fcr diejenigen, die einen Unterschied in der Oberfl\u00e4chenqualit\u00e4t machen m\u00f6chten, sind wir die richtige Adresse:Mit der umweltfreundlichen Oberfl\u00e4chenvorbereitung, unterst\u00fctzt durch BONDERITE NT 1, und unserer hochmodernen elektrostatistischen Pulverbeschichtungsstra\u00dfe bieten wir \u00c4sthetik, Haltbarkeit und Nachhaltigkeit in einem. Next-Generation Oberfl\u00e4chenvorbereitungstechnologie: BONDERITE NT 1Die Grundlage der Pulverbeschichtungsqualit\u00e4t liegt in der Oberfl\u00e4chenvorbereitung....","protected":false},"author":3,"featured_media":10201,"parent":0,"menu_order":0,"comment_status":"closed","ping_status":"closed","template":"","meta":{"footnotes":""},"class_list":["post-10234","page","type-page","status-publish","has-post-thumbnail","hentry"],"acf":[],"yoast_head":"<!-- This site is optimized with the Yoast SEO plugin v19.7.2 - https:\/\/yoast.com\/wordpress\/plugins\/seo\/ -->\n<title>Elektrostatische Pulverbeschichtung | Sar\u0131met<\/title>\n<meta name=\"robots\" content=\"index, follow, max-snippet:-1, max-image-preview:large, max-video-preview:-1\" \/>\n<link rel=\"canonical\" href=\"https:\/\/sarimet.com\/de\/elektrostatische-pulverbeschichtung\/\" \/>\n<meta property=\"og:locale\" content=\"de_DE\" \/>\n<meta property=\"og:type\" content=\"article\" \/>\n<meta property=\"og:title\" content=\"Elektrostatische Pulverbeschichtung | Sar\u0131met\" \/>\n<meta property=\"og:url\" content=\"https:\/\/sarimet.com\/de\/elektrostatische-pulverbeschichtung\/\" \/>\n<meta property=\"og:site_name\" content=\"Sar\u0131met\" \/>\n<meta property=\"og:image\" content=\"https:\/\/sarimet.com\/de\/wp-content\/uploads\/2024\/05\/Parca_Duezlestirme.png\" \/>\n\t<meta property=\"og:image:width\" content=\"1000\" \/>\n\t<meta property=\"og:image:height\" content=\"584\" \/>\n\t<meta property=\"og:image:type\" content=\"image\/png\" \/>\n<meta name=\"twitter:card\" content=\"summary_large_image\" \/>\n<meta name=\"twitter:label1\" content=\"Gesch\u00e4tzte Lesezeit\" \/>\n\t<meta name=\"twitter:data1\" content=\"2\u00a0Minuten\" \/>\n<script type=\"application\/ld+json\" class=\"yoast-schema-graph\">{\"@context\":\"https:\/\/schema.org\",\"@graph\":[{\"@type\":\"WebPage\",\"@id\":\"https:\/\/sarimet.com\/de\/elektrostatische-pulverbeschichtung\/\",\"url\":\"https:\/\/sarimet.com\/de\/elektrostatische-pulverbeschichtung\/\",\"name\":\"Elektrostatische Pulverbeschichtung | Sar\u0131met\",\"isPartOf\":{\"@id\":\"https:\/\/sarimet.com\/de\/#website\"},\"datePublished\":\"2025-08-12T11:42:32+00:00\",\"dateModified\":\"2025-08-12T11:42:32+00:00\",\"breadcrumb\":{\"@id\":\"https:\/\/sarimet.com\/de\/elektrostatische-pulverbeschichtung\/#breadcrumb\"},\"inLanguage\":\"de\",\"potentialAction\":[{\"@type\":\"ReadAction\",\"target\":[\"https:\/\/sarimet.com\/de\/elektrostatische-pulverbeschichtung\/\"]}]},{\"@type\":\"BreadcrumbList\",\"@id\":\"https:\/\/sarimet.com\/de\/elektrostatische-pulverbeschichtung\/#breadcrumb\",\"itemListElement\":[{\"@type\":\"ListItem\",\"position\":1,\"name\":\"Elektrostatische Pulverbeschichtung\"}]},{\"@type\":\"WebSite\",\"@id\":\"https:\/\/sarimet.com\/de\/#website\",\"url\":\"https:\/\/sarimet.com\/de\/\",\"name\":\"Sar\u0131met\",\"description\":\"\",\"potentialAction\":[{\"@type\":\"SearchAction\",\"target\":{\"@type\":\"EntryPoint\",\"urlTemplate\":\"https:\/\/sarimet.com\/de\/?s={search_term_string}\"},\"query-input\":\"required name=search_term_string\"}],\"inLanguage\":\"de\"}]}<\/script>\n<!-- \/ Yoast SEO plugin. -->","yoast_head_json":{"title":"Elektrostatische Pulverbeschichtung | Sar\u0131met","robots":{"index":"index","follow":"follow","max-snippet":"max-snippet:-1","max-image-preview":"max-image-preview:large","max-video-preview":"max-video-preview:-1"},"canonical":"https:\/\/sarimet.com\/de\/elektrostatische-pulverbeschichtung\/","og_locale":"de_DE","og_type":"article","og_title":"Elektrostatische Pulverbeschichtung | Sar\u0131met","og_url":"https:\/\/sarimet.com\/de\/elektrostatische-pulverbeschichtung\/","og_site_name":"Sar\u0131met","og_image":[{"width":1000,"height":584,"url":"https:\/\/sarimet.com\/de\/wp-content\/uploads\/2024\/05\/Parca_Duezlestirme.png","type":"image\/png"}],"twitter_card":"summary_large_image","twitter_misc":{"Gesch\u00e4tzte Lesezeit":"2\u00a0Minuten"},"schema":{"@context":"https:\/\/schema.org","@graph":[{"@type":"WebPage","@id":"https:\/\/sarimet.com\/de\/elektrostatische-pulverbeschichtung\/","url":"https:\/\/sarimet.com\/de\/elektrostatische-pulverbeschichtung\/","name":"Elektrostatische Pulverbeschichtung | Sar\u0131met","isPartOf":{"@id":"https:\/\/sarimet.com\/de\/#website"},"datePublished":"2025-08-12T11:42:32+00:00","dateModified":"2025-08-12T11:42:32+00:00","breadcrumb":{"@id":"https:\/\/sarimet.com\/de\/elektrostatische-pulverbeschichtung\/#breadcrumb"},"inLanguage":"de","potentialAction":[{"@type":"ReadAction","target":["https:\/\/sarimet.com\/de\/elektrostatische-pulverbeschichtung\/"]}]},{"@type":"BreadcrumbList","@id":"https:\/\/sarimet.com\/de\/elektrostatische-pulverbeschichtung\/#breadcrumb","itemListElement":[{"@type":"ListItem","position":1,"name":"Elektrostatische Pulverbeschichtung"}]},{"@type":"WebSite","@id":"https:\/\/sarimet.com\/de\/#website","url":"https:\/\/sarimet.com\/de\/","name":"Sar\u0131met","description":"","potentialAction":[{"@type":"SearchAction","target":{"@type":"EntryPoint","urlTemplate":"https:\/\/sarimet.com\/de\/?s={search_term_string}"},"query-input":"required name=search_term_string"}],"inLanguage":"de"}]}},"_links":{"self":[{"href":"https:\/\/sarimet.com\/de\/wp-json\/wp\/v2\/pages\/10234","targetHints":{"allow":["GET"]}}],"collection":[{"href":"https:\/\/sarimet.com\/de\/wp-json\/wp\/v2\/pages"}],"about":[{"href":"https:\/\/sarimet.com\/de\/wp-json\/wp\/v2\/types\/page"}],"author":[{"embeddable":true,"href":"https:\/\/sarimet.com\/de\/wp-json\/wp\/v2\/users\/3"}],"replies":[{"embeddable":true,"href":"https:\/\/sarimet.com\/de\/wp-json\/wp\/v2\/comments?post=10234"}],"version-history":[{"count":5,"href":"https:\/\/sarimet.com\/de\/wp-json\/wp\/v2\/pages\/10234\/revisions"}],"predecessor-version":[{"id":10243,"href":"https:\/\/sarimet.com\/de\/wp-json\/wp\/v2\/pages\/10234\/revisions\/10243"}],"wp:featuredmedia":[{"embeddable":true,"href":"https:\/\/sarimet.com\/de\/wp-json\/wp\/v2\/media\/10201"}],"wp:attachment":[{"href":"https:\/\/sarimet.com\/de\/wp-json\/wp\/v2\/media?parent=10234"}],"curies":[{"name":"wp","href":"https:\/\/api.w.org\/{rel}","templated":true}]}}