{"id":10200,"date":"2024-06-03T14:18:57","date_gmt":"2024-06-03T11:18:57","guid":{"rendered":"https:\/\/sarimet.com\/de\/?page_id=10200"},"modified":"2025-08-12T14:24:48","modified_gmt":"2025-08-12T11:24:48","slug":"teilrichtung","status":"publish","type":"page","link":"https:\/\/sarimet.com\/de\/teilrichtung\/","title":{"rendered":"Teilrichtung"},"content":{"rendered":"<section class=\"l-section wpb_row height_small\"><div class=\"l-section-h i-cf\"><div class=\"g-cols vc_row via_grid cols_1 laptops-cols_inherit tablets-cols_inherit mobiles-cols_1 valign_top type_default stacking_default\"><div class=\"wpb_column vc_column_container us_custom_7e20fa79 us_animate_this\"><div class=\"vc_column-inner\"><div class=\"g-cols wpb_row via_grid cols_2 laptops-cols_inherit tablets-cols_inherit mobiles-cols_1 valign_middle type_default stacking_default\"><div class=\"wpb_column vc_column_container\"><div class=\"vc_column-inner\"><div class=\"w-image us_custom_dad4fece has_ratio align_none\"><div class=\"w-image-h\"><div style=\"padding-bottom:56.25%\"><\/div><img loading=\"lazy\" decoding=\"async\" width=\"1000\" height=\"584\" src=\"https:\/\/sarimet.com\/de\/wp-content\/uploads\/2024\/05\/Parca_Duezlestirme.png\" class=\"attachment-full size-full\" alt=\"\" srcset=\"https:\/\/sarimet.com\/de\/wp-content\/uploads\/2024\/05\/Parca_Duezlestirme.png 1000w, https:\/\/sarimet.com\/de\/wp-content\/uploads\/2024\/05\/Parca_Duezlestirme-300x175.png 300w\" sizes=\"auto, (max-width: 1000px) 100vw, 1000px\" \/><\/div><\/div><\/div><\/div><div class=\"wpb_column vc_column_container\"><div class=\"vc_column-inner\"><div class=\"wpb_text_column\"><div class=\"wpb_wrapper\"><p>Eine Richtmaschine f\u00fcr Teile sorgt f\u00fcr Ebenheit durch eine Reihe von Walzen, die Druck auf das Blech oder die Platte aus\u00fcben. Die Walzen bearbeiten das Material, w\u00e4hrend es durch die Maschine l\u00e4uft. Die Intensit\u00e4t des auf das Material ausge\u00fcbten Drucks reduziert und beseitigt schlie\u00dflich die Spannungen, die im Metallservicecenter entstehen.<\/p>\n<\/div><\/div><\/div><\/div><\/div><div class=\"g-cols wpb_row via_grid cols_2 laptops-cols_inherit tablets-cols_inherit mobiles-cols_1 valign_middle type_default stacking_default\"><div class=\"wpb_column vc_column_container\"><div class=\"vc_column-inner\"><div class=\"wpb_text_column\"><div class=\"wpb_wrapper\"><p><strong>Technische Daten<\/strong><br \/>\nDurchlaufbreite: 1600 mm<br \/>\nAnzahl der Walzen: 19<br \/>\nMax. Querschnitt: siehe Richtdiagramm unten<br \/>\nMin. Teilel\u00e4nge: 85 mm<br \/>\nEinstellung des Walzenrahmens: motorisch<br \/>\nMesseinrichtung: digital<br \/>\nAnzeige: metrisch<br \/>\nEinstellgenauigkeit: 0,01 mm<br \/>\nLagerung der Walzen: Nadellager<br \/>\nLagerabdichtung: Wellendichtringe<br \/>\nH\u00e4rte der Walzen: 60 HRC<br \/>\nSchleifgenauigkeit: glatt geschliffen<br \/>\nAntrieb der Walzen: Verteilergetriebe<br \/>\nAntrieb: Drehstrommotor<br \/>\nVariable Geschwindigkeit: 3 &#8211; 15 m\/min<\/p>\n<\/div><\/div><\/div><\/div><div class=\"wpb_column vc_column_container\"><div class=\"vc_column-inner\"><div class=\"w-image us_custom_dad4fece has_ratio align_none meta_simple\"><div class=\"w-image-h\"><div style=\"padding-bottom:56.25%\"><\/div><img loading=\"lazy\" decoding=\"async\" width=\"1017\" height=\"526\" src=\"https:\/\/sarimet.com\/de\/wp-content\/uploads\/2024\/06\/Kapazitaetstabelle.png\" class=\"attachment-full size-full\" alt=\"\" srcset=\"https:\/\/sarimet.com\/de\/wp-content\/uploads\/2024\/06\/Kapazitaetstabelle.png 1017w, https:\/\/sarimet.com\/de\/wp-content\/uploads\/2024\/06\/Kapazitaetstabelle-300x155.png 300w\" sizes=\"auto, (max-width: 1017px) 100vw, 1017px\" \/><\/div><div class=\"w-image-meta\"><div class=\"w-image-title\">Kapazit\u00e4tstabelle<\/div><\/div><\/div><\/div><\/div><\/div><\/div><\/div><\/div><\/div><\/section>\n","protected":false},"excerpt":{"rendered":"Eine Richtmaschine f\u00fcr Teile sorgt f\u00fcr Ebenheit durch eine Reihe von Walzen, die Druck auf das Blech oder die Platte aus\u00fcben. Die Walzen bearbeiten das Material, w\u00e4hrend es durch die Maschine l\u00e4uft. Die Intensit\u00e4t des auf das Material ausge\u00fcbten Drucks reduziert und beseitigt schlie\u00dflich die Spannungen, die im Metallservicecenter entstehen. Technische Daten Durchlaufbreite: 1600 mm...","protected":false},"author":3,"featured_media":10201,"parent":0,"menu_order":0,"comment_status":"closed","ping_status":"closed","template":"","meta":{"footnotes":""},"class_list":["post-10200","page","type-page","status-publish","has-post-thumbnail","hentry"],"acf":[],"yoast_head":"<!-- This site is optimized with the Yoast SEO plugin v19.7.2 - https:\/\/yoast.com\/wordpress\/plugins\/seo\/ -->\n<title>Teilrichtung | Sar\u0131met<\/title>\n<meta name=\"robots\" content=\"index, follow, max-snippet:-1, max-image-preview:large, max-video-preview:-1\" \/>\n<link rel=\"canonical\" href=\"https:\/\/sarimet.com\/de\/teilrichtung\/\" \/>\n<meta property=\"og:locale\" content=\"de_DE\" \/>\n<meta property=\"og:type\" content=\"article\" \/>\n<meta property=\"og:title\" content=\"Teilrichtung | Sar\u0131met\" \/>\n<meta property=\"og:url\" content=\"https:\/\/sarimet.com\/de\/teilrichtung\/\" \/>\n<meta property=\"og:site_name\" content=\"Sar\u0131met\" \/>\n<meta property=\"article:modified_time\" content=\"2025-08-12T11:24:48+00:00\" \/>\n<meta property=\"og:image\" content=\"https:\/\/sarimet.com\/de\/wp-content\/uploads\/2024\/05\/Parca_Duezlestirme.png\" \/>\n\t<meta property=\"og:image:width\" content=\"1000\" \/>\n\t<meta property=\"og:image:height\" content=\"584\" \/>\n\t<meta property=\"og:image:type\" content=\"image\/png\" \/>\n<meta name=\"twitter:card\" content=\"summary_large_image\" \/>\n<meta name=\"twitter:label1\" content=\"Gesch\u00e4tzte Lesezeit\" \/>\n\t<meta name=\"twitter:data1\" content=\"1\u00a0Minute\" \/>\n<script type=\"application\/ld+json\" class=\"yoast-schema-graph\">{\"@context\":\"https:\/\/schema.org\",\"@graph\":[{\"@type\":\"WebPage\",\"@id\":\"https:\/\/sarimet.com\/de\/teilrichtung\/\",\"url\":\"https:\/\/sarimet.com\/de\/teilrichtung\/\",\"name\":\"Teilrichtung | Sar\u0131met\",\"isPartOf\":{\"@id\":\"https:\/\/sarimet.com\/de\/#website\"},\"datePublished\":\"2024-06-03T11:18:57+00:00\",\"dateModified\":\"2025-08-12T11:24:48+00:00\",\"breadcrumb\":{\"@id\":\"https:\/\/sarimet.com\/de\/teilrichtung\/#breadcrumb\"},\"inLanguage\":\"de\",\"potentialAction\":[{\"@type\":\"ReadAction\",\"target\":[\"https:\/\/sarimet.com\/de\/teilrichtung\/\"]}]},{\"@type\":\"BreadcrumbList\",\"@id\":\"https:\/\/sarimet.com\/de\/teilrichtung\/#breadcrumb\",\"itemListElement\":[{\"@type\":\"ListItem\",\"position\":1,\"name\":\"Teilrichtung\"}]},{\"@type\":\"WebSite\",\"@id\":\"https:\/\/sarimet.com\/de\/#website\",\"url\":\"https:\/\/sarimet.com\/de\/\",\"name\":\"Sar\u0131met\",\"description\":\"\",\"potentialAction\":[{\"@type\":\"SearchAction\",\"target\":{\"@type\":\"EntryPoint\",\"urlTemplate\":\"https:\/\/sarimet.com\/de\/?s={search_term_string}\"},\"query-input\":\"required name=search_term_string\"}],\"inLanguage\":\"de\"}]}<\/script>\n<!-- \/ Yoast SEO plugin. -->","yoast_head_json":{"title":"Teilrichtung | Sar\u0131met","robots":{"index":"index","follow":"follow","max-snippet":"max-snippet:-1","max-image-preview":"max-image-preview:large","max-video-preview":"max-video-preview:-1"},"canonical":"https:\/\/sarimet.com\/de\/teilrichtung\/","og_locale":"de_DE","og_type":"article","og_title":"Teilrichtung | Sar\u0131met","og_url":"https:\/\/sarimet.com\/de\/teilrichtung\/","og_site_name":"Sar\u0131met","article_modified_time":"2025-08-12T11:24:48+00:00","og_image":[{"width":1000,"height":584,"url":"https:\/\/sarimet.com\/de\/wp-content\/uploads\/2024\/05\/Parca_Duezlestirme.png","type":"image\/png"}],"twitter_card":"summary_large_image","twitter_misc":{"Gesch\u00e4tzte Lesezeit":"1\u00a0Minute"},"schema":{"@context":"https:\/\/schema.org","@graph":[{"@type":"WebPage","@id":"https:\/\/sarimet.com\/de\/teilrichtung\/","url":"https:\/\/sarimet.com\/de\/teilrichtung\/","name":"Teilrichtung | Sar\u0131met","isPartOf":{"@id":"https:\/\/sarimet.com\/de\/#website"},"datePublished":"2024-06-03T11:18:57+00:00","dateModified":"2025-08-12T11:24:48+00:00","breadcrumb":{"@id":"https:\/\/sarimet.com\/de\/teilrichtung\/#breadcrumb"},"inLanguage":"de","potentialAction":[{"@type":"ReadAction","target":["https:\/\/sarimet.com\/de\/teilrichtung\/"]}]},{"@type":"BreadcrumbList","@id":"https:\/\/sarimet.com\/de\/teilrichtung\/#breadcrumb","itemListElement":[{"@type":"ListItem","position":1,"name":"Teilrichtung"}]},{"@type":"WebSite","@id":"https:\/\/sarimet.com\/de\/#website","url":"https:\/\/sarimet.com\/de\/","name":"Sar\u0131met","description":"","potentialAction":[{"@type":"SearchAction","target":{"@type":"EntryPoint","urlTemplate":"https:\/\/sarimet.com\/de\/?s={search_term_string}"},"query-input":"required name=search_term_string"}],"inLanguage":"de"}]}},"_links":{"self":[{"href":"https:\/\/sarimet.com\/de\/wp-json\/wp\/v2\/pages\/10200","targetHints":{"allow":["GET"]}}],"collection":[{"href":"https:\/\/sarimet.com\/de\/wp-json\/wp\/v2\/pages"}],"about":[{"href":"https:\/\/sarimet.com\/de\/wp-json\/wp\/v2\/types\/page"}],"author":[{"embeddable":true,"href":"https:\/\/sarimet.com\/de\/wp-json\/wp\/v2\/users\/3"}],"replies":[{"embeddable":true,"href":"https:\/\/sarimet.com\/de\/wp-json\/wp\/v2\/comments?post=10200"}],"version-history":[{"count":2,"href":"https:\/\/sarimet.com\/de\/wp-json\/wp\/v2\/pages\/10200\/revisions"}],"predecessor-version":[{"id":10209,"href":"https:\/\/sarimet.com\/de\/wp-json\/wp\/v2\/pages\/10200\/revisions\/10209"}],"wp:featuredmedia":[{"embeddable":true,"href":"https:\/\/sarimet.com\/de\/wp-json\/wp\/v2\/media\/10201"}],"wp:attachment":[{"href":"https:\/\/sarimet.com\/de\/wp-json\/wp\/v2\/media?parent=10200"}],"curies":[{"name":"wp","href":"https:\/\/api.w.org\/{rel}","templated":true}]}}