{"id":10197,"date":"2024-06-03T14:11:04","date_gmt":"2024-06-03T11:11:04","guid":{"rendered":"https:\/\/sarimet.com\/de\/?page_id=10197"},"modified":"2025-08-20T07:57:29","modified_gmt":"2025-08-20T04:57:29","slug":"roboterschweissen","status":"publish","type":"page","link":"https:\/\/sarimet.com\/de\/roboterschweissen\/","title":{"rendered":"Roboterschwei\u00dfen"},"content":{"rendered":"<section class=\"l-section wpb_row height_small\"><div class=\"l-section-h i-cf\"><div class=\"g-cols vc_row via_grid cols_1 laptops-cols_inherit tablets-cols_inherit mobiles-cols_1 valign_top type_default stacking_default\"><div class=\"wpb_column vc_column_container us_custom_7e20fa79 us_animate_this\"><div class=\"vc_column-inner\"><div class=\"g-cols wpb_row via_grid cols_2 laptops-cols_inherit tablets-cols_inherit mobiles-cols_1 valign_middle type_default stacking_default\"><div class=\"wpb_column vc_column_container\"><div class=\"vc_column-inner\"><div class=\"w-image us_custom_dad4fece has_ratio align_none\"><div class=\"w-image-h\"><div style=\"padding-bottom:56.25%\"><\/div><img loading=\"lazy\" decoding=\"async\" width=\"1007\" height=\"588\" src=\"https:\/\/sarimet.com\/de\/wp-content\/uploads\/2024\/05\/Ashampoo_Snap_21-Mayis-2024-Sali_11h53m54s_003_.png\" class=\"attachment-full size-full\" alt=\"\" srcset=\"https:\/\/sarimet.com\/de\/wp-content\/uploads\/2024\/05\/Ashampoo_Snap_21-Mayis-2024-Sali_11h53m54s_003_.png 1007w, https:\/\/sarimet.com\/de\/wp-content\/uploads\/2024\/05\/Ashampoo_Snap_21-Mayis-2024-Sali_11h53m54s_003_-300x175.png 300w\" sizes=\"auto, (max-width: 1007px) 100vw, 1007px\" \/><\/div><\/div><\/div><\/div><div class=\"wpb_column vc_column_container\"><div class=\"vc_column-inner\"><div class=\"wpb_text_column\"><div class=\"wpb_wrapper\"><p>Roboterschwei\u00dfen geh\u00f6rt heute zu den effizientesten und zuverl\u00e4ssigsten Schwei\u00dfverfahren. Durch den Einsatz von Lichtbogentechnologie werden Metalle verbunden und eine effektive Produktionsl\u00f6sung f\u00fcr verschiedenste Montageanwendungen geschaffen \u2013 insbesondere f\u00fcr komplexe und pr\u00e4zise Bauteile.<br data-start=\"1751\" data-end=\"1754\" \/>Dank automatisiertem Schwei\u00dfen k\u00f6nnen selbst schwierige Schwei\u00dfn\u00e4hte einfacher und gleichm\u00e4\u00dfiger ausgef\u00fchrt werden, was Qualit\u00e4t und Kontinuit\u00e4t in der Produktion gew\u00e4hrleistet.<\/p>\n<p><strong data-start=\"1935\" data-end=\"2090\">Bei Sarimet setzen wir Roboterschwei\u00dftechnologie ein, um f\u00fcr Ihre Projekte h\u00f6chste Qualit\u00e4t zu liefern. Kontaktieren Sie uns f\u00fcr weitere Informationen.<\/strong><\/p>\n<\/div><\/div><\/div><\/div><\/div><\/div><\/div><\/div><\/div><\/section>\n","protected":false},"excerpt":{"rendered":"Roboterschwei\u00dfen geh\u00f6rt heute zu den effizientesten und zuverl\u00e4ssigsten Schwei\u00dfverfahren. Durch den Einsatz von Lichtbogentechnologie werden Metalle verbunden und eine effektive Produktionsl\u00f6sung f\u00fcr verschiedenste Montageanwendungen geschaffen \u2013 insbesondere f\u00fcr komplexe und pr\u00e4zise Bauteile.Dank automatisiertem Schwei\u00dfen k\u00f6nnen selbst schwierige Schwei\u00dfn\u00e4hte einfacher und gleichm\u00e4\u00dfiger ausgef\u00fchrt werden, was Qualit\u00e4t und Kontinuit\u00e4t in der Produktion gew\u00e4hrleistet. Bei Sarimet setzen wir...","protected":false},"author":3,"featured_media":10195,"parent":0,"menu_order":0,"comment_status":"closed","ping_status":"closed","template":"","meta":{"footnotes":""},"class_list":["post-10197","page","type-page","status-publish","has-post-thumbnail","hentry"],"acf":[],"yoast_head":"<!-- This site is optimized with the Yoast SEO plugin v19.7.2 - https:\/\/yoast.com\/wordpress\/plugins\/seo\/ -->\n<title>Roboterschwei\u00dfen | Sar\u0131met<\/title>\n<meta name=\"robots\" content=\"index, follow, max-snippet:-1, max-image-preview:large, max-video-preview:-1\" \/>\n<link rel=\"canonical\" href=\"https:\/\/sarimet.com\/de\/roboterschweissen\/\" \/>\n<meta property=\"og:locale\" content=\"de_DE\" \/>\n<meta property=\"og:type\" content=\"article\" \/>\n<meta property=\"og:title\" content=\"Roboterschwei\u00dfen | Sar\u0131met\" \/>\n<meta property=\"og:url\" content=\"https:\/\/sarimet.com\/de\/roboterschweissen\/\" \/>\n<meta property=\"og:site_name\" content=\"Sar\u0131met\" \/>\n<meta property=\"article:modified_time\" content=\"2025-08-20T04:57:29+00:00\" \/>\n<meta property=\"og:image\" content=\"https:\/\/sarimet.com\/de\/wp-content\/uploads\/2024\/05\/Ashampoo_Snap_21-Mayis-2024-Sali_11h53m54s_003_.png\" \/>\n\t<meta property=\"og:image:width\" content=\"1007\" \/>\n\t<meta property=\"og:image:height\" content=\"588\" \/>\n\t<meta property=\"og:image:type\" content=\"image\/png\" \/>\n<meta name=\"twitter:card\" content=\"summary_large_image\" \/>\n<meta name=\"twitter:label1\" content=\"Gesch\u00e4tzte Lesezeit\" \/>\n\t<meta name=\"twitter:data1\" content=\"1\u00a0Minute\" \/>\n<script type=\"application\/ld+json\" class=\"yoast-schema-graph\">{\"@context\":\"https:\/\/schema.org\",\"@graph\":[{\"@type\":\"WebPage\",\"@id\":\"https:\/\/sarimet.com\/de\/roboterschweissen\/\",\"url\":\"https:\/\/sarimet.com\/de\/roboterschweissen\/\",\"name\":\"Roboterschwei\u00dfen | Sar\u0131met\",\"isPartOf\":{\"@id\":\"https:\/\/sarimet.com\/de\/#website\"},\"datePublished\":\"2024-06-03T11:11:04+00:00\",\"dateModified\":\"2025-08-20T04:57:29+00:00\",\"breadcrumb\":{\"@id\":\"https:\/\/sarimet.com\/de\/roboterschweissen\/#breadcrumb\"},\"inLanguage\":\"de\",\"potentialAction\":[{\"@type\":\"ReadAction\",\"target\":[\"https:\/\/sarimet.com\/de\/roboterschweissen\/\"]}]},{\"@type\":\"BreadcrumbList\",\"@id\":\"https:\/\/sarimet.com\/de\/roboterschweissen\/#breadcrumb\",\"itemListElement\":[{\"@type\":\"ListItem\",\"position\":1,\"name\":\"Roboterschwei\u00dfen\"}]},{\"@type\":\"WebSite\",\"@id\":\"https:\/\/sarimet.com\/de\/#website\",\"url\":\"https:\/\/sarimet.com\/de\/\",\"name\":\"Sar\u0131met\",\"description\":\"\",\"potentialAction\":[{\"@type\":\"SearchAction\",\"target\":{\"@type\":\"EntryPoint\",\"urlTemplate\":\"https:\/\/sarimet.com\/de\/?s={search_term_string}\"},\"query-input\":\"required name=search_term_string\"}],\"inLanguage\":\"de\"}]}<\/script>\n<!-- \/ Yoast SEO plugin. -->","yoast_head_json":{"title":"Roboterschwei\u00dfen | Sar\u0131met","robots":{"index":"index","follow":"follow","max-snippet":"max-snippet:-1","max-image-preview":"max-image-preview:large","max-video-preview":"max-video-preview:-1"},"canonical":"https:\/\/sarimet.com\/de\/roboterschweissen\/","og_locale":"de_DE","og_type":"article","og_title":"Roboterschwei\u00dfen | Sar\u0131met","og_url":"https:\/\/sarimet.com\/de\/roboterschweissen\/","og_site_name":"Sar\u0131met","article_modified_time":"2025-08-20T04:57:29+00:00","og_image":[{"width":1007,"height":588,"url":"https:\/\/sarimet.com\/de\/wp-content\/uploads\/2024\/05\/Ashampoo_Snap_21-Mayis-2024-Sali_11h53m54s_003_.png","type":"image\/png"}],"twitter_card":"summary_large_image","twitter_misc":{"Gesch\u00e4tzte Lesezeit":"1\u00a0Minute"},"schema":{"@context":"https:\/\/schema.org","@graph":[{"@type":"WebPage","@id":"https:\/\/sarimet.com\/de\/roboterschweissen\/","url":"https:\/\/sarimet.com\/de\/roboterschweissen\/","name":"Roboterschwei\u00dfen | Sar\u0131met","isPartOf":{"@id":"https:\/\/sarimet.com\/de\/#website"},"datePublished":"2024-06-03T11:11:04+00:00","dateModified":"2025-08-20T04:57:29+00:00","breadcrumb":{"@id":"https:\/\/sarimet.com\/de\/roboterschweissen\/#breadcrumb"},"inLanguage":"de","potentialAction":[{"@type":"ReadAction","target":["https:\/\/sarimet.com\/de\/roboterschweissen\/"]}]},{"@type":"BreadcrumbList","@id":"https:\/\/sarimet.com\/de\/roboterschweissen\/#breadcrumb","itemListElement":[{"@type":"ListItem","position":1,"name":"Roboterschwei\u00dfen"}]},{"@type":"WebSite","@id":"https:\/\/sarimet.com\/de\/#website","url":"https:\/\/sarimet.com\/de\/","name":"Sar\u0131met","description":"","potentialAction":[{"@type":"SearchAction","target":{"@type":"EntryPoint","urlTemplate":"https:\/\/sarimet.com\/de\/?s={search_term_string}"},"query-input":"required name=search_term_string"}],"inLanguage":"de"}]}},"_links":{"self":[{"href":"https:\/\/sarimet.com\/de\/wp-json\/wp\/v2\/pages\/10197","targetHints":{"allow":["GET"]}}],"collection":[{"href":"https:\/\/sarimet.com\/de\/wp-json\/wp\/v2\/pages"}],"about":[{"href":"https:\/\/sarimet.com\/de\/wp-json\/wp\/v2\/types\/page"}],"author":[{"embeddable":true,"href":"https:\/\/sarimet.com\/de\/wp-json\/wp\/v2\/users\/3"}],"replies":[{"embeddable":true,"href":"https:\/\/sarimet.com\/de\/wp-json\/wp\/v2\/comments?post=10197"}],"version-history":[{"count":2,"href":"https:\/\/sarimet.com\/de\/wp-json\/wp\/v2\/pages\/10197\/revisions"}],"predecessor-version":[{"id":10254,"href":"https:\/\/sarimet.com\/de\/wp-json\/wp\/v2\/pages\/10197\/revisions\/10254"}],"wp:featuredmedia":[{"embeddable":true,"href":"https:\/\/sarimet.com\/de\/wp-json\/wp\/v2\/media\/10195"}],"wp:attachment":[{"href":"https:\/\/sarimet.com\/de\/wp-json\/wp\/v2\/media?parent=10197"}],"curies":[{"name":"wp","href":"https:\/\/api.w.org\/{rel}","templated":true}]}}