{"id":10194,"date":"2024-06-03T14:14:14","date_gmt":"2024-06-03T11:14:14","guid":{"rendered":"https:\/\/sarimet.com\/de\/?page_id=10194"},"modified":"2025-08-19T11:18:44","modified_gmt":"2025-08-19T08:18:44","slug":"roll-form","status":"publish","type":"page","link":"https:\/\/sarimet.com\/de\/roll-form\/","title":{"rendered":"Roll Form"},"content":{"rendered":"<section class=\"l-section wpb_row height_small\"><div class=\"l-section-h i-cf\"><div class=\"g-cols vc_row via_grid cols_1 laptops-cols_inherit tablets-cols_inherit mobiles-cols_1 valign_top type_default stacking_default\"><div class=\"wpb_column vc_column_container us_custom_7e20fa79 us_animate_this\"><div class=\"vc_column-inner\"><div class=\"g-cols wpb_row via_grid cols_2 laptops-cols_inherit tablets-cols_inherit mobiles-cols_1 valign_middle type_default stacking_default\"><div class=\"wpb_column vc_column_container\"><div class=\"vc_column-inner\"><div class=\"w-image us_custom_dad4fece has_ratio align_none\"><div class=\"w-image-h\"><div style=\"padding-bottom:56.25%\"><\/div><img loading=\"lazy\" decoding=\"async\" width=\"1023\" height=\"595\" src=\"https:\/\/sarimet.com\/de\/wp-content\/uploads\/2024\/05\/roll_form.png\" class=\"attachment-full size-full\" alt=\"\" srcset=\"https:\/\/sarimet.com\/de\/wp-content\/uploads\/2024\/05\/roll_form.png 1023w, https:\/\/sarimet.com\/de\/wp-content\/uploads\/2024\/05\/roll_form-300x174.png 300w\" sizes=\"auto, (max-width: 1023px) 100vw, 1023px\" \/><\/div><\/div><\/div><\/div><div class=\"wpb_column vc_column_container\"><div class=\"vc_column-inner\"><div class=\"wpb_text_column\"><div class=\"wpb_wrapper\"><p><strong data-start=\"46\" data-end=\"142\">Hochwertige Profilproduktion f\u00fcr verschiedene Branchen mit unserer 14-Station-Rollformanlage<\/strong><\/p>\n<p>Mit unserer <strong data-start=\"156\" data-end=\"185\">14-Station-Rollformanlage<\/strong> produzieren wir hochwertige Profile f\u00fcr eine Vielzahl von Branchen. Wir bieten ma\u00dfgeschneiderte Profil- und Werkzeugl\u00f6sungen, die auf die spezifischen Bed\u00fcrfnisse unserer Kunden abgestimmt sind, und gew\u00e4hrleisten eine effiziente Produktion f\u00fcr jede Anwendung. Nachfolgend finden Sie einige der Branchen und Profile, die wir herstellen k\u00f6nnen:<\/p>\n<ul data-start=\"530\" data-end=\"849\">\n<li data-start=\"530\" data-end=\"559\"><strong data-start=\"532\" data-end=\"557\">PVC-St\u00fctzblechprofile<\/strong><\/li>\n<li data-start=\"560\" data-end=\"619\"><strong data-start=\"562\" data-end=\"583\">Trockenbauprofile<\/strong> (Decken U-C und Wand U-C Profile)<\/li>\n<li data-start=\"620\" data-end=\"645\"><strong data-start=\"622\" data-end=\"643\">Kabelkanalprofile<\/strong><\/li>\n<li data-start=\"646\" data-end=\"724\"><strong data-start=\"648\" data-end=\"671\">Solarenergieprofile<\/strong> (41\u00d741 Strut Channel, C-Profile und Omega-Profile)<\/li>\n<li data-start=\"725\" data-end=\"748\"><strong data-start=\"727\" data-end=\"746\">Fassadenprofile<\/strong><\/li>\n<li data-start=\"749\" data-end=\"779\"><strong data-start=\"751\" data-end=\"777\">Haushaltsger\u00e4teprofile<\/strong><\/li>\n<li data-start=\"780\" data-end=\"800\"><strong data-start=\"782\" data-end=\"798\">M\u00f6belprofile<\/strong><\/li>\n<li data-start=\"801\" data-end=\"827\"><strong data-start=\"803\" data-end=\"825\">Gew\u00e4chshausprofile<\/strong><\/li>\n<li data-start=\"828\" data-end=\"849\"><strong data-start=\"830\" data-end=\"849\">Stahlbauprofile<\/strong><\/li>\n<\/ul>\n<p><strong data-start=\"851\" data-end=\"922\">Warum sollte Rollformtechnologie f\u00fcr die Produktion gew\u00e4hlt werden?<\/strong><br data-start=\"922\" data-end=\"925\" \/>Unsere 14-Station-Rollformtechnologie erm\u00f6glicht eine hochpr\u00e4zise und schnelle Produktion. Sie garantiert ausgezeichnete Qualit\u00e4t und Kosteneffizienz in der Massenproduktion. Mit unseren ma\u00dfgeschneiderten Werkzeugdesigns bieten wir L\u00f6sungen, die speziell auf jede Branche zugeschnitten sind, und stellen sicher, dass verschiedene Profile schnell und effizient produziert werden.<\/p>\n<\/div><\/div><\/div><\/div><\/div><\/div><\/div><\/div><\/div><\/section>\n","protected":false},"excerpt":{"rendered":"Hochwertige Profilproduktion f\u00fcr verschiedene Branchen mit unserer 14-Station-Rollformanlage Mit unserer 14-Station-Rollformanlage produzieren wir hochwertige Profile f\u00fcr eine Vielzahl von Branchen. Wir bieten ma\u00dfgeschneiderte Profil- und Werkzeugl\u00f6sungen, die auf die spezifischen Bed\u00fcrfnisse unserer Kunden abgestimmt sind, und gew\u00e4hrleisten eine effiziente Produktion f\u00fcr jede Anwendung. Nachfolgend finden Sie einige der Branchen und Profile, die wir herstellen k\u00f6nnen:...","protected":false},"author":3,"featured_media":10198,"parent":0,"menu_order":0,"comment_status":"closed","ping_status":"closed","template":"","meta":{"footnotes":""},"class_list":["post-10194","page","type-page","status-publish","has-post-thumbnail","hentry"],"acf":[],"yoast_head":"<!-- This site is optimized with the Yoast SEO plugin v19.7.2 - https:\/\/yoast.com\/wordpress\/plugins\/seo\/ -->\n<title>Roll Form | Sar\u0131met<\/title>\n<meta name=\"robots\" content=\"index, follow, max-snippet:-1, max-image-preview:large, max-video-preview:-1\" \/>\n<link rel=\"canonical\" href=\"https:\/\/sarimet.com\/de\/roll-form\/\" \/>\n<meta property=\"og:locale\" content=\"de_DE\" \/>\n<meta property=\"og:type\" content=\"article\" \/>\n<meta property=\"og:title\" content=\"Roll Form | Sar\u0131met\" \/>\n<meta property=\"og:url\" content=\"https:\/\/sarimet.com\/de\/roll-form\/\" \/>\n<meta property=\"og:site_name\" content=\"Sar\u0131met\" \/>\n<meta property=\"article:modified_time\" content=\"2025-08-19T08:18:44+00:00\" \/>\n<meta property=\"og:image\" content=\"https:\/\/sarimet.com\/de\/wp-content\/uploads\/2024\/05\/roll_form.png\" \/>\n\t<meta property=\"og:image:width\" content=\"1023\" \/>\n\t<meta property=\"og:image:height\" content=\"595\" \/>\n\t<meta property=\"og:image:type\" content=\"image\/png\" \/>\n<meta name=\"twitter:card\" content=\"summary_large_image\" \/>\n<meta name=\"twitter:label1\" content=\"Gesch\u00e4tzte Lesezeit\" \/>\n\t<meta name=\"twitter:data1\" content=\"1\u00a0Minute\" \/>\n<script type=\"application\/ld+json\" class=\"yoast-schema-graph\">{\"@context\":\"https:\/\/schema.org\",\"@graph\":[{\"@type\":\"WebPage\",\"@id\":\"https:\/\/sarimet.com\/de\/roll-form\/\",\"url\":\"https:\/\/sarimet.com\/de\/roll-form\/\",\"name\":\"Roll Form | Sar\u0131met\",\"isPartOf\":{\"@id\":\"https:\/\/sarimet.com\/de\/#website\"},\"datePublished\":\"2024-06-03T11:14:14+00:00\",\"dateModified\":\"2025-08-19T08:18:44+00:00\",\"breadcrumb\":{\"@id\":\"https:\/\/sarimet.com\/de\/roll-form\/#breadcrumb\"},\"inLanguage\":\"de\",\"potentialAction\":[{\"@type\":\"ReadAction\",\"target\":[\"https:\/\/sarimet.com\/de\/roll-form\/\"]}]},{\"@type\":\"BreadcrumbList\",\"@id\":\"https:\/\/sarimet.com\/de\/roll-form\/#breadcrumb\",\"itemListElement\":[{\"@type\":\"ListItem\",\"position\":1,\"name\":\"Roll Form\"}]},{\"@type\":\"WebSite\",\"@id\":\"https:\/\/sarimet.com\/de\/#website\",\"url\":\"https:\/\/sarimet.com\/de\/\",\"name\":\"Sar\u0131met\",\"description\":\"\",\"potentialAction\":[{\"@type\":\"SearchAction\",\"target\":{\"@type\":\"EntryPoint\",\"urlTemplate\":\"https:\/\/sarimet.com\/de\/?s={search_term_string}\"},\"query-input\":\"required name=search_term_string\"}],\"inLanguage\":\"de\"}]}<\/script>\n<!-- \/ Yoast SEO plugin. -->","yoast_head_json":{"title":"Roll Form | Sar\u0131met","robots":{"index":"index","follow":"follow","max-snippet":"max-snippet:-1","max-image-preview":"max-image-preview:large","max-video-preview":"max-video-preview:-1"},"canonical":"https:\/\/sarimet.com\/de\/roll-form\/","og_locale":"de_DE","og_type":"article","og_title":"Roll Form | Sar\u0131met","og_url":"https:\/\/sarimet.com\/de\/roll-form\/","og_site_name":"Sar\u0131met","article_modified_time":"2025-08-19T08:18:44+00:00","og_image":[{"width":1023,"height":595,"url":"https:\/\/sarimet.com\/de\/wp-content\/uploads\/2024\/05\/roll_form.png","type":"image\/png"}],"twitter_card":"summary_large_image","twitter_misc":{"Gesch\u00e4tzte Lesezeit":"1\u00a0Minute"},"schema":{"@context":"https:\/\/schema.org","@graph":[{"@type":"WebPage","@id":"https:\/\/sarimet.com\/de\/roll-form\/","url":"https:\/\/sarimet.com\/de\/roll-form\/","name":"Roll Form | Sar\u0131met","isPartOf":{"@id":"https:\/\/sarimet.com\/de\/#website"},"datePublished":"2024-06-03T11:14:14+00:00","dateModified":"2025-08-19T08:18:44+00:00","breadcrumb":{"@id":"https:\/\/sarimet.com\/de\/roll-form\/#breadcrumb"},"inLanguage":"de","potentialAction":[{"@type":"ReadAction","target":["https:\/\/sarimet.com\/de\/roll-form\/"]}]},{"@type":"BreadcrumbList","@id":"https:\/\/sarimet.com\/de\/roll-form\/#breadcrumb","itemListElement":[{"@type":"ListItem","position":1,"name":"Roll Form"}]},{"@type":"WebSite","@id":"https:\/\/sarimet.com\/de\/#website","url":"https:\/\/sarimet.com\/de\/","name":"Sar\u0131met","description":"","potentialAction":[{"@type":"SearchAction","target":{"@type":"EntryPoint","urlTemplate":"https:\/\/sarimet.com\/de\/?s={search_term_string}"},"query-input":"required name=search_term_string"}],"inLanguage":"de"}]}},"_links":{"self":[{"href":"https:\/\/sarimet.com\/de\/wp-json\/wp\/v2\/pages\/10194","targetHints":{"allow":["GET"]}}],"collection":[{"href":"https:\/\/sarimet.com\/de\/wp-json\/wp\/v2\/pages"}],"about":[{"href":"https:\/\/sarimet.com\/de\/wp-json\/wp\/v2\/types\/page"}],"author":[{"embeddable":true,"href":"https:\/\/sarimet.com\/de\/wp-json\/wp\/v2\/users\/3"}],"replies":[{"embeddable":true,"href":"https:\/\/sarimet.com\/de\/wp-json\/wp\/v2\/comments?post=10194"}],"version-history":[{"count":5,"href":"https:\/\/sarimet.com\/de\/wp-json\/wp\/v2\/pages\/10194\/revisions"}],"predecessor-version":[{"id":10250,"href":"https:\/\/sarimet.com\/de\/wp-json\/wp\/v2\/pages\/10194\/revisions\/10250"}],"wp:featuredmedia":[{"embeddable":true,"href":"https:\/\/sarimet.com\/de\/wp-json\/wp\/v2\/media\/10198"}],"wp:attachment":[{"href":"https:\/\/sarimet.com\/de\/wp-json\/wp\/v2\/media?parent=10194"}],"curies":[{"name":"wp","href":"https:\/\/api.w.org\/{rel}","templated":true}]}}