{"id":10172,"date":"2023-01-17T16:41:32","date_gmt":"2023-01-17T13:41:32","guid":{"rendered":"https:\/\/sarimet.com\/de\/?page_id=10172"},"modified":"2025-08-12T14:23:50","modified_gmt":"2025-08-12T11:23:50","slug":"exzenterpresse-linie","status":"publish","type":"page","link":"https:\/\/sarimet.com\/de\/exzenterpresse-linie\/","title":{"rendered":"Exzenterpresse Linie"},"content":{"rendered":"<section class=\"l-section wpb_row height_small\"><div class=\"l-section-h i-cf\"><div class=\"g-cols vc_row via_grid cols_1 laptops-cols_inherit tablets-cols_inherit mobiles-cols_1 valign_top type_default stacking_default\"><div class=\"wpb_column vc_column_container us_custom_7e20fa79 us_animate_this\"><div class=\"vc_column-inner\"><div class=\"g-cols wpb_row via_grid cols_2 laptops-cols_inherit tablets-cols_inherit mobiles-cols_1 valign_middle type_default stacking_default\"><div class=\"wpb_column vc_column_container\"><div class=\"vc_column-inner\"><div class=\"w-image us_custom_dad4fece align_none\"><div class=\"w-image-h\"><img loading=\"lazy\" decoding=\"async\" width=\"601\" height=\"688\" src=\"https:\/\/sarimet.com\/de\/wp-content\/uploads\/2025\/08\/Eksantrik-pres.png\" class=\"attachment-full size-full\" alt=\"\" srcset=\"https:\/\/sarimet.com\/de\/wp-content\/uploads\/2025\/08\/Eksantrik-pres.png 601w, https:\/\/sarimet.com\/de\/wp-content\/uploads\/2025\/08\/Eksantrik-pres-262x300.png 262w\" sizes=\"auto, (max-width: 601px) 100vw, 601px\" \/><\/div><\/div><\/div><\/div><div class=\"wpb_column vc_column_container\"><div class=\"vc_column-inner\"><div class=\"wpb_text_column\"><div class=\"wpb_wrapper\"><p><strong>Sar\u0131met<\/strong> \u2013 Mit Investitionen in unsere Produktionsanlagen erf\u00fcllen wir weiterhin die Anforderungen unserer Kunden mit hoher Pr\u00e4zision und Sorgfalt. Mit unserer 160-Tonnen Luftklammer-Eccentric-Pressmaschine sind wir in der Lage, sowohl das Richten als auch das Treiben auf unserer Produktionslinie gleichzeitig und in Serienproduktion durchzuf\u00fchren. Dank dieser Technologie haben wir unsere Kapazit\u00e4t erh\u00f6ht, hochwertige Produkte in k\u00fcrzerer Zeit und zu geringeren Kosten zu produzieren.<\/p>\n<p><strong>Investitionen zur Erh\u00f6hung der Produktionskapazit\u00e4t<\/strong><br data-start=\"547\" data-end=\"550\" \/>Mit unserer neuen Investition konnten wir sowohl unsere Produktionsgeschwindigkeit als auch unsere Produktvielfalt erh\u00f6hen, sodass wir auf jede Anfrage schnell und effizient reagieren k\u00f6nnen. Unsere 160-Tonnen-Eccentric-Pressmaschinen bieten herausragende Leistung in der robusten und pr\u00e4zisen Metallformung und liefern L\u00f6sungen, die den Anforderungen s\u00e4mtlicher Branchen gerecht werden.<\/p>\n<p><strong>Hohe Effizienz durch Kaltumformungs- und Schneidtechnologie<\/strong><br data-start=\"1002\" data-end=\"1005\" \/>Dank der Luftklammer-Eccentric-Pressmaschinen in unserer Produktionslinie k\u00f6nnen sowohl Schneide- als auch Kaltumformungsprozesse gleichzeitig durchgef\u00fchrt werden. Diese Technologie erm\u00f6glicht es uns, mit hoher Geschwindigkeit zu produzieren und gleichzeitig bei jedem Schritt exzellente Qualit\u00e4t zu gew\u00e4hrleisten. Unsere fortschrittlichen Maschinen bieten Flexibilit\u00e4t bei der Produktion von kleinen Teilen bis hin zu gro\u00dfen und komplexen Formen.<\/p>\n<p><strong>Wir erreichen die Spitze der Kundenzufriedenheit<\/strong><br data-start=\"1506\" data-end=\"1509\" \/>Unsere Investitionen erm\u00f6glichen es uns nicht nur, die Produktionskapazit\u00e4t zu erh\u00f6hen, sondern auch die Kundenzufriedenheit in den Vordergrund zu stellen. Mit hochwertigen Produkten, schnellen Lieferungen und wettbewerbsf\u00e4higen Preisen festigen wir unsere f\u00fchrende Position in der Branche. Sar\u0131met strebt stets danach, mit seiner kundenorientierten Produktionsweise die besten L\u00f6sungen anzubieten.<\/p>\n<\/div><\/div><\/div><\/div><\/div><\/div><\/div><\/div><\/div><\/section>\n","protected":false},"excerpt":{"rendered":"Sar\u0131met \u2013 Mit Investitionen in unsere Produktionsanlagen erf\u00fcllen wir weiterhin die Anforderungen unserer Kunden mit hoher Pr\u00e4zision und Sorgfalt. Mit unserer 160-Tonnen Luftklammer-Eccentric-Pressmaschine sind wir in der Lage, sowohl das Richten als auch das Treiben auf unserer Produktionslinie gleichzeitig und in Serienproduktion durchzuf\u00fchren. Dank dieser Technologie haben wir unsere Kapazit\u00e4t erh\u00f6ht, hochwertige Produkte in k\u00fcrzerer...","protected":false},"author":1,"featured_media":10177,"parent":0,"menu_order":0,"comment_status":"closed","ping_status":"closed","template":"","meta":{"footnotes":""},"class_list":["post-10172","page","type-page","status-publish","has-post-thumbnail","hentry"],"acf":[],"yoast_head":"<!-- This site is optimized with the Yoast SEO plugin v19.7.2 - https:\/\/yoast.com\/wordpress\/plugins\/seo\/ -->\n<title>Exzenterpresse Linie | Sar\u0131met<\/title>\n<meta name=\"robots\" content=\"index, follow, max-snippet:-1, max-image-preview:large, max-video-preview:-1\" \/>\n<link rel=\"canonical\" href=\"https:\/\/sarimet.com\/de\/exzenterpresse-linie\/\" \/>\n<meta property=\"og:locale\" content=\"de_DE\" \/>\n<meta property=\"og:type\" content=\"article\" \/>\n<meta property=\"og:title\" content=\"Exzenterpresse Linie | Sar\u0131met\" \/>\n<meta property=\"og:url\" content=\"https:\/\/sarimet.com\/de\/exzenterpresse-linie\/\" \/>\n<meta property=\"og:site_name\" content=\"Sar\u0131met\" \/>\n<meta property=\"article:modified_time\" content=\"2025-08-12T11:23:50+00:00\" \/>\n<meta property=\"og:image\" content=\"https:\/\/sarimet.com\/de\/wp-content\/uploads\/2023\/01\/exzenterpresse-linie.jpg\" \/>\n\t<meta property=\"og:image:width\" content=\"1024\" \/>\n\t<meta property=\"og:image:height\" content=\"683\" \/>\n\t<meta property=\"og:image:type\" content=\"image\/jpeg\" \/>\n<meta name=\"twitter:card\" content=\"summary_large_image\" \/>\n<meta name=\"twitter:label1\" content=\"Gesch\u00e4tzte Lesezeit\" \/>\n\t<meta name=\"twitter:data1\" content=\"2\u00a0Minuten\" \/>\n<script type=\"application\/ld+json\" class=\"yoast-schema-graph\">{\"@context\":\"https:\/\/schema.org\",\"@graph\":[{\"@type\":\"WebPage\",\"@id\":\"https:\/\/sarimet.com\/de\/exzenterpresse-linie\/\",\"url\":\"https:\/\/sarimet.com\/de\/exzenterpresse-linie\/\",\"name\":\"Exzenterpresse Linie | Sar\u0131met\",\"isPartOf\":{\"@id\":\"https:\/\/sarimet.com\/de\/#website\"},\"datePublished\":\"2023-01-17T13:41:32+00:00\",\"dateModified\":\"2025-08-12T11:23:50+00:00\",\"breadcrumb\":{\"@id\":\"https:\/\/sarimet.com\/de\/exzenterpresse-linie\/#breadcrumb\"},\"inLanguage\":\"de\",\"potentialAction\":[{\"@type\":\"ReadAction\",\"target\":[\"https:\/\/sarimet.com\/de\/exzenterpresse-linie\/\"]}]},{\"@type\":\"BreadcrumbList\",\"@id\":\"https:\/\/sarimet.com\/de\/exzenterpresse-linie\/#breadcrumb\",\"itemListElement\":[{\"@type\":\"ListItem\",\"position\":1,\"name\":\"Exzenterpresse Linie\"}]},{\"@type\":\"WebSite\",\"@id\":\"https:\/\/sarimet.com\/de\/#website\",\"url\":\"https:\/\/sarimet.com\/de\/\",\"name\":\"Sar\u0131met\",\"description\":\"\",\"potentialAction\":[{\"@type\":\"SearchAction\",\"target\":{\"@type\":\"EntryPoint\",\"urlTemplate\":\"https:\/\/sarimet.com\/de\/?s={search_term_string}\"},\"query-input\":\"required name=search_term_string\"}],\"inLanguage\":\"de\"}]}<\/script>\n<!-- \/ Yoast SEO plugin. -->","yoast_head_json":{"title":"Exzenterpresse Linie | Sar\u0131met","robots":{"index":"index","follow":"follow","max-snippet":"max-snippet:-1","max-image-preview":"max-image-preview:large","max-video-preview":"max-video-preview:-1"},"canonical":"https:\/\/sarimet.com\/de\/exzenterpresse-linie\/","og_locale":"de_DE","og_type":"article","og_title":"Exzenterpresse Linie | Sar\u0131met","og_url":"https:\/\/sarimet.com\/de\/exzenterpresse-linie\/","og_site_name":"Sar\u0131met","article_modified_time":"2025-08-12T11:23:50+00:00","og_image":[{"width":1024,"height":683,"url":"https:\/\/sarimet.com\/de\/wp-content\/uploads\/2023\/01\/exzenterpresse-linie.jpg","type":"image\/jpeg"}],"twitter_card":"summary_large_image","twitter_misc":{"Gesch\u00e4tzte Lesezeit":"2\u00a0Minuten"},"schema":{"@context":"https:\/\/schema.org","@graph":[{"@type":"WebPage","@id":"https:\/\/sarimet.com\/de\/exzenterpresse-linie\/","url":"https:\/\/sarimet.com\/de\/exzenterpresse-linie\/","name":"Exzenterpresse Linie | Sar\u0131met","isPartOf":{"@id":"https:\/\/sarimet.com\/de\/#website"},"datePublished":"2023-01-17T13:41:32+00:00","dateModified":"2025-08-12T11:23:50+00:00","breadcrumb":{"@id":"https:\/\/sarimet.com\/de\/exzenterpresse-linie\/#breadcrumb"},"inLanguage":"de","potentialAction":[{"@type":"ReadAction","target":["https:\/\/sarimet.com\/de\/exzenterpresse-linie\/"]}]},{"@type":"BreadcrumbList","@id":"https:\/\/sarimet.com\/de\/exzenterpresse-linie\/#breadcrumb","itemListElement":[{"@type":"ListItem","position":1,"name":"Exzenterpresse Linie"}]},{"@type":"WebSite","@id":"https:\/\/sarimet.com\/de\/#website","url":"https:\/\/sarimet.com\/de\/","name":"Sar\u0131met","description":"","potentialAction":[{"@type":"SearchAction","target":{"@type":"EntryPoint","urlTemplate":"https:\/\/sarimet.com\/de\/?s={search_term_string}"},"query-input":"required name=search_term_string"}],"inLanguage":"de"}]}},"_links":{"self":[{"href":"https:\/\/sarimet.com\/de\/wp-json\/wp\/v2\/pages\/10172","targetHints":{"allow":["GET"]}}],"collection":[{"href":"https:\/\/sarimet.com\/de\/wp-json\/wp\/v2\/pages"}],"about":[{"href":"https:\/\/sarimet.com\/de\/wp-json\/wp\/v2\/types\/page"}],"author":[{"embeddable":true,"href":"https:\/\/sarimet.com\/de\/wp-json\/wp\/v2\/users\/1"}],"replies":[{"embeddable":true,"href":"https:\/\/sarimet.com\/de\/wp-json\/wp\/v2\/comments?post=10172"}],"version-history":[{"count":5,"href":"https:\/\/sarimet.com\/de\/wp-json\/wp\/v2\/pages\/10172\/revisions"}],"predecessor-version":[{"id":10233,"href":"https:\/\/sarimet.com\/de\/wp-json\/wp\/v2\/pages\/10172\/revisions\/10233"}],"wp:featuredmedia":[{"embeddable":true,"href":"https:\/\/sarimet.com\/de\/wp-json\/wp\/v2\/media\/10177"}],"wp:attachment":[{"href":"https:\/\/sarimet.com\/de\/wp-json\/wp\/v2\/media?parent=10172"}],"curies":[{"name":"wp","href":"https:\/\/api.w.org\/{rel}","templated":true}]}}