{"id":10033,"date":"2022-08-10T17:05:19","date_gmt":"2022-08-10T14:05:19","guid":{"rendered":"https:\/\/sarimet.com\/de\/?page_id=10033"},"modified":"2022-08-31T12:44:51","modified_gmt":"2022-08-31T09:44:51","slug":"logistik-service","status":"publish","type":"page","link":"https:\/\/sarimet.com\/de\/logistik-service\/","title":{"rendered":"Logistik-Service"},"content":{"rendered":"<section class=\"l-section wpb_row height_small\"><div class=\"l-section-h i-cf\"><div class=\"g-cols vc_row via_grid cols_1 laptops-cols_inherit tablets-cols_inherit mobiles-cols_1 valign_top type_default stacking_default\"><div class=\"wpb_column vc_column_container us_custom_7e20fa79 us_animate_this\"><div class=\"vc_column-inner\"><div class=\"g-cols wpb_row via_grid cols_1-2 laptops-cols_inherit tablets-cols_inherit mobiles-cols_1 valign_middle type_default stacking_default\"><div class=\"wpb_column vc_column_container\"><div class=\"vc_column-inner\"><div class=\"w-image us_custom_dad4fece align_none\"><div class=\"w-image-h\"><img loading=\"lazy\" decoding=\"async\" width=\"1070\" height=\"629\" src=\"https:\/\/sarimet.com\/de\/wp-content\/uploads\/2022\/08\/Lojistik-Rs.jpg\" class=\"attachment-full size-full\" alt=\"\" srcset=\"https:\/\/sarimet.com\/de\/wp-content\/uploads\/2022\/08\/Lojistik-Rs.jpg 1070w, https:\/\/sarimet.com\/de\/wp-content\/uploads\/2022\/08\/Lojistik-Rs-300x176.jpg 300w, https:\/\/sarimet.com\/de\/wp-content\/uploads\/2022\/08\/Lojistik-Rs-1024x602.jpg 1024w\" sizes=\"auto, (max-width: 1070px) 100vw, 1070px\" \/><\/div><\/div><\/div><\/div><div class=\"wpb_column vc_column_container\"><div class=\"vc_column-inner\"><div class=\"wpb_text_column\"><div class=\"wpb_wrapper\"><p>Logistik ist der Prozess der Planung und Durchf\u00fchrung des effizienten Transports und der Lagerung von Waren vom Ursprungsort bis zum Ort des Verbrauchs, dessen Hauptzweck darin besteht, Kundenanforderungen zeitnah und kosteng\u00fcnstig zu erf\u00fcllen.<br \/>\nDie globalen Logistikkrisen, die wir in letzter Zeit weltweit erleben, insbesondere die Pandemie und die Kriegsereignisse, haben die Notwendigkeit aufgezeigt, die Logistik mit alternativen Methoden effektiver zu steuern, um die Lieferkette fortzusetzen.<br \/>\nAls Sar\u0131met verfolgen wir st\u00e4ndig die aktuelle Situation mit den Logistikunternehmen, mit denen wir zusammenarbeiten, die auf ihrem Gebiet f\u00fchrend sind, und entwickeln weiterhin alternative L\u00f6sungen, um keine Unterbrechungen in der Lieferkette unserer Kunden zu verursachen. Als Ergebnis unserer effektiven Arbeit sind wir stolz darauf, alle Produkte, die wir gem\u00e4\u00df den Anforderungen unserer Kunden herstellen, p\u00fcnktlich an die von unseren Kunden angegebenen Orte zu liefern.<\/p>\n<\/div><\/div><\/div><\/div><\/div><\/div><\/div><\/div><\/div><\/section>\n","protected":false},"excerpt":{"rendered":"Logistik ist der Prozess der Planung und Durchf\u00fchrung des effizienten Transports und der Lagerung von Waren vom Ursprungsort bis zum Ort des Verbrauchs, dessen Hauptzweck darin besteht, Kundenanforderungen zeitnah und kosteng\u00fcnstig zu erf\u00fcllen. Die globalen Logistikkrisen, die wir in letzter Zeit weltweit erleben, insbesondere die Pandemie und die Kriegsereignisse, haben die Notwendigkeit aufgezeigt, die Logistik...","protected":false},"author":1,"featured_media":0,"parent":0,"menu_order":0,"comment_status":"closed","ping_status":"closed","template":"","meta":{"footnotes":""},"class_list":["post-10033","page","type-page","status-publish","hentry"],"acf":[],"yoast_head":"<!-- This site is optimized with the Yoast SEO plugin v19.7.2 - https:\/\/yoast.com\/wordpress\/plugins\/seo\/ -->\n<title>Logistik-Service | Sar\u0131met<\/title>\n<meta name=\"robots\" content=\"index, follow, max-snippet:-1, max-image-preview:large, max-video-preview:-1\" \/>\n<link rel=\"canonical\" href=\"https:\/\/sarimet.com\/de\/logistik-service\/\" \/>\n<meta property=\"og:locale\" content=\"de_DE\" \/>\n<meta property=\"og:type\" content=\"article\" \/>\n<meta property=\"og:title\" content=\"Logistik-Service | Sar\u0131met\" \/>\n<meta property=\"og:url\" content=\"https:\/\/sarimet.com\/de\/logistik-service\/\" \/>\n<meta property=\"og:site_name\" content=\"Sar\u0131met\" \/>\n<meta property=\"article:modified_time\" content=\"2022-08-31T09:44:51+00:00\" \/>\n<meta name=\"twitter:card\" content=\"summary_large_image\" \/>\n<meta name=\"twitter:label1\" content=\"Gesch\u00e4tzte Lesezeit\" \/>\n\t<meta name=\"twitter:data1\" content=\"1\u00a0Minute\" \/>\n<script type=\"application\/ld+json\" class=\"yoast-schema-graph\">{\"@context\":\"https:\/\/schema.org\",\"@graph\":[{\"@type\":\"WebPage\",\"@id\":\"https:\/\/sarimet.com\/de\/logistik-service\/\",\"url\":\"https:\/\/sarimet.com\/de\/logistik-service\/\",\"name\":\"Logistik-Service | Sar\u0131met\",\"isPartOf\":{\"@id\":\"https:\/\/sarimet.com\/de\/#website\"},\"datePublished\":\"2022-08-10T14:05:19+00:00\",\"dateModified\":\"2022-08-31T09:44:51+00:00\",\"breadcrumb\":{\"@id\":\"https:\/\/sarimet.com\/de\/logistik-service\/#breadcrumb\"},\"inLanguage\":\"de\",\"potentialAction\":[{\"@type\":\"ReadAction\",\"target\":[\"https:\/\/sarimet.com\/de\/logistik-service\/\"]}]},{\"@type\":\"BreadcrumbList\",\"@id\":\"https:\/\/sarimet.com\/de\/logistik-service\/#breadcrumb\",\"itemListElement\":[{\"@type\":\"ListItem\",\"position\":1,\"name\":\"Logistik-Service\"}]},{\"@type\":\"WebSite\",\"@id\":\"https:\/\/sarimet.com\/de\/#website\",\"url\":\"https:\/\/sarimet.com\/de\/\",\"name\":\"Sar\u0131met\",\"description\":\"\",\"potentialAction\":[{\"@type\":\"SearchAction\",\"target\":{\"@type\":\"EntryPoint\",\"urlTemplate\":\"https:\/\/sarimet.com\/de\/?s={search_term_string}\"},\"query-input\":\"required name=search_term_string\"}],\"inLanguage\":\"de\"}]}<\/script>\n<!-- \/ Yoast SEO plugin. -->","yoast_head_json":{"title":"Logistik-Service | Sar\u0131met","robots":{"index":"index","follow":"follow","max-snippet":"max-snippet:-1","max-image-preview":"max-image-preview:large","max-video-preview":"max-video-preview:-1"},"canonical":"https:\/\/sarimet.com\/de\/logistik-service\/","og_locale":"de_DE","og_type":"article","og_title":"Logistik-Service | Sar\u0131met","og_url":"https:\/\/sarimet.com\/de\/logistik-service\/","og_site_name":"Sar\u0131met","article_modified_time":"2022-08-31T09:44:51+00:00","twitter_card":"summary_large_image","twitter_misc":{"Gesch\u00e4tzte Lesezeit":"1\u00a0Minute"},"schema":{"@context":"https:\/\/schema.org","@graph":[{"@type":"WebPage","@id":"https:\/\/sarimet.com\/de\/logistik-service\/","url":"https:\/\/sarimet.com\/de\/logistik-service\/","name":"Logistik-Service | Sar\u0131met","isPartOf":{"@id":"https:\/\/sarimet.com\/de\/#website"},"datePublished":"2022-08-10T14:05:19+00:00","dateModified":"2022-08-31T09:44:51+00:00","breadcrumb":{"@id":"https:\/\/sarimet.com\/de\/logistik-service\/#breadcrumb"},"inLanguage":"de","potentialAction":[{"@type":"ReadAction","target":["https:\/\/sarimet.com\/de\/logistik-service\/"]}]},{"@type":"BreadcrumbList","@id":"https:\/\/sarimet.com\/de\/logistik-service\/#breadcrumb","itemListElement":[{"@type":"ListItem","position":1,"name":"Logistik-Service"}]},{"@type":"WebSite","@id":"https:\/\/sarimet.com\/de\/#website","url":"https:\/\/sarimet.com\/de\/","name":"Sar\u0131met","description":"","potentialAction":[{"@type":"SearchAction","target":{"@type":"EntryPoint","urlTemplate":"https:\/\/sarimet.com\/de\/?s={search_term_string}"},"query-input":"required name=search_term_string"}],"inLanguage":"de"}]}},"_links":{"self":[{"href":"https:\/\/sarimet.com\/de\/wp-json\/wp\/v2\/pages\/10033","targetHints":{"allow":["GET"]}}],"collection":[{"href":"https:\/\/sarimet.com\/de\/wp-json\/wp\/v2\/pages"}],"about":[{"href":"https:\/\/sarimet.com\/de\/wp-json\/wp\/v2\/types\/page"}],"author":[{"embeddable":true,"href":"https:\/\/sarimet.com\/de\/wp-json\/wp\/v2\/users\/1"}],"replies":[{"embeddable":true,"href":"https:\/\/sarimet.com\/de\/wp-json\/wp\/v2\/comments?post=10033"}],"version-history":[{"count":4,"href":"https:\/\/sarimet.com\/de\/wp-json\/wp\/v2\/pages\/10033\/revisions"}],"predecessor-version":[{"id":10112,"href":"https:\/\/sarimet.com\/de\/wp-json\/wp\/v2\/pages\/10033\/revisions\/10112"}],"wp:attachment":[{"href":"https:\/\/sarimet.com\/de\/wp-json\/wp\/v2\/media?parent=10033"}],"curies":[{"name":"wp","href":"https:\/\/api.w.org\/{rel}","templated":true}]}}