{"id":10014,"date":"2022-08-10T15:40:17","date_gmt":"2022-08-10T12:40:17","guid":{"rendered":"https:\/\/sarimet.com\/de\/?page_id=10014"},"modified":"2022-10-04T12:53:27","modified_gmt":"2022-10-04T09:53:27","slug":"qualitatskontrolllabor","status":"publish","type":"page","link":"https:\/\/sarimet.com\/de\/qualitatskontrolllabor\/","title":{"rendered":"Qualit\u00e4tskontrolllabor"},"content":{"rendered":"<section class=\"l-section wpb_row height_small\"><div class=\"l-section-h i-cf\"><div class=\"g-cols vc_row via_grid cols_1 laptops-cols_inherit tablets-cols_inherit mobiles-cols_1 valign_top type_default stacking_default\"><div class=\"wpb_column vc_column_container us_custom_7e20fa79 us_animate_this\"><div class=\"vc_column-inner\"><div class=\"g-cols wpb_row via_grid cols_2 laptops-cols_inherit tablets-cols_inherit mobiles-cols_1 valign_middle type_default stacking_default\" id=\"3d-messung\"><div class=\"wpb_column vc_column_container\"><div class=\"vc_column-inner\"><div class=\"w-image us_custom_65dbb057 us_animate_this has_ratio align_none\"><div class=\"w-image-h\"><div style=\"padding-bottom:56.25%\"><\/div><img loading=\"lazy\" decoding=\"async\" width=\"1920\" height=\"1280\" src=\"https:\/\/sarimet.com\/de\/wp-content\/uploads\/2022\/06\/Kalite-Kontrol-1.jpg\" class=\"attachment-full size-full\" alt=\"\" srcset=\"https:\/\/sarimet.com\/de\/wp-content\/uploads\/2022\/06\/Kalite-Kontrol-1.jpg 1920w, https:\/\/sarimet.com\/de\/wp-content\/uploads\/2022\/06\/Kalite-Kontrol-1-300x200.jpg 300w, https:\/\/sarimet.com\/de\/wp-content\/uploads\/2022\/06\/Kalite-Kontrol-1-1024x683.jpg 1024w, https:\/\/sarimet.com\/de\/wp-content\/uploads\/2022\/06\/Kalite-Kontrol-1-1536x1024.jpg 1536w\" sizes=\"auto, (max-width: 1920px) 100vw, 1920px\" \/><\/div><\/div><\/div><\/div><div class=\"wpb_column vc_column_container\"><div class=\"vc_column-inner\"><div class=\"wpb_text_column\"><div class=\"wpb_wrapper\"><h3>3D-Messung<\/h3>\n<\/div><\/div><div class=\"w-separator size_small\"><\/div><div class=\"wpb_text_column\"><div class=\"wpb_wrapper\"><p>In unserem Labor vermessen wir die Produkte unserer Kunden exakt mit unserem 3D-Dimensionsmessger\u00e4t.<\/p>\n<\/div><\/div><\/div><\/div><\/div><div class=\"w-separator size_large\"><\/div><div class=\"g-cols wpb_row via_grid cols_2 laptops-cols_inherit tablets-cols_inherit mobiles-cols_1 valign_middle type_default stacking_default\" id=\"dimensionsmessung\"><div class=\"wpb_column vc_column_container\"><div class=\"vc_column-inner\"><div class=\"wpb_text_column\"><div class=\"wpb_wrapper\"><h3>Dimensionsmessung<\/h3>\n<\/div><\/div><div class=\"w-separator size_small\"><\/div><div class=\"wpb_text_column\"><div class=\"wpb_wrapper\"><p>Mit Messinstrumenten wie Messschieber, Meter und Mikrometer werden die Messungen von Rohstoffen und Produkten perfekt durchgef\u00fchrt.<\/p>\n<\/div><\/div><\/div><\/div><div class=\"wpb_column vc_column_container\"><div class=\"vc_column-inner\"><div class=\"w-image us_custom_5cbc010c us_animate_this has_ratio align_none\"><div class=\"w-image-h\"><div style=\"padding-bottom:56.25%\"><\/div><img loading=\"lazy\" decoding=\"async\" width=\"1920\" height=\"1280\" src=\"https:\/\/sarimet.com\/de\/wp-content\/uploads\/2022\/06\/Kalite-Kontrol-4.jpg\" class=\"attachment-full size-full\" alt=\"\" srcset=\"https:\/\/sarimet.com\/de\/wp-content\/uploads\/2022\/06\/Kalite-Kontrol-4.jpg 1920w, https:\/\/sarimet.com\/de\/wp-content\/uploads\/2022\/06\/Kalite-Kontrol-4-300x200.jpg 300w, https:\/\/sarimet.com\/de\/wp-content\/uploads\/2022\/06\/Kalite-Kontrol-4-1024x683.jpg 1024w, https:\/\/sarimet.com\/de\/wp-content\/uploads\/2022\/06\/Kalite-Kontrol-4-1536x1024.jpg 1536w\" sizes=\"auto, (max-width: 1920px) 100vw, 1920px\" \/><\/div><\/div><\/div><\/div><\/div><div class=\"w-separator size_large\"><\/div><div class=\"g-cols wpb_row via_grid cols_2 laptops-cols_inherit tablets-cols_inherit mobiles-cols_1 valign_middle type_default stacking_default\" id=\"schichtdickenmessung\"><div class=\"wpb_column vc_column_container\"><div class=\"vc_column-inner\"><div class=\"w-image us_custom_65dbb057 us_animate_this has_ratio align_none\"><div class=\"w-image-h\"><div style=\"padding-bottom:56.25%\"><\/div><img loading=\"lazy\" decoding=\"async\" width=\"1920\" height=\"1257\" src=\"https:\/\/sarimet.com\/de\/wp-content\/uploads\/2022\/06\/Kalite-Kontrol-3.jpg\" class=\"attachment-full size-full\" alt=\"\" srcset=\"https:\/\/sarimet.com\/de\/wp-content\/uploads\/2022\/06\/Kalite-Kontrol-3.jpg 1920w, https:\/\/sarimet.com\/de\/wp-content\/uploads\/2022\/06\/Kalite-Kontrol-3-300x196.jpg 300w, https:\/\/sarimet.com\/de\/wp-content\/uploads\/2022\/06\/Kalite-Kontrol-3-1024x670.jpg 1024w, https:\/\/sarimet.com\/de\/wp-content\/uploads\/2022\/06\/Kalite-Kontrol-3-1536x1006.jpg 1536w\" sizes=\"auto, (max-width: 1920px) 100vw, 1920px\" \/><\/div><\/div><\/div><\/div><div class=\"wpb_column vc_column_container\"><div class=\"vc_column-inner\"><div class=\"wpb_text_column\"><div class=\"wpb_wrapper\"><h3>Schichtdickenmessung<\/h3>\n<\/div><\/div><div class=\"w-separator size_small\"><\/div><div class=\"wpb_text_column\"><div class=\"wpb_wrapper\"><p>Gem\u00e4\u00df den Anforderungen unserer Kunden werden Produkte, die Prozesse wie Lackieren, Beschichten usw. durchlaufen, durch genaues Messen der Schichtdicken in unserem Eingangsqualit\u00e4tskontrolllabor bevorratet.<\/p>\n<\/div><\/div><\/div><\/div><\/div><div class=\"w-separator size_large\"><\/div><div class=\"g-cols wpb_row via_grid cols_2 laptops-cols_inherit tablets-cols_inherit mobiles-cols_1 valign_middle type_default stacking_default\" id=\"glanzmessung\"><div class=\"wpb_column vc_column_container\"><div class=\"vc_column-inner\"><div class=\"wpb_text_column\"><div class=\"wpb_wrapper\"><h3>Glanzmessung<\/h3>\n<\/div><\/div><div class=\"w-separator size_small\"><\/div><div class=\"wpb_text_column\"><div class=\"wpb_wrapper\"><p>Gem\u00e4\u00df den Anforderungen unserer Kunden werden die Produkte, die Prozesse wie Lackieren usw. durchlaufen, in unserem Eingangsqualit\u00e4tskontrolllabor gelagert, indem ihr Glanzgrad genau gemessen wird.<\/p>\n<\/div><\/div><\/div><\/div><div class=\"wpb_column vc_column_container\"><div class=\"vc_column-inner\"><div class=\"w-image us_custom_5cbc010c us_animate_this has_ratio align_none\"><div class=\"w-image-h\"><div style=\"padding-bottom:56.25%\"><\/div><img loading=\"lazy\" decoding=\"async\" width=\"1920\" height=\"1280\" src=\"https:\/\/sarimet.com\/de\/wp-content\/uploads\/2022\/06\/Kalite-Kontrol-5.jpg\" class=\"attachment-full size-full\" alt=\"\" srcset=\"https:\/\/sarimet.com\/de\/wp-content\/uploads\/2022\/06\/Kalite-Kontrol-5.jpg 1920w, https:\/\/sarimet.com\/de\/wp-content\/uploads\/2022\/06\/Kalite-Kontrol-5-300x200.jpg 300w, https:\/\/sarimet.com\/de\/wp-content\/uploads\/2022\/06\/Kalite-Kontrol-5-1024x683.jpg 1024w, https:\/\/sarimet.com\/de\/wp-content\/uploads\/2022\/06\/Kalite-Kontrol-5-1536x1024.jpg 1536w\" sizes=\"auto, (max-width: 1920px) 100vw, 1920px\" \/><\/div><\/div><\/div><\/div><\/div><div class=\"w-separator size_large\"><\/div><div class=\"g-cols wpb_row via_grid cols_2 laptops-cols_inherit tablets-cols_inherit mobiles-cols_1 valign_middle type_default stacking_default\" id=\"hartemessung\"><div class=\"wpb_column vc_column_container\"><div class=\"vc_column-inner\"><div class=\"w-image us_custom_65dbb057 us_animate_this has_ratio align_none\"><div class=\"w-image-h\"><div style=\"padding-bottom:66.6667%\"><\/div><img loading=\"lazy\" decoding=\"async\" width=\"2413\" height=\"2239\" src=\"https:\/\/sarimet.com\/de\/wp-content\/uploads\/2022\/08\/sertlik-olcme-1.jpg\" class=\"attachment-full size-full\" alt=\"\" srcset=\"https:\/\/sarimet.com\/de\/wp-content\/uploads\/2022\/08\/sertlik-olcme-1.jpg 2413w, https:\/\/sarimet.com\/de\/wp-content\/uploads\/2022\/08\/sertlik-olcme-1-300x278.jpg 300w, https:\/\/sarimet.com\/de\/wp-content\/uploads\/2022\/08\/sertlik-olcme-1-1024x950.jpg 1024w, https:\/\/sarimet.com\/de\/wp-content\/uploads\/2022\/08\/sertlik-olcme-1-1536x1425.jpg 1536w\" sizes=\"auto, (max-width: 2413px) 100vw, 2413px\" \/><\/div><\/div><\/div><\/div><div class=\"wpb_column vc_column_container\"><div class=\"vc_column-inner\"><div class=\"wpb_text_column\"><div class=\"wpb_wrapper\"><h3>H\u00e4rtemessung<\/h3>\n<\/div><\/div><div class=\"w-separator size_small\"><\/div><div class=\"wpb_text_column\"><div class=\"wpb_wrapper\"><p>Eingangsqualit\u00e4tskontrolle der von uns gelieferten Rohstoffe, Oberfl\u00e4chenpr\u00fcfung, W\u00f6lbungspr\u00fcfung, Korrosionspr\u00fcfung etc. nach den von uns festgelegten qualit\u00e4tstechnischen Vorgaben. wird vielen Tests unterzogen. Produkte, die solche Tests bestehen, gelangen nach pr\u00e4zisen H\u00e4rtemessungen in das Lager.<\/p>\n<\/div><\/div><\/div><\/div><\/div><div class=\"w-separator size_large\"><\/div><div class=\"g-cols wpb_row via_grid cols_2 laptops-cols_inherit tablets-cols_inherit mobiles-cols_1 valign_middle type_default stacking_default\" id=\"farbtonmessung\"><div class=\"wpb_column vc_column_container\"><div class=\"vc_column-inner\"><div class=\"wpb_text_column\"><div class=\"wpb_wrapper\"><h3>Farbtonmessung<\/h3>\n<\/div><\/div><div class=\"w-separator size_small\"><\/div><div class=\"wpb_text_column\"><div class=\"wpb_wrapper\"><p>Die Produkte, deren Gr\u00f6\u00dfe und Formgebung abgeschlossen und in verschiedenen Farben lackiert sind, werden in unserem Labor vielen Tests unterzogen. Einer dieser Tests ist die Kontrolle, dass die Produkte mit Farben lackiert sind, die f\u00fcr die Anforderungen unserer Kunden geeignet sind. Alle Produkte, deren F\u00e4rbeprozess abgeschlossen ist, werden auch mit den entsprechenden Farbkarten f\u00fcr die n\u00e4chsten Prozesse \u00fcberpr\u00fcft, und L*a*b-Werte werden mit unserem Spektrophotometer (Farbmessger\u00e4t) gemessen und versendet.<\/p>\n<\/div><\/div><\/div><\/div><div class=\"wpb_column vc_column_container\"><div class=\"vc_column-inner\"><div class=\"w-image us_custom_5cbc010c us_animate_this has_ratio align_none\"><div class=\"w-image-h\"><div style=\"padding-bottom:66.6667%\"><\/div><img loading=\"lazy\" decoding=\"async\" width=\"2003\" height=\"2560\" src=\"https:\/\/sarimet.com\/de\/wp-content\/uploads\/2022\/08\/Renk-olcme-2-scaled.jpg\" class=\"attachment-full size-full\" alt=\"\" srcset=\"https:\/\/sarimet.com\/de\/wp-content\/uploads\/2022\/08\/Renk-olcme-2-scaled.jpg 2003w, https:\/\/sarimet.com\/de\/wp-content\/uploads\/2022\/08\/Renk-olcme-2-235x300.jpg 235w, https:\/\/sarimet.com\/de\/wp-content\/uploads\/2022\/08\/Renk-olcme-2-801x1024.jpg 801w, https:\/\/sarimet.com\/de\/wp-content\/uploads\/2022\/08\/Renk-olcme-2-1202x1536.jpg 1202w\" sizes=\"auto, (max-width: 2003px) 100vw, 2003px\" \/><\/div><\/div><\/div><\/div><\/div><div class=\"w-separator size_large\"><\/div><div class=\"g-cols wpb_row via_grid cols_2 laptops-cols_inherit tablets-cols_inherit mobiles-cols_1 valign_middle type_default stacking_default\" id=\"rauheitsmessung\"><div class=\"wpb_column vc_column_container\"><div class=\"vc_column-inner\"><div class=\"w-image us_custom_65dbb057 us_animate_this has_ratio align_none\"><div class=\"w-image-h\"><div style=\"padding-bottom:66.6667%\"><\/div><img loading=\"lazy\" decoding=\"async\" width=\"2318\" height=\"2560\" src=\"https:\/\/sarimet.com\/de\/wp-content\/uploads\/2022\/08\/puruzluluk-olcer-3-scaled.jpg\" class=\"attachment-full size-full\" alt=\"\" srcset=\"https:\/\/sarimet.com\/de\/wp-content\/uploads\/2022\/08\/puruzluluk-olcer-3-scaled.jpg 2318w, https:\/\/sarimet.com\/de\/wp-content\/uploads\/2022\/08\/puruzluluk-olcer-3-272x300.jpg 272w, https:\/\/sarimet.com\/de\/wp-content\/uploads\/2022\/08\/puruzluluk-olcer-3-927x1024.jpg 927w, https:\/\/sarimet.com\/de\/wp-content\/uploads\/2022\/08\/puruzluluk-olcer-3-1391x1536.jpg 1391w\" sizes=\"auto, (max-width: 2318px) 100vw, 2318px\" \/><\/div><\/div><\/div><\/div><div class=\"wpb_column vc_column_container\"><div class=\"vc_column-inner\"><div class=\"wpb_text_column\"><div class=\"wpb_wrapper\"><h3>Rauheitsmessung<\/h3>\n<\/div><\/div><div class=\"w-separator size_small\"><\/div><div class=\"wpb_text_column\"><div class=\"wpb_wrapper\"><p>Rohstoffe oder alle hergestellten Produkte werden in unserem Qualit\u00e4tslabor einer Reihe von Tests nach unseren einschl\u00e4gigen Verfahren unterzogen. Die Haltbarkeit, Linearit\u00e4t usw. unserer breiten Produktpalette, die wir f\u00fcr verschiedene Branchen herstellen. Wir wissen sehr genau, wie wichtig die Oberfl\u00e4chenempfindlichkeit der Produkte ist, die wir f\u00fcr diese Branchen herstellen. Sowohl Rohstoffeingangs- als auch Endproduktkontrollen f\u00fchren wir mit unserem Rauheitspr\u00fcfger\u00e4t in unserem Qualit\u00e4tslabor akribisch durch.<\/p>\n<\/div><\/div><\/div><\/div><\/div><\/div><\/div><\/div><\/div><\/section>\n","protected":false},"excerpt":{"rendered":"3D-Messung In unserem Labor vermessen wir die Produkte unserer Kunden exakt mit unserem 3D-Dimensionsmessger\u00e4t. Dimensionsmessung Mit Messinstrumenten wie Messschieber, Meter und Mikrometer werden die Messungen von Rohstoffen und Produkten perfekt durchgef\u00fchrt. Schichtdickenmessung Gem\u00e4\u00df den Anforderungen unserer Kunden werden Produkte, die Prozesse wie Lackieren, Beschichten usw. durchlaufen, durch genaues Messen der Schichtdicken in unserem Eingangsqualit\u00e4tskontrolllabor bevorratet....","protected":false},"author":1,"featured_media":0,"parent":0,"menu_order":0,"comment_status":"closed","ping_status":"closed","template":"","meta":{"footnotes":""},"class_list":["post-10014","page","type-page","status-publish","hentry"],"acf":[],"yoast_head":"<!-- This site is optimized with the Yoast SEO plugin v19.7.2 - https:\/\/yoast.com\/wordpress\/plugins\/seo\/ -->\n<title>Qualit\u00e4tskontrolllabor | Sar\u0131met<\/title>\n<meta name=\"robots\" content=\"index, follow, max-snippet:-1, max-image-preview:large, max-video-preview:-1\" \/>\n<link rel=\"canonical\" href=\"https:\/\/sarimet.com\/de\/qualitatskontrolllabor\/\" \/>\n<meta property=\"og:locale\" content=\"de_DE\" \/>\n<meta property=\"og:type\" content=\"article\" \/>\n<meta property=\"og:title\" content=\"Qualit\u00e4tskontrolllabor | Sar\u0131met\" \/>\n<meta property=\"og:url\" content=\"https:\/\/sarimet.com\/de\/qualitatskontrolllabor\/\" \/>\n<meta property=\"og:site_name\" content=\"Sar\u0131met\" \/>\n<meta property=\"article:modified_time\" content=\"2022-10-04T09:53:27+00:00\" \/>\n<meta name=\"twitter:card\" content=\"summary_large_image\" \/>\n<meta name=\"twitter:label1\" content=\"Gesch\u00e4tzte Lesezeit\" \/>\n\t<meta name=\"twitter:data1\" content=\"2\u00a0Minuten\" \/>\n<script type=\"application\/ld+json\" class=\"yoast-schema-graph\">{\"@context\":\"https:\/\/schema.org\",\"@graph\":[{\"@type\":\"WebPage\",\"@id\":\"https:\/\/sarimet.com\/de\/qualitatskontrolllabor\/\",\"url\":\"https:\/\/sarimet.com\/de\/qualitatskontrolllabor\/\",\"name\":\"Qualit\u00e4tskontrolllabor | Sar\u0131met\",\"isPartOf\":{\"@id\":\"https:\/\/sarimet.com\/de\/#website\"},\"datePublished\":\"2022-08-10T12:40:17+00:00\",\"dateModified\":\"2022-10-04T09:53:27+00:00\",\"breadcrumb\":{\"@id\":\"https:\/\/sarimet.com\/de\/qualitatskontrolllabor\/#breadcrumb\"},\"inLanguage\":\"de\",\"potentialAction\":[{\"@type\":\"ReadAction\",\"target\":[\"https:\/\/sarimet.com\/de\/qualitatskontrolllabor\/\"]}]},{\"@type\":\"BreadcrumbList\",\"@id\":\"https:\/\/sarimet.com\/de\/qualitatskontrolllabor\/#breadcrumb\",\"itemListElement\":[{\"@type\":\"ListItem\",\"position\":1,\"name\":\"Qualit\u00e4tskontrolllabor\"}]},{\"@type\":\"WebSite\",\"@id\":\"https:\/\/sarimet.com\/de\/#website\",\"url\":\"https:\/\/sarimet.com\/de\/\",\"name\":\"Sar\u0131met\",\"description\":\"\",\"potentialAction\":[{\"@type\":\"SearchAction\",\"target\":{\"@type\":\"EntryPoint\",\"urlTemplate\":\"https:\/\/sarimet.com\/de\/?s={search_term_string}\"},\"query-input\":\"required name=search_term_string\"}],\"inLanguage\":\"de\"}]}<\/script>\n<!-- \/ Yoast SEO plugin. -->","yoast_head_json":{"title":"Qualit\u00e4tskontrolllabor | Sar\u0131met","robots":{"index":"index","follow":"follow","max-snippet":"max-snippet:-1","max-image-preview":"max-image-preview:large","max-video-preview":"max-video-preview:-1"},"canonical":"https:\/\/sarimet.com\/de\/qualitatskontrolllabor\/","og_locale":"de_DE","og_type":"article","og_title":"Qualit\u00e4tskontrolllabor | Sar\u0131met","og_url":"https:\/\/sarimet.com\/de\/qualitatskontrolllabor\/","og_site_name":"Sar\u0131met","article_modified_time":"2022-10-04T09:53:27+00:00","twitter_card":"summary_large_image","twitter_misc":{"Gesch\u00e4tzte Lesezeit":"2\u00a0Minuten"},"schema":{"@context":"https:\/\/schema.org","@graph":[{"@type":"WebPage","@id":"https:\/\/sarimet.com\/de\/qualitatskontrolllabor\/","url":"https:\/\/sarimet.com\/de\/qualitatskontrolllabor\/","name":"Qualit\u00e4tskontrolllabor | Sar\u0131met","isPartOf":{"@id":"https:\/\/sarimet.com\/de\/#website"},"datePublished":"2022-08-10T12:40:17+00:00","dateModified":"2022-10-04T09:53:27+00:00","breadcrumb":{"@id":"https:\/\/sarimet.com\/de\/qualitatskontrolllabor\/#breadcrumb"},"inLanguage":"de","potentialAction":[{"@type":"ReadAction","target":["https:\/\/sarimet.com\/de\/qualitatskontrolllabor\/"]}]},{"@type":"BreadcrumbList","@id":"https:\/\/sarimet.com\/de\/qualitatskontrolllabor\/#breadcrumb","itemListElement":[{"@type":"ListItem","position":1,"name":"Qualit\u00e4tskontrolllabor"}]},{"@type":"WebSite","@id":"https:\/\/sarimet.com\/de\/#website","url":"https:\/\/sarimet.com\/de\/","name":"Sar\u0131met","description":"","potentialAction":[{"@type":"SearchAction","target":{"@type":"EntryPoint","urlTemplate":"https:\/\/sarimet.com\/de\/?s={search_term_string}"},"query-input":"required name=search_term_string"}],"inLanguage":"de"}]}},"_links":{"self":[{"href":"https:\/\/sarimet.com\/de\/wp-json\/wp\/v2\/pages\/10014","targetHints":{"allow":["GET"]}}],"collection":[{"href":"https:\/\/sarimet.com\/de\/wp-json\/wp\/v2\/pages"}],"about":[{"href":"https:\/\/sarimet.com\/de\/wp-json\/wp\/v2\/types\/page"}],"author":[{"embeddable":true,"href":"https:\/\/sarimet.com\/de\/wp-json\/wp\/v2\/users\/1"}],"replies":[{"embeddable":true,"href":"https:\/\/sarimet.com\/de\/wp-json\/wp\/v2\/comments?post=10014"}],"version-history":[{"count":11,"href":"https:\/\/sarimet.com\/de\/wp-json\/wp\/v2\/pages\/10014\/revisions"}],"predecessor-version":[{"id":10160,"href":"https:\/\/sarimet.com\/de\/wp-json\/wp\/v2\/pages\/10014\/revisions\/10160"}],"wp:attachment":[{"href":"https:\/\/sarimet.com\/de\/wp-json\/wp\/v2\/media?parent=10014"}],"curies":[{"name":"wp","href":"https:\/\/api.w.org\/{rel}","templated":true}]}}